{"id":326,"date":"2022-03-14T18:38:39","date_gmt":"2022-03-14T17:38:39","guid":{"rendered":"https:\/\/www.unioviedo.es\/qtcmat\/?page_id=326"},"modified":"2022-03-14T18:53:12","modified_gmt":"2022-03-14T17:53:12","slug":"projects","status":"publish","type":"page","link":"https:\/\/www.unioviedo.es\/qtcmat\/index.php\/projects\/","title":{"rendered":"Projects"},"content":{"rendered":"\n<ul><li><strong>Mecanoqu\u00edmica en condiciones controladas de presi\u00f3n: avances metodol\u00f3gicos<\/strong><\/li><\/ul>\n\n\n\n<p>Investigador :  Jos\u00e9 Manuel Recio Mu\u00f1iz y Miguel \u00c1ngel Salvad\u00f3 S\u00e1nchez<\/p>\n\n\n\n<p>Entidad Financiadora :  Ministerio de Ciencia, Innovaci\u00f3n y Universidades<\/p>\n\n\n\n<p>Entidad Participante :  Universidad de Oviedo y Universidad Complutense de Madrid<\/p>\n\n\n\n<p>Fecha Inicio :  01\/01\/2019<\/p>\n\n\n\n<p>Fecha Fin : 30\/09\/2022<\/p>\n\n\n\n<ul><li><strong>Qu\u00edmica Te\u00f3rica y Computacional de Materiales<\/strong><\/li><\/ul>\n\n\n\n<p>Investigador :  Jos\u00e9 Manuel Recio Mu\u00f1iz<\/p>\n\n\n\n<p>Entidad Financiadora :  Universidad de Oviedo<\/p>\n\n\n\n<p>Entidad Participante :  Universidad de Oviedo<\/p>\n\n\n\n<p>Fecha Inicio :  01\/01\/2021<\/p>\n\n\n\n<p>Fecha Fin :  26\/11\/2021<\/p>\n\n\n\n<ul><li><strong>Qu\u00edmica Te\u00f3rica y Computacional-QTCOVI &amp; QTCMAT<\/strong><\/li><\/ul>\n\n\n\n<p>Investigador :  Jos\u00e9 Manuel Recio Mu\u00f1iz<\/p>\n\n\n\n<p>Entidad Financiadora :  Principado de Asturias-FICYT-FEDER<\/p>\n\n\n\n<p>Entidad Participante :  Universidad de Oviedo<\/p>\n\n\n\n<p>Fecha Inicio :  01\/01\/2021<\/p>\n\n\n\n<p>Fecha Fin :  31\/12\/2023<\/p>\n\n\n\n<p><\/p>\n","protected":false},"excerpt":{"rendered":"<p>Mecanoqu\u00edmica en condiciones controladas de presi\u00f3n: avances metodol\u00f3gicos Investigador : Jos\u00e9 Manuel Recio Mu\u00f1iz y Miguel \u00c1ngel Salvad\u00f3 S\u00e1nchez Entidad Financiadora : Ministerio de Ciencia, Innovaci\u00f3n y Universidades Entidad Participante : Universidad de Oviedo y Universidad Complutense de Madrid Fecha Inicio : 01\/01\/2019 Fecha Fin : 30\/09\/2022 Qu\u00edmica Te\u00f3rica y Computacional de Materiales Investigador : &hellip; <\/p>\n<p class=\"link-more\"><a href=\"https:\/\/www.unioviedo.es\/qtcmat\/index.php\/projects\/\" class=\"more-link\">Continuar leyendo<span class=\"screen-reader-text\"> \u00abProjects\u00bb<\/span><\/a><\/p>\n","protected":false},"author":1,"featured_media":0,"parent":0,"menu_order":0,"comment_status":"closed","ping_status":"closed","template":"","meta":{"footnotes":""},"_links":{"self":[{"href":"https:\/\/www.unioviedo.es\/qtcmat\/index.php\/wp-json\/wp\/v2\/pages\/326"}],"collection":[{"href":"https:\/\/www.unioviedo.es\/qtcmat\/index.php\/wp-json\/wp\/v2\/pages"}],"about":[{"href":"https:\/\/www.unioviedo.es\/qtcmat\/index.php\/wp-json\/wp\/v2\/types\/page"}],"author":[{"embeddable":true,"href":"https:\/\/www.unioviedo.es\/qtcmat\/index.php\/wp-json\/wp\/v2\/users\/1"}],"replies":[{"embeddable":true,"href":"https:\/\/www.unioviedo.es\/qtcmat\/index.php\/wp-json\/wp\/v2\/comments?post=326"}],"version-history":[{"count":6,"href":"https:\/\/www.unioviedo.es\/qtcmat\/index.php\/wp-json\/wp\/v2\/pages\/326\/revisions"}],"predecessor-version":[{"id":335,"href":"https:\/\/www.unioviedo.es\/qtcmat\/index.php\/wp-json\/wp\/v2\/pages\/326\/revisions\/335"}],"wp:attachment":[{"href":"https:\/\/www.unioviedo.es\/qtcmat\/index.php\/wp-json\/wp\/v2\/media?parent=326"}],"curies":[{"name":"wp","href":"https:\/\/api.w.org\/{rel}","templated":true}]}}