{"id":4,"date":"2017-01-27T18:01:56","date_gmt":"2017-01-27T18:01:56","guid":{"rendered":"https:\/\/www.unioviedo.es\/qtcmat\/?page_id=4"},"modified":"2021-06-22T19:38:55","modified_gmt":"2021-06-22T17:38:55","slug":"inicio","status":"publish","type":"page","link":"https:\/\/www.unioviedo.es\/qtcmat\/","title":{"rendered":"Jos\u00e9 Manuel Recio Mu\u00f1iz"},"content":{"rendered":"\n<div class=\"wp-block-image\"><figure class=\"alignleft is-resized\"><img decoding=\"async\" loading=\"lazy\" src=\"https:\/\/www.unioviedo.es\/qtcmat\/wp-content\/uploads\/2019\/07\/recio.jpg\" alt=\"\" class=\"wp-image-119\" width=\"168\" height=\"164\" srcset=\"https:\/\/www.unioviedo.es\/qtcmat\/wp-content\/uploads\/2019\/07\/recio.jpg 763w, https:\/\/www.unioviedo.es\/qtcmat\/wp-content\/uploads\/2019\/07\/recio-300x294.jpg 300w\" sizes=\"(max-width: 168px) 100vw, 168px\" \/><\/figure><\/div>\n\n\n\n<p class=\"has-small-font-size\">Prof. Jos\u00e9 Manuel Recio Mu\u00f1iz\u00a0<br>MALTA-Consolider Team\u00a0<br>Departamento de Qu\u00edmica F\u00edsica y Anal\u00edtica<br>Universidad de Oviedo\u00a0<br>Juli\u00e1n Claver\u00eda 8, 33006, Oviedo, Spain<\/p>\n\n\n\n<p><br><\/p>\n\n\n\n<p>I was born in 1961 in Oviedo, Spain, studied chemistry and completed my Ph.D. thesis in 1990 on quantum mechanical modeling of perfect and defective metal halide and metal oxide solids under the supervision of Prof. L. Pueyo and Prof. V. Lua\u00f1a at the University of Oviedo. During my post-doctoral period at the Michigan Technological University in Houghton (MI, USA) with Professors A. Barry Kunz and R. Pandey, I carried out theoretical studies on the progressive emergence of crystalline bonding and the size dependence of chemical properties of binary metal oxide and nitride clusters. In 1993, I received my habilitation at the University of Oviedo where I am leading a research line on high-pressure phenomena of materials. Later in 2010, I got the position of Professor of Chemical Physics. My main area of interest is Theoretical and Computational Chemistry of Materials with special attention to solid state chemistry, planetary interiors, materials science, solid-solid phase transitions, and developing models to interpret properties and behavior of compounds using quantum chemical formalisms. I enjoyed to be also a football (soccer) coach of children in regular regional leagues for more than ten years in this century.<\/p>\n\n\n\n<p><\/p>\n","protected":false},"excerpt":{"rendered":"<p>Prof. Jos\u00e9 Manuel Recio Mu\u00f1iz\u00a0MALTA-Consolider Team\u00a0Departamento de Qu\u00edmica F\u00edsica y Anal\u00edticaUniversidad de Oviedo\u00a0Juli\u00e1n Claver\u00eda 8, 33006, Oviedo, Spain I was born in 1961 in Oviedo, Spain, studied chemistry and completed my Ph.D. thesis in 1990 on quantum mechanical modeling of perfect and defective metal halide and metal oxide solids under the supervision of Prof. L. &hellip; <\/p>\n<p class=\"link-more\"><a href=\"https:\/\/www.unioviedo.es\/qtcmat\/\" class=\"more-link\">Continuar leyendo<span class=\"screen-reader-text\"> \u00abJos\u00e9 Manuel Recio Mu\u00f1iz\u00bb<\/span><\/a><\/p>\n","protected":false},"author":1,"featured_media":29,"parent":0,"menu_order":0,"comment_status":"closed","ping_status":"closed","template":"","meta":{"footnotes":""},"_links":{"self":[{"href":"https:\/\/www.unioviedo.es\/qtcmat\/index.php\/wp-json\/wp\/v2\/pages\/4"}],"collection":[{"href":"https:\/\/www.unioviedo.es\/qtcmat\/index.php\/wp-json\/wp\/v2\/pages"}],"about":[{"href":"https:\/\/www.unioviedo.es\/qtcmat\/index.php\/wp-json\/wp\/v2\/types\/page"}],"author":[{"embeddable":true,"href":"https:\/\/www.unioviedo.es\/qtcmat\/index.php\/wp-json\/wp\/v2\/users\/1"}],"replies":[{"embeddable":true,"href":"https:\/\/www.unioviedo.es\/qtcmat\/index.php\/wp-json\/wp\/v2\/comments?post=4"}],"version-history":[{"count":12,"href":"https:\/\/www.unioviedo.es\/qtcmat\/index.php\/wp-json\/wp\/v2\/pages\/4\/revisions"}],"predecessor-version":[{"id":301,"href":"https:\/\/www.unioviedo.es\/qtcmat\/index.php\/wp-json\/wp\/v2\/pages\/4\/revisions\/301"}],"wp:featuredmedia":[{"embeddable":true,"href":"https:\/\/www.unioviedo.es\/qtcmat\/index.php\/wp-json\/wp\/v2\/media\/29"}],"wp:attachment":[{"href":"https:\/\/www.unioviedo.es\/qtcmat\/index.php\/wp-json\/wp\/v2\/media?parent=4"}],"curies":[{"name":"wp","href":"https:\/\/api.w.org\/{rel}","templated":true}]}}