{"id":432,"date":"2014-03-17T10:58:39","date_gmt":"2014-03-17T10:58:39","guid":{"rendered":"http:\/\/demo.themegrill.com\/spacious\/?page_id=7"},"modified":"2026-02-03T09:02:34","modified_gmt":"2026-02-03T08:02:34","slug":"business-template","status":"publish","type":"page","link":"https:\/\/www.unioviedo.es\/rcusostenibilidad\/","title":{"rendered":""},"content":{"rendered":"\n<h3 class=\"wp-block-heading has-text-align-center\"><strong>Qui\u00e9nes somos<\/strong><\/h3>\n\n\n\n<p class=\"ticss-f256accc\">La&nbsp;<strong>Red de C\u00e1tedras Universitarias de Sostenibilidad (RCUS)&nbsp;<\/strong>representa un compromiso conjunto en el \u00e1mbito universitario con la Agenda 2030, el Cambio Clim\u00e1tico y la Econom\u00eda Circular, y un posicionamiento claro y firme en favor del conocimiento y la informaci\u00f3n con la convicci\u00f3n que la ciencia, el rigor y la academia son pilares fundamentales que sustentan la validez y urgencia de la Sostenibilidad.<\/p>\n\n\n\n<p class=\"ticss-3651037f\">Fomenta la colaboraci\u00f3n entre C\u00e1tedras Universitarias, compartiendo conocimientos, experiencias y recursos en la consecuci\u00f3n de los Objetivos de Desarrollo Sostenible.<\/p>\n\n\n\n<p class=\"ticss-347c9242\">Aborda la Sostenibilidad de manera transversal e inclusiva, integrando la diversidad de enfoques y todo tipo de conocimientos cient\u00edficos, con aproximaci\u00f3n multidisciplinar y mediante la acci\u00f3n colectiva.<\/p>\n\n\n\n<p class=\"ticss-4b2f4b38\">Promueve la investigaci\u00f3n, la formaci\u00f3n, la innovaci\u00f3n y la transferencia, generando conocimiento al servicio de la toma de decisiones frente a los retos que presenta el desarrollo sostenible.<\/p>\n\n\n\n<div style=\"height:20px\" aria-hidden=\"true\" class=\"wp-block-spacer\"><\/div>\n\n\n\n<hr class=\"wp-block-separator has-alpha-channel-opacity\"\/>\n\n\n\n<h3 class=\"wp-block-heading has-text-align-center\"><strong>Grupos de trabajo<\/strong><\/h3>\n\n\n\n<div class=\"wp-block-columns alignwide is-layout-flex wp-container-core-columns-is-layout-28f84493 wp-block-columns-is-layout-flex\">\n<div class=\"wp-block-column is-layout-flow wp-block-column-is-layout-flow\">\n<figure class=\"wp-block-image size-full\"><a href=\"https:\/\/www.unioviedo.es\/rcusostenibilidad\/?page_id=1217\"><img loading=\"lazy\" decoding=\"async\" width=\"1000\" height=\"1000\" src=\"https:\/\/www.unioviedo.es\/rcusostenibilidad\/wp-content\/uploads\/2024\/01\/GTEconomiaCircular.png\" alt=\"\" class=\"wp-image-1204\" srcset=\"https:\/\/www.unioviedo.es\/rcusostenibilidad\/wp-content\/uploads\/2024\/01\/GTEconomiaCircular.png 1000w, https:\/\/www.unioviedo.es\/rcusostenibilidad\/wp-content\/uploads\/2024\/01\/GTEconomiaCircular-300x300.png 300w, https:\/\/www.unioviedo.es\/rcusostenibilidad\/wp-content\/uploads\/2024\/01\/GTEconomiaCircular-150x150.png 150w, https:\/\/www.unioviedo.es\/rcusostenibilidad\/wp-content\/uploads\/2024\/01\/GTEconomiaCircular-768x768.png 768w\" sizes=\"auto, (max-width: 1000px) 100vw, 1000px\" \/><\/a><\/figure>\n<\/div>\n\n\n\n<div class=\"wp-block-column is-layout-flow wp-block-column-is-layout-flow\">\n<figure class=\"wp-block-image size-full\"><a href=\"https:\/\/www.unioviedo.es\/rcusostenibilidad\/?page_id=1343\"><img loading=\"lazy\" decoding=\"async\" width=\"1000\" height=\"1000\" src=\"https:\/\/www.unioviedo.es\/rcusostenibilidad\/wp-content\/uploads\/2024\/11\/GT-Cambio-Climatico.png\" alt=\"\" class=\"wp-image-1341\" srcset=\"https:\/\/www.unioviedo.es\/rcusostenibilidad\/wp-content\/uploads\/2024\/11\/GT-Cambio-Climatico.png 1000w, https:\/\/www.unioviedo.es\/rcusostenibilidad\/wp-content\/uploads\/2024\/11\/GT-Cambio-Climatico-300x300.png 300w, https:\/\/www.unioviedo.es\/rcusostenibilidad\/wp-content\/uploads\/2024\/11\/GT-Cambio-Climatico-150x150.png 150w, https:\/\/www.unioviedo.es\/rcusostenibilidad\/wp-content\/uploads\/2024\/11\/GT-Cambio-Climatico-768x768.png 768w\" sizes=\"auto, (max-width: 1000px) 100vw, 1000px\" \/><\/a><\/figure>\n<\/div>\n\n\n\n<div class=\"wp-block-column is-layout-flow wp-block-column-is-layout-flow\">\n<figure class=\"wp-block-image size-full\"><a href=\"https:\/\/www.unioviedo.es\/rcusostenibilidad\/?page_id=1322\"><img loading=\"lazy\" decoding=\"async\" width=\"1000\" height=\"1000\" src=\"https:\/\/www.unioviedo.es\/rcusostenibilidad\/wp-content\/uploads\/2024\/10\/GT-Accion-2030.png\" alt=\"\" class=\"wp-image-1326\" srcset=\"https:\/\/www.unioviedo.es\/rcusostenibilidad\/wp-content\/uploads\/2024\/10\/GT-Accion-2030.png 1000w, https:\/\/www.unioviedo.es\/rcusostenibilidad\/wp-content\/uploads\/2024\/10\/GT-Accion-2030-300x300.png 300w, https:\/\/www.unioviedo.es\/rcusostenibilidad\/wp-content\/uploads\/2024\/10\/GT-Accion-2030-150x150.png 150w, https:\/\/www.unioviedo.es\/rcusostenibilidad\/wp-content\/uploads\/2024\/10\/GT-Accion-2030-768x768.png 768w\" sizes=\"auto, (max-width: 1000px) 100vw, 1000px\" \/><\/a><\/figure>\n<\/div>\n<\/div>\n\n\n\n<div style=\"height:20px\" aria-hidden=\"true\" class=\"wp-block-spacer\"><\/div>\n\n\n\n<p><\/p>\n","protected":false},"excerpt":{"rendered":"<p>Qui\u00e9nes somos La&nbsp;Red de C\u00e1tedras Universitarias de Sostenibilidad (RCUS)&nbsp;representa un compromiso conjunto en el \u00e1mbito universitario con la Agenda 2030, el Cambio Clim\u00e1tico y la Econom\u00eda Circular, y un posicionamiento claro y firme en favor del conocimiento y la informaci\u00f3n con la convicci\u00f3n que la ciencia, el rigor y la academia son pilares fundamentales que [&hellip;]<\/p>\n","protected":false},"author":1,"featured_media":1338,"parent":0,"menu_order":0,"comment_status":"open","ping_status":"open","template":"","meta":{"advanced_seo_description":"","jetpack_seo_html_title":"","jetpack_seo_noindex":false,"_themeisle_gutenberg_block_has_review":false,"footnotes":""},"class_list":["post-432","page","type-page","status-publish","has-post-thumbnail","hentry"],"jetpack-related-posts":[{"id":774,"url":"https:\/\/www.unioviedo.es\/rcusostenibilidad\/?page_id=774","url_meta":{"origin":432,"position":0},"title":"Quienes somos","author":"admin","date":"21 de octubre de 2023","format":false,"excerpt":"La Red de C\u00e1tedras Universitarias de Sostenibilidad (RCU-Sostenibilidad) tiene su origen en el acuerdo alcanzado en el I Encuentro de C\u00e1tedras Universitarias de Sostenibilidad, que tuvo lugar en Oviedo el 4 de octubre de 2023. Durante el mismo, los representantes de las 22 c\u00e1tedras universitarias participantes, pertenecientes a 14 universidades\u2026","rel":"","context":"Entrada similar","block_context":{"text":"Entrada similar","link":""},"img":{"alt_text":"","src":"","width":0,"height":0},"classes":[]},{"id":753,"url":"https:\/\/www.unioviedo.es\/rcusostenibilidad\/?page_id=753","url_meta":{"origin":432,"position":1},"title":"La Red","author":"admin","date":"21 de octubre de 2023","format":false,"excerpt":"Quienes somos La\u00a0Red de C\u00e1tedras Universitarias de Sostenibilidad (RCUS)\u00a0tiene su origen en el Acuerdo alcanzado en el I Encuentro de C\u00e1tedras Universitarias de Sostenibilidad. Agenda 2030, Cambio Clim\u00e1tico y Econom\u00eda Circular, que tuvo lugar en el Edificio Hist\u00f3rico de la Universidad de Oviedo el 4 de octubre de 2023. Durante\u2026","rel":"","context":"Entrada similar","block_context":{"text":"Entrada similar","link":""},"img":{"alt_text":"","src":"https:\/\/i0.wp.com\/www.unioviedo.es\/rcusostenibilidad\/wp-content\/uploads\/2023\/11\/IMGEstructura.png?resize=350%2C200&ssl=1","width":350,"height":200,"srcset":"https:\/\/i0.wp.com\/www.unioviedo.es\/rcusostenibilidad\/wp-content\/uploads\/2023\/11\/IMGEstructura.png?resize=350%2C200&ssl=1 1x, https:\/\/i0.wp.com\/www.unioviedo.es\/rcusostenibilidad\/wp-content\/uploads\/2023\/11\/IMGEstructura.png?resize=525%2C300&ssl=1 1.5x, https:\/\/i0.wp.com\/www.unioviedo.es\/rcusostenibilidad\/wp-content\/uploads\/2023\/11\/IMGEstructura.png?resize=700%2C400&ssl=1 2x"},"classes":[]},{"id":1000,"url":"https:\/\/www.unioviedo.es\/rcusostenibilidad\/?page_id=1000","url_meta":{"origin":432,"position":2},"title":"Declaraci\u00f3n","author":"admin","date":"25 de octubre de 2023","format":false,"excerpt":"Nosotros, representantes de diversas C\u00e1tedras Universitarias comprometidas con la Sostenibilidad, la Agenda 2030, el Cambio Clim\u00e1tico y la Econom\u00eda Circular, declaramos nuestra firme intenci\u00f3n de crear la \"Red de C\u00e1tedras Universitarias de Sostenibilidad\" con los siguientes principios rectores: Colaboraci\u00f3n y sinergias: Buscamos fomentar la colaboraci\u00f3n entre las instituciones acad\u00e9micas, compartiendo\u2026","rel":"","context":"Entrada similar","block_context":{"text":"Entrada similar","link":""},"img":{"alt_text":"","src":"","width":0,"height":0},"classes":[]},{"id":1585,"url":"https:\/\/www.unioviedo.es\/rcusostenibilidad\/?page_id=1585","url_meta":{"origin":432,"position":3},"title":"III Encuentro de C\u00e1tedras","author":"Guillermo Guiter","date":"25 de noviembre de 2025","format":false,"excerpt":"La Universidad de Granada acogi\u00f3 el 16 de octubre el III Encuentro de la Red de C\u00e1tedras Universitarias de Sostenibilidad, presentado con el t\u00edtulo\u00a0Sostenibilidad en la Universidad ante el Reto 2030\u00a0y organizado por la C\u00e1tedra La Huella Verde de Granada y el Vicerrectorado de Infraestructuras y Sostenibilidad de la Universidad\u2026","rel":"","context":"Entrada similar","block_context":{"text":"Entrada similar","link":""},"img":{"alt_text":"","src":"https:\/\/i0.wp.com\/www.unioviedo.es\/rcusostenibilidad\/wp-content\/uploads\/2025\/10\/Reunion-red-de-catedras.webp?resize=350%2C200&ssl=1","width":350,"height":200,"srcset":"https:\/\/i0.wp.com\/www.unioviedo.es\/rcusostenibilidad\/wp-content\/uploads\/2025\/10\/Reunion-red-de-catedras.webp?resize=350%2C200&ssl=1 1x, https:\/\/i0.wp.com\/www.unioviedo.es\/rcusostenibilidad\/wp-content\/uploads\/2025\/10\/Reunion-red-de-catedras.webp?resize=525%2C300&ssl=1 1.5x, https:\/\/i0.wp.com\/www.unioviedo.es\/rcusostenibilidad\/wp-content\/uploads\/2025\/10\/Reunion-red-de-catedras.webp?resize=700%2C400&ssl=1 2x, https:\/\/i0.wp.com\/www.unioviedo.es\/rcusostenibilidad\/wp-content\/uploads\/2025\/10\/Reunion-red-de-catedras.webp?resize=1050%2C600&ssl=1 3x, https:\/\/i0.wp.com\/www.unioviedo.es\/rcusostenibilidad\/wp-content\/uploads\/2025\/10\/Reunion-red-de-catedras.webp?resize=1400%2C800&ssl=1 4x"},"classes":[]},{"id":1332,"url":"https:\/\/www.unioviedo.es\/rcusostenibilidad\/?page_id=1332","url_meta":{"origin":432,"position":4},"title":"II Encuentro de C\u00e1tedras","author":"admin","date":"5 de noviembre de 2024","format":false,"excerpt":"Valencia , 15 de octubre de 2024 ACUERDOS La Red de C\u00e1tedras Universitarias de Sostenibilidad. Agenda 2030, Cambio Clim\u00e1tico y Econom\u00eda Circular (RCUS), reunida en el Jard\u00ed Bot\u00e0nic de la Universitat de Val\u00e8ncia el 15 de octubre de 2024 con el objetivo de consolidar esta alianza, as\u00ed como impulsar l\u00edneas\u2026","rel":"","context":"Entrada similar","block_context":{"text":"Entrada similar","link":""},"img":{"alt_text":"","src":"https:\/\/i0.wp.com\/www.unioviedo.es\/rcusostenibilidad\/wp-content\/uploads\/2024\/11\/FotoIIEncuentro.png?resize=350%2C200&ssl=1","width":350,"height":200,"srcset":"https:\/\/i0.wp.com\/www.unioviedo.es\/rcusostenibilidad\/wp-content\/uploads\/2024\/11\/FotoIIEncuentro.png?resize=350%2C200&ssl=1 1x, https:\/\/i0.wp.com\/www.unioviedo.es\/rcusostenibilidad\/wp-content\/uploads\/2024\/11\/FotoIIEncuentro.png?resize=525%2C300&ssl=1 1.5x, https:\/\/i0.wp.com\/www.unioviedo.es\/rcusostenibilidad\/wp-content\/uploads\/2024\/11\/FotoIIEncuentro.png?resize=700%2C400&ssl=1 2x, https:\/\/i0.wp.com\/www.unioviedo.es\/rcusostenibilidad\/wp-content\/uploads\/2024\/11\/FotoIIEncuentro.png?resize=1050%2C600&ssl=1 3x, https:\/\/i0.wp.com\/www.unioviedo.es\/rcusostenibilidad\/wp-content\/uploads\/2024\/11\/FotoIIEncuentro.png?resize=1400%2C800&ssl=1 4x"},"classes":[]},{"id":1330,"url":"https:\/\/www.unioviedo.es\/rcusostenibilidad\/?page_id=1330","url_meta":{"origin":432,"position":5},"title":"I Encuentro de C\u00e1tedras","author":"admin","date":"5 de noviembre de 2024","format":false,"excerpt":"Oviedo, 4 de octubre de 2023 Declaraci\u00f3n de creaci\u00f3n de la Red de C\u00e1tedras https:\/\/www.youtube.com\/watch?v=desDUfjqu1g&t=8s https:\/\/www.youtube.com\/watch?v=9Ylbnhq3rBE PROGRAMA EDIFICIO HIST\u00d3RICO DE LA UNIVERSIDAD DE OVIEDO Aula Severo Ochoa 8:30-9:00Registro PRESENTACI\u00d3N INSTITUCIONAL 9:00-9:35D. Ignacio Villaverde. Rector.\u00a0Universidad de Oviedo.D\u00f1a. Paz Orv\u00edz Ib\u00e1\u00f1ez. Gerente.\u00a0COGERSA.D\u00f1a. Beatriz Gonz\u00e1lez Prieto. Viceconsejera de Derechos Ciudadanos.\u00a0Gobierno del Principado de\u2026","rel":"","context":"Entrada similar","block_context":{"text":"Entrada similar","link":""},"img":{"alt_text":"","src":"https:\/\/i0.wp.com\/www.unioviedo.es\/rcusostenibilidad\/wp-content\/uploads\/2023\/10\/CarruselGrupo.png?resize=350%2C200&ssl=1","width":350,"height":200,"srcset":"https:\/\/i0.wp.com\/www.unioviedo.es\/rcusostenibilidad\/wp-content\/uploads\/2023\/10\/CarruselGrupo.png?resize=350%2C200&ssl=1 1x, https:\/\/i0.wp.com\/www.unioviedo.es\/rcusostenibilidad\/wp-content\/uploads\/2023\/10\/CarruselGrupo.png?resize=525%2C300&ssl=1 1.5x, https:\/\/i0.wp.com\/www.unioviedo.es\/rcusostenibilidad\/wp-content\/uploads\/2023\/10\/CarruselGrupo.png?resize=700%2C400&ssl=1 2x, https:\/\/i0.wp.com\/www.unioviedo.es\/rcusostenibilidad\/wp-content\/uploads\/2023\/10\/CarruselGrupo.png?resize=1050%2C600&ssl=1 3x, https:\/\/i0.wp.com\/www.unioviedo.es\/rcusostenibilidad\/wp-content\/uploads\/2023\/10\/CarruselGrupo.png?resize=1400%2C800&ssl=1 4x"},"classes":[]}],"jetpack_shortlink":"https:\/\/wp.me\/PfdLWf-6Y","jetpack_sharing_enabled":true,"_links":{"self":[{"href":"https:\/\/www.unioviedo.es\/rcusostenibilidad\/index.php?rest_route=\/wp\/v2\/pages\/432","targetHints":{"allow":["GET"]}}],"collection":[{"href":"https:\/\/www.unioviedo.es\/rcusostenibilidad\/index.php?rest_route=\/wp\/v2\/pages"}],"about":[{"href":"https:\/\/www.unioviedo.es\/rcusostenibilidad\/index.php?rest_route=\/wp\/v2\/types\/page"}],"author":[{"embeddable":true,"href":"https:\/\/www.unioviedo.es\/rcusostenibilidad\/index.php?rest_route=\/wp\/v2\/users\/1"}],"replies":[{"embeddable":true,"href":"https:\/\/www.unioviedo.es\/rcusostenibilidad\/index.php?rest_route=%2Fwp%2Fv2%2Fcomments&post=432"}],"version-history":[{"count":39,"href":"https:\/\/www.unioviedo.es\/rcusostenibilidad\/index.php?rest_route=\/wp\/v2\/pages\/432\/revisions"}],"predecessor-version":[{"id":1621,"href":"https:\/\/www.unioviedo.es\/rcusostenibilidad\/index.php?rest_route=\/wp\/v2\/pages\/432\/revisions\/1621"}],"wp:featuredmedia":[{"embeddable":true,"href":"https:\/\/www.unioviedo.es\/rcusostenibilidad\/index.php?rest_route=\/wp\/v2\/media\/1338"}],"wp:attachment":[{"href":"https:\/\/www.unioviedo.es\/rcusostenibilidad\/index.php?rest_route=%2Fwp%2Fv2%2Fmedia&parent=432"}],"curies":[{"name":"wp","href":"https:\/\/api.w.org\/{rel}","templated":true}]}}