{"id":128,"date":"2021-02-22T22:47:28","date_gmt":"2021-02-22T21:47:28","guid":{"rendered":"https:\/\/www.unioviedo.es\/sipu\/?page_id=128"},"modified":"2025-02-17T09:38:30","modified_gmt":"2025-02-17T08:38:30","slug":"junta-directiva","status":"publish","type":"page","link":"https:\/\/www.unioviedo.es\/sipu\/index.php\/junta-directiva\/","title":{"rendered":"Junta Directiva"},"content":{"rendered":"\n<p><strong><span style=\"color:#00847d\" class=\"has-inline-color\">Secretario General<\/span><\/strong><\/p>\n\n\n\n<p>Ignacio del R\u00edo Calvo<\/p>\n\n\n\n<p><strong><span style=\"color:#00847d\" class=\"has-inline-color\">Vicesecretaria<\/span><\/strong><\/p>\n\n\n\n<p>Gemma Marta Mart\u00ednez Huerta<\/p>\n\n\n\n<p><strong><span style=\"color:#00847d\" class=\"has-inline-color\">Secretario de Informaci\u00f3n<\/span><\/strong><\/p>\n\n\n\n<p>Francisco Javier Polledo Enr\u00edquez<\/p>\n\n\n\n<p><strong><span style=\"color:#00847d\" class=\"has-inline-color\">Tesorero<\/span><\/strong><\/p>\n\n\n\n<p>Alejandro Presa Soto<\/p>\n\n\n\n<p><strong><span style=\"color:#00847d\" class=\"has-inline-color\">Vocales<\/span><\/strong><\/p>\n\n\n\n<p>Eduardo Fern\u00e1ndez de Oliva<\/p>\n\n\n\n<p>Mar\u00eda Cristina Fern\u00e1ndez Bay\u00f3n<\/p>\n\n\n\n<p>Ana Isabel Gonz\u00e1lez Gonz\u00e1lez<\/p>\n\n\n\n<p>Juan Jos\u00e9 Crespo Madiedo<\/p>\n","protected":false},"excerpt":{"rendered":"<p>Secretario General Ignacio del R\u00edo Calvo Vicesecretaria Gemma Marta Mart\u00ednez Huerta Secretario de Informaci\u00f3n Francisco Javier Polledo Enr\u00edquez Tesorero Alejandro Presa Soto Vocales Eduardo Fern\u00e1ndez de Oliva Mar\u00eda Cristina Fern\u00e1ndez Bay\u00f3n Ana Isabel Gonz\u00e1lez Gonz\u00e1lez Juan Jos\u00e9 Crespo Madiedo<\/p>\n","protected":false},"author":1,"featured_media":0,"parent":0,"menu_order":0,"comment_status":"closed","ping_status":"closed","template":"","meta":{"footnotes":""},"class_list":["post-128","page","type-page","status-publish","hentry"],"_links":{"self":[{"href":"https:\/\/www.unioviedo.es\/sipu\/index.php\/wp-json\/wp\/v2\/pages\/128","targetHints":{"allow":["GET"]}}],"collection":[{"href":"https:\/\/www.unioviedo.es\/sipu\/index.php\/wp-json\/wp\/v2\/pages"}],"about":[{"href":"https:\/\/www.unioviedo.es\/sipu\/index.php\/wp-json\/wp\/v2\/types\/page"}],"author":[{"embeddable":true,"href":"https:\/\/www.unioviedo.es\/sipu\/index.php\/wp-json\/wp\/v2\/users\/1"}],"replies":[{"embeddable":true,"href":"https:\/\/www.unioviedo.es\/sipu\/index.php\/wp-json\/wp\/v2\/comments?post=128"}],"version-history":[{"count":4,"href":"https:\/\/www.unioviedo.es\/sipu\/index.php\/wp-json\/wp\/v2\/pages\/128\/revisions"}],"predecessor-version":[{"id":763,"href":"https:\/\/www.unioviedo.es\/sipu\/index.php\/wp-json\/wp\/v2\/pages\/128\/revisions\/763"}],"wp:attachment":[{"href":"https:\/\/www.unioviedo.es\/sipu\/index.php\/wp-json\/wp\/v2\/media?parent=128"}],"curies":[{"name":"wp","href":"https:\/\/api.w.org\/{rel}","templated":true}]}}