{"id":157,"date":"2021-03-22T12:32:21","date_gmt":"2021-03-22T11:32:21","guid":{"rendered":"https:\/\/www.unioviedo.es\/sipu\/?page_id=157"},"modified":"2026-03-24T10:48:28","modified_gmt":"2026-03-24T09:48:28","slug":"afiliate","status":"publish","type":"page","link":"https:\/\/www.unioviedo.es\/sipu\/index.php\/afiliate\/","title":{"rendered":"\u00danete a SIPU"},"content":{"rendered":"\n<p class=\"has-text-color has-large-font-size\" style=\"color:#2a0494\"><strong><em>El sindicato de la Universidad de Oviedo<\/em><\/strong><\/p>\n\n\n\n<p>El Sindicato Independiente de Personal de Universidad, <strong>SIPU<\/strong>, es el sindicato mayoritario de la Universidad de Oviedo, con amplia representaci\u00f3n en la Junta de PDI Funcionario, Junta de PTGAS Funcionario y Comit\u00e9 de Empresa.<\/p>\n\n\n\n<p><strong>SIPU<\/strong> est\u00e1 formado por gente como t\u00fa, sin m\u00e1s intereses que defender y mejorar tus condiciones laborales, resolver tus dudas y estar a tu lado si necesitas apoyo.<\/p>\n\n\n\n<p><strong>SIPU<\/strong> es un sindicato independiente, plural e igualitario que no recibe ayudas ni subvenciones y cuya financiaci\u00f3n depende \u00fanicamente de sus afiliados. No dudes en contactar con nosotros si necesitas asesoramiento, si quieres conocer qui\u00e9nes somos o si deseas ampliar informaci\u00f3n sobre la labor que realizamos.<\/p>\n\n\n\n<p>Nuestro \u00e1mbito de trabajo se restringe a la Universidad de Oviedo, lo que garantiza nuestra independencia. <strong>SIPU<\/strong> forma parte del la Uni\u00f3n de Sindicatos Independientes del Principado de Asturias (<strong><a href=\"https:\/\/usipa.es\" target=\"_blank\" rel=\"noreferrer noopener\">USIPA<\/a><\/strong>) y de los Sindicatos Asturianos Independientes Federados (<strong>SAIF<\/strong>).<\/p>\n\n\n\n<p>Puedes afiliarte a SIPU con una cuota de <strong>s\u00f3lo 7 euros al mes<\/strong>, de los que podr\u00e1s desgravar el 25% en tu declaraci\u00f3n de la renta. Podr\u00e1s contar de forma gratuita con nuestros <strong>servicios de asistencia jur\u00eddica<\/strong> para ayudarte a defender tus derechos laborales. Adem\u00e1s, podr\u00e1s contar con numerosas <a href=\"https:\/\/usipa.es\/categoria\/ventajas-afiliados\/\" target=\"_blank\" rel=\"noreferrer noopener\"><strong>ventajas como afiliado<\/strong><\/a>.<\/p>\n\n\n\n<p>Si deseas afiliarte, descarga este formulario en <strong><a href=\"https:\/\/www.unioviedo.es\/sipu\/wp-content\/uploads\/2026\/03\/FICHA-DE-AFILIACION.docx\" target=\"_blank\" rel=\"noreferrer noopener\">word<\/a><\/strong> o <strong><a href=\"https:\/\/www.unioviedo.es\/sipu\/wp-content\/uploads\/2026\/03\/Ficha_Afiliacion.pdf\" target=\"_blank\" rel=\"noreferrer noopener\">pdf<\/a><\/strong> y env\u00edalo firmado por correo electr\u00f3nico a <a href=\"mailto:pdisipu@uniovi.es\" target=\"_blank\" rel=\"noreferrer noopener\"><strong>pdisipu@uniovi.es<\/strong><\/a>.<\/p>\n","protected":false},"excerpt":{"rendered":"<p>El sindicato de la Universidad de Oviedo El Sindicato Independiente de Personal de Universidad, SIPU, es el sindicato mayoritario de la Universidad de Oviedo, con amplia representaci\u00f3n en la Junta de PDI Funcionario, Junta de PTGAS Funcionario y Comit\u00e9 de Empresa. SIPU est\u00e1 formado por gente como t\u00fa, sin m\u00e1s intereses que defender y mejorar &hellip; <a href=\"https:\/\/www.unioviedo.es\/sipu\/index.php\/afiliate\/\" class=\"more-link\">Seguir leyendo <span class=\"screen-reader-text\">\u00danete a SIPU<\/span> <span class=\"meta-nav\">&rarr;<\/span><\/a><\/p>\n","protected":false},"author":1,"featured_media":0,"parent":0,"menu_order":0,"comment_status":"closed","ping_status":"closed","template":"","meta":{"footnotes":""},"class_list":["post-157","page","type-page","status-publish","hentry"],"_links":{"self":[{"href":"https:\/\/www.unioviedo.es\/sipu\/index.php\/wp-json\/wp\/v2\/pages\/157","targetHints":{"allow":["GET"]}}],"collection":[{"href":"https:\/\/www.unioviedo.es\/sipu\/index.php\/wp-json\/wp\/v2\/pages"}],"about":[{"href":"https:\/\/www.unioviedo.es\/sipu\/index.php\/wp-json\/wp\/v2\/types\/page"}],"author":[{"embeddable":true,"href":"https:\/\/www.unioviedo.es\/sipu\/index.php\/wp-json\/wp\/v2\/users\/1"}],"replies":[{"embeddable":true,"href":"https:\/\/www.unioviedo.es\/sipu\/index.php\/wp-json\/wp\/v2\/comments?post=157"}],"version-history":[{"count":16,"href":"https:\/\/www.unioviedo.es\/sipu\/index.php\/wp-json\/wp\/v2\/pages\/157\/revisions"}],"predecessor-version":[{"id":868,"href":"https:\/\/www.unioviedo.es\/sipu\/index.php\/wp-json\/wp\/v2\/pages\/157\/revisions\/868"}],"wp:attachment":[{"href":"https:\/\/www.unioviedo.es\/sipu\/index.php\/wp-json\/wp\/v2\/media?parent=157"}],"curies":[{"name":"wp","href":"https:\/\/api.w.org\/{rel}","templated":true}]}}