{"id":5,"date":"2017-01-27T18:01:56","date_gmt":"2017-01-27T18:01:56","guid":{"rendered":"https:\/\/www.unioviedo.es\/sipu\/?page_id=5"},"modified":"2021-03-17T12:59:54","modified_gmt":"2021-03-17T11:59:54","slug":"acerca-de","status":"publish","type":"page","link":"https:\/\/www.unioviedo.es\/sipu\/index.php\/acerca-de\/","title":{"rendered":"Qui\u00e9nes somos"},"content":{"rendered":"<div align=\"justify\">\n<p><span style=\"font-family: Calibri;\"><span style=\"color: #1f497d;\"><b>SIPU <\/b>es un<b>\u00a0sindicato independiente<\/b> de la Universidad de Oviedo, con una trayectoria de m\u00e1s de 25 a\u00f1os en los \u00f3rganos de representaci\u00f3n sindical.<\/span><\/span><\/p>\n<p><span style=\"font-family: Calibri;\"><span style=\"color: #1f497d;\">Desde nuestra creaci\u00f3n, en <b>SIPU<\/b> respetamos las diferentes opiniones de la comunidad universitaria y no tenemos relaci\u00f3n con ning\u00fan partido pol\u00edtico<\/span><\/span><span style=\"font-family: Calibri;\"><span style=\"color: #1f497d;\">. <\/span><\/span><\/p>\n<p><span style=\"font-family: Calibri;\"><span style=\"color: #1f497d;\"><b>SIPU <\/b>constituye una alternativa cercana, diferente de los sindicatos tradicionales que cuentan con subvenciones externas desde sus matrices nacionales y que en ocasiones defienden intereses que no son los de nuestra universidad.\u00a0<\/span><\/span><\/p>\n<p><span style=\"font-family: Calibri;\"><span style=\"color: #1f497d;\"><b>SIPU <\/b>lo\u00a0formamos\u00a0un grupo de personas a las que nos unen el esfuerzo y las ganas de trabajar para\u00a0mejorar nuestra universidad.\u00a0<\/span><\/span><span style=\"font-family: Calibri;\"><span style=\"color: #1f497d;\"><b>SIPU <\/b>respeta la libertad individual y la libertad de pensamiento de sus afiliados y representados.\u00a0<\/span><\/span><\/p>\n<p><span style=\"font-family: Calibri;\"><span style=\"color: #1f497d;\"><b>SIPU <\/b>escucha, atiende y busca las mejores soluciones viables para todos los miembros<\/span><\/span> <span style=\"font-family: Calibri;\"><span style=\"color: #1f497d;\">de la\u00a0comunidad universitaria ya que\u00a0<\/span><\/span><span style=\"font-family: Calibri;\"><span style=\"color: #1f497d;\">estamos comprometidos \u00fanicamente con los intereses de los colectivos a los que representamos: <\/span><\/span><span style=\"font-family: Calibri;\"><span style=\"color: #1f497d;\">profesorado, investigadores y personal de administraci\u00f3n y servicios.<\/span><\/span><\/p>\n<\/div>\n","protected":false},"excerpt":{"rendered":"<p>SIPU es un\u00a0sindicato independiente de la Universidad de Oviedo, con una trayectoria de m\u00e1s de 25 a\u00f1os en los \u00f3rganos de representaci\u00f3n sindical. Desde nuestra creaci\u00f3n, en SIPU respetamos las diferentes opiniones de la comunidad universitaria y no tenemos relaci\u00f3n con ning\u00fan partido pol\u00edtico. SIPU constituye una alternativa cercana, diferente de los sindicatos tradicionales que &hellip; <a href=\"https:\/\/www.unioviedo.es\/sipu\/index.php\/acerca-de\/\" class=\"more-link\">Seguir leyendo <span class=\"screen-reader-text\">Qui\u00e9nes somos<\/span> <span class=\"meta-nav\">&rarr;<\/span><\/a><\/p>\n","protected":false},"author":1,"featured_media":0,"parent":0,"menu_order":0,"comment_status":"closed","ping_status":"closed","template":"","meta":{"footnotes":""},"class_list":["post-5","page","type-page","status-publish","hentry"],"_links":{"self":[{"href":"https:\/\/www.unioviedo.es\/sipu\/index.php\/wp-json\/wp\/v2\/pages\/5","targetHints":{"allow":["GET"]}}],"collection":[{"href":"https:\/\/www.unioviedo.es\/sipu\/index.php\/wp-json\/wp\/v2\/pages"}],"about":[{"href":"https:\/\/www.unioviedo.es\/sipu\/index.php\/wp-json\/wp\/v2\/types\/page"}],"author":[{"embeddable":true,"href":"https:\/\/www.unioviedo.es\/sipu\/index.php\/wp-json\/wp\/v2\/users\/1"}],"replies":[{"embeddable":true,"href":"https:\/\/www.unioviedo.es\/sipu\/index.php\/wp-json\/wp\/v2\/comments?post=5"}],"version-history":[{"count":10,"href":"https:\/\/www.unioviedo.es\/sipu\/index.php\/wp-json\/wp\/v2\/pages\/5\/revisions"}],"predecessor-version":[{"id":156,"href":"https:\/\/www.unioviedo.es\/sipu\/index.php\/wp-json\/wp\/v2\/pages\/5\/revisions\/156"}],"wp:attachment":[{"href":"https:\/\/www.unioviedo.es\/sipu\/index.php\/wp-json\/wp\/v2\/media?parent=5"}],"curies":[{"name":"wp","href":"https:\/\/api.w.org\/{rel}","templated":true}]}}