{"id":51,"date":"2017-01-30T13:26:09","date_gmt":"2017-01-30T13:26:09","guid":{"rendered":"https:\/\/www.unioviedo.es\/sipu\/?page_id=51"},"modified":"2024-04-24T09:50:55","modified_gmt":"2024-04-24T07:50:55","slug":"docencia","status":"publish","type":"page","link":"https:\/\/www.unioviedo.es\/sipu\/index.php\/docencia\/","title":{"rendered":"Personal T\u00e9cnico, de Gesti\u00f3n y de Administraci\u00f3n y Servicios"},"content":{"rendered":"\n<p class=\"has-vivid-purple-color has-text-color has-medium-font-size\"><strong>Actualidad:<\/strong><\/p>\n\n\n\n<p><strong><a href=\"https:\/\/www.uniovi.es\/conocenos\/rrhh\/convocatorias\/pas\" target=\"_blank\" rel=\"noreferrer noopener\">Convocatorias de plazas de PTGAS de la Universidad de Oviedo<\/a><\/strong><\/p>\n\n\n\n<p class=\"has-vivid-purple-color has-text-color has-link-color has-medium-font-size wp-elements-3f40a364e37b760d6b6698033df703b6\"><strong>2023<\/strong><\/p>\n\n\n\n<p><strong><a href=\"https:\/\/www.unioviedo.es\/sipu\/index.php\/2023\/11\/23\/convocatorias-de-ptgas-funcionario\/\">Convocatorias de PTGAS Funcionario<\/a><\/strong><\/p>\n\n\n\n<p class=\"has-vivid-purple-color has-text-color has-medium-font-size\"><strong>2022<\/strong><\/p>\n\n\n\n<p><strong><a rel=\"noreferrer noopener\" href=\"https:\/\/www.unioviedo.es\/sipu\/index.php\/2022\/06\/30\/convocatoria-de-ayudas-sociales-de-matricula-curso-2021-2022\/\" target=\"_blank\">Convocatoria de ayudas sociales de matr\u00edcula 2022<\/a><\/strong><\/p>\n\n\n\n<p><a rel=\"noreferrer noopener\" href=\"https:\/\/www.unioviedo.es\/sipu\/index.php\/2022\/01\/11\/nuevo-concierto-muface-2022-2024\/\" target=\"_blank\"><strong>Nuevo concierto MUFACE 2022-2024<\/strong><\/a><\/p>\n\n\n\n<p><strong><a rel=\"noreferrer noopener\" href=\"https:\/\/www.uniovi.es\/comunicacion\/noticias\/-\/asset_publisher\/33ICSSzZmx4V\/content\/nueva-estructura?redirect=%2Fcomunicacion%2Fnoticias\" target=\"_blank\">Publicaci\u00f3n del documento con el modelo de organizaci\u00f3n de la Universidad de Oviedo<\/a><\/strong><\/p>\n\n\n\n<p class=\"has-vivid-purple-color has-text-color has-medium-font-size\"><strong>2021<\/strong><\/p>\n\n\n\n<p><strong><a rel=\"noreferrer noopener\" href=\"https:\/\/www.unioviedo.es\/sipu\/index.php\/2022\/01\/10\/oferta-de-empleo-publico-2021\/\" target=\"_blank\">Oferta de empleo p\u00fablico 2021<\/a><\/strong><\/p>\n\n\n\n<p><strong><a rel=\"noreferrer noopener\" href=\"https:\/\/www.unioviedo.es\/sipu\/index.php\/2021\/06\/17\/convocatoria-de-ayudas-sociales-de-matricula-curso-2020-2021\/\" target=\"_blank\">Convocatoria de ayudas sociales de matr\u00edcula 2021<\/a><\/strong><\/p>\n\n\n\n<p><\/p>\n","protected":false},"excerpt":{"rendered":"<p>Actualidad: Convocatorias de plazas de PTGAS de la Universidad de Oviedo 2023 Convocatorias de PTGAS Funcionario 2022 Convocatoria de ayudas sociales de matr\u00edcula 2022 Nuevo concierto MUFACE 2022-2024 Publicaci\u00f3n del documento con el modelo de organizaci\u00f3n de la Universidad de Oviedo 2021 Oferta de empleo p\u00fablico 2021 Convocatoria de ayudas sociales de matr\u00edcula 2021<\/p>\n","protected":false},"author":1,"featured_media":0,"parent":0,"menu_order":0,"comment_status":"closed","ping_status":"closed","template":"","meta":{"footnotes":""},"class_list":["post-51","page","type-page","status-publish","hentry"],"_links":{"self":[{"href":"https:\/\/www.unioviedo.es\/sipu\/index.php\/wp-json\/wp\/v2\/pages\/51","targetHints":{"allow":["GET"]}}],"collection":[{"href":"https:\/\/www.unioviedo.es\/sipu\/index.php\/wp-json\/wp\/v2\/pages"}],"about":[{"href":"https:\/\/www.unioviedo.es\/sipu\/index.php\/wp-json\/wp\/v2\/types\/page"}],"author":[{"embeddable":true,"href":"https:\/\/www.unioviedo.es\/sipu\/index.php\/wp-json\/wp\/v2\/users\/1"}],"replies":[{"embeddable":true,"href":"https:\/\/www.unioviedo.es\/sipu\/index.php\/wp-json\/wp\/v2\/comments?post=51"}],"version-history":[{"count":15,"href":"https:\/\/www.unioviedo.es\/sipu\/index.php\/wp-json\/wp\/v2\/pages\/51\/revisions"}],"predecessor-version":[{"id":647,"href":"https:\/\/www.unioviedo.es\/sipu\/index.php\/wp-json\/wp\/v2\/pages\/51\/revisions\/647"}],"wp:attachment":[{"href":"https:\/\/www.unioviedo.es\/sipu\/index.php\/wp-json\/wp\/v2\/media?parent=51"}],"curies":[{"name":"wp","href":"https:\/\/api.w.org\/{rel}","templated":true}]}}