{"id":6,"date":"2017-01-27T18:01:56","date_gmt":"2017-01-27T18:01:56","guid":{"rendered":"https:\/\/www.unioviedo.es\/sipu\/?page_id=6"},"modified":"2026-04-21T09:06:01","modified_gmt":"2026-04-21T07:06:01","slug":"contacto","status":"publish","type":"page","link":"https:\/\/www.unioviedo.es\/sipu\/index.php\/contacto\/","title":{"rendered":"Normativa"},"content":{"rendered":"\n<p><strong><a href=\"https:\/\/miprincipado.asturias.es\/bopa\/2026\/04\/21\/2026-02916.pdf\" target=\"_blank\" rel=\"noreferrer noopener\">Reglamento de profesorado em\u00e9rito, em\u00e9rito-honor\u00edfico y honorario.<\/a><\/strong><\/p>\n\n\n\n<p><strong><a href=\"https:\/\/secretaria.uniovi.es\/normativa\/reglamentos\/ultimosaprobados\/-\/asset_publisher\/QuR7\/content\/reglamento-de-gestion-economica-y-financiera-de-la-universidad-de-oviedo?redirect=%2Fnormativa%2Freglamentos%2Fultimosaprobados\" target=\"_blank\" rel=\"noreferrer noopener\">\u00daltimos reglamentos aprobados por la Universidad de Oviedo<\/a><\/strong><\/p>\n\n\n\n<p><strong><a href=\"https:\/\/www.unioviedo.es\/sipu\/wp-content\/uploads\/2026\/02\/Resolucion-rector-abono-trienios-fdo.pdf\" target=\"_blank\" rel=\"noreferrer noopener\">Resoluci\u00f3n de abono de trienios del personal investigador (4-II-2026)<\/a><\/strong><\/p>\n\n\n\n<p><strong><a href=\"https:\/\/www.uniovi.es\/o\/adaptive-media\/image\/12079965\/3\/d417d626-5363-adc5-b1c7-484188567930?t=1757677934712\" target=\"_blank\" rel=\"noreferrer noopener\">Calendario Acad\u00e9mico 2025-2026<\/a><\/strong> <strong>y <a href=\"https:\/\/www.unioviedo.es\/sipu\/wp-content\/uploads\/2025\/11\/Calendario-Laboral-2026_PTGAS-PDI.pdf\" target=\"_blank\" rel=\"noreferrer noopener\">Calendario Laboral 2026<\/a><\/strong><\/p>\n\n\n\n<p><strong><a href=\"https:\/\/sede.asturias.es\/bopa\/2025\/06\/12\/2025-04633.pdf\" target=\"_blank\" rel=\"noreferrer noopener\">Reglamento de Colaboraci\u00f3n Docente de la Universidad de Oviedo (BOPA 12-VI-2025)<\/a><\/strong><\/p>\n\n\n\n<p><strong><a href=\"https:\/\/sede.asturias.es\/bopa\/2025\/04\/24\/2025-02986.pdf\" target=\"_blank\" rel=\"noreferrer noopener\">Reglamento del Claustro de la Universidad de Oviedo (BOPA 24-IV-2025)<\/a><\/strong><\/p>\n\n\n\n<p><strong><a href=\"https:\/\/www.unioviedo.es\/sipu\/wp-content\/uploads\/2025\/04\/ACUERDO-CRITERIOS-PLAZAS-PDI-31032025.pdf\" target=\"_blank\" rel=\"noreferrer noopener\">Criterios para la asignaci\u00f3n de plazas de profesorado funcionario y laboral permanente (Acuerdo de Consejo de Gobierno de 31-3-2025)<\/a><\/strong><\/p>\n\n\n\n<p><strong><a href=\"https:\/\/sede.asturias.es\/bopa\/2024\/12\/26\/2024-11125.pdf\" target=\"_blank\" rel=\"noreferrer noopener\">Estatutos de la Universidad de Oviedo (BOPA 26-XII-2024)<\/a><\/strong><\/p>\n\n\n\n<p><strong><a href=\"https:\/\/www.unioviedo.es\/sipu\/wp-content\/uploads\/2024\/12\/CALENDARIO-LABORAL-2025_PTGAS-PDI.pdf\" target=\"_blank\" rel=\"noreferrer noopener\">Calendario laboral 2025 de la Universidad de Oviedo<\/a><\/strong><\/p>\n\n\n\n<p><strong><a href=\"https:\/\/sede.asturias.es\/bopa\/2024\/11\/27\/2024-10308.pdf\" target=\"_blank\" rel=\"noreferrer noopener\">Procedimiento para la elaboraci\u00f3n de bolsas de empleo temporal de PDI (BOPA 27-XI-2024)<\/a><\/strong><\/p>\n\n\n\n<p><strong><a href=\"https:\/\/www.unioviedo.es\/sipu\/wp-content\/uploads\/2024\/11\/Modelo-Declaracion-Accidente-de-Trabajo.pdf\" target=\"_blank\" rel=\"noreferrer noopener\">Documento de declaraci\u00f3n de accidente de trabajo<\/a> e <a href=\"https:\/\/www.unioviedo.es\/sipu\/wp-content\/uploads\/2024\/11\/Instrucciones-de-cumplimentacion-del-documento.pdf\" target=\"_blank\" rel=\"noreferrer noopener\">instrucciones para cumplimentarlo<\/a><\/strong><\/p>\n\n\n\n<p><strong><a href=\"https:\/\/www.unioviedo.es\/sipu\/wp-content\/uploads\/2025\/11\/Modelo-DOCENTIA-UO-2025_v23_Consejo-de-Gobiernoversion-final.pdf\" target=\"_blank\" rel=\"noreferrer noopener\">Modelo de evaluaci\u00f3n de la actividad docente del profesorado de la Universidad de Oviedo<\/a><\/strong><\/p>\n\n\n\n<p><strong><a href=\"https:\/\/www.boe.es\/boe\/dias\/2024\/05\/01\/pdfs\/BOE-A-2024-8713.pdf\" target=\"_blank\" rel=\"noreferrer noopener\">Convenio especial con la SS para la cotizaci\u00f3n de pr\u00e1cticas formativas (BOE 1-V-2024)<\/a><\/strong> y <strong><a href=\"https:\/\/www.boe.es\/boe\/dias\/2024\/08\/01\/pdfs\/BOE-A-2024-15859.pdf\">modificaci\u00f3n posterior (BOE 1-VIII-2024)<\/a><\/strong><\/p>\n\n\n\n<p><strong>Reglamentos de los <a href=\"https:\/\/sede.asturias.es\/bopa\/2024\/04\/29\/2024-03389.pdf\" target=\"_blank\" rel=\"noreferrer noopener\">concursos de acceso a los cuerpos de funcionarios docentes universitarios<\/a> y <a href=\"https:\/\/sede.asturias.es\/bopa\/2024\/04\/29\/2024-03387.pdf\" target=\"_blank\" rel=\"noreferrer noopener\">concursos de PDI contratado en r\u00e9gimen de derecho laboral de la Universidad de Oviedo<\/a><\/strong> <strong>(BOPA 29-IV-2024)<\/strong><\/p>\n\n\n\n<p><strong><a href=\"https:\/\/sede.asturias.es\/bopa\/2024\/02\/09\/2024-01207.pdf\" target=\"_blank\" rel=\"noreferrer noopener\">Modelo de dedicaci\u00f3n acad\u00e9mica del PDI de la Universidad de Oviedo (BOPA 9-II-2024)<\/a><\/strong><\/p>\n\n\n\n<p><strong><strong><a href=\"https:\/\/sede.asturias.es\/bopa\/2013\/02\/13\/2013-02521.pdf\" target=\"_blank\" rel=\"noreferrer noopener\">Convenio Colectivo del Personal Laboral de la Universidad de Oviedo (BOPA 13-II-2013)<\/a><\/strong> y <a href=\"https:\/\/miprincipado.asturias.es\/bopa\/2023\/08\/02\/2023-06772.pdf\" target=\"_blank\" rel=\"noreferrer noopener\">posterior adecuaci\u00f3n a la LOSU (BOPA 02-VIII-2023)<\/a><\/strong><\/p>\n\n\n\n<p><strong><a href=\"https:\/\/sede.asturias.es\/bopa\/2023\/12\/19\/2023-11039.pdf\" target=\"_blank\" rel=\"noreferrer noopener\">Procedimiento para la elaboraci\u00f3n del POD en grados y m\u00e1steres (BOPA 19-XII-2023)<\/a><\/strong><\/p>\n\n\n\n<p><a href=\"https:\/\/www.boe.es\/boe\/dias\/2023\/12\/16\/pdfs\/BOE-A-2023-25537.pdf\" target=\"_blank\" rel=\"noreferrer noopener\"><strong>Criterios para la evaluaci\u00f3n de la actividad investigadora 2023<\/strong> <strong>(BOE 16-XII-2023)<\/strong><\/a><\/p>\n\n\n\n<p><a href=\"https:\/\/www.boe.es\/boe\/dias\/2023\/09\/06\/pdfs\/BOE-A-2023-19027.pdf\" target=\"_blank\" rel=\"noreferrer noopener\"><strong>RD de acreditaciones y concursos a los cuerpos docentes universitarios<\/strong> <strong>(BOE 6-IX-2023)<\/strong><\/a><\/p>\n\n\n\n<p><a href=\"https:\/\/www.boe.es\/buscar\/pdf\/2023\/BOE-A-2023-7500-consolidado.pdf\" target=\"_blank\" rel=\"noreferrer noopener\"><strong>Ley Org\u00e1nica 2\/2023 de 22 de marzo, del Sistema Universitario (LOSU)<\/strong> <strong>(BOE 23-III-2023)<\/strong><\/a><\/p>\n\n\n\n<p><strong><a href=\"https:\/\/sede.asturias.es\/bopa\/2023\/04\/20\/2023-03018.pdf\" target=\"_blank\" rel=\"noreferrer noopener\">Reglamento de Convivencia en la Universidad de Oviedo (BOPA 20-IV-2023)<\/a><\/strong><\/p>\n\n\n\n<p><strong><a rel=\"noreferrer noopener\" href=\"https:\/\/www.unioviedo.es\/sipu\/wp-content\/uploads\/2023\/02\/ULTIMO-BORRADOR-REGLAMENTO-CONTRATACION-01-12-22-003.pdf\" target=\"_blank\">Borrador del Reglamento para la contrataci\u00f3n de Personal Investigador<\/a><\/strong><\/p>\n\n\n\n<p><strong><a href=\"https:\/\/www.unioviedo.es\/sipu\/wp-content\/uploads\/2025\/11\/Normas-Abono-Gastos-Locomocion.pdf\" target=\"_blank\" rel=\"noreferrer noopener\">Normas para el abono de gastos de locomoci\u00f3n del PDI (BOPA 31-I-2022)<\/a><\/strong><\/p>\n\n\n\n<p><strong><a rel=\"noreferrer noopener\" href=\"https:\/\/sede.asturias.es\/bopa\/2022\/11\/08\/2022-08208.pdf\" target=\"_blank\">Reglamento de relaciones electr\u00f3nicas en la Universidad de Oviedo (BOPA 8-XI-2022)<\/a><\/strong><\/p>\n\n\n\n<p><strong><a rel=\"noreferrer noopener\" href=\"https:\/\/www.boe.es\/boe\/dias\/2022\/02\/25\/pdfs\/BOE-A-2022-2978.pdf\" target=\"_blank\">Ley 3\/2022 de Convivencia Universitaria (BOE 25-II-2022)<\/a><\/strong><\/p>\n\n\n\n<p><strong><a href=\"https:\/\/www.boe.es\/boe\/dias\/2019\/03\/15\/pdfs\/BOE-A-2019-3700.pdf\" target=\"_blank\" rel=\"noreferrer noopener\">Estatuto del personal investigador predoctoral en formaci\u00f3n (BOE 15-III-2019)<\/a><\/strong> y <strong><a href=\"https:\/\/www.boe.es\/boe\/dias\/2024\/12\/11\/pdfs\/BOE-A-2024-25795.pdf\" target=\"_blank\" rel=\"noreferrer noopener\">modificaci\u00f3n posterior (BOE 11-XII-2024)<\/a><\/strong>.<\/p>\n\n\n\n<p><strong><a href=\"https:\/\/www.unioviedo.es\/sipu\/wp-content\/uploads\/2022\/12\/Reglamento-de-Colaboracion-Docente.pdf\" target=\"_blank\" rel=\"noreferrer noopener\">Reglamento de Colaboraci\u00f3n Docente (BOPA 28-X-2016)<\/a><\/strong><\/p>\n\n\n\n<p><strong><a rel=\"noreferrer noopener\" href=\"https:\/\/www.boe.es\/boe\/dias\/2011\/06\/02\/pdfs\/BOE-A-2011-9617.pdf\" target=\"_blank\">Ley 14\/2011 de la Ciencia, la Tecnolog\u00eda y la Innovaci\u00f3n (BOE 2-VI-2011)<\/a><\/strong><\/p>\n\n\n\n<p><strong><a href=\"https:\/\/www.boe.es\/buscar\/pdf\/1994\/BOE-A-1994-26927-consolidado.pdf\">Normativa para la Evaluaci\u00f3n de la Actividad Investigadora (BOE 3-XII-1994)<\/a><\/strong><\/p>\n\n\n\n<p><strong><a rel=\"noreferrer noopener\" href=\"https:\/\/www.boe.es\/buscar\/pdf\/1989\/BOE-A-1989-21967-consolidado.pdf\" target=\"_blank\">R.D. sobre retribuciones del profesorado universitario (BOE 9-IX-1989)<\/a><\/strong><\/p>\n\n\n\n<p><a rel=\"noreferrer noopener\" href=\"https:\/\/secretaria.uniovi.es\/normativa\/reglamentos\/alfabetico\" target=\"_blank\"><strong>Reglamentos universitarios por orden alfab\u00e9tico<\/strong><\/a><\/p>\n","protected":false},"excerpt":{"rendered":"<p>Reglamento de profesorado em\u00e9rito, em\u00e9rito-honor\u00edfico y honorario. \u00daltimos reglamentos aprobados por la Universidad de Oviedo Resoluci\u00f3n de abono de trienios del personal investigador (4-II-2026) Calendario Acad\u00e9mico 2025-2026 y Calendario Laboral 2026 Reglamento de Colaboraci\u00f3n Docente de la Universidad de Oviedo (BOPA 12-VI-2025) Reglamento del Claustro de la Universidad de Oviedo (BOPA 24-IV-2025) Criterios para la &hellip; <a href=\"https:\/\/www.unioviedo.es\/sipu\/index.php\/contacto\/\" class=\"more-link\">Seguir leyendo <span class=\"screen-reader-text\">Normativa<\/span> <span class=\"meta-nav\">&rarr;<\/span><\/a><\/p>\n","protected":false},"author":1,"featured_media":0,"parent":0,"menu_order":0,"comment_status":"closed","ping_status":"closed","template":"","meta":{"footnotes":""},"class_list":["post-6","page","type-page","status-publish","hentry"],"_links":{"self":[{"href":"https:\/\/www.unioviedo.es\/sipu\/index.php\/wp-json\/wp\/v2\/pages\/6","targetHints":{"allow":["GET"]}}],"collection":[{"href":"https:\/\/www.unioviedo.es\/sipu\/index.php\/wp-json\/wp\/v2\/pages"}],"about":[{"href":"https:\/\/www.unioviedo.es\/sipu\/index.php\/wp-json\/wp\/v2\/types\/page"}],"author":[{"embeddable":true,"href":"https:\/\/www.unioviedo.es\/sipu\/index.php\/wp-json\/wp\/v2\/users\/1"}],"replies":[{"embeddable":true,"href":"https:\/\/www.unioviedo.es\/sipu\/index.php\/wp-json\/wp\/v2\/comments?post=6"}],"version-history":[{"count":84,"href":"https:\/\/www.unioviedo.es\/sipu\/index.php\/wp-json\/wp\/v2\/pages\/6\/revisions"}],"predecessor-version":[{"id":871,"href":"https:\/\/www.unioviedo.es\/sipu\/index.php\/wp-json\/wp\/v2\/pages\/6\/revisions\/871"}],"wp:attachment":[{"href":"https:\/\/www.unioviedo.es\/sipu\/index.php\/wp-json\/wp\/v2\/media?parent=6"}],"curies":[{"name":"wp","href":"https:\/\/api.w.org\/{rel}","templated":true}]}}