{"id":64,"date":"2017-01-30T13:41:35","date_gmt":"2017-01-30T13:41:35","guid":{"rendered":"https:\/\/www.unioviedo.es\/sipu\/?page_id=64"},"modified":"2024-12-17T12:14:54","modified_gmt":"2024-12-17T11:14:54","slug":"recursos-humanos","status":"publish","type":"page","link":"https:\/\/www.unioviedo.es\/sipu\/index.php\/acerca-de\/recursos-humanos\/","title":{"rendered":"Junta del Personal Docente e Investigador"},"content":{"rendered":"\n<p><strong><span style=\"color:#00847d\" class=\"has-inline-color\">Carmen Fern\u00e1ndez Rubio<\/span> <\/strong><a rel=\"noopener\" href=\"mailto:mcfrubio@uniovi.es\" target=\"_blank\"><em>mcfrubio@uniovi.es<\/em><\/a><\/p>\n\n\n\n<p><em>Departamento de Ciencias de la Educaci\u00f3n<\/em><\/p>\n\n\n\n<p><strong><span style=\"background-color: rgba(0, 0, 0, 0);\" class=\"has-inline-color\"><font color=\"#00847d\">Ignacio <span style=\"caret-color: rgb(0, 132, 125);\">del R\u00edo<\/span> Calvo<\/font><\/span>  <\/strong><em><a rel=\"noreferrer noopener\" href=\"mailto:hilario@uniovi.es\" target=\"_blank\">irc<\/a><a rel=\"noreferrer noopener\" href=\"mailto:irc@uniovi.es\" target=\"_blank\">@uniovi.es<\/a><\/em><\/p>\n\n\n\n<p>Departamento de Qu\u00edmica Org\u00e1nica e Inorg\u00e1nica<\/p>\n\n\n\n<p><strong><span style=\"background-color:rgba(0, 0, 0, 0);color:#00847d\" class=\"has-inline-color\">Mar\u00eda de los \u00c1ngeles Men\u00e9ndez de la Uz<\/span>   <\/strong><em><a href=\"mailto:angeles@uniovi.es\" target=\"_blank\" rel=\"noreferrer noopener\">angeles@uniovi.es<\/a><\/em><\/p>\n\n\n\n<p>Departamento de Econom\u00eda Cuantitativa<\/p>\n\n\n\n<p><strong><span style=\"color:#00847d\" class=\"has-inline-color\">Francisco Jos\u00e9 Su\u00e1rez Dom\u00ednguez<\/span>   <\/strong><em><a rel=\"noreferrer noopener\" href=\"mailto:fransd@uniovi.es\" target=\"_blank\">fransd@uniovi.es<\/a><\/em><\/p>\n\n\n\n<p>Departamento de Construcci\u00f3n e Ingenier\u00eda de Fabricaci\u00f3n<\/p>\n\n\n\n<p><strong><span style=\"background-color:rgba(0, 0, 0, 0);color:#00847d\" class=\"has-inline-color\">Ana Isabel Gonz\u00e1lez Gonz\u00e1lez<\/span>   <\/strong><em><a href=\"mailto:aisabelg@uniovi.es\" target=\"_blank\" rel=\"noreferrer noopener\">aisabelg@uniovi.es<\/a><\/em><\/p>\n\n\n\n<p>Departamento de Derecho P\u00fablico<\/p>\n\n\n\n<p><strong><span style=\"background-color:rgba(0, 0, 0, 0);color:#00847d\" class=\"has-inline-color\">Alejandro Presa Soto<\/span><\/strong> <strong> <\/strong><em><a rel=\"noreferrer noopener\" href=\"mailto:aisabelg@uniovi.es\" target=\"_blank\">presaalejandro<\/a><a href=\"mailto:presaalejandro@uniovi.es\" target=\"_blank\" rel=\"noreferrer noopener\">@uniovi.es<\/a><\/em><\/p>\n\n\n\n<p>Departamento de Qu\u00edmica Org\u00e1nica e Inorg\u00e1nica<\/p>\n\n\n\n<p><strong><span style=\"color:#00847d\" class=\"has-inline-color\">Juan Carlos Granda Cand\u00e1s<\/span>   <\/strong><em><a rel=\"noreferrer noopener\" href=\"mailto:jcgranda@uniovi.es\" target=\"_blank\">jcgranda@uniovi.es<\/a><\/em><\/p>\n\n\n\n<p>Departamento de Inform\u00e1tica<\/p>\n\n\n\n<p><strong><span style=\"background-color:rgba(0, 0, 0, 0);color:#00847d\" class=\"has-inline-color\">Mar\u00eda del Carmen L\u00f3pez-Rendo Rodr\u00edguez <strong> <\/strong><\/span><\/strong><span style=\"background-color:rgba(0, 0, 0, 0);color:#00847d\" class=\"has-inline-color\"><em><a rel=\"noreferrer noopener\" href=\"mailto:aisabelg@uniovi.es\" target=\"_blank\">clrendo<\/a><a href=\"mailto:clrendo@uniovi.es\" target=\"_blank\" rel=\"noreferrer noopener\">@uniovi.es<\/a><\/em><\/span><\/p>\n\n\n\n<p>Departamento de Ciencias Jur\u00eddicas B\u00e1sicas<\/p>\n\n\n\n<p><strong><mark style=\"background-color:rgba(0, 0, 0, 0);color:#00847d\" class=\"has-inline-color\">Marta Soledad Garc\u00eda Rodr\u00edguez<\/mark><\/strong> <em> <a rel=\"noreferrer noopener\" href=\"mailto:martagar@uniovi.es\" target=\"_blank\">martagar@uniovi.es<\/a><\/em> <\/p>\n\n\n\n<p>Departamento de Ciencias de la Educaci\u00f3n<\/p>\n\n\n\n<p><strong><mark style=\"background-color:rgba(0, 0, 0, 0);color:#00847d\" class=\"has-inline-color\">Rafael Rosillo Camblor<\/mark><\/strong> (<em>Delegado Sindical<\/em>) <em> <a href=\"mailto:rosillo@uniovi.es\" target=\"_blank\" rel=\"noreferrer noopener\">rosillo@uniovi.es<\/a><\/em> <\/p>\n\n\n\n<p>Departamento de Administraci\u00f3n de Empresas<\/p>\n\n\n\n<p><strong><mark style=\"background-color:rgba(0, 0, 0, 0);color:#00847d\" class=\"has-inline-color\">Ignacio Fern\u00e1ndez Chac\u00f3n<\/mark><\/strong> (<em>Delegado Sindical<\/em>) <em> <a href=\"mailto:ichacon@uniovi.es\" target=\"_blank\" rel=\"noreferrer noopener\">ichacon@uniovi.es<\/a><\/em><\/p>\n\n\n\n<p>Departamento de Derecho Privado y de la Empresa<\/p>\n\n\n\n<p><\/p>\n","protected":false},"excerpt":{"rendered":"<p>Carmen Fern\u00e1ndez Rubio mcfrubio@uniovi.es Departamento de Ciencias de la Educaci\u00f3n Ignacio del R\u00edo Calvo irc@uniovi.es Departamento de Qu\u00edmica Org\u00e1nica e Inorg\u00e1nica Mar\u00eda de los \u00c1ngeles Men\u00e9ndez de la Uz angeles@uniovi.es Departamento de Econom\u00eda Cuantitativa Francisco Jos\u00e9 Su\u00e1rez Dom\u00ednguez fransd@uniovi.es Departamento de Construcci\u00f3n e Ingenier\u00eda de Fabricaci\u00f3n Ana Isabel Gonz\u00e1lez Gonz\u00e1lez aisabelg@uniovi.es Departamento de Derecho P\u00fablico &hellip; <a href=\"https:\/\/www.unioviedo.es\/sipu\/index.php\/acerca-de\/recursos-humanos\/\" class=\"more-link\">Seguir leyendo <span class=\"screen-reader-text\">Junta del Personal Docente e Investigador<\/span> <span class=\"meta-nav\">&rarr;<\/span><\/a><\/p>\n","protected":false},"author":1,"featured_media":0,"parent":5,"menu_order":0,"comment_status":"closed","ping_status":"closed","template":"","meta":{"footnotes":""},"class_list":["post-64","page","type-page","status-publish","hentry"],"_links":{"self":[{"href":"https:\/\/www.unioviedo.es\/sipu\/index.php\/wp-json\/wp\/v2\/pages\/64","targetHints":{"allow":["GET"]}}],"collection":[{"href":"https:\/\/www.unioviedo.es\/sipu\/index.php\/wp-json\/wp\/v2\/pages"}],"about":[{"href":"https:\/\/www.unioviedo.es\/sipu\/index.php\/wp-json\/wp\/v2\/types\/page"}],"author":[{"embeddable":true,"href":"https:\/\/www.unioviedo.es\/sipu\/index.php\/wp-json\/wp\/v2\/users\/1"}],"replies":[{"embeddable":true,"href":"https:\/\/www.unioviedo.es\/sipu\/index.php\/wp-json\/wp\/v2\/comments?post=64"}],"version-history":[{"count":13,"href":"https:\/\/www.unioviedo.es\/sipu\/index.php\/wp-json\/wp\/v2\/pages\/64\/revisions"}],"predecessor-version":[{"id":743,"href":"https:\/\/www.unioviedo.es\/sipu\/index.php\/wp-json\/wp\/v2\/pages\/64\/revisions\/743"}],"up":[{"embeddable":true,"href":"https:\/\/www.unioviedo.es\/sipu\/index.php\/wp-json\/wp\/v2\/pages\/5"}],"wp:attachment":[{"href":"https:\/\/www.unioviedo.es\/sipu\/index.php\/wp-json\/wp\/v2\/media?parent=64"}],"curies":[{"name":"wp","href":"https:\/\/api.w.org\/{rel}","templated":true}]}}