{"id":187,"date":"2019-12-13T17:57:35","date_gmt":"2019-12-13T16:57:35","guid":{"rendered":"https:\/\/www.unioviedo.es\/smartfis\/?page_id=187"},"modified":"2019-12-16T11:59:09","modified_gmt":"2019-12-16T10:59:09","slug":"tiro-parabolico","status":"publish","type":"page","link":"https:\/\/www.unioviedo.es\/smartfis\/index.php\/inicio\/docencia\/ejemplos_tracker\/tiro-parabolico\/","title":{"rendered":"Tiro parab\u00f3lico"},"content":{"rendered":"\n<p>\n\nLanza una pelota de baloncesto, de ping-pong, de tenis,&#8230; y podr\u00e1s medir la gravedad y comprobar la forma parab\u00f3lica de la trayectoria.\n\n<\/p>\n\n\n\n<figure class=\"wp-block-image\"><img loading=\"lazy\" decoding=\"async\" width=\"1024\" height=\"764\" src=\"https:\/\/www.unioviedo.es\/smartfis\/wp-content\/uploads\/2019\/12\/Imagen2-1024x764.png\" alt=\"\" class=\"wp-image-190\" srcset=\"https:\/\/www.unioviedo.es\/smartfis\/wp-content\/uploads\/2019\/12\/Imagen2-1024x764.png 1024w, https:\/\/www.unioviedo.es\/smartfis\/wp-content\/uploads\/2019\/12\/Imagen2-300x224.png 300w, https:\/\/www.unioviedo.es\/smartfis\/wp-content\/uploads\/2019\/12\/Imagen2-768x573.png 768w, https:\/\/www.unioviedo.es\/smartfis\/wp-content\/uploads\/2019\/12\/Imagen2.png 1098w\" sizes=\"auto, (max-width: 767px) 89vw, (max-width: 1000px) 54vw, (max-width: 1071px) 543px, 580px\" \/><figcaption><strong>Trayectoria parab\u00f3lica de una pelota de tenis. <\/strong>Las flechas rojas indican el vector aceleraci\u00f3n en cada punto. La gr\u00e1fica muestra la variaci\u00f3n lineal de la velocidad Vy en funci\u00f3n del tiempo.<\/figcaption><\/figure>\n\n\n\n<p style=\"text-align:center\"><strong>Ecuaciones del Modelo Cinem\u00e1tico<\/strong><\/p>\n\n\n\n<div class=\"wp-block-media-text alignwide\"><figure class=\"wp-block-media-text__media\"><img loading=\"lazy\" decoding=\"async\" width=\"336\" height=\"111\" src=\"https:\/\/www.unioviedo.es\/smartfis\/wp-content\/uploads\/2019\/12\/Tiro-parabolico-1.png\" alt=\"\" class=\"wp-image-194\" srcset=\"https:\/\/www.unioviedo.es\/smartfis\/wp-content\/uploads\/2019\/12\/Tiro-parabolico-1.png 336w, https:\/\/www.unioviedo.es\/smartfis\/wp-content\/uploads\/2019\/12\/Tiro-parabolico-1-300x99.png 300w\" sizes=\"auto, (max-width: 336px) 100vw, 336px\" \/><\/figure><div class=\"wp-block-media-text__content\">\n<p>Puedes elegir los par\u00e1metros de posici\u00f3n inicial (Xo,Yo), velocidad inicial (Vox,Voy) y ajustar el valor de la gravedad (g) hasta reproducir la trayectoria experimental<\/p>\n<\/div><\/div>\n\n\n\n<p style=\"text-align:center\"><strong>Consejos pr\u00e1cticos para grabar el video<\/strong><\/p>\n\n\n\n<ul class=\"wp-block-list\"><li>Procura que la trayectoria sea plana y paralela al plano de la imagen, para evitar distorsiones debidas a la perspectiva.<\/li><li>Incluye un objeto de tama\u00f1o conocido lo m\u00e1s cerca posible del plano de la trayectoria. Te ser\u00e1 muy \u00fatil para calibrar las distancia en el video.<\/li><li>Anota la velocidad de grabaci\u00f3n de tu c\u00e1mara. Los videos a c\u00e1mara lenta dan muy buenos resultados, pero es importante conocer el n\u00famero de im\u00e1genes por segundo.<\/li><li>Aseg\u00farate de que la c\u00e1mara est\u00e1 fija y no se mueve durante la grabaci\u00f3n.<\/li><\/ul>\n","protected":false},"excerpt":{"rendered":"<p>Lanza una pelota de baloncesto, de ping-pong, de tenis,&#8230; y podr\u00e1s medir la gravedad y comprobar la forma parab\u00f3lica de la trayectoria. Ecuaciones del Modelo Cinem\u00e1tico Puedes elegir los par\u00e1metros de posici\u00f3n inicial (Xo,Yo), velocidad inicial (Vox,Voy) y ajustar el valor de la gravedad (g) hasta reproducir la trayectoria experimental Consejos pr\u00e1cticos para grabar el &hellip; <\/p>\n<p class=\"link-more\"><a href=\"https:\/\/www.unioviedo.es\/smartfis\/index.php\/inicio\/docencia\/ejemplos_tracker\/tiro-parabolico\/\" class=\"more-link\">Continuar leyendo<span class=\"screen-reader-text\"> \u00abTiro parab\u00f3lico\u00bb<\/span><\/a><\/p>\n","protected":false},"author":1,"featured_media":0,"parent":53,"menu_order":0,"comment_status":"closed","ping_status":"closed","template":"","meta":{"footnotes":""},"class_list":["post-187","page","type-page","status-publish","hentry"],"_links":{"self":[{"href":"https:\/\/www.unioviedo.es\/smartfis\/index.php\/wp-json\/wp\/v2\/pages\/187","targetHints":{"allow":["GET"]}}],"collection":[{"href":"https:\/\/www.unioviedo.es\/smartfis\/index.php\/wp-json\/wp\/v2\/pages"}],"about":[{"href":"https:\/\/www.unioviedo.es\/smartfis\/index.php\/wp-json\/wp\/v2\/types\/page"}],"author":[{"embeddable":true,"href":"https:\/\/www.unioviedo.es\/smartfis\/index.php\/wp-json\/wp\/v2\/users\/1"}],"replies":[{"embeddable":true,"href":"https:\/\/www.unioviedo.es\/smartfis\/index.php\/wp-json\/wp\/v2\/comments?post=187"}],"version-history":[{"count":4,"href":"https:\/\/www.unioviedo.es\/smartfis\/index.php\/wp-json\/wp\/v2\/pages\/187\/revisions"}],"predecessor-version":[{"id":204,"href":"https:\/\/www.unioviedo.es\/smartfis\/index.php\/wp-json\/wp\/v2\/pages\/187\/revisions\/204"}],"up":[{"embeddable":true,"href":"https:\/\/www.unioviedo.es\/smartfis\/index.php\/wp-json\/wp\/v2\/pages\/53"}],"wp:attachment":[{"href":"https:\/\/www.unioviedo.es\/smartfis\/index.php\/wp-json\/wp\/v2\/media?parent=187"}],"curies":[{"name":"wp","href":"https:\/\/api.w.org\/{rel}","templated":true}]}}