{"id":197,"date":"2019-12-16T11:56:44","date_gmt":"2019-12-16T10:56:44","guid":{"rendered":"https:\/\/www.unioviedo.es\/smartfis\/?page_id=197"},"modified":"2019-12-16T12:35:52","modified_gmt":"2019-12-16T11:35:52","slug":"movimiento-rectilineo-uniformemente-acelerado","status":"publish","type":"page","link":"https:\/\/www.unioviedo.es\/smartfis\/index.php\/inicio\/docencia\/ejemplos_tracker\/movimiento-rectilineo-uniformemente-acelerado\/","title":{"rendered":"Movimiento Rectil\u00edneo Uniformemente Acelerado"},"content":{"rendered":"\n<p> Si dejas caer una bola rodando por una cuesta, o  una canica en un vaso de agua, o miras a un globo que sube por el aire, ver\u00e1s que todos estos objetos realizan un movimiento rectil\u00edneo uniformemente acelerado (MRUA).  Tracker te permite medir la velocidad en funci\u00f3n del tiempo y calcular su aceleraci\u00f3n de manera sencilla<\/p>\n\n\n\n<div class=\"wp-block-image\"><figure class=\"aligncenter\"><img loading=\"lazy\" decoding=\"async\" width=\"433\" height=\"265\" src=\"https:\/\/www.unioviedo.es\/smartfis\/wp-content\/uploads\/2019\/12\/pelota-que-cae.png\" alt=\"\" class=\"wp-image-198\" srcset=\"https:\/\/www.unioviedo.es\/smartfis\/wp-content\/uploads\/2019\/12\/pelota-que-cae.png 433w, https:\/\/www.unioviedo.es\/smartfis\/wp-content\/uploads\/2019\/12\/pelota-que-cae-300x184.png 300w\" sizes=\"auto, (max-width: 433px) 100vw, 433px\" \/><figcaption> <br><strong>Trayectoria rectil\u00ednea de una bola que cae rodando por una rampa. <\/strong><em>Los puntos indican la posici\u00f3n de la pelota en cada instante de tiempo. Las l\u00edneas moradas indican el sistema de referencia en el que se mide la posici\u00f3n.<\/em><\/figcaption><\/figure><\/div>\n\n\n\n<p><strong>Ecuaciones del Modelo Cinem\u00e1tico<\/strong><\/p>\n\n\n\n<div class=\"wp-block-image\"><figure class=\"alignleft\"><img loading=\"lazy\" decoding=\"async\" width=\"335\" height=\"71\" src=\"https:\/\/www.unioviedo.es\/smartfis\/wp-content\/uploads\/2019\/12\/MRUA.png\" alt=\"\" class=\"wp-image-200\" srcset=\"https:\/\/www.unioviedo.es\/smartfis\/wp-content\/uploads\/2019\/12\/MRUA.png 335w, https:\/\/www.unioviedo.es\/smartfis\/wp-content\/uploads\/2019\/12\/MRUA-300x64.png 300w\" sizes=\"auto, (max-width: 335px) 100vw, 335px\" \/><figcaption>Ecuaciones del MRUA<\/figcaption><\/figure><\/div>\n\n\n\n<p>Elige la posici\u00f3n inicial (Xo), velocidad inicial (Vo) y la aceleraci\u00f3n (a) para reproducir la trayectoria experimental<\/p>\n\n\n\n<p style=\"text-align:center\"><strong>Consejos pr\u00e1cticos para grabar el video<\/strong><\/p>\n\n\n\n<div class=\"wp-block-image\"><figure class=\"alignright\"><img loading=\"lazy\" decoding=\"async\" width=\"201\" height=\"350\" src=\"https:\/\/www.unioviedo.es\/smartfis\/wp-content\/uploads\/2019\/12\/globo-que-sube.png\" alt=\"\" class=\"wp-image-199\" srcset=\"https:\/\/www.unioviedo.es\/smartfis\/wp-content\/uploads\/2019\/12\/globo-que-sube.png 201w, https:\/\/www.unioviedo.es\/smartfis\/wp-content\/uploads\/2019\/12\/globo-que-sube-172x300.png 172w\" sizes=\"auto, (max-width: 201px) 100vw, 201px\" \/><figcaption><strong>Globo de Helio que sub<\/strong>e. La linea azul indica el metro que se ha usado para calibrar las distancias en la imagen.<\/figcaption><\/figure><\/div>\n\n\n\n<ul class=\"wp-block-list\"><li>Procura que la trayectoria sea plana y paralela al plano de la imagen, para evitar distorsiones debidas a la perspectiva.<\/li><li>Incluye un objeto de tama\u00f1o conocido lo m\u00e1s cerca posible del plano de la trayectoria. Te ser\u00e1 muy \u00fatil para calibrar las distancia en el video.<\/li><li>Anota la velocidad de grabaci\u00f3n de tu c\u00e1mara. Los videos a c\u00e1mara lenta dan muy buenos resultados, pero es importante conocer el n\u00famero de im\u00e1genes por segundo.<\/li><li>Aseg\u00farate de que la c\u00e1mara est\u00e1 fija y no se mueve durante la grabaci\u00f3n.<\/li><\/ul>\n","protected":false},"excerpt":{"rendered":"<p>Si dejas caer una bola rodando por una cuesta, o una canica en un vaso de agua, o miras a un globo que sube por el aire, ver\u00e1s que todos estos objetos realizan un movimiento rectil\u00edneo uniformemente acelerado (MRUA). Tracker te permite medir la velocidad en funci\u00f3n del tiempo y calcular su aceleraci\u00f3n de manera &hellip; <\/p>\n<p class=\"link-more\"><a href=\"https:\/\/www.unioviedo.es\/smartfis\/index.php\/inicio\/docencia\/ejemplos_tracker\/movimiento-rectilineo-uniformemente-acelerado\/\" class=\"more-link\">Continuar leyendo<span class=\"screen-reader-text\"> \u00abMovimiento Rectil\u00edneo Uniformemente Acelerado\u00bb<\/span><\/a><\/p>\n","protected":false},"author":1,"featured_media":0,"parent":53,"menu_order":0,"comment_status":"closed","ping_status":"closed","template":"","meta":{"footnotes":""},"class_list":["post-197","page","type-page","status-publish","hentry"],"_links":{"self":[{"href":"https:\/\/www.unioviedo.es\/smartfis\/index.php\/wp-json\/wp\/v2\/pages\/197","targetHints":{"allow":["GET"]}}],"collection":[{"href":"https:\/\/www.unioviedo.es\/smartfis\/index.php\/wp-json\/wp\/v2\/pages"}],"about":[{"href":"https:\/\/www.unioviedo.es\/smartfis\/index.php\/wp-json\/wp\/v2\/types\/page"}],"author":[{"embeddable":true,"href":"https:\/\/www.unioviedo.es\/smartfis\/index.php\/wp-json\/wp\/v2\/users\/1"}],"replies":[{"embeddable":true,"href":"https:\/\/www.unioviedo.es\/smartfis\/index.php\/wp-json\/wp\/v2\/comments?post=197"}],"version-history":[{"count":3,"href":"https:\/\/www.unioviedo.es\/smartfis\/index.php\/wp-json\/wp\/v2\/pages\/197\/revisions"}],"predecessor-version":[{"id":205,"href":"https:\/\/www.unioviedo.es\/smartfis\/index.php\/wp-json\/wp\/v2\/pages\/197\/revisions\/205"}],"up":[{"embeddable":true,"href":"https:\/\/www.unioviedo.es\/smartfis\/index.php\/wp-json\/wp\/v2\/pages\/53"}],"wp:attachment":[{"href":"https:\/\/www.unioviedo.es\/smartfis\/index.php\/wp-json\/wp\/v2\/media?parent=197"}],"curies":[{"name":"wp","href":"https:\/\/api.w.org\/{rel}","templated":true}]}}