{"id":212,"date":"2019-12-16T12:53:23","date_gmt":"2019-12-16T11:53:23","guid":{"rendered":"https:\/\/www.unioviedo.es\/smartfis\/?page_id=212"},"modified":"2020-06-16T14:08:08","modified_gmt":"2020-06-16T12:08:08","slug":"tiros-con-resistencia-del-aire","status":"publish","type":"page","link":"https:\/\/www.unioviedo.es\/smartfis\/index.php\/inicio\/docencia\/ejemplos_tracker\/tiros-con-resistencia-del-aire\/","title":{"rendered":"Tiros con resistencia del aire"},"content":{"rendered":"\n<p>Lanza una pluma de badminton y ver\u00e1s que la trayectoria se desv\u00eda de las par\u00e1bolas sencillas. Prueba a a\u00f1adir una fuerza de resistencia al aire proporcional a la velocidad para ajustar la trayectoria experimental. <\/p>\n\n\n\n<figure class=\"wp-block-image\"><img loading=\"lazy\" decoding=\"async\" width=\"556\" height=\"253\" src=\"https:\/\/www.unioviedo.es\/smartfis\/wp-content\/uploads\/2019\/06\/Imagen1.png\" alt=\"\" class=\"wp-image-134\" srcset=\"https:\/\/www.unioviedo.es\/smartfis\/wp-content\/uploads\/2019\/06\/Imagen1.png 556w, https:\/\/www.unioviedo.es\/smartfis\/wp-content\/uploads\/2019\/06\/Imagen1-300x137.png 300w\" sizes=\"auto, (max-width: 556px) 100vw, 556px\" \/><figcaption>Lanzamiento de una pluma de badminton realizado por alumnos del grado de Matem\u00e1ticas<\/figcaption><\/figure>\n\n\n\n<p><strong>Ecuaciones del Modelo Din\u00e1mico<\/strong><\/p>\n\n\n\n<div class=\"wp-block-image\"><figure class=\"alignleft\"><img loading=\"lazy\" decoding=\"async\" width=\"233\" height=\"111\" src=\"https:\/\/www.unioviedo.es\/smartfis\/wp-content\/uploads\/2019\/12\/badminton-2.png\" alt=\"\" class=\"wp-image-225\"\/><figcaption> <br><em>Expresiones de las fuerzas que act\u00faan sobre la pluma en su ca\u00edda: El peso en el eje Y y la fuerza de resistencia del aire proporcional a la velocidad.<\/em> <\/figcaption><\/figure><\/div>\n\n\n\n<p>Para reproducir la trayectoria experimental debes empezar por introducir la posici\u00f3n inicial (Xo,Yo), la velocidad inicial (Vox, Voy). A continuaci\u00f3n, debes ajustar los par\u00e1metros que describen la fuerza en el modelo din\u00e1mico: la gravedad (g), y los coeficientes de la fuerza de resistencia del aire (b1 y b2).<\/p>\n\n\n\n<p>        Puedes encontrar m\u00e1s detalles sobre este experimento en:  <a href=\"https:\/\/www.compadre.org\/osp\/items\/detail.cfm?ID=14553\">Tiro de una pluma de badminton con resistencia al aire<\/a>  de la colecci\u00f3n Open Source Physics  y en el gui\u00f3n  de la pr\u00e1ctica extendido \u00ab<a href=\"https:\/\/www.unioviedo.es\/smartfis\/wp-content\/uploads\/2020\/06\/Analisis-detallado-de-la-trayectoria-de-una-pluma-de-badminton.pdf\">An\u00e1lisis detallado del tiro de badminton<\/a>\u00bb <\/p>\n","protected":false},"excerpt":{"rendered":"<p>Lanza una pluma de badminton y ver\u00e1s que la trayectoria se desv\u00eda de las par\u00e1bolas sencillas. Prueba a a\u00f1adir una fuerza de resistencia al aire proporcional a la velocidad para ajustar la trayectoria experimental. Ecuaciones del Modelo Din\u00e1mico Para reproducir la trayectoria experimental debes empezar por introducir la posici\u00f3n inicial (Xo,Yo), la velocidad inicial (Vox, &hellip; <\/p>\n<p class=\"link-more\"><a href=\"https:\/\/www.unioviedo.es\/smartfis\/index.php\/inicio\/docencia\/ejemplos_tracker\/tiros-con-resistencia-del-aire\/\" class=\"more-link\">Continuar leyendo<span class=\"screen-reader-text\"> \u00abTiros con resistencia del aire\u00bb<\/span><\/a><\/p>\n","protected":false},"author":1,"featured_media":0,"parent":53,"menu_order":0,"comment_status":"closed","ping_status":"closed","template":"","meta":{"footnotes":""},"class_list":["post-212","page","type-page","status-publish","hentry"],"_links":{"self":[{"href":"https:\/\/www.unioviedo.es\/smartfis\/index.php\/wp-json\/wp\/v2\/pages\/212","targetHints":{"allow":["GET"]}}],"collection":[{"href":"https:\/\/www.unioviedo.es\/smartfis\/index.php\/wp-json\/wp\/v2\/pages"}],"about":[{"href":"https:\/\/www.unioviedo.es\/smartfis\/index.php\/wp-json\/wp\/v2\/types\/page"}],"author":[{"embeddable":true,"href":"https:\/\/www.unioviedo.es\/smartfis\/index.php\/wp-json\/wp\/v2\/users\/1"}],"replies":[{"embeddable":true,"href":"https:\/\/www.unioviedo.es\/smartfis\/index.php\/wp-json\/wp\/v2\/comments?post=212"}],"version-history":[{"count":10,"href":"https:\/\/www.unioviedo.es\/smartfis\/index.php\/wp-json\/wp\/v2\/pages\/212\/revisions"}],"predecessor-version":[{"id":336,"href":"https:\/\/www.unioviedo.es\/smartfis\/index.php\/wp-json\/wp\/v2\/pages\/212\/revisions\/336"}],"up":[{"embeddable":true,"href":"https:\/\/www.unioviedo.es\/smartfis\/index.php\/wp-json\/wp\/v2\/pages\/53"}],"wp:attachment":[{"href":"https:\/\/www.unioviedo.es\/smartfis\/index.php\/wp-json\/wp\/v2\/media?parent=212"}],"curies":[{"name":"wp","href":"https:\/\/api.w.org\/{rel}","templated":true}]}}