{"id":221,"date":"2019-12-16T13:00:00","date_gmt":"2019-12-16T12:00:00","guid":{"rendered":"https:\/\/www.unioviedo.es\/smartfis\/?page_id=221"},"modified":"2019-12-16T16:56:37","modified_gmt":"2019-12-16T15:56:37","slug":"coche-en-un-loop-con-friccion","status":"publish","type":"page","link":"https:\/\/www.unioviedo.es\/smartfis\/index.php\/inicio\/docencia\/ejemplos_tracker\/coche-en-un-loop-con-friccion\/","title":{"rendered":"Coche en un loop con fricci\u00f3n"},"content":{"rendered":"\n<p>Los alumnos de primero de F\u00edsica lanzaron este coche a lo largo de un loop circular y analizaron su trayectoria teniendo en cuenta el peso, la fuerza normal y la fuerza de rozamiento. <\/p>\n\n\n\n<figure class=\"wp-block-image\"><img loading=\"lazy\" decoding=\"async\" width=\"569\" height=\"479\" src=\"https:\/\/www.unioviedo.es\/smartfis\/wp-content\/uploads\/2019\/12\/image.png\" alt=\"\" class=\"wp-image-222\" srcset=\"https:\/\/www.unioviedo.es\/smartfis\/wp-content\/uploads\/2019\/12\/image.png 569w, https:\/\/www.unioviedo.es\/smartfis\/wp-content\/uploads\/2019\/12\/image-300x253.png 300w\" sizes=\"auto, (max-width: 569px) 100vw, 569px\" \/><figcaption>Fuerzas que act\u00faan sobre un coche que circula por un loop<\/figcaption><\/figure>\n\n\n\n<p><\/p>\n\n\n\n<p><strong>Ecuaciones del Modelo Din\u00e1mico<\/strong><\/p>\n\n\n\n<div class=\"wp-block-image\"><figure class=\"alignleft\"><img loading=\"lazy\" decoding=\"async\" width=\"290\" height=\"192\" src=\"https:\/\/www.unioviedo.es\/smartfis\/wp-content\/uploads\/2019\/12\/loop-1.png\" alt=\"\" class=\"wp-image-231\"\/><figcaption> <br><em>Expresiones de las fuerzas que act\u00faan sobre el coche: Peso, Normal y Rozamiento<\/em> <\/figcaption><\/figure><\/div>\n\n\n\n<p>Para reproducir la trayectoria experimental debes empezar por introducir la posici\u00f3n inicial (Xo,Yo), la velocidad inicial (Vox, Voy). A continuaci\u00f3n, debes ajustar los par\u00e1metros que describen la fuerza en el modelo din\u00e1mico: la gravedad (g) y el coeficiente de rozamiento.<\/p>\n\n\n\n<p>La principal dificultad de este movimiento es describir correctamente las componentes x e y de la fuerza Normal y la de Rozamiento, seg\u00fan va cambiando la posici\u00f3n del coche en el loop circular. Tambi\u00e9n es necesario tener en cuenta la contribuci\u00f3n de la aceleraci\u00f3n normal en una trayectoria circular.<\/p>\n\n\n\n<p>        Puedes encontrar m\u00e1s detalles sobre este experimento en:   <br><a href=\"https:\/\/www.compadre.org\/OSP\/items\/detail.cfm?ID=15022\">Movimiento de un coche en un loop con fricci\u00f3n<\/a> de la colecci\u00f3n Open Source Physics y en el gui\u00f3n de pr\u00e1ctica extendido <a href=\"https:\/\/www.unioviedo.es\/smartfis\/wp-content\/uploads\/2019\/12\/Car-in-a-loop-with-friction.pdf\">\u00abCar in a loop with friction\u00bb<\/a>    <\/p>\n","protected":false},"excerpt":{"rendered":"<p>Los alumnos de primero de F\u00edsica lanzaron este coche a lo largo de un loop circular y analizaron su trayectoria teniendo en cuenta el peso, la fuerza normal y la fuerza de rozamiento. Ecuaciones del Modelo Din\u00e1mico Para reproducir la trayectoria experimental debes empezar por introducir la posici\u00f3n inicial (Xo,Yo), la velocidad inicial (Vox, Voy). &hellip; <\/p>\n<p class=\"link-more\"><a href=\"https:\/\/www.unioviedo.es\/smartfis\/index.php\/inicio\/docencia\/ejemplos_tracker\/coche-en-un-loop-con-friccion\/\" class=\"more-link\">Continuar leyendo<span class=\"screen-reader-text\"> \u00abCoche en un loop con fricci\u00f3n\u00bb<\/span><\/a><\/p>\n","protected":false},"author":1,"featured_media":0,"parent":53,"menu_order":0,"comment_status":"closed","ping_status":"closed","template":"","meta":{"footnotes":""},"class_list":["post-221","page","type-page","status-publish","hentry"],"_links":{"self":[{"href":"https:\/\/www.unioviedo.es\/smartfis\/index.php\/wp-json\/wp\/v2\/pages\/221","targetHints":{"allow":["GET"]}}],"collection":[{"href":"https:\/\/www.unioviedo.es\/smartfis\/index.php\/wp-json\/wp\/v2\/pages"}],"about":[{"href":"https:\/\/www.unioviedo.es\/smartfis\/index.php\/wp-json\/wp\/v2\/types\/page"}],"author":[{"embeddable":true,"href":"https:\/\/www.unioviedo.es\/smartfis\/index.php\/wp-json\/wp\/v2\/users\/1"}],"replies":[{"embeddable":true,"href":"https:\/\/www.unioviedo.es\/smartfis\/index.php\/wp-json\/wp\/v2\/comments?post=221"}],"version-history":[{"count":8,"href":"https:\/\/www.unioviedo.es\/smartfis\/index.php\/wp-json\/wp\/v2\/pages\/221\/revisions"}],"predecessor-version":[{"id":305,"href":"https:\/\/www.unioviedo.es\/smartfis\/index.php\/wp-json\/wp\/v2\/pages\/221\/revisions\/305"}],"up":[{"embeddable":true,"href":"https:\/\/www.unioviedo.es\/smartfis\/index.php\/wp-json\/wp\/v2\/pages\/53"}],"wp:attachment":[{"href":"https:\/\/www.unioviedo.es\/smartfis\/index.php\/wp-json\/wp\/v2\/media?parent=221"}],"curies":[{"name":"wp","href":"https:\/\/api.w.org\/{rel}","templated":true}]}}