{"id":249,"date":"2019-12-16T15:27:22","date_gmt":"2019-12-16T14:27:22","guid":{"rendered":"https:\/\/www.unioviedo.es\/smartfis\/?page_id=249"},"modified":"2019-12-16T16:54:08","modified_gmt":"2019-12-16T15:54:08","slug":"ley-de-murphy-y-caida-de-un-solido-rigido","status":"publish","type":"page","link":"https:\/\/www.unioviedo.es\/smartfis\/index.php\/inicio\/docencia\/ejemplos_tracker\/ley-de-murphy-y-caida-de-un-solido-rigido\/","title":{"rendered":"Ley de Murphy y ca\u00edda de un s\u00f3lido r\u00edgido"},"content":{"rendered":"\n<div class=\"wp-block-image\"><figure class=\"alignleft is-resized\"><img loading=\"lazy\" decoding=\"async\" src=\"https:\/\/www.unioviedo.es\/smartfis\/wp-content\/uploads\/2019\/06\/Imagen1.jpg\" alt=\"\" class=\"wp-image-136\" width=\"167\" height=\"333\" srcset=\"https:\/\/www.unioviedo.es\/smartfis\/wp-content\/uploads\/2019\/06\/Imagen1.jpg 226w, https:\/\/www.unioviedo.es\/smartfis\/wp-content\/uploads\/2019\/06\/Imagen1-151x300.jpg 151w\" sizes=\"auto, (max-width: 167px) 100vw, 167px\" \/><figcaption>Trayectoria de una pieza de madera que cae de una plataforma. <\/figcaption><\/figure><\/div>\n\n\n\n<p>Una de las formulaciones de la Ley de Murphy es que una tostada que resbala desde el borde de la mesa, siempre llega al suelo con la mantequilla hacia abajo. Los alumnos de primero de grado de Fisica lo comprobaron con un experimento de Tracker.<\/p>\n\n\n\n<p>Las lineas azul y roja indican las trayectorias de los extremos de una pieza que resbala desde una plataforma. Se cruzan a medio camino hacia el suelo, indicando que la tostada se ha dado la vuelta. Sin embargo, el centro de masa (linea verde) sigue una trayectoria parab\u00f3lica bajo la acci\u00f3n de la gravedad.<\/p>\n\n\n\n<p>                <\/p>\n\n\n\n<p><strong>Gr\u00e1ficas de la trayectoria analizadas con Tracker<\/strong><\/p>\n\n\n\n<div class=\"wp-block-image\"><figure class=\"alignleft is-resized\"><img loading=\"lazy\" decoding=\"async\" src=\"https:\/\/www.unioviedo.es\/smartfis\/wp-content\/uploads\/2019\/12\/Murphy3.png\" alt=\"\" class=\"wp-image-257\" width=\"236\" height=\"301\" srcset=\"https:\/\/www.unioviedo.es\/smartfis\/wp-content\/uploads\/2019\/12\/Murphy3.png 305w, https:\/\/www.unioviedo.es\/smartfis\/wp-content\/uploads\/2019\/12\/Murphy3-235x300.png 235w\" sizes=\"auto, (max-width: 236px) 100vw, 236px\" \/><figcaption>Trayectoria parab\u00f3lica del centro de masas de la tostada<\/figcaption><\/figure><\/div>\n\n\n\n<p>        Puedes encontrar m\u00e1s detalles sobre este experimento en:   <br><a href=\"https:\/\/www.compadre.org\/OSP\/items\/detail.cfm?ID=15021\">Ley de Murphy para una tostada cayendo<\/a>  de la colecci\u00f3n Open Source Physics   y en el Gui\u00f3n de pr\u00e1ctica extendido   <br><a href=\"https:\/\/www.unioviedo.es\/smartfis\/wp-content\/uploads\/2019\/12\/Murphy-Law-with-a-falling-toast.pdf\">\u00abMurphy Law with a falling toast\u00bb <\/a><\/p>\n\n\n\n<div class=\"wp-block-image\"><figure class=\"aligncenter is-resized\"><img loading=\"lazy\" decoding=\"async\" src=\"https:\/\/www.unioviedo.es\/smartfis\/wp-content\/uploads\/2019\/12\/Murphy2-e1576507412212.png\" alt=\"\" class=\"wp-image-253\" width=\"327\" height=\"455\"\/><figcaption>Rotaci\u00f3n de los extremos de la tostada en torno al centro de masas durante la caida <\/figcaption><\/figure><\/div>\n","protected":false},"excerpt":{"rendered":"<p>Una de las formulaciones de la Ley de Murphy es que una tostada que resbala desde el borde de la mesa, siempre llega al suelo con la mantequilla hacia abajo. Los alumnos de primero de grado de Fisica lo comprobaron con un experimento de Tracker. Las lineas azul y roja indican las trayectorias de los &hellip; <\/p>\n<p class=\"link-more\"><a href=\"https:\/\/www.unioviedo.es\/smartfis\/index.php\/inicio\/docencia\/ejemplos_tracker\/ley-de-murphy-y-caida-de-un-solido-rigido\/\" class=\"more-link\">Continuar leyendo<span class=\"screen-reader-text\"> \u00abLey de Murphy y ca\u00edda de un s\u00f3lido r\u00edgido\u00bb<\/span><\/a><\/p>\n","protected":false},"author":1,"featured_media":0,"parent":53,"menu_order":5,"comment_status":"closed","ping_status":"closed","template":"","meta":{"footnotes":""},"class_list":["post-249","page","type-page","status-publish","hentry"],"_links":{"self":[{"href":"https:\/\/www.unioviedo.es\/smartfis\/index.php\/wp-json\/wp\/v2\/pages\/249","targetHints":{"allow":["GET"]}}],"collection":[{"href":"https:\/\/www.unioviedo.es\/smartfis\/index.php\/wp-json\/wp\/v2\/pages"}],"about":[{"href":"https:\/\/www.unioviedo.es\/smartfis\/index.php\/wp-json\/wp\/v2\/types\/page"}],"author":[{"embeddable":true,"href":"https:\/\/www.unioviedo.es\/smartfis\/index.php\/wp-json\/wp\/v2\/users\/1"}],"replies":[{"embeddable":true,"href":"https:\/\/www.unioviedo.es\/smartfis\/index.php\/wp-json\/wp\/v2\/comments?post=249"}],"version-history":[{"count":14,"href":"https:\/\/www.unioviedo.es\/smartfis\/index.php\/wp-json\/wp\/v2\/pages\/249\/revisions"}],"predecessor-version":[{"id":299,"href":"https:\/\/www.unioviedo.es\/smartfis\/index.php\/wp-json\/wp\/v2\/pages\/249\/revisions\/299"}],"up":[{"embeddable":true,"href":"https:\/\/www.unioviedo.es\/smartfis\/index.php\/wp-json\/wp\/v2\/pages\/53"}],"wp:attachment":[{"href":"https:\/\/www.unioviedo.es\/smartfis\/index.php\/wp-json\/wp\/v2\/media?parent=249"}],"curies":[{"name":"wp","href":"https:\/\/api.w.org\/{rel}","templated":true}]}}