{"id":279,"date":"2019-12-16T16:24:48","date_gmt":"2019-12-16T15:24:48","guid":{"rendered":"https:\/\/www.unioviedo.es\/smartfis\/?page_id=279"},"modified":"2019-12-16T16:33:09","modified_gmt":"2019-12-16T15:33:09","slug":"pendulo-en-coordenadas-polares","status":"publish","type":"page","link":"https:\/\/www.unioviedo.es\/smartfis\/index.php\/inicio\/docencia\/ejemplos_tracker\/pendulo-en-coordenadas-polares\/","title":{"rendered":"P\u00e9ndulo en coordenadas polares"},"content":{"rendered":"\n<div class=\"wp-block-image\"><figure class=\"alignleft\"><img loading=\"lazy\" decoding=\"async\" width=\"352\" height=\"640\" src=\"https:\/\/www.unioviedo.es\/smartfis\/wp-content\/uploads\/2019\/12\/Pendulum-in-polar-coordinates-vista.gif\" alt=\"\" class=\"wp-image-147\"\/><figcaption>Trayectoria de un p\u00e9ndulo analizado en coordenadas polares. Las flechas indican el vector velocidad.<\/figcaption><\/figure><\/div>\n\n\n\n<p> <br>Para construir un p\u00e9ndulo basta con una cuerda sujeta a un punto fijo y un objeto peque\u00f1o y pesado. <\/p>\n\n\n\n<p><strong>Ecuaciones del Modelo Din\u00e1mico<\/strong><\/p>\n\n\n\n<p>La manera m\u00e1s sencilla de analizar el movimiento de un p\u00e9ndulo es escribir las fuerzas en coordenadas polares<\/p>\n\n\n\n<div class=\"wp-block-image\"><figure class=\"alignright\"><img loading=\"lazy\" decoding=\"async\" width=\"214\" height=\"113\" src=\"https:\/\/www.unioviedo.es\/smartfis\/wp-content\/uploads\/2019\/12\/pendulo.png\" alt=\"\" class=\"wp-image-280\"\/><\/figure><\/div>\n\n\n\n<p>Primero, puedes elegir los par\u00e1metros de posici\u00f3n inicial (\u00e1ngulo y distancia al origen), velocidad inicial (radial y angular). A continuaci\u00f3n, debes ajustar el valor de la gravedad (g) hasta reproducir la trayectoria experimental.<\/p>\n\n\n\n<p>            <\/p>\n\n\n\n<p><\/p>\n\n\n\n<p><strong>Consejos pr\u00e1cticos para grabar el video<\/strong><\/p>\n\n\n\n<ul class=\"wp-block-list\"><li>Procura que la trayectoria sea plana y paralela al plano de la imagen, para evitar distorsiones debidas a la perspectiva.<\/li><li>Incluye un objeto de tama\u00f1o conocido lo m\u00e1s cerca posible del plano de la trayectoria. Te ser\u00e1 muy \u00fatil para calibrar las distancias en el video.<\/li><li>Anota la velocidad de grabaci\u00f3n de tu c\u00e1mara. Los videos a c\u00e1mara lenta dan muy buenos resultados, pero es importante conocer el n\u00famero de im\u00e1genes por segundo.<\/li><li>Aseg\u00farate de que la c\u00e1mara est\u00e1 fija y no se mueve durante la grabaci\u00f3n.<\/li><\/ul>\n","protected":false},"excerpt":{"rendered":"<p>Para construir un p\u00e9ndulo basta con una cuerda sujeta a un punto fijo y un objeto peque\u00f1o y pesado. Ecuaciones del Modelo Din\u00e1mico La manera m\u00e1s sencilla de analizar el movimiento de un p\u00e9ndulo es escribir las fuerzas en coordenadas polares Primero, puedes elegir los par\u00e1metros de posici\u00f3n inicial (\u00e1ngulo y distancia al origen), velocidad &hellip; <\/p>\n<p class=\"link-more\"><a href=\"https:\/\/www.unioviedo.es\/smartfis\/index.php\/inicio\/docencia\/ejemplos_tracker\/pendulo-en-coordenadas-polares\/\" class=\"more-link\">Continuar leyendo<span class=\"screen-reader-text\"> \u00abP\u00e9ndulo en coordenadas polares\u00bb<\/span><\/a><\/p>\n","protected":false},"author":1,"featured_media":0,"parent":53,"menu_order":0,"comment_status":"closed","ping_status":"closed","template":"","meta":{"footnotes":""},"class_list":["post-279","page","type-page","status-publish","hentry"],"_links":{"self":[{"href":"https:\/\/www.unioviedo.es\/smartfis\/index.php\/wp-json\/wp\/v2\/pages\/279","targetHints":{"allow":["GET"]}}],"collection":[{"href":"https:\/\/www.unioviedo.es\/smartfis\/index.php\/wp-json\/wp\/v2\/pages"}],"about":[{"href":"https:\/\/www.unioviedo.es\/smartfis\/index.php\/wp-json\/wp\/v2\/types\/page"}],"author":[{"embeddable":true,"href":"https:\/\/www.unioviedo.es\/smartfis\/index.php\/wp-json\/wp\/v2\/users\/1"}],"replies":[{"embeddable":true,"href":"https:\/\/www.unioviedo.es\/smartfis\/index.php\/wp-json\/wp\/v2\/comments?post=279"}],"version-history":[{"count":5,"href":"https:\/\/www.unioviedo.es\/smartfis\/index.php\/wp-json\/wp\/v2\/pages\/279\/revisions"}],"predecessor-version":[{"id":289,"href":"https:\/\/www.unioviedo.es\/smartfis\/index.php\/wp-json\/wp\/v2\/pages\/279\/revisions\/289"}],"up":[{"embeddable":true,"href":"https:\/\/www.unioviedo.es\/smartfis\/index.php\/wp-json\/wp\/v2\/pages\/53"}],"wp:attachment":[{"href":"https:\/\/www.unioviedo.es\/smartfis\/index.php\/wp-json\/wp\/v2\/media?parent=279"}],"curies":[{"name":"wp","href":"https:\/\/api.w.org\/{rel}","templated":true}]}}