{"id":371,"date":"2021-07-11T16:54:32","date_gmt":"2021-07-11T14:54:32","guid":{"rendered":"https:\/\/www.unioviedo.es\/smartfis\/?page_id=371"},"modified":"2021-07-11T17:04:14","modified_gmt":"2021-07-11T15:04:14","slug":"ley-de-hooke-en-el-laboratorio","status":"publish","type":"page","link":"https:\/\/www.unioviedo.es\/smartfis\/index.php\/inicio\/docencia\/ejemplos_tracker\/ley-de-hooke-en-el-laboratorio\/","title":{"rendered":"Ley de Hooke en el laboratorio"},"content":{"rendered":"\n<p>Los alumnos de T\u00e9cnicas Experimentales I calcularon la constante de elasticidad de un muelle utilizando un m\u00e9todo din\u00e1mico. Se realiz\u00f3 el experimento utilizando siempre el mismo muelle al que se le fueron acoplando diferentes masas. Se estudi\u00f3 el movimiento arm\u00f3nico simple que se produce al ejercer una fuerza sobre la masa acoplada cuando est\u00e1 en reposo.<\/p>\n\n\n\n<figure class=\"wp-block-image\"><img loading=\"lazy\" decoding=\"async\" width=\"1024\" height=\"576\" src=\"https:\/\/www.unioviedo.es\/smartfis\/wp-content\/uploads\/2021\/07\/GIF-1024x576.jpg\" alt=\"\" class=\"wp-image-374\" srcset=\"https:\/\/www.unioviedo.es\/smartfis\/wp-content\/uploads\/2021\/07\/GIF-1024x576.jpg 1024w, https:\/\/www.unioviedo.es\/smartfis\/wp-content\/uploads\/2021\/07\/GIF-300x169.jpg 300w, https:\/\/www.unioviedo.es\/smartfis\/wp-content\/uploads\/2021\/07\/GIF-768x432.jpg 768w, https:\/\/www.unioviedo.es\/smartfis\/wp-content\/uploads\/2021\/07\/GIF.jpg 1280w\" sizes=\"auto, (max-width: 767px) 89vw, (max-width: 1000px) 54vw, (max-width: 1071px) 543px, 580px\" \/><figcaption>Movimiento arm\u00f3nico simple de una masa colgada de un muelle. En la fotograf\u00eda, los puntos rojos indican la trayectoria de la masa estudiada. A la derecha se muestra la trayectoria del objeto en el eje y en funci\u00f3n del tiempo.<\/figcaption><\/figure>\n\n\n\n<p><strong>Ecuaciones del Movimietno<\/strong><\/p>\n\n\n\n<div class=\"wp-block-image\"><figure class=\"alignleft is-resized\"><img loading=\"lazy\" decoding=\"async\" src=\"https:\/\/www.unioviedo.es\/smartfis\/wp-content\/uploads\/2021\/07\/Hooke-1024x833.png\" alt=\"\" class=\"wp-image-378\" width=\"256\" height=\"208\" srcset=\"https:\/\/www.unioviedo.es\/smartfis\/wp-content\/uploads\/2021\/07\/Hooke-1024x833.png 1024w, https:\/\/www.unioviedo.es\/smartfis\/wp-content\/uploads\/2021\/07\/Hooke-300x244.png 300w, https:\/\/www.unioviedo.es\/smartfis\/wp-content\/uploads\/2021\/07\/Hooke-768x625.png 768w, https:\/\/www.unioviedo.es\/smartfis\/wp-content\/uploads\/2021\/07\/Hooke.png 1053w\" sizes=\"auto, (max-width: 256px) 100vw, 256px\" \/><\/figure><\/div>\n\n\n\n<p>Siendo <em>A<\/em> la amplitud del movimiento, <em>w<\/em> la velocidad angular,  \u03c6  el desfase, <em>k<\/em> la constante de elasticidad del muelle, <em>m<\/em> la masa acoplada al muelle y <em>m<sub>e<\/sub><\/em> la masa equivalente del muelle.<\/p>\n\n\n\n<p><\/p>\n\n\n\n<p> <br>CONSEJOS PRACTICOS PARA GRABAR EL VIDEO <\/p>\n\n\n\n<p>+ Procura que la trayectoria sea plana y paralela al plano de la imagen, para evitar distorsiones debidas a la perspectiva.<br> + Incluye un objeto de tama\u00f1o conocido lo m\u00e1s cerca posible del plano de la trayectoria. Te ser\u00e1 muy \u00fatil para calibrar distancias en el video.<br> + Anota la velocidad de grabaci\u00f3n de tu c\u00e1mara. Los videos a c\u00e1mara lenta dan muy buenos resultados, pero es importante conocer el n\u00famero de im\u00e1genes por segundo.<br> + Aseg\u00farate de que la c\u00e1mara est\u00e1 fija y no se mueve durante la grabaci\u00f3n.<\/p>\n","protected":false},"excerpt":{"rendered":"<p>Los alumnos de T\u00e9cnicas Experimentales I calcularon la constante de elasticidad de un muelle utilizando un m\u00e9todo din\u00e1mico. Se realiz\u00f3 el experimento utilizando siempre el mismo muelle al que se le fueron acoplando diferentes masas. Se estudi\u00f3 el movimiento arm\u00f3nico simple que se produce al ejercer una fuerza sobre la masa acoplada cuando est\u00e1 en &hellip; <\/p>\n<p class=\"link-more\"><a href=\"https:\/\/www.unioviedo.es\/smartfis\/index.php\/inicio\/docencia\/ejemplos_tracker\/ley-de-hooke-en-el-laboratorio\/\" class=\"more-link\">Continuar leyendo<span class=\"screen-reader-text\"> \u00abLey de Hooke en el laboratorio\u00bb<\/span><\/a><\/p>\n","protected":false},"author":1,"featured_media":0,"parent":53,"menu_order":0,"comment_status":"closed","ping_status":"closed","template":"","meta":{"footnotes":""},"class_list":["post-371","page","type-page","status-publish","hentry"],"_links":{"self":[{"href":"https:\/\/www.unioviedo.es\/smartfis\/index.php\/wp-json\/wp\/v2\/pages\/371","targetHints":{"allow":["GET"]}}],"collection":[{"href":"https:\/\/www.unioviedo.es\/smartfis\/index.php\/wp-json\/wp\/v2\/pages"}],"about":[{"href":"https:\/\/www.unioviedo.es\/smartfis\/index.php\/wp-json\/wp\/v2\/types\/page"}],"author":[{"embeddable":true,"href":"https:\/\/www.unioviedo.es\/smartfis\/index.php\/wp-json\/wp\/v2\/users\/1"}],"replies":[{"embeddable":true,"href":"https:\/\/www.unioviedo.es\/smartfis\/index.php\/wp-json\/wp\/v2\/comments?post=371"}],"version-history":[{"count":7,"href":"https:\/\/www.unioviedo.es\/smartfis\/index.php\/wp-json\/wp\/v2\/pages\/371\/revisions"}],"predecessor-version":[{"id":383,"href":"https:\/\/www.unioviedo.es\/smartfis\/index.php\/wp-json\/wp\/v2\/pages\/371\/revisions\/383"}],"up":[{"embeddable":true,"href":"https:\/\/www.unioviedo.es\/smartfis\/index.php\/wp-json\/wp\/v2\/pages\/53"}],"wp:attachment":[{"href":"https:\/\/www.unioviedo.es\/smartfis\/index.php\/wp-json\/wp\/v2\/media?parent=371"}],"curies":[{"name":"wp","href":"https:\/\/api.w.org\/{rel}","templated":true}]}}