{"id":5,"date":"2017-01-27T18:01:56","date_gmt":"2017-01-27T17:01:56","guid":{"rendered":"https:\/\/www.unioviedo.es\/smartfis\/?page_id=5"},"modified":"2020-07-02T12:45:29","modified_gmt":"2020-07-02T10:45:29","slug":"acelerometros","status":"publish","type":"page","link":"https:\/\/www.unioviedo.es\/smartfis\/index.php\/inicio\/acelerometros\/","title":{"rendered":"Acelerometros"},"content":{"rendered":"\n<div class=\"wp-block-image\"><figure class=\"alignright is-resized\"><img loading=\"lazy\" decoding=\"async\" src=\"https:\/\/www.unioviedo.es\/smartfis\/wp-content\/uploads\/2019\/06\/smartphone.png\" alt=\"\" class=\"wp-image-129\" width=\"178\" height=\"191\" srcset=\"https:\/\/www.unioviedo.es\/smartfis\/wp-content\/uploads\/2019\/06\/smartphone.png 713w, https:\/\/www.unioviedo.es\/smartfis\/wp-content\/uploads\/2019\/06\/smartphone-280x300.png 280w\" sizes=\"auto, (max-width: 178px) 100vw, 178px\" \/><\/figure><\/div>\n\n\n<p>\u00bfSab\u00edas que todos los Smartphones tienen un sensor interno que permite medir la aceleraci\u00f3n en funci\u00f3n del tiempo? Puedes usar el aceler\u00f3metro interno para obtener la aceleraci\u00f3n de distintos movimientos rectil\u00edneos como un ascensor que sube o un cuerpo que baja por la rampa de un tobog\u00e1n.<\/p>\n\n\n<h3 class=\"wp-block-heading\">Guiones de Pr\u00e1cticas<\/h3>\n\n\n\n<ul class=\"wp-block-list\"><li><strong><a href=\"https:\/\/www.unioviedo.es\/smartfis\/wp-content\/uploads\/2020\/07\/caida-tobogan-basico.pdf\">Ca\u00edda por el plano inclinado de un tobog\u00e1n<\/a><\/strong><a href=\"https:\/\/www.unioviedo.es\/smartfis\/wp-content\/uploads\/2020\/07\/caida-tobogan-basico.pdf\"> <\/a> (Nivel b\u00e1sico con an\u00e1lisis de datos en Excel) <\/li><li><strong><a href=\"https:\/\/www.unioviedo.es\/smartfis\/wp-content\/uploads\/2020\/07\/guion_ascensor-basico.pdf\">Movimiento Rectil\u00edneo Uniformemente Acelerado de un Ascensor<\/a><\/strong>    (Nivel b\u00e1sico con an\u00e1lisis de datos en Excel)<\/li><li><strong><a href=\"https:\/\/www.unioviedo.es\/smartfis\/wp-content\/uploads\/2020\/07\/guion_ascensor-avanzado.pdf\">Movimiento Rectil\u00edneo Uniformemente Acelerado de un Ascensor<\/a><\/strong> ( Nivel Avanzado con an\u00e1lisis de datos en Python)<\/li><li><strong><a href=\"https:\/\/www.unioviedo.es\/smartfis\/wp-content\/uploads\/2020\/07\/GuionTallerPlot-Web.pdf\">Taller Plot para representaci\u00f3n gr\u00e1fica de Curvas y Superficies<\/a><\/strong> incluyendo representaci\u00f3n de datos procedentes del aceler\u00f3metro de un Smartphone  (Nivel Avanzado con an\u00e1lisis de datos en Octave) <\/li><\/ul>\n","protected":false},"excerpt":{"rendered":"<p>\u00bfSab\u00edas que todos los Smartphones tienen un sensor interno que permite medir la aceleraci\u00f3n en funci\u00f3n del tiempo? Puedes usar el aceler\u00f3metro interno para obtener la aceleraci\u00f3n de distintos movimientos rectil\u00edneos como un ascensor que sube o un cuerpo que baja por la rampa de un tobog\u00e1n. Guiones de Pr\u00e1cticas Ca\u00edda por el plano inclinado &hellip; <\/p>\n<p class=\"link-more\"><a href=\"https:\/\/www.unioviedo.es\/smartfis\/index.php\/inicio\/acelerometros\/\" class=\"more-link\">Continuar leyendo<span class=\"screen-reader-text\"> \u00abAcelerometros\u00bb<\/span><\/a><\/p>\n","protected":false},"author":1,"featured_media":0,"parent":4,"menu_order":6,"comment_status":"closed","ping_status":"closed","template":"","meta":{"footnotes":""},"class_list":["post-5","page","type-page","status-publish","hentry"],"_links":{"self":[{"href":"https:\/\/www.unioviedo.es\/smartfis\/index.php\/wp-json\/wp\/v2\/pages\/5","targetHints":{"allow":["GET"]}}],"collection":[{"href":"https:\/\/www.unioviedo.es\/smartfis\/index.php\/wp-json\/wp\/v2\/pages"}],"about":[{"href":"https:\/\/www.unioviedo.es\/smartfis\/index.php\/wp-json\/wp\/v2\/types\/page"}],"author":[{"embeddable":true,"href":"https:\/\/www.unioviedo.es\/smartfis\/index.php\/wp-json\/wp\/v2\/users\/1"}],"replies":[{"embeddable":true,"href":"https:\/\/www.unioviedo.es\/smartfis\/index.php\/wp-json\/wp\/v2\/comments?post=5"}],"version-history":[{"count":20,"href":"https:\/\/www.unioviedo.es\/smartfis\/index.php\/wp-json\/wp\/v2\/pages\/5\/revisions"}],"predecessor-version":[{"id":360,"href":"https:\/\/www.unioviedo.es\/smartfis\/index.php\/wp-json\/wp\/v2\/pages\/5\/revisions\/360"}],"up":[{"embeddable":true,"href":"https:\/\/www.unioviedo.es\/smartfis\/index.php\/wp-json\/wp\/v2\/pages\/4"}],"wp:attachment":[{"href":"https:\/\/www.unioviedo.es\/smartfis\/index.php\/wp-json\/wp\/v2\/media?parent=5"}],"curies":[{"name":"wp","href":"https:\/\/api.w.org\/{rel}","templated":true}]}}