{"id":2900,"date":"2018-03-15T11:27:46","date_gmt":"2018-03-15T10:27:46","guid":{"rendered":"http:\/\/www.unioviedo.es\/socialimen\/envio-de-resumenes\/"},"modified":"2020-12-30T12:04:26","modified_gmt":"2020-12-30T11:04:26","slug":"envio-de-resumenes","status":"publish","type":"page","link":"https:\/\/www.unioviedo.es\/socialimen\/en\/iii-congreso-espanol-sociologia-la-alimentacion-retos-cientificos-los-estudios-sociales-la-alimentacion-conflictos-torno-la-dieta-saludable\/envio-de-resumenes\/","title":{"rendered":"Send abstracts"},"content":{"rendered":"<ul class=\"list\">\n<li style=\"text-align: justify;\">Los res\u00famenes de las comunicaciones tendr\u00e1n una extensi\u00f3n m\u00e1xima de 300 palabras.<\/li>\n<li style=\"text-align: justify;\">Todos los documentos deber\u00e1n estar en letra Times New Roman (tama\u00f1o 12).<\/li>\n<li style=\"text-align: justify;\">El resumen debe incorporar 5 palabras clave.<\/li>\n<li style=\"text-align: justify;\">El resumen puede ser enviado en castellano, ingl\u00e9s o portugu\u00e9s.<\/li>\n<li style=\"text-align: justify;\">Para poder presentar la comunicaci\u00f3n es condici\u00f3n indispensable que al menos uno de los autores est\u00e9 inscrito en el Congreso.<\/li>\n<li style=\"text-align: justify;\">Aceptaci\u00f3n provisional de las comunicaciones (supeditado al pago de la inscripci\u00f3n): 16 de junio 2018.<\/li>\n<\/ul>\n<p style=\"text-align: justify;\">Para enviar el resumen pueden dirigirse al siguiente <strong><a href=\"http:\/\/www.congreso-fes-socialimen-2018.com\/es\/envio-de-resumenes.php\">enlace<\/a><\/strong>.<\/p>\n","protected":false},"excerpt":{"rendered":"<p>Los res\u00famenes de las comunicaciones tendr\u00e1n una extensi\u00f3n m\u00e1xima de 300 palabras. Todos los documentos deber\u00e1n estar en letra Times New Roman (tama\u00f1o 12). El resumen debe incorporar 5 palabras clave. El resumen puede ser enviado en castellano, ingl\u00e9s o portugu\u00e9s. Para poder presentar la comunicaci\u00f3n es condici\u00f3n indispensable que al menos uno de los [&hellip;]<\/p>\n","protected":false},"author":3,"featured_media":0,"parent":2902,"menu_order":3,"comment_status":"closed","ping_status":"closed","template":"","meta":{"_genesis_hide_title":false,"_genesis_hide_breadcrumbs":false,"_genesis_hide_singular_image":false,"_genesis_hide_footer_widgets":false,"_genesis_custom_body_class":"","_genesis_custom_post_class":"","_genesis_layout":"","footnotes":""},"class_list":{"0":"post-2900","1":"page","2":"type-page","3":"status-publish","5":"entry","6":"gs-1","7":"gs-odd","8":"gs-even","9":"gs-featured-content-entry"},"_links":{"self":[{"href":"https:\/\/www.unioviedo.es\/socialimen\/en\/wp-json\/wp\/v2\/pages\/2900","targetHints":{"allow":["GET"]}}],"collection":[{"href":"https:\/\/www.unioviedo.es\/socialimen\/en\/wp-json\/wp\/v2\/pages"}],"about":[{"href":"https:\/\/www.unioviedo.es\/socialimen\/en\/wp-json\/wp\/v2\/types\/page"}],"author":[{"embeddable":true,"href":"https:\/\/www.unioviedo.es\/socialimen\/en\/wp-json\/wp\/v2\/users\/3"}],"replies":[{"embeddable":true,"href":"https:\/\/www.unioviedo.es\/socialimen\/en\/wp-json\/wp\/v2\/comments?post=2900"}],"version-history":[{"count":1,"href":"https:\/\/www.unioviedo.es\/socialimen\/en\/wp-json\/wp\/v2\/pages\/2900\/revisions"}],"predecessor-version":[{"id":3298,"href":"https:\/\/www.unioviedo.es\/socialimen\/en\/wp-json\/wp\/v2\/pages\/2900\/revisions\/3298"}],"up":[{"embeddable":true,"href":"https:\/\/www.unioviedo.es\/socialimen\/en\/wp-json\/wp\/v2\/pages\/2902"}],"wp:attachment":[{"href":"https:\/\/www.unioviedo.es\/socialimen\/en\/wp-json\/wp\/v2\/media?parent=2900"}],"curies":[{"name":"wp","href":"https:\/\/api.w.org\/{rel}","templated":true}]}}