{"id":2901,"date":"2018-03-15T11:25:41","date_gmt":"2018-03-15T10:25:41","guid":{"rendered":"http:\/\/www.unioviedo.es\/socialimen\/fechas-clave\/"},"modified":"2020-12-30T12:03:41","modified_gmt":"2020-12-30T11:03:41","slug":"fechas-clave","status":"publish","type":"page","link":"https:\/\/www.unioviedo.es\/socialimen\/en\/iii-congreso-espanol-sociologia-la-alimentacion-retos-cientificos-los-estudios-sociales-la-alimentacion-conflictos-torno-la-dieta-saludable\/fechas-clave\/","title":{"rendered":"Key Dates"},"content":{"rendered":"<p><img loading=\"lazy\" decoding=\"async\" class=\"alignnone wp-image-2633 size-full\" src=\"http:\/\/www.unioviedo.es\/socialimen\/wp-content\/uploads\/2018\/03\/ampliaci\u00f3n-congreso-sociolog\u00eda-de-la-alimentaci\u00f3n-1.png\" alt=\"ampliaci\u00f3n congreso sociolog\u00eda de la alimentaci\u00f3n\" width=\"1084\" height=\"222\" srcset=\"https:\/\/www.unioviedo.es\/socialimen\/wp-content\/uploads\/2018\/03\/ampliaci\u00f3n-congreso-sociolog\u00eda-de-la-alimentaci\u00f3n-1.png 1084w, https:\/\/www.unioviedo.es\/socialimen\/wp-content\/uploads\/2018\/03\/ampliaci\u00f3n-congreso-sociolog\u00eda-de-la-alimentaci\u00f3n-1-300x61.png 300w, https:\/\/www.unioviedo.es\/socialimen\/wp-content\/uploads\/2018\/03\/ampliaci\u00f3n-congreso-sociolog\u00eda-de-la-alimentaci\u00f3n-1-768x157.png 768w, https:\/\/www.unioviedo.es\/socialimen\/wp-content\/uploads\/2018\/03\/ampliaci\u00f3n-congreso-sociolog\u00eda-de-la-alimentaci\u00f3n-1-1024x210.png 1024w\" sizes=\"auto, (max-width: 1084px) 100vw, 1084px\" \/><\/p>\n","protected":false},"excerpt":{"rendered":"","protected":false},"author":3,"featured_media":2625,"parent":2902,"menu_order":2,"comment_status":"closed","ping_status":"closed","template":"","meta":{"_genesis_hide_title":false,"_genesis_hide_breadcrumbs":false,"_genesis_hide_singular_image":false,"_genesis_hide_footer_widgets":false,"_genesis_custom_body_class":"","_genesis_custom_post_class":"","_genesis_layout":"","footnotes":""},"class_list":{"0":"post-2901","1":"page","2":"type-page","3":"status-publish","4":"has-post-thumbnail","6":"entry","7":"gs-1","8":"gs-odd","9":"gs-even","10":"gs-featured-content-entry"},"_links":{"self":[{"href":"https:\/\/www.unioviedo.es\/socialimen\/en\/wp-json\/wp\/v2\/pages\/2901","targetHints":{"allow":["GET"]}}],"collection":[{"href":"https:\/\/www.unioviedo.es\/socialimen\/en\/wp-json\/wp\/v2\/pages"}],"about":[{"href":"https:\/\/www.unioviedo.es\/socialimen\/en\/wp-json\/wp\/v2\/types\/page"}],"author":[{"embeddable":true,"href":"https:\/\/www.unioviedo.es\/socialimen\/en\/wp-json\/wp\/v2\/users\/3"}],"replies":[{"embeddable":true,"href":"https:\/\/www.unioviedo.es\/socialimen\/en\/wp-json\/wp\/v2\/comments?post=2901"}],"version-history":[{"count":1,"href":"https:\/\/www.unioviedo.es\/socialimen\/en\/wp-json\/wp\/v2\/pages\/2901\/revisions"}],"predecessor-version":[{"id":3297,"href":"https:\/\/www.unioviedo.es\/socialimen\/en\/wp-json\/wp\/v2\/pages\/2901\/revisions\/3297"}],"up":[{"embeddable":true,"href":"https:\/\/www.unioviedo.es\/socialimen\/en\/wp-json\/wp\/v2\/pages\/2902"}],"wp:featuredmedia":[{"embeddable":true,"href":"https:\/\/www.unioviedo.es\/socialimen\/en\/wp-json\/wp\/v2\/media\/2625"}],"wp:attachment":[{"href":"https:\/\/www.unioviedo.es\/socialimen\/en\/wp-json\/wp\/v2\/media?parent=2901"}],"curies":[{"name":"wp","href":"https:\/\/api.w.org\/{rel}","templated":true}]}}