{"id":2908,"date":"2016-10-27T13:40:19","date_gmt":"2016-10-27T11:40:19","guid":{"rendered":"http:\/\/www.unioviedo.es\/socialimen\/laura-cabiedes-miragaya-2\/"},"modified":"2023-09-26T10:03:08","modified_gmt":"2023-09-26T08:03:08","slug":"laura-cabiedes-miragaya-2","status":"publish","type":"page","link":"https:\/\/www.unioviedo.es\/socialimen\/en\/team\/investigadores-uniovi\/laura-cabiedes-miragaya-2\/","title":{"rendered":"Laura Cabiedes Miragaya"},"content":{"rendered":"<figure id=\"attachment_2535\" aria-describedby=\"caption-attachment-2535\" style=\"width: 381px\" class=\"wp-caption alignleft\"><img loading=\"lazy\" decoding=\"async\" class=\"wp-image-2535\" src=\"https:\/\/www.unioviedo.es\/socialimen\/wp-content\/uploads\/2016\/01\/Laura-Cabiedes-300x275.jpg\" alt=\"Laura Cabiedes Miragaya\u00a0-\u00a0ASSOCIATE PROFESSOR (PhD in Economy).\" width=\"381\" height=\"350\" srcset=\"https:\/\/www.unioviedo.es\/socialimen\/wp-content\/uploads\/2016\/01\/Laura-Cabiedes-300x275.jpg 300w, https:\/\/www.unioviedo.es\/socialimen\/wp-content\/uploads\/2016\/01\/Laura-Cabiedes-768x705.jpg 768w, https:\/\/www.unioviedo.es\/socialimen\/wp-content\/uploads\/2016\/01\/Laura-Cabiedes.jpg 1000w\" sizes=\"auto, (max-width: 381px) 100vw, 381px\" \/><figcaption id=\"caption-attachment-2535\" class=\"wp-caption-text\">Laura Cabiedes Miragaya\u00a0&#8211;\u00a0ASSOCIATE PROFESSOR (PhD in Economy).<\/figcaption><\/figure>\n<p><strong>Position:<\/strong> ASSOCIATE PROFESSOR (PhD in Economy). <span class=\"org\"><br \/>\n<\/span><strong>Department:<\/strong> APPLIED ECONOMICS<span class=\"org\"><br \/>\n<\/span><strong>Field: <\/strong>Applied Economics.<br \/>\n<strong>Address:\u00a0<\/strong>Universidad de Oviedo.\u00a0Departamento de Econom\u00eda Aplicada.\u00a0Facultad de Econom\u00eda y Empresa.\u00a0Edificio Departamental, 2\u00ba Planta.\u00a0Campus de El Cristo.<br \/>\n33006 Oviedo. Asturias (Espa\u00f1a).<br \/>\n<strong>Email<\/strong>: <a class=\"email\" href=\"mailto:lcabie@uniovi.es\">lcabie@uniovi.es<\/a><a class=\"email\" href=\"mailto:hansvandenbroek@uniovi.es\"><br \/>\n<\/a><strong>Phone:<\/strong> (+34) <a title=\"Llamada telef\u00f3nica\" href=\"tel:985103718\"><span class=\"tel\">985 103 718<\/span><\/a><\/p>\n<p><a href=\"https:\/\/www.researchgate.net\/profile\/Laura_Cabiedes_Miragaya\">Researchgate<\/a><\/p>\n<p>&nbsp;<\/p>\n<p>&nbsp;<\/p>\n<p>&nbsp;<\/p>\n<p>Laura Cabiedes studied Economic and Business Sciences (General Economics Branch) at the University of Oviedo (winning the \u201cEnd of Course\u201d Award). She took her Master\u2019s degree in Advanced European Studies (Programme of European Economic Studies) at the Coll\u00e8ge d\u2019Europe, Bruges (year 1986\u201387). She earned a PhD in Economic and Business Sciences at the University of Oviedo (1992, Extraordinary Prize), winning an award for research on the Economics of Health from Bayer Pharmaceutical Chemicals (1992). She has been visiting professor at the \u00c9cole Sup\u00e9rieure des Sciences Commerciales d\u2019Angers (1990\u20132000); Director of Studies and Programmes at the Men\u00e9ndez Pelayo International University (1999); Director of Budget and Heritage for the Principality of Asturias (2000\u20132001); visiting researcher at the Maison des Sciences de l\u2019Homme (Nantes, March\u2013May 2010). Honorary posts include Member of the Advisory Council on Health to the Government of Principality of Asturias since 2013.<\/p>\n<p>Her areas of interest are the economics of health, particularly the pharmaceutical sector (the sector\u2019s structure and the spread of pharmaceutical innovation), and comparative social policies. She has recently started to collaborate with the Sociology of Food Research Group at the University of Oviedo, where she is studying the restaurant sector in Spain (basically the sector\u2019s structure, from an industrial economics perspective) according to the interdisciplinary approach that has characterized her research. She has carried out research work for the European Commission and several Spanish institutions.<\/p>\n<p>She has published articles, among others, in the following journals: <em>International Journal of Health Services<\/em>, <em>Social Science &amp; Medicine<\/em>, <em>Journal of European Social Policy<\/em>, <em>Farmacoeconom\u00eda<\/em>, <em>Revista de Econom\u00eda Aplicada<\/em>, <em>Estudios de Econom\u00eda Aplicada<\/em>, <em>Revista Espa\u00f1ola de Econom\u00eda de la Salud<\/em>, <em>Revista de Administraci\u00f3n Sanitaria<\/em>, <em>Revista Espa\u00f1ola de Salud P\u00fablica<\/em>, <em>L\u2019Assistenza Sociale<\/em>, <em>Revue Fran\u00e7aise des Affaires Sociales<\/em>, <em>Presupuesto y Gasto P\u00fablico<\/em>, <em>Panorama Social<\/em>, <em>Cuadernos de Informaci\u00f3n Econ\u00f3mica<\/em>, <em>The Business Review<\/em>, <em>Gaceta Sanitaria<\/em>, <em>Revista de Econom\u00eda Mundia<\/em>l and <em>Expert Review of Quality of Life in Cancer Care<\/em>.<\/p>\n<h3 style=\"text-align: justify;\"><strong>Research Fields<\/strong><\/h3>\n<ul>\n<li style=\"text-align: justify;\"><a href=\"http:\/\/www.unioviedo.es\/socialimen\/en\/investigacion-2\/lineas-de-investigacion\/2-alimentacion-estructura-social\/\">Food and social structure<\/a><\/li>\n<li style=\"text-align: justify;\"><a href=\"http:\/\/www.unioviedo.es\/socialimen\/en\/investigacion-2\/lineas-de-investigacion\/1-la-alimentacion-las-sociedades-modernas\/\">Food in modern societies<\/a><\/li>\n<\/ul>\n<h3><strong>Project participation<\/strong><\/h3>\n<ul>\n<li><strong>Alimentaci\u00f3n y estructura social. An\u00e1lisis de las desigualdades sociales en Espa\u00f1a (2015-2019)<br \/>\n<\/strong><\/li>\n<\/ul>\n<p style=\"padding-left: 60px;\">Proyectos I+D+I del Programa Estatal de Investigaci\u00f3n. Ref. CSO2015-68434-R<\/p>\n<p style=\"padding-left: 60px;\">IP.: Isabel Garc\u00eda Espejo<\/p>\n<ul>\n<li><strong>Convergencia y divergencias alimentarias en Europa. Un an\u00e1lisis comparado de la desestructuraci\u00f3n alimentaria en Gran Breta\u00f1a y Espa\u00f1a (2009-2012)<br \/>\n<\/strong><\/li>\n<\/ul>\n<p style=\"padding-left: 60px;\">Plan Nacional I+D+I. Refer. CSO2009-07351<\/p>\n<p style=\"padding-left: 60px;\">IP.: Cecilia D\u00edaz M\u00e9ndez<\/p>\n<h3><strong>Publications<\/strong><\/h3>\n<ul>\n<li>Cabiedes-Miragaya, L. Bienestar subjetivo y alimentaci\u00f3n en Espa\u00f1a, en D\u00edaz-M\u00e9ndez, C. y Cardon, P. (dirs.)\u00a0<em>La trasformaci\u00f3n de la alimentaci\u00f3n\u00a0<\/em><em>en el Sur de Europa<\/em>,Tirant lo Blanch, 2021 (en prensa)<strong>.<\/strong><\/li>\n<li>Cabiedes-Miragaya, L.; Diaz-Mendez, C. y Garc\u00eda-Espejo, I. Well-Being and the Lifestyle Habits of the Spanish Population: The Association between Subjective Well-Being and Eating Habits,\u00a0<em>International Journal of Environmental Research and Public Health<\/em>, 2021,\u00a018 (4), 1553;\u00a0<a href=\"https:\/\/doi.org\/10.3390\/ijerph18041553\">https:\/\/doi.org\/10.3390\/ijerph18041553<\/a>\u00a0(publicado Online el 2 de febrero de 2021)<\/li>\n<li>Cabiedes, L.; Miret, Llu\u00eds (2019): \u201cFuentes estad\u00edsticas para analizar el sector de la restauraci\u00f3n en Espa\u00f1a\u201d,\u00a0<em>Papers.\u00a0<\/em><em>Revista de Sociolog\u00eda<\/em>\u00a0vol. 104, n\u00ba 1, pp. 129-145.<\/li>\n<li>Cabiedes, L. (2017): \u201cAnalysis of the economic structure of the eating-out sector: The case of Spain\u201d,\u00a0<em>Appetite<\/em>, vol. 119, 1 diciembre, pp. 64-76 (2017)\u00a0<a href=\"https:\/\/doi.org\/10.1016\/j.appet.2017.01.018\">https:\/\/doi.org\/10.1016\/j.appet.2017.01.018<\/a><\/li>\n<li>Zapico I.; Cabiedes, L. e Iglesias, M.T. (2016): \u201cPatient access to new oncology medicines in the Spanish hospital setting: Exploring explanatory factors through a Cox regression model\u201d, <u>Expert Review of Quality of Life in Cancer Care <\/u>(aceptado para su publicaci\u00f3n en papel y disponibilidad online inminente).<\/li>\n<li>Cabiedes, L. (2016): \u201cIcelandic and Spanish citizens before the crisis: Size matters\u2026 and institutions too\u201d, <u>Revista de Econom\u00eda Mundial<\/u>; aceptado para el n\u00ba 43 (Septiembre 2016) [Social Sciences Citation Index]<\/li>\n<li>Cabiedes, L.\u00a0 (2013): \u201cA prop\u00f3sito de la excepcionalidad de las innovaciones farmacol\u00f3gicas para el c\u00e1ncer\u201d, <u>Gaceta Sanitaria<\/u><em>,<\/em> vol. 27, n\u00ba 1, enero-febrero, pp.84-88 (2013) [Social Sciences Citation Index]<\/li>\n<li>Cabiedes, L. (2011): \u201cDesigualdades territoriales en materia sanitaria en el SNS: entre la diversidad deseable y las desigualdades evitables\u201d, <u>Medicina Preventiva<\/u>, vol. XVII, n\u00ba 4, pp. 5-8 (2011).<\/li>\n<li>Guill\u00e9n, A. M. y Cabiedes, L. (2003): \u201cReforming Pharmaceutical Policies in the European Union: A \u00b4Penguin Effect`?\u201d, <u>International Journal of Health Services<\/u>, vol. 33, n\u00ba 1, pp. 1-28 (2003) [Social Sciences Citation Index]<\/li>\n<\/ul>\n","protected":false},"excerpt":{"rendered":"<p>Position: ASSOCIATE PROFESSOR (PhD in Economy). Department: APPLIED ECONOMICS Field: Applied Economics. Address:\u00a0Universidad de Oviedo.\u00a0Departamento de Econom\u00eda Aplicada.\u00a0Facultad de Econom\u00eda y Empresa.\u00a0Edificio Departamental, 2\u00ba Planta.\u00a0Campus de El Cristo. 33006 Oviedo. Asturias (Espa\u00f1a). Email: lcabie@uniovi.es Phone: (+34) 985 103 718 Researchgate &nbsp; &nbsp; &nbsp; Laura Cabiedes studied Economic and Business Sciences (General Economics Branch) at the [&hellip;]<\/p>\n","protected":false},"author":3,"featured_media":2535,"parent":2951,"menu_order":2,"comment_status":"closed","ping_status":"closed","template":"","meta":{"_genesis_hide_title":false,"_genesis_hide_breadcrumbs":false,"_genesis_hide_singular_image":false,"_genesis_hide_footer_widgets":false,"_genesis_custom_body_class":"","_genesis_custom_post_class":"","_genesis_layout":"","footnotes":""},"class_list":{"0":"post-2908","1":"page","2":"type-page","3":"status-publish","4":"has-post-thumbnail","6":"entry","7":"gs-1","8":"gs-odd","9":"gs-even","10":"gs-featured-content-entry"},"_links":{"self":[{"href":"https:\/\/www.unioviedo.es\/socialimen\/en\/wp-json\/wp\/v2\/pages\/2908","targetHints":{"allow":["GET"]}}],"collection":[{"href":"https:\/\/www.unioviedo.es\/socialimen\/en\/wp-json\/wp\/v2\/pages"}],"about":[{"href":"https:\/\/www.unioviedo.es\/socialimen\/en\/wp-json\/wp\/v2\/types\/page"}],"author":[{"embeddable":true,"href":"https:\/\/www.unioviedo.es\/socialimen\/en\/wp-json\/wp\/v2\/users\/3"}],"replies":[{"embeddable":true,"href":"https:\/\/www.unioviedo.es\/socialimen\/en\/wp-json\/wp\/v2\/comments?post=2908"}],"version-history":[{"count":2,"href":"https:\/\/www.unioviedo.es\/socialimen\/en\/wp-json\/wp\/v2\/pages\/2908\/revisions"}],"predecessor-version":[{"id":3875,"href":"https:\/\/www.unioviedo.es\/socialimen\/en\/wp-json\/wp\/v2\/pages\/2908\/revisions\/3875"}],"up":[{"embeddable":true,"href":"https:\/\/www.unioviedo.es\/socialimen\/en\/wp-json\/wp\/v2\/pages\/2951"}],"wp:featuredmedia":[{"embeddable":true,"href":"https:\/\/www.unioviedo.es\/socialimen\/en\/wp-json\/wp\/v2\/media\/2535"}],"wp:attachment":[{"href":"https:\/\/www.unioviedo.es\/socialimen\/en\/wp-json\/wp\/v2\/media?parent=2908"}],"curies":[{"name":"wp","href":"https:\/\/api.w.org\/{rel}","templated":true}]}}