{"id":2911,"date":"2016-10-27T12:47:25","date_gmt":"2016-10-27T10:47:25","guid":{"rendered":"http:\/\/www.unioviedo.es\/socialimen\/congresos-y-conferencias\/"},"modified":"2020-12-29T13:48:04","modified_gmt":"2020-12-29T12:48:04","slug":"congresos-y-conferencias","status":"publish","type":"page","link":"https:\/\/www.unioviedo.es\/socialimen\/en\/investigacion-2\/congresos-y-conferencias\/","title":{"rendered":"Conferences"},"content":{"rendered":"<ul>\n<li>\n<h3 style=\"text-align: justify;\">Conferences by invitation and public presentations of research results<\/h3>\n<\/li>\n<\/ul>\n<p>(2016) \u201cFood and crisis: an interinstitutional research experience in Asturias\u201d. <strong>Conference on Research in Educational Innovation.<\/strong> 24 and 25 May at the University of the Basque Country (UPV\/EHU).<\/p>\n<p>(2015) \u201cMulticulturalism, xenophobia, and coexistence\u201d. <strong>Round table on immigration and emigration, AdePaVaN<\/strong>; Barredos Cultural Centre, Pola de Laviana, 11th March.<\/p>\n<p>(2015) \u201cBetween jihadism and Islamophobia: Is intercultural coexistence in question?\u201d, <strong>Round Table organized by the Asturian Association of Sociology and the Official Association of Political Science and Sociology of the Principality of Asturias<\/strong>; Centro Cultural Antiguo Instituto, Gij\u00f3n, 12 February.<\/p>\n<p>(2014). Closing session of the Fifth Food Industry Day. \u201cThe eating habits of Spanish people. Some keys to understanding food change in times of crisis\u201d. <strong>Organized by the Association for Research and Science in the Meat Industry<\/strong>. Asturias (May).<\/p>\n<p>(2014). Working session at the <strong>Spanish Red Cross<\/strong> (Asturias) to discuss the results of the study \u201cFood Aid Plan for vulnerable families in the Principality of Asturias\u201d (Oviedo).<\/p>\n<p>(2014). Presentation of the study \u201cSpanish eating habits\u201d at the <strong>Alimentaria Fair<\/strong> (Barcelona).<\/p>\n<p>(2014) \u201cFood Habits Among Spaniards. Clues to understanding their transformation in times of crisis\u201d. <strong>Towards an International Network for Studying Food Habits, 5th Asia-Euro Conference 2014 in Tourism, Hospitality, and Gastronomy<\/strong>. Taylor\u2019s University, Kuala Lumpur, Malaysia.<\/p>\n<p>(2014) Moderating the round table on \u201cThe challenges for monarchies in 21<sup>st<\/sup>-century societies: Is the institution anachronistic or still valid?\u201d, organized by <strong>the Asturian Association of Sociology and the Official Association of Political Science and Sociology of the Principality of Asturias<\/strong>; Centro Cultural Antiguo Instituto, 26 June, Gij\u00f3n.<\/p>\n<p>(2014) \u201cInitiatives for democratic regeneration. A perspective from Holland\u201d. Round table: \u201cThe initiatives of democratic regeneration\u201d, organised by the <strong>Royal Asturian Academy of Law<\/strong>; Asturian Press Club of New Spain, 16th June, Oviedo.<\/p>\n<p>(2014) \u201cEuropean elections 2014. The rise of the \u2018extreme right\u2019 in Europe\u201d. Round table: \u201cAsturias, Spain, Europe. And after the elections, what?\u201d organized by<strong> the Asturian Association of Sociology and the Official Association of Political Science and Sociology of the Principality of Asturias<\/strong>; Centro Cultural Antiguo Instituto, 28 May, Gij\u00f3n.<\/p>\n<p>(2013). \u201c<strong>An analytical approach to the studies of Sociology of Food \u2018with comparative perspective<\/strong>\u2019\u201d, Comparing foodways: a European seminar on approaches to the cross-national and dynamic comparison of eating practices, 13\u201315 June, Manchester.<\/p>\n<p>(2013). Conference at the First Workshop on Food and Supply Strategies, organized by <strong>the Purefood Project and the University of Rio Grande do Sul<\/strong> (December), Porto Alegre.<\/p>\n<p>(2013). Lecture. Spanish eating habits. Adaptation of the product to the market. Organized by <strong>Asturian Association of food companies.<\/strong> (Navia).<\/p>\n<p>(2013). Lecture. Permanent International Seminar: Food and eating habits in Asturias and America. <strong>American Studies Association of the Principality of Asturias.<\/strong> The effects of social change on food: the eating habits of Spaniards (Oviedo).<\/p>\n<p>(2013). Lecture. First national meeting of<strong> the National Alliance against Hunger and Malnutrition of Spain<\/strong>. Hunger and Malnutrition in Spain from a sociological perspective (Asturias).<\/p>\n<p>(2013). Presentation \u201cEating habits of the Spanish people\u201d in Pediatrics Conference (Principality of Asturias) requested by<strong> the National Association of Pediatrics<\/strong> (Asturias).<\/p>\n<p>(2013) Participation in a round table, at<strong> the Sixth Conference on Social Work \u201cResearch and Social Work: dialoguing from intervention\u201d<\/strong> organized by the University School of Social Work of the UPV\/EHU and the Professional Association of Social Workers of Alava, (Vitoria-Gasteiz).<\/p>\n<p>(2013) Invited paper, \u201cProblems posed by the prices of innovative medicines\u201d, <strong>13th Meeting of the Spanish pharmaceutical industry-UIMP<\/strong>, Santander.<\/p>\n<p>(2013) Lecture. \u201cAnalysis of what makes pharmacological innovations for cancer exceptional from the perspective of health economics\u201d, <strong>Research Seminars: University Institute of Oncology<\/strong>, Oviedo.<\/p>\n<p>(2012) \u201cThe evolution of Islamophobia in Europe and Spain\u201d, organized by the <strong>Asturian Association of Sociology<\/strong>, Asturias Acoge, CajAstur. Aula Magna of the Historical Building of the University of Oviedo, 2 February.<\/p>\n<ul style=\"text-align: justify;\">\n<li>\n<h3>Presentations to conferences<\/h3>\n<\/li>\n<\/ul>\n<p style=\"text-align: justify;\">D\u00edaz M\u00e9ndez, Cecilia and Espejo Garc\u00eda, Isabel (2016) \u201cFood outside the home in Spain. New habits and strategies\u201d, Twelfth Spanish Congress on Sociology. Great social transformations, new challenges for Sociology, organized by the Spanish Federation of Sociology (FES), 30 June, 1\u20132 July. Gij\u00f3n. Paper.<\/p>\n<p style=\"text-align: justify;\">Otero Est\u00e9vez, Sonia and D\u00edaz M\u00e9ndez, Cecilia (2016) \u201cInequalities in household consumption: a qualitative study of the most disadvantaged sectors\u201d, Twelfth Spanish Congress on Sociology. Gij\u00f3n. Paper.<\/p>\n<p style=\"text-align: justify;\">Otero Est\u00e9vez, Sonia and Espejo Garc\u00eda, Isabel (2016) \u201cFood in contexts of poverty: strategies for survival and management of privacy\u201d, Twelfth Spanish Congress of Sociology. Gij\u00f3n. Paper.<\/p>\n<p style=\"text-align: justify;\">Callejo Gallego, Javier and D\u00edaz M\u00e9ndez, Cecilia (2016) \u201cThe dear Spanish timetable: the case of food\u201d, Twelfth Spanish Congress of Sociology. Gij\u00f3n. Paper.<\/p>\n<p>S\u00e1nchez S\u00e1nchez, Sandra, Parrilla Fern\u00e1ndez, Jos\u00e9 Manuel and Pujadas Marti, Xavier (2016) \u201cConceptions and practices of health, food, and body among sportspeople: a socio-historical perspective\u201d, Twelfth Spanish Congress of Sociology. Gij\u00f3n. Paper.<\/p>\n<p>Parrilla Fern\u00e1ndez, Jos\u00e9 Manuel and S\u00e1nchez S\u00e1nchez, Sandra (2016) \u201cSport and Food: Transformations in the meanings and eating practices of sportsmen and women and their determinants\u201d, Twelfth Spanish Congress of Sociology. Gij\u00f3n. Paper.<\/p>\n<p>Novo V\u00e1zquez, Amparo and Espejo Garc\u00eda, Isabel (2016) \u201cThe market as political \u2018arena\u2019. The emergence of the \u2018conscious consumer\u2019\u201d, Twelfth Spanish Congress of Sociology. Gij\u00f3n. Paper.<\/p>\n<p>Schubert, Maycon, D\u00edaz M\u00e9ndez, Cecilia and Schneider, Sergio (2016) \u201cEating Out: Comparative studies between Brazil, UK, and Spain, based on official statistics\u201d, Twelfth Spanish Congress of Sociology. Gij\u00f3n. Paper.<\/p>\n<p>Truninger, Monica and D\u00edaz M\u00e9ndez, Cecilia (2016) \u201cPoverty and food insecurity: redefinitions and debates\u201d, Twelfth Spanish Congress of Sociology. Gij\u00f3n. Paper.<\/p>\n<p>Ramos Truchero, Guadalupe and Casta\u00f1o Su\u00e1rez, Elio (2016) \u201cThe habit of eating outside the home in the context of the economic crisis\u201d, Twelfth Spanish Congress of Sociology. Gij\u00f3n. Paper.<\/p>\n<p>Herrera Racionero, Paloma (2016) \u201cThe meanings of \u2018eating out\u2019 \u201d, Twelfth Spanish Congress of Sociology. Gij\u00f3n. Paper.<\/p>\n<p>Lozano Cabedo, Carmen, Moreno Gonz\u00e1lez, Marta and G\u00f3mez Benito, Crist\u00f3bal (2016) \u201cAnalysis of conflicts surrounding food advertising through complaints submitted to industry monitors\u201d, Twelfth Spanish Congress of Sociology. Gij\u00f3n. Paper.<\/p>\n<p>Novo V\u00e1zquez, Amparo and Espejo Garc\u00eda, Isabel (2016) \u201cThe market as political \u2018arena\u2019. The emergence of the \u2018conscious consumer\u2019\u201d, Twelfth Spanish Congress of Sociology. Gij\u00f3n. Paper.<\/p>\n<p>Ramos Truchero, Guadalupe; Izquierdo Ram\u00edrez, Beatriz; Campelo, Patricia and Malag\u00f3n Zaldua, Eduardo (2016) \u201cAgricultural vocational training in rural development programmes. Analysis of training activities in the Basque Country\u201d, Twelfth Spanish Congress of Sociology. Gij\u00f3n. Paper.<\/p>\n<p>Felipe Cort\u00e9s, Alba; Herrera Racionero, Paloma; Miret Pastor, Luis and Carles Cambrils, Joan (2016) \u201cFishing tourism. A new tourism product, a new model of fishing\u201d, Twelfth Spanish Congress of Sociology. Gij\u00f3n. Paper.<\/p>\n<p>G\u00f3mez Benito, Crist\u00f3bal and Lozano Cabedo, Carmen (2016) \u201cPublic opinion, agriculture and rural society: Is a new social contract possible?\u201d, Twelfth Spanish Congress of Sociology. Gij\u00f3n. Paper.<\/p>\n<p>S\u00e1nchez S\u00e1nchez, Sandra and Parrilla Fern\u00e1ndez, Jos\u00e9 Manuel (2015) \u201cBody care as structuring model of identity: food and sport practices in historical perspective\u201d The sociological lens and the well-being of sport, 50th Anniversary ISSA WORLD CONGRESS, 9\u201312 June, Paris.<\/p>\n<p>Cabiedes, L. (2015) \u201cIcelandic and Spanish citizens before the crisis: Size matters&#8230; and institutions too\u201d, Seventeenth World Economics Meeting, Gij\u00f3n (Proxime accesit for Eighth Jos\u00e9 Luis Sampedro Prize, awarded by the World Economics Society).<\/p>\n<p>Garc\u00eda Espejo, Isabel (2014) \u201cEating outside the home in Spain. Clarifying the duality between obligation and pleasure\u201d Journ\u00e9es d\u2019\u00c9tudes Internationales \u201cAlimentation et \u00c2ges de la vie\u201d, November 2014, Lille.<\/p>\n<p>D\u00edaz M\u00e9ndez, Cecilia and Garc\u00eda Espejo, Isabel (2014) \u201cThe Sociology of Food as a Field of Study: A Review of International Literature\u201d Tenth Iberian Colloquium on Rural Studies, October, Palencia.<\/p>\n<p>S\u00e1nchez S\u00e1nchez, Sandra; Parrilla Fern\u00e1ndez, Jos\u00e9 Manuel and D\u00edaz M\u00e9ndez, Cecilia (2014) \u201cThe construction of the elite female body through the practice of sport and the instrumentalization of food\u201d Crisis, Social Change and Sport, Thirteenth International Congress of the AEISAD, 25\u201327 September, Valencia.<\/p>\n<p>Blanco Prieto, A. and D\u00edaz M\u00e9ndez, C. (2014) \u201cFood aid and the new poor: the impact of food aid on the new users of food vouchers\u201d at CABISE, 14. Ministry of Competitiveness. University of Oviedo, June, Oviedo.<\/p>\n<p>Garc\u00eda Blanco, Jos\u00e9 Mar\u00eda and Parrilla Fern\u00e1ndez, Jos\u00e9 Manuel (2014) \u201cThe evolution of the Basic Guaranteed Income system during the crisis\u201d. Reevaluating the Welfare State in Southern Europe. Congress on the Present and Future of the Welfare State in Spain. 5\u20136 June, University of Oviedo, Oviedo.<\/p>\n<p>Van den Broek, Hans and Ramos Truchero, Guadeloupe (2014) \u201cExploration and evolution of the concept of \u2018Food Desert\u2019\u201d. ESA Consumption Research Network Midterm Conference, 3\u20136 September 2014, Porto.<\/p>\n<p>Van den Broek, Hans; Garc\u00eda Espejo, Isabel and Novo V\u00e1zquez, Amparo (2014) \u201cConfidence and Food Risk: the Spanish case\u201d (Isabel Garcia-Espejo, Amparo Novo and Hans van den Broek). ESA Consumption Research Network Midterm Conference, 3\u20136 September, Porto.<\/p>\n<p>Herrera, P; Miret, L. and Cabiedes, L. (2014) \u201cPossibilities for analysing the restaurant sector in Spain through the main databases\u201d, Iberian Colloquium on Rural Studies (CIER), Palencia.<\/p>\n<p>Cabiedes, L.; Herrera, P. and Miret, L. (2014) \u201cThe statistics on the food catering sector: Potential and limitations for analysis\u201d, ESA Consumption Research Network Midterm Conference, Porto.<\/p>\n<p>Oltra, E.; Fern\u00e1ndez, B.; Cabiedes, L.; Riestra, R.; Gonz\u00e1lez, C. and Osorio, S. (2014) \u201cAnalysis of programmed minor surgery performed by doctors in hospital, and nurses and doctors in primary care, in terms of technical quality, perceived satisfaction, and costs\u201d.<\/p>\n<p>D\u00edaz M\u00e9ndez, C., Garc\u00eda Espejo, I., and Van den Broek, H. (2013). \u201cThe studies of Sociology of Food: between Rural Sociology and Sociology of Consumption\u201d. Foodscapes. Access to food, Excess of food. 23\u201325 September, Austria<\/p>\n<p>D\u00edaz M\u00e9ndez, C., Garc\u00eda Espejo, I., and Van den Broek, H. (2013). \u201cHealthy Diet Here and There: a Comparative Analysis of the Concepts of Health and Food among Colombian and Autochthonous Women in Spain Foodscapes\u201d. Access to food, Excess of food. 23\u201325 September, Austria<\/p>\n<p>Van der Broek, Hans and Valle S\u00e1nchez, Mar\u00eda Jos\u00e9 (2013) \u201cHealthy Diet Here and There: a comparative analysis of the concepts of health and food among Colombian and autochthonous women in Spain\u201d, Twenty-fifth ESRS Congress Rural resilience and vulnerability: The rural as locus of solidarity and conflict in time of crisis, European Society for Rural Sociology (ESRS), 29 July\u20131 August, Florence, Italy.<\/p>\n<p>D\u00edaz M\u00e9ndez, C. Garc\u00eda Espejo, A. Novo and Gutierrez, R. (2013). \u201cFood habits among Spaniards. Clues to understanding their transformation in times of crisis\u201d, 25th ESRS Congress, July, Florencia<\/p>\n<p>Garc\u00eda Espejo, Isabel and Novo V\u00e1zquez, Amparo (2013) \u201cSocial and political behaviour of \u2018ecological citizenship\u2019\u201d, Spanish Congress of Sociology, July, Madrid.<\/p>\n<p>D\u00edaz M\u00e9ndez, Cecilia, Garc\u00eda Espejo, Isabel and Van den Broek, Hans (2013) \u201cAn analytical approach to the studies of Sociology of Food \u2018with comparative perspective\u2019\u201d Comparing food ways: a European seminar on approaches to the cross-national and dynamic comparison of eating practices, June, Manchester, UK.<\/p>\n<p>Parrilla Fern\u00e1ndez, Jos\u00e9 Manuel and S\u00e1nchez S\u00e1nchez, Sandra (2013) \u201cThe body before the social mirror: Discourses of elite sportswomen on food, health and sport, in the face of the female ideal of beauty\u201d Crisis and Change: Proposals from Sociology, 11th Spanish Congress of Sociology, FES, 10\u201312 July 2013, Madrid.<\/p>\n<p>Parrilla Fern\u00e1ndez, Jos\u00e9 Manuel and S\u00e1nchez S\u00e1nchez, Sandra (2013) \u201cSport activity and food practice as structuring elements of the body in the speeches of female athletes\u201d, Sport in Times of Crisis, 17th International Congress of CESH, 21\u201323 November, Barcelona.<\/p>\n<p>Parrilla Fern\u00e1ndez, J. M., D\u00edaz M\u00e9ndez, C., and S\u00e1nchez S\u00e1nchez, S. (2013). \u201cThe body and the self perception: sport and food practices in the context of body image\u201d, 10th European Association for Sociology of Sport Conference, May, Cordoba.<\/p>\n<p>D\u00edaz-M\u00e9ndez , C. and Garc\u00eda-Espejo, I. (2013). \u201cClarifying the duality between obligation and pleasure in eating out\u201d. Spanish Congress of Sociology, July, Madrid.<\/p>\n<p>D\u00edaz M\u00e9ndez, C. Garc\u00eda Espejo, I. Guti\u00e9rrez palacios, R. (2013). \u201cThe eating habits of the Spanish: keys to understanding their transformation in times of crisis\u201d, Spanish Congress of Sociology, July, Madrid.<\/p>\n<p>D\u00edaz-M\u00e9ndez, Cecilia; Garc\u00eda Espejo, Isabel; Novo, Amparo and Guti\u00e9rrez Palacios, Rodolfo (2013) \u201cOdd habits among Spaniards. Clues to understanding their transformation in times of crisis\u201d, 25th European Congress for Rural Sociology, 29 July\u20131 August, Florence.<\/p>\n<p>D\u00edaz M\u00e9ndez, C. and Garc\u00eda Espejo, I. (2012). \u201cConsumption, time and food. A comparative analysis of Use of time eating and cooking in the US, Netherlands, United Kingdom and Spain\u201d. ESA Consumption Research Network Interim Meeting. Berlin.<\/p>\n<p>Parrilla Fern\u00e1ndez, J. M. and D\u00edaz M\u00e9ndez, C. (2012). \u201cWomen and sport in Spain: educational and sociocultural factors in the experience of elite female athletes\u201d. Sixteenth Congress of Sociology of Education. Oviedo.<\/p>\n<p>D\u00edaz-M\u00e9ndez, C. and Garc\u00eda- Espejo, I. (2012). \u201cFood homogenization and globalization: the case of the United Kingdom and Spain\u201d. 13th World Congress of Rural Sociology: From crisis to opportunities, 29 July\u20134 August, Lisbon (Portugal).<\/p>\n<p>Garc\u00eda Espejo, Isabel; Novo V\u00e1zquez, Amparo and van der Broek, Hans-Peter (2012) \u201cPolitical Consumerism: Resources, Networks and Agents\u201d, 13th World Congress on Rural Sociology: From Crisis to Opportunities, 29 July\u20134 August, Lisbon.<\/p>\n<p>Van den Broek, H. and Diaz Mendez C. (2012). \u201cFood and cultural integration: a comparative analysis of the concepts of healthy eating between the Spanish and immigrant population\u201d. 13th World Congress on Rural Sociology: From crisis to opportunities, 29 July\u20134 August, Lisbon (Portugal).<\/p>\n<p>D\u00edaz M\u00e9ndez, C and van den Broek, H. (2012). \u201cFood and cultural integration: a comparative analysis of the concepts of healthy diet among the Spanish and Ecuadorian population\u201d. International Congress of Amercianists. ICA54. Vienna.<\/p>\n<p>Novo V\u00e1zquez, Amparo (2012) \u201cPolitical Consumerism: Resources, Networks and Agents\u201d, Congress: 13th Worl Congress on Rural Sociology, 29 July\u20134 August, Lisbon.<\/p>\n<p>Vicente, Mar\u00eda and Novo, Amparo (2012) \u201cI participate (online) therefore I am. An analysis of social and political participation in Spain\u201d, 4th International Conference on Science and Society, 17\u201319 November, Berkeley, California.<\/p>\n<p>Parrilla, Jos\u00e9 Manuel and Rey, Adrian (2012) \u201cActive Women and Food: from food shortages to modernity and its pathologies\u201d. 13th World Congress of Rural Sociology Portugal 29 July\u20134 August, Lisbon.<\/p>\n<p>Van der Broek, Hans-Peter and D\u00edaz M\u00e9ndez, Cecilia (2012) \u201cFood and Time Consumption in the UK and Spain\u201d, Comparative Perspectives; Helsinki Collegium for Advanced Studies, 23\u201325 May 2012, Helsinki (Finland).<\/p>\n<p>Oltra, E.; Cabiedes, L.; Riestra, R.; Gonz\u00e1lez, C.; Osorio, S. and Fern\u00e1ndez, B. (2012) \u201cMinor surgery as a family and community nursing activity: epidemiology and analysis of technical quality\u201d, Second International Congress and Eighth National Congress of the Community Nursing Association, AEC, Barcelona.<\/p>\n<p>Oltra, E.; Riestra, M. R.; Osorio, S.; Gonz\u00e1lez, C.; Cabiedes, L. and Fern\u00e1ndez, B. (2012) \u201cQuality perceived by users who need minor surgery, in terms of the level of care and professional involved\u201d, Sixteenth International Meeting on Care Research, Cartagena.<\/p>\n<p>Oltra, E.; Osorio, S.; Riestra, R.; Gonz\u00e1lez, C.; Cabiedes, L. and Fern\u00e1ndez, B. (2012) \u201cMinor Surgery. Description and comparative analysis of quality\u201d, Twenty-third Congress of the Spanish Society of Family and Community Medicine, Bilbao.<\/p>\n","protected":false},"excerpt":{"rendered":"<p>Conferences by invitation and public presentations of research results (2016) \u201cFood and crisis: an interinstitutional research experience in Asturias\u201d. Conference on Research in Educational Innovation. 24 and 25 May at the University of the Basque Country (UPV\/EHU). (2015) \u201cMulticulturalism, xenophobia, and coexistence\u201d. Round table on immigration and emigration, AdePaVaN; Barredos Cultural Centre, Pola de Laviana, [&hellip;]<\/p>\n","protected":false},"author":3,"featured_media":0,"parent":2916,"menu_order":0,"comment_status":"closed","ping_status":"closed","template":"","meta":{"_genesis_hide_title":false,"_genesis_hide_breadcrumbs":false,"_genesis_hide_singular_image":false,"_genesis_hide_footer_widgets":false,"_genesis_custom_body_class":"","_genesis_custom_post_class":"","_genesis_layout":"","footnotes":""},"class_list":{"0":"post-2911","1":"page","2":"type-page","3":"status-publish","5":"entry","6":"gs-1","7":"gs-odd","8":"gs-even","9":"gs-featured-content-entry"},"_links":{"self":[{"href":"https:\/\/www.unioviedo.es\/socialimen\/en\/wp-json\/wp\/v2\/pages\/2911","targetHints":{"allow":["GET"]}}],"collection":[{"href":"https:\/\/www.unioviedo.es\/socialimen\/en\/wp-json\/wp\/v2\/pages"}],"about":[{"href":"https:\/\/www.unioviedo.es\/socialimen\/en\/wp-json\/wp\/v2\/types\/page"}],"author":[{"embeddable":true,"href":"https:\/\/www.unioviedo.es\/socialimen\/en\/wp-json\/wp\/v2\/users\/3"}],"replies":[{"embeddable":true,"href":"https:\/\/www.unioviedo.es\/socialimen\/en\/wp-json\/wp\/v2\/comments?post=2911"}],"version-history":[{"count":1,"href":"https:\/\/www.unioviedo.es\/socialimen\/en\/wp-json\/wp\/v2\/pages\/2911\/revisions"}],"predecessor-version":[{"id":3284,"href":"https:\/\/www.unioviedo.es\/socialimen\/en\/wp-json\/wp\/v2\/pages\/2911\/revisions\/3284"}],"up":[{"embeddable":true,"href":"https:\/\/www.unioviedo.es\/socialimen\/en\/wp-json\/wp\/v2\/pages\/2916"}],"wp:attachment":[{"href":"https:\/\/www.unioviedo.es\/socialimen\/en\/wp-json\/wp\/v2\/media?parent=2911"}],"curies":[{"name":"wp","href":"https:\/\/api.w.org\/{rel}","templated":true}]}}