{"id":2924,"date":"2016-02-24T10:29:40","date_gmt":"2016-02-24T09:29:40","guid":{"rendered":"http:\/\/www.unioviedo.es\/socialimen\/nuria-hernandez-nanclares\/"},"modified":"2020-12-22T13:37:26","modified_gmt":"2020-12-22T12:37:26","slug":"nuria-hernandez-nanclares","status":"publish","type":"page","link":"https:\/\/www.unioviedo.es\/socialimen\/en\/team\/investigadores-uniovi\/nuria-hernandez-nanclares\/","title":{"rendered":"N\u00faria Hern\u00e1ndez Nanclares"},"content":{"rendered":"<p style=\"text-align: left;\"><img loading=\"lazy\" decoding=\"async\" class=\"size-medium wp-image-2559 alignleft\" src=\"https:\/\/www.unioviedo.es\/socialimen\/wp-content\/uploads\/2016\/02\/N\u00faria-Hernandez-Nanclares-250x300.jpg\" alt=\"N\u00faria Hernandez Nanclares\" width=\"250\" height=\"300\" srcset=\"https:\/\/www.unioviedo.es\/socialimen\/wp-content\/uploads\/2016\/02\/N\u00faria-Hernandez-Nanclares-250x300.jpg 250w, https:\/\/www.unioviedo.es\/socialimen\/wp-content\/uploads\/2016\/02\/N\u00faria-Hernandez-Nanclares-768x923.jpg 768w, https:\/\/www.unioviedo.es\/socialimen\/wp-content\/uploads\/2016\/02\/N\u00faria-Hernandez-Nanclares-852x1024.jpg 852w, https:\/\/www.unioviedo.es\/socialimen\/wp-content\/uploads\/2016\/02\/N\u00faria-Hernandez-Nanclares.jpg 999w\" sizes=\"auto, (max-width: 250px) 100vw, 250px\" \/><strong>Position:<\/strong> ASSOCIATE PROFESSOR (PhD in Economics)<span class=\"org\"><br \/>\n<\/span><strong>Department:<\/strong> ECONOMICS<span class=\"org\"><br \/>\n<\/span><strong>Field: <\/strong>Economics<br \/>\n<strong>Address:\u00a0<\/strong>Universidad de Oviedo.\u00a0Departamento de Econom\u00eda Aplicada.\u00a0Facultad de Econom\u00eda y Empresa.\u00a0Edificio Departamental, 2\u00ba Planta.\u00a0Campus de El Cristo.<br \/>\n33006 Oviedo. Asturias (Espa\u00f1a).<br \/>\n<strong>Email<\/strong>: <a class=\"email\" href=\"mailto:rgutier@uniovi.es\"><span class=\"gI\"><span class=\"go\">nhernan@uniovi.es<\/span><\/span><br \/>\n<\/a><strong>Phone:\u00a0<\/strong>(+ 34) 985 104 990<\/p>\n<p style=\"text-align: left;\"><a href=\"https:\/\/www.researchgate.net\/profile\/Nuria_Hernandez_Nanclares\">Researchgate<\/a><\/p>\n<p>&nbsp;<\/p>\n<p><strong>N\u00faria Hern\u00e1ndez Nanclares<\/strong> has a PhD in Economics and is a Professor in the Department of Applied Economics at the University of Oviedo. She has been teaching at the University since 1992, mainly in the field of international economics, European economics, and international relations. She specializes in teaching innovation in Economics and in Higher Education, focusing particularly on evaluation methods and alternative evaluation, the use of active methodologies in Higher Education and the study of social and learning networks. Currently, she is involved in bilingual teaching with a CLIL\/AICLE (Content and Language Integrated Learning\/Aprendizaje Integrado de Contenidos y Lengua) approach. She has also specialized in teacher training and is actively involved in the Master\u2019s Degree in Secondary Teacher Training. Her teaching on this Master\u2019s involves intensive practice in active and collaborative learning, designing innovative learning experiences for future teachers that allow them to experience, through their own learning, alternative methods of teaching. She currently focuses her research and her main scientific publications in journals such as <em>Interactive Learning Environments<\/em>, <em>International Journal of Bilingual Education and Bilingualism<\/em> or <em>Journal of Interactive Media in Education<\/em>.<\/p>\n<p>She has participated in several research projects in the educational field, mainly aimed at studying social networks within the classroom and the role that friendship and technology play in the dissemination of knowledge. She also has experience in the use of technology applied to teaching, both on virtual teaching platforms and in web applications for teaching and learning. As an evaluator, she has participated in quality evaluation processes in the Faculty of Economics and Business and in the School of Computer Science in Oviedo. She has also been a member of the Commission of Advisors for the Development of the European Higher Education Area in both faculties, helping teachers to design teaching guides adapted to the new requirements. Currently, she collaborates as an evaluator with the Agency for the Evaluation of the University System of Castilla y Le\u00f3n (ACSUCyL).<\/p>\n<h3><strong>Research Fields<\/strong><\/h3>\n<ul>\n<li><a href=\"http:\/\/www.unioviedo.es\/socialimen\/en\/investigacion-2\/lineas-de-investigacion\/1-la-alimentacion-las-sociedades-modernas\/\"><span class=\"breadcrumb_last\"> Food in modern societies<\/span><\/a><\/li>\n<li><a href=\"http:\/\/www.unioviedo.es\/socialimen\/en\/investigacion-2\/lineas-de-investigacion\/2-alimentacion-estructura-social\/\">Food and social structure<\/a><\/li>\n<\/ul>\n<h3><strong>Project participation<\/strong><\/h3>\n<ul>\n<li><strong>FLIPPED CLASSROOM EN ECONOM\u00cdA MUNDIAL: APLICACI\u00d3N EN UN ENTORNO BILING\u00dcE<\/strong><\/li>\n<\/ul>\n<p style=\"padding-left: 60px;\">(PINN 14-037); \u00a0Coordinadora Proyecto de Innovaci\u00f3n Docente de la Universidad de Oviedo.<\/p>\n<ul>\n<li><strong>HERRAMIENTAS DE MEDICI\u00d3N DEL IMPACTO DE LA INMERSI\u00d3N LING\u00dc\u00cdSTICA EN LA COMPETENCIA DE LOS ALUMNOS DE PRIMERO DEL GRADO EN ECONOM\u00cdA<\/strong><\/li>\n<\/ul>\n<p style=\"padding-left: 60px;\">(PINN-13-023); miembro del equipo Proyecto de Innovaci\u00f3n Docente coordinado por D. ANTONIO JOS\u00c9 JIM\u00c9NEZ MU\u00d1OZ.<\/p>\n<h3><strong>Publications<\/strong><\/h3>\n<ul>\n<li>Hern\u00e1ndez Nanclares, N., Garcia Mu\u00f1iz, S.,\u00a0Rienties, B. (2016).\u00a0Making the most of \u201cexternal\u201d group members in blended and online environments.\u00a0<strong>Interactive Learning Environments.\u00a0<\/strong>DOI: 10.1080\/10494820.2016.1140656. Once the\u00a0article has published online, it will be available at the following permanent link:\u00a0<a href=\"http:\/\/dx.doi.org\/10.1080\/10494820.2016.1140656\">http:\/\/dx.doi.org\/10.1080\/10494820.2016.1140656<\/a>\u00a0.<\/li>\n<li>Hern\u00e1ndez Nanclares, N.; Jimenez Mu\u00f1oz, A. (2015). English as a Medium of Instruction: Evidence for Language and Content Targets in Bilingual Education in Economics.\u00a0<strong>International Journal of Bilingual Education and Bilingualism.\u00a0<\/strong>DOI: 10.1080\/13670050.2015.1125847. Available on line http:\/\/dx.doi.org\/10.1080\/13670050.2015.1125847.<\/li>\n<li>Hern\u00e1ndez Nanclares, N.; Perez Rodriguez, M. (2015). Students\u2019 Satisfaction with a Blended Instructional Design: The Potential of \u201cFlipped Classroom\u201d in Higher Education.\u00a0<strong>Journal of Interactive Media in Education<\/strong>, 2016(1): 4, pp.\u20091\u201312, DOI: http:\/\/dx.doi.org\/10.5334\/jime.397<\/li>\n<li>Rienties, B., Hernandez Nanclares, N., Jindal-Snape, D., Alcott, P. (2013).\u00a0<a href=\"http:\/\/jsi.sagepub.com\/content\/early\/2012\/10\/30\/1028315312463826.abstract\">The role of cultural background and team divisions in developing social learning relations in the classroom<\/a>.\u00a0<strong>Journal of Studies in International Education<\/strong>. 17(4) (pp. 332-353) DOI: 10.1177\/1028315312463826.<\/li>\n<li>Hern\u00e1ndez Nanclares, N. (2016). The transition processes of Erasmus students: Motivation, social networks, and academic performance in by Jindal-Snape, \u00a0D. and Rienties B. (Eds.)\u00a0<a href=\"https:\/\/www.routledge.com\/products\/9781138890909\">Multi-dimensional Transitions of International Students to Higher Education<\/a>. New Perspectives on Learning and Instruction ISBN : 9781138890916 | Publisher : Routledge | Published : London<\/li>\n<\/ul>\n","protected":false},"excerpt":{"rendered":"<p>Position: ASSOCIATE PROFESSOR (PhD in Economics) Department: ECONOMICS Field: Economics Address:\u00a0Universidad de Oviedo.\u00a0Departamento de Econom\u00eda Aplicada.\u00a0Facultad de Econom\u00eda y Empresa.\u00a0Edificio Departamental, 2\u00ba Planta.\u00a0Campus de El Cristo. 33006 Oviedo. Asturias (Espa\u00f1a). Email: nhernan@uniovi.es Phone:\u00a0(+ 34) 985 104 990 Researchgate &nbsp; N\u00faria Hern\u00e1ndez Nanclares has a PhD in Economics and is a Professor in the Department of [&hellip;]<\/p>\n","protected":false},"author":3,"featured_media":2559,"parent":2951,"menu_order":4,"comment_status":"closed","ping_status":"closed","template":"","meta":{"_genesis_hide_title":false,"_genesis_hide_breadcrumbs":false,"_genesis_hide_singular_image":false,"_genesis_hide_footer_widgets":false,"_genesis_custom_body_class":"","_genesis_custom_post_class":"","_genesis_layout":"","footnotes":""},"class_list":{"0":"post-2924","1":"page","2":"type-page","3":"status-publish","4":"has-post-thumbnail","6":"entry","7":"gs-1","8":"gs-odd","9":"gs-even","10":"gs-featured-content-entry"},"_links":{"self":[{"href":"https:\/\/www.unioviedo.es\/socialimen\/en\/wp-json\/wp\/v2\/pages\/2924","targetHints":{"allow":["GET"]}}],"collection":[{"href":"https:\/\/www.unioviedo.es\/socialimen\/en\/wp-json\/wp\/v2\/pages"}],"about":[{"href":"https:\/\/www.unioviedo.es\/socialimen\/en\/wp-json\/wp\/v2\/types\/page"}],"author":[{"embeddable":true,"href":"https:\/\/www.unioviedo.es\/socialimen\/en\/wp-json\/wp\/v2\/users\/3"}],"replies":[{"embeddable":true,"href":"https:\/\/www.unioviedo.es\/socialimen\/en\/wp-json\/wp\/v2\/comments?post=2924"}],"version-history":[{"count":1,"href":"https:\/\/www.unioviedo.es\/socialimen\/en\/wp-json\/wp\/v2\/pages\/2924\/revisions"}],"predecessor-version":[{"id":3215,"href":"https:\/\/www.unioviedo.es\/socialimen\/en\/wp-json\/wp\/v2\/pages\/2924\/revisions\/3215"}],"up":[{"embeddable":true,"href":"https:\/\/www.unioviedo.es\/socialimen\/en\/wp-json\/wp\/v2\/pages\/2951"}],"wp:featuredmedia":[{"embeddable":true,"href":"https:\/\/www.unioviedo.es\/socialimen\/en\/wp-json\/wp\/v2\/media\/2559"}],"wp:attachment":[{"href":"https:\/\/www.unioviedo.es\/socialimen\/en\/wp-json\/wp\/v2\/media?parent=2924"}],"curies":[{"name":"wp","href":"https:\/\/api.w.org\/{rel}","templated":true}]}}