{"id":2927,"date":"2016-01-26T22:42:44","date_gmt":"2016-01-26T21:42:44","guid":{"rendered":"http:\/\/www.unioviedo.es\/socialimen\/sandra-sanchez-sanchez\/"},"modified":"2023-09-26T10:27:21","modified_gmt":"2023-09-26T08:27:21","slug":"sandra-sanchez-sanchez","status":"publish","type":"page","link":"https:\/\/www.unioviedo.es\/socialimen\/en\/team\/investigadores-uniovi\/sandra-sanchez-sanchez\/","title":{"rendered":"Sandra S\u00e1nchez S\u00e1nchez"},"content":{"rendered":"<p><img loading=\"lazy\" decoding=\"async\" class=\"size-medium wp-image-3424 alignleft\" src=\"https:\/\/www.unioviedo.es\/socialimen\/wp-content\/uploads\/2021\/10\/sandra-web-grupo-169x300.jpg\" alt=\"\" width=\"169\" height=\"300\" srcset=\"https:\/\/www.unioviedo.es\/socialimen\/wp-content\/uploads\/2021\/10\/sandra-web-grupo-169x300.jpg 169w, https:\/\/www.unioviedo.es\/socialimen\/wp-content\/uploads\/2021\/10\/sandra-web-grupo.jpg 540w\" sizes=\"auto, (max-width: 169px) 100vw, 169px\" \/><\/p>\n<p><strong>Position:<\/strong> PhD RESEARCH<span class=\"org\"><br \/>\n<\/span><strong>Department:<\/strong> SOCIOLOGY<span class=\"org\"><br \/>\n<\/span><strong>Field:<\/strong> Sociology<br \/>\n<strong>Address: <\/strong>Universidad de Oviedo.\u00a0Departamento de Sociolog\u00eda.\u00a0Facultad de Econom\u00eda y Empresa.\u00a0Edificio Departamental, 2\u00ba Planta.\u00a0Campus de El Cristo.<br \/>\n33006 Oviedo. Asturias (Espa\u00f1a).<br \/>\n<strong>Email<\/strong>: <a href=\"mailto:sandrasanchez.uo@gmail.com\">sandrasanchez.uo@gmail.com<\/a><\/p>\n<p>&nbsp;<\/p>\n<hr \/>\n<p>Having studied Philosophy for her first degree, History and Sociocultural Analysis for her Master\u2019s, both at the University of Oviedo, Sandra S\u00e1nchez received her PhD from the University of Oviedo in the Doctoral Programme on Economics and the Sociology of Globalization (July 2017), with a scholarship for University Teacher Training from the Ministry of Education, Culture, and Sport (2012).<\/p>\n<p>She belongs to the Sociology of Food Research Group at the University of Oviedo, where she wrote her doctoral thesis \u201cDeporte, alimentaci\u00f3n y salud: estudio intergeneracional sobre la construcci\u00f3n del cuerpo\u201d (\u201cSport, food, and health: An intergenerational study on the construction of the body\u201c), in which she investigated the most important changes in relation to sport, food, health, and how these influence the modifications (physical and ideal constructions) of the bodies. Given that bodily construction is both physical and symbolic and that engaging in sport physically modifies body shape and appearance, the research sample focused on men and women who have practised sport at various levels of competition and engagement.<\/p>\n<p>Currently, she is a member of the working group of the project on \u201cWomen, Sport and Dictatorship (1939\u20131975)\u201d in the R+D+I Programme 2013\u20132016.<\/p>\n<p>&nbsp;<\/p>\n<hr \/>\n<h3 style=\"text-align: justify;\"><strong>Research Fields<\/strong><\/h3>\n<ul style=\"text-align: justify;\">\n<li><a href=\"http:\/\/www.unioviedo.es\/socialimen\/en\/investigacion-2\/lineas-de-investigacion\/2-alimentacion-estructura-social\/\">Food and social structure<\/a>\n<ul>\n<li>Salud y Alimentaci\u00f3n<\/li>\n<\/ul>\n<\/li>\n<\/ul>\n<h3 style=\"text-align: justify;\"><strong>Project participation<\/strong><\/h3>\n<ul style=\"text-align: justify;\">\n<li><strong>Alimentaci\u00f3n y estructura social. An\u00e1lisis de las desigualdades sociales en Espa\u00f1a.<br \/>\n<\/strong><\/p>\n<ul>\n<li>Proyecto I + D + I del Programa Estatal de Investigaci\u00f3n.\u00a0 Ref. CSO2015-68434-R<\/li>\n<li>Investigadora Principal: Isabel Garc\u00eda Espejo<\/li>\n<\/ul>\n<\/li>\n<li><strong>Mujeres, deporte y dictadura. Memoria oral de las mujeres deportistas durante el Franquismo (1939-1975) (2013-2016)<\/strong><em><br \/>\n<\/em><\/li>\n<\/ul>\n<p style=\"padding-left: 60px; text-align: justify;\">Proyecto I + D + I del Programa Estatal de Investigaci\u00f3n. Ref. HAR2013-43652-R<\/p>\n<p style=\"padding-left: 60px; text-align: justify;\">Investigador Principal: Xavier Pujadas Mart\u00ed<\/p>\n<ul>\n<li>Evaluaci\u00f3n socioecon\u00f3mica del Salario Social B\u00e1sico en Asturias\n<ul>\n<li>Fundaci\u00f3n Universidad de Oviedo. Ref. FUO-369-16<\/li>\n<li>Investigador Principal: Javier D\u00edaz Mato<\/li>\n<\/ul>\n<\/li>\n<\/ul>\n<h3 style=\"text-align: justify;\"><strong>Publications<\/strong><\/h3>\n<ul>\n<li>D\u00edaz-M\u00e9ndez, Cecilia y\u00a0<strong>S\u00e1nchez-S\u00e1nchez, Sandra<\/strong>\u00a0(2019). \u201cAspectos sociol\u00f3gicos de la alimentaci\u00f3n de los mayores\u201d en Libro Blanco de la nutrici\u00f3n de las personas mayores en Espa\u00f1a, de Garc\u00eda Navarro y Varela Moreiras. Madrid. Fundaci\u00f3n Espa\u00f1ola de la Nutrici\u00f3n. Sociedad Espa\u00f1ola de Geriatr\u00eda y Gerontolog\u00eda, pp.507-511.<\/li>\n<li><strong>S\u00e1nchez-S\u00e1nchez, Sandra<\/strong>\u00a0(2017) \u201cLa Sociolog\u00eda de la Alimentaci\u00f3n en Espa\u00f1a: Origen y desarrollo de un campo de estudio a trav\u00e9s de los congresos cient\u00edficos de la disciplina\u201d. En Crist\u00f3bal G\u00f3mez Benito (coord.). Estudios de Socio-antropolog\u00eda de la alimentaci\u00f3n en Espa\u00f1a. Madrid: Ministerio de Agricultura, Pesca, Alimentaci\u00f3n y Medio Ambiente. 557-603<\/li>\n<li>Mato D\u00edaz, Javier (dir.), Otero Est\u00e9vez, Sonia y\u00a0<strong>S\u00e1nchez S\u00e1nchez, Sandra<\/strong>\u00a0y Valdavida Casta\u00f1o, Emiliano (2017).\u00a0<em>Evaluaci\u00f3n socioecon\u00f3mica del Salario Social B\u00e1sico en Asturias. Evoluci\u00f3n, Perfiles, Procesos de salida y retorno econ\u00f3mico<\/em>. Asturias: Consejer\u00eda de Servicios y Derechos Sociales del Principado de Asturias. Gobierno del Principado de Asturias.<\/li>\n<li>Parrilla Fern\u00e1ndez, Jos\u00e9 Manuel y\u00a0<strong>S\u00e1nchez S\u00e1nchez, Sandra<\/strong>\u00a0(2018). \u201cTransformaciones en la construcci\u00f3n de la identidad de las deportistas espa\u00f1olas. Entrenamiento, alimentaci\u00f3n y corporalidad\u201d PAPERS, Revista de Sociolog\u00eda, 103 (1):101-128.<a href=\"http:\/\/dx.doi.org\/10.5565\/rev\/papers.2276\">\u00a0http:\/\/dx.doi.org\/10.5565\/rev\/papers.2276<\/a><\/li>\n<\/ul>\n","protected":false},"excerpt":{"rendered":"<p>Position: PhD RESEARCH Department: SOCIOLOGY Field: Sociology Address: Universidad de Oviedo.\u00a0Departamento de Sociolog\u00eda.\u00a0Facultad de Econom\u00eda y Empresa.\u00a0Edificio Departamental, 2\u00ba Planta.\u00a0Campus de El Cristo. 33006 Oviedo. Asturias (Espa\u00f1a). Email: sandrasanchez.uo@gmail.com &nbsp; Having studied Philosophy for her first degree, History and Sociocultural Analysis for her Master\u2019s, both at the University of Oviedo, Sandra S\u00e1nchez received her PhD [&hellip;]<\/p>\n","protected":false},"author":2,"featured_media":3424,"parent":2951,"menu_order":10,"comment_status":"closed","ping_status":"closed","template":"","meta":{"_genesis_hide_title":false,"_genesis_hide_breadcrumbs":false,"_genesis_hide_singular_image":false,"_genesis_hide_footer_widgets":false,"_genesis_custom_body_class":"","_genesis_custom_post_class":"","_genesis_layout":"","footnotes":""},"class_list":{"0":"post-2927","1":"page","2":"type-page","3":"status-publish","4":"has-post-thumbnail","6":"entry","7":"gs-1","8":"gs-odd","9":"gs-even","10":"gs-featured-content-entry"},"_links":{"self":[{"href":"https:\/\/www.unioviedo.es\/socialimen\/en\/wp-json\/wp\/v2\/pages\/2927","targetHints":{"allow":["GET"]}}],"collection":[{"href":"https:\/\/www.unioviedo.es\/socialimen\/en\/wp-json\/wp\/v2\/pages"}],"about":[{"href":"https:\/\/www.unioviedo.es\/socialimen\/en\/wp-json\/wp\/v2\/types\/page"}],"author":[{"embeddable":true,"href":"https:\/\/www.unioviedo.es\/socialimen\/en\/wp-json\/wp\/v2\/users\/2"}],"replies":[{"embeddable":true,"href":"https:\/\/www.unioviedo.es\/socialimen\/en\/wp-json\/wp\/v2\/comments?post=2927"}],"version-history":[{"count":4,"href":"https:\/\/www.unioviedo.es\/socialimen\/en\/wp-json\/wp\/v2\/pages\/2927\/revisions"}],"predecessor-version":[{"id":3882,"href":"https:\/\/www.unioviedo.es\/socialimen\/en\/wp-json\/wp\/v2\/pages\/2927\/revisions\/3882"}],"up":[{"embeddable":true,"href":"https:\/\/www.unioviedo.es\/socialimen\/en\/wp-json\/wp\/v2\/pages\/2951"}],"wp:featuredmedia":[{"embeddable":true,"href":"https:\/\/www.unioviedo.es\/socialimen\/en\/wp-json\/wp\/v2\/media\/3424"}],"wp:attachment":[{"href":"https:\/\/www.unioviedo.es\/socialimen\/en\/wp-json\/wp\/v2\/media?parent=2927"}],"curies":[{"name":"wp","href":"https:\/\/api.w.org\/{rel}","templated":true}]}}