{"id":2929,"date":"2016-01-26T22:08:13","date_gmt":"2016-01-26T21:08:13","guid":{"rendered":"http:\/\/www.unioviedo.es\/socialimen\/guadalupe-ramos-truchero\/"},"modified":"2023-09-26T10:46:10","modified_gmt":"2023-09-26T08:46:10","slug":"guadalupe-ramos-truchero","status":"publish","type":"page","link":"https:\/\/www.unioviedo.es\/socialimen\/en\/team\/investigadores-de-otras-universidades\/guadalupe-ramos-truchero\/","title":{"rendered":"Guadalupe Ramos Truchero"},"content":{"rendered":"<p><strong><img loading=\"lazy\" decoding=\"async\" class=\"size-medium wp-image-3447 alignleft\" src=\"https:\/\/www.unioviedo.es\/socialimen\/wp-content\/uploads\/2021\/10\/guadalupe-188x300.png\" alt=\"\" width=\"188\" height=\"300\" srcset=\"https:\/\/www.unioviedo.es\/socialimen\/wp-content\/uploads\/2021\/10\/guadalupe-188x300.png 188w, https:\/\/www.unioviedo.es\/socialimen\/wp-content\/uploads\/2021\/10\/guadalupe.png 279w\" sizes=\"auto, (max-width: 188px) 100vw, 188px\" \/>Position:<\/strong> RESEARCHER FROM ANOTHER CENTRE R+D. Associate Professor (Universidad de Valladolid).<\/p>\n<p><strong>Department:<\/strong> Sociology<\/p>\n<p><strong>Field:<\/strong> Sociology<\/p>\n<p><strong>Address:<\/strong> Universidad de Valladolid. Calle Universidad, s\/n. 42004 Soria (Espa\u00f1a).<\/p>\n<p><strong>Email:<\/strong> <a href=\"mailto:guadalupe.ramos@uva.es\">guadalupe.ramos@uva.es<\/a><\/p>\n<p><strong>Phone:<\/strong> (+34) 975 129 247<\/p>\n<p><a href=\"https:\/\/www.researchgate.net\/profile\/Guadalupe_Ramos_Truchero\">ResearchGate<\/a><\/p>\n<p>&nbsp;<\/p>\n<hr \/>\n<p><strong>Guadalupe Ramos Truchero<\/strong> has a PhD in Sociology from the University of the Basque Country and a degree in Sociology from the University of Salamanca. She was a pre-doctoral scholarship holder of the Basque Government.<\/p>\n<p>She is an Associate Professor in the Department of Sociology and Social Work at the University of Valladolid in the Faculty of Education at the Duques de Soria Campus, where she is currently the Academic Secretary (<a href=\"https:\/\/www.facultadeducacionsoria.org\">https:\/\/www.facultadeducacionsoria.org<\/a>\/).<\/p>\n<p>Her research career started in the field of Rural Sociology and Agriculture with the study of the socio-economic impact of rural development policies in the European Union and research on the generational change on family farms in the Basque Country, the basis of her doctoral thesis. Later on, her research moved towards other areas such as employment and business, and she has worked on the quality of employment, job satisfaction, and equal opportunities in the rural environment. In recent years, she has been working on food-related issues within <em>the Food Sociology Research Group at the University of Oviedo.<\/em><\/p>\n<p>She is part of several research groups. As part of them, she has worked in European, national, and regional projects, investigating topics such as farmers\u2019 and municipal institutions\u2019 agro-environmental commitment to the fight against climate change through the application of agro-forestry production systems (LIFE + projects: \u201cGreen Deserts\u201d [European Commission\u2019s Best Life Award 2016\u201317] and \u201cOperation CO2\u201d); counter-urbanisation in Spain (CS02011\u201327981); social practices linked to food outside the home in Spain and the United Kingdom (CSO2012\u201331904); evaluation of rural development programmes in the Basque Autonomous Community; the study of inequalities in access to food shops and food deserts. At present, she is participating in the project \u201cFood and social structure. Analysis of food inequalities\u201d (CSO2015\u201368434\u2013R) and in educational projects on the use of \u201cecodidactic\u201c gardens and their link to food education (Cultive a better world. El uso did\u00e1ctico de huertos ecol\u00f3gicos para la mejora del aprendizaje del alumnado de Educaci\u00f3n Primaria, Secundaria, Formaci\u00f3n Profesional y Universidad (\u201cCultivate a better world. The Didactic Use of Ecological Gardens for the Improvement of Students\u2019 Learning in Primary, Secondary, Vocational, and University Education\u201d, EDUJCYL2016\u2013INV03).<\/p>\n<p>With this research evidence, she has participated in more than twenty national and international conferences as part of working groups dedicated to rural, agricultural, and food issues.<\/p>\n<p>She had several residencies as a pre-doctoral researcher at the University of Helsinki (2001) and at the Rural Economy Research Centre TEAGASC (Agricultural and Food Development Authority) in Dublin (2002), as a visiting professor at the University of Manchester (2010) and at Kansas State University in the United States (2014) on a post-doctoral programme, where she researched rural food deserts. This research project was selected by the Fulbright Commission and the Ministry of Education, Culture and Sports for a research grant (Jos\u00e9 Castillejo-Fulbright 2014).<\/p>\n<p>Between 2016 and 2020 she chaired the Sociology of Food Research Committee of the Spanish Federation of Sociology (FES) and currently holds several positions in scientific, technical and\/or advisory committees: she is regional representative for Southern European countries in the RC 40 Agriculture and Food of the International Sociological Association (ISA) (https:\/\/www.isa-agrifood.com\/), she is part of the coordination team of the Observatory of the Right to Food in Spain (ODA-E) (https:\/\/www.derechoalimentacion.org\/) and she is a member of the scientific committee of the Danone Spain Institute (https:\/\/institutodanone.es\/).<\/p>\n<ul>\n<li>Orcid ID: 0000-0003-1292-6524<\/li>\n<li>Researcher ID: G-8057-2017<\/li>\n<li>Scopus Author ID: 55966105500<\/li>\n<\/ul>\n<h3 style=\"text-align: justify;\"><strong>Publications:<\/strong><\/h3>\n<ul>\n<li>Rafael Su\u00e1rez L\u00f3pez;\u00a0<strong>Guadalupe Ramos Truchero<\/strong>; David Tutor; Claudia Guti\u00e9rrez. (2\/4) (2021).\u00a0 Percepciones y aprendizajes en un huerto educativo en Educaci\u00f3n Primaria.\u00a0<em>Investigaci\u00f3n en la escuela<\/em>, n\u00ba 103, pp.64-74. ISSN 2443-9991.<strong>\u00a0<\/strong><a href=\"https:\/\/doi.org\/10.12795\/IE.2021.i103.05\">https:\/\/doi.org\/10.12795\/IE.2021.i103.05<\/a><\/li>\n<li>Marcia Eugenio-Gozalbo;\u00a0<strong>Guadalupe Ramos-Truchero<\/strong>; Rafael Su\u00e1rez (3\/2) (2021). University gardens for sustainable citizenship: assessing the impacts of garden-based learning on environmental and food education at Spanish in Higher Education.\u00a0<em>International Journal of Sustainability in Higher Education<\/em>, Vol. 22 (3), pp. 516-534. \u00a0<a href=\"https:\/\/doi.org\/10.1108\/IJSHE-06-2020-0208\">https:\/\/doi.org\/10.1108\/IJSHE-06-2020-0208<\/a><\/li>\n<li><strong>Guadalupe Ramos Truchero.\u00a0<\/strong>(1\/1). 2020<strong>.\u00a0<\/strong>Din\u00e1micas de abastecimiento alimentario en las zonas rurales espa\u00f1olas. Resolviendo la comida diaria cuando faltas las tiendas.\u00a0<em>Panorama Social<\/em>. Funcas. 31, pp. 87-100. Disponible en:\u00a0<a href=\"https:\/\/www.funcas.es\/articulos\/dinamicas-de-abastecimiento-alimentario-en-las-zonas-rurales-espanolas-resolviendo-la-comida-diaria-cuando-faltan-las-tiendas\/\">https:\/\/www.funcas.es\/articulos\/dinamicas-de-abastecimiento-alimentario-en-las-zonas-rurales-espanolas-resolviendo-la-comida-diaria-cuando-faltan-las-tiendas\/<\/a><\/li>\n<li>Marcia Eugenio Gozalbo;\u00a0<strong>Guadalupe Ramos Truchero<\/strong>; Cristina Vall\u00e9s Rapp. (3\/2). 2019. Aprendizaje de las ciencias naturales basado en el uso de huertos ecol\u00f3gicos: identificaci\u00f3n de las dimensiones percibidas por futuros maestros.\u00a0<em>Ense\u00f1anza de las Ciencias. Revista de Investigaci\u00f3n y Experiencias did\u00e1cticas<\/em>. 37-3, pp.111-127. ISSN 2174-6486.\u00a0<a href=\"https:\/\/doi.org\/10.5565\/rev\/ensciencias.2657\">https:\/\/doi.org\/10.5565\/rev\/ensciencias.2657<\/a><\/li>\n<li><strong>Guadalupe Ramos Truchero<\/strong>; Elio Casta\u00f1o Su\u00e1rez. (2\/1). 2018. Comer fuera de casa en tiempos de crisis: austeridad y formas de resistencia.\u00a0<em>Revista Espa\u00f1ola de Sociolog\u00eda<\/em>\u00a0(RES). 27-2, pp.219-236. ISSN 1578-2824.\u00a0<a href=\"https:\/\/doi.org\/10.22325\/fes\/res.2018.39\">https:\/\/doi.org\/10.22325\/fes\/res.2018.39<\/a><\/li>\n<li><strong>Guadalupe Ramos Truchero<\/strong>. (1\/1). 2017. El reto de comer en las \u00e1reas rurales\u00a0<em>Documentaci\u00f3n Social. Estudios sociales y Sociolog\u00eda Aplicada<\/em>. 185, pp.121-135. ISSN 0417-8106. Disponible en:\u00a0<a href=\"https:\/\/www.researchgate.net\/publication\/323628384_El_reto_de_comer_en_las_areas_rurales\">https:\/\/www.researchgate.net\/publication\/323628384_El_reto_de_comer_en_las_areas_rurales<\/a><\/li>\n<li><strong>Guadalupe Ramos Truchero<\/strong>. (1\/1) 2015. Revisi\u00f3n te\u00f3rica y limitaciones al concepto de desiertos alimentarios.\u00a0<em>Revista de Humanidades<\/em>. 23, pp.1-21. Disponible en:\u00a0<a href=\"http:\/\/revistas.uned.es\/index.php\/rdh\/article\/view\/14211\">http:\/\/revistas.uned.es\/index.php\/rdh\/article\/view\/14211<\/a><\/li>\n<li><strong>Guadalupe Ramos Truchero<\/strong>. (1\/1). 2013. Alimentaci\u00f3n e identidad territorial en la producci\u00f3n de queso Idiazabal.\u00a0<em>Lurralde: Investigaci\u00f3n y Espacio.<\/em>\u00a036, pp.15-30. ISSN 0211-5891. Disponible en:\u00a0\u00a0<a href=\"http:\/\/www.ingeba.org\/lurralde\/index.htm\">http:\/\/www.ingeba.org\/lurralde\/index.htm<\/a><\/li>\n<li><strong>Guadalupe Ramos Truchero<\/strong>. (1\/1). 2010. En el \u00e1ngulo muerto de la ganader\u00eda familiar vasca: las mujeres ante el relevo generacional del ovino de leche vasco.\u00a0<em>Lurralde: Investigaci\u00f3n y Espacio<\/em>. 33, pp.97-117. ISSN 0211-5891. Disponible en:\u00a0<a href=\"http:\/\/www.ingeba.org\/lurralde\/index.htm\">http:\/\/www.ingeba.org\/lurralde\/index.htm<\/a><\/li>\n<li><strong>Guadalupe Ramos Truchero<\/strong>. (1\/1). 2005. The continuity of family agriculture and the succession system: The Basque Case.\u00a0<em>The Journal of Comparative\u00a0<\/em><em>Family Studies<\/em>. 36-3, pp.367-375. ISSN 0047-2328. Disponible:\u00a0<a href=\"https:\/\/www.jstor.org\/stable\/41604020?seq=1\">https:\/\/www.jstor.org\/stable\/41604020?seq=1<\/a><\/li>\n<\/ul>\n","protected":false},"excerpt":{"rendered":"<p>Position: RESEARCHER FROM ANOTHER CENTRE R+D. Associate Professor (Universidad de Valladolid). Department: Sociology Field: Sociology Address: Universidad de Valladolid. Calle Universidad, s\/n. 42004 Soria (Espa\u00f1a). Email: guadalupe.ramos@uva.es Phone: (+34) 975 129 247 ResearchGate &nbsp; Guadalupe Ramos Truchero has a PhD in Sociology from the University of the Basque Country and a degree in Sociology from [&hellip;]<\/p>\n","protected":false},"author":2,"featured_media":3447,"parent":2939,"menu_order":6,"comment_status":"closed","ping_status":"closed","template":"","meta":{"_genesis_hide_title":false,"_genesis_hide_breadcrumbs":false,"_genesis_hide_singular_image":false,"_genesis_hide_footer_widgets":false,"_genesis_custom_body_class":"","_genesis_custom_post_class":"","_genesis_layout":"","footnotes":""},"class_list":{"0":"post-2929","1":"page","2":"type-page","3":"status-publish","4":"has-post-thumbnail","6":"entry","7":"gs-1","8":"gs-odd","9":"gs-even","10":"gs-featured-content-entry"},"_links":{"self":[{"href":"https:\/\/www.unioviedo.es\/socialimen\/en\/wp-json\/wp\/v2\/pages\/2929","targetHints":{"allow":["GET"]}}],"collection":[{"href":"https:\/\/www.unioviedo.es\/socialimen\/en\/wp-json\/wp\/v2\/pages"}],"about":[{"href":"https:\/\/www.unioviedo.es\/socialimen\/en\/wp-json\/wp\/v2\/types\/page"}],"author":[{"embeddable":true,"href":"https:\/\/www.unioviedo.es\/socialimen\/en\/wp-json\/wp\/v2\/users\/2"}],"replies":[{"embeddable":true,"href":"https:\/\/www.unioviedo.es\/socialimen\/en\/wp-json\/wp\/v2\/comments?post=2929"}],"version-history":[{"count":3,"href":"https:\/\/www.unioviedo.es\/socialimen\/en\/wp-json\/wp\/v2\/pages\/2929\/revisions"}],"predecessor-version":[{"id":3890,"href":"https:\/\/www.unioviedo.es\/socialimen\/en\/wp-json\/wp\/v2\/pages\/2929\/revisions\/3890"}],"up":[{"embeddable":true,"href":"https:\/\/www.unioviedo.es\/socialimen\/en\/wp-json\/wp\/v2\/pages\/2939"}],"wp:featuredmedia":[{"embeddable":true,"href":"https:\/\/www.unioviedo.es\/socialimen\/en\/wp-json\/wp\/v2\/media\/3447"}],"wp:attachment":[{"href":"https:\/\/www.unioviedo.es\/socialimen\/en\/wp-json\/wp\/v2\/media?parent=2929"}],"curies":[{"name":"wp","href":"https:\/\/api.w.org\/{rel}","templated":true}]}}