{"id":2930,"date":"2016-01-26T22:07:45","date_gmt":"2016-01-26T21:07:45","guid":{"rendered":"http:\/\/www.unioviedo.es\/socialimen\/paloma-herrero-racionero\/"},"modified":"2023-09-26T10:56:02","modified_gmt":"2023-09-26T08:56:02","slug":"paloma-herrero-racionero","status":"publish","type":"page","link":"https:\/\/www.unioviedo.es\/socialimen\/en\/team\/investigadores-de-otras-universidades\/paloma-herrero-racionero\/","title":{"rendered":"Paloma Herrero Racionero"},"content":{"rendered":"<p style=\"margin: 0cm; margin-bottom: .0001pt;\"><strong><img loading=\"lazy\" decoding=\"async\" class=\"size-medium wp-image-3438 alignleft\" src=\"https:\/\/www.unioviedo.es\/socialimen\/wp-content\/uploads\/2021\/10\/paloma-herrera-271x300.jpg\" alt=\"\" width=\"271\" height=\"300\" srcset=\"https:\/\/www.unioviedo.es\/socialimen\/wp-content\/uploads\/2021\/10\/paloma-herrera-271x300.jpg 271w, https:\/\/www.unioviedo.es\/socialimen\/wp-content\/uploads\/2021\/10\/paloma-herrera.jpg 334w\" sizes=\"auto, (max-width: 271px) 100vw, 271px\" \/>Position:<\/strong> RESEARCHER FROM ANOTHER CENTRE R+D. FULL UNIVERSITY PROFESSOR (Universidad Polit\u00e9cnica de Valencia) .<br \/>\n<strong>Department:<\/strong> Department of Economics and Social Sciences.<br \/>\n<strong>Field: <\/strong>Sociology.<br \/>\n<strong>Address: <\/strong>Escola Polit\u00e8cnica Superior de Gandia Universitat Polit\u00e8cnica de Val\u00e8ncia. Calle Paranimf, 1 46730 Gandia. Val\u00e8ncia. Espanya<\/p>\n<p style=\"margin: 0cm; margin-bottom: .0001pt;\"><strong>Email: <\/strong>paherra@esp.upv.es<\/p>\n<p style=\"margin: 0cm; margin-bottom: .0001pt;\"><strong>Phone: <\/strong>962849394\u00a0 (Ext.:49394)<\/p>\n<p style=\"margin: 0cm; margin-bottom: .0001pt;\"><a href=\"https:\/\/www.researchgate.net\/profile\/Paloma_Herrera-Racionero\">Researchgate<\/a><\/p>\n<p>&nbsp;<\/p>\n<hr \/>\n<p style=\"text-align: justify;\">Paloma Herrera-Racionero has a PhD from the Polytechnic University of Valencia and is a professor of Sociology and Environment and Society at the same university. She is currently a member of the Research Group on Sociology of Food in Spain and the Research Institute for Integrated Coastal Zone Management (IGIC), research teams in the fields of the Sociology of Food, Rural Sociology, and Sociology of the Environment. Author of the book Del comer al nutrir. La ignorancia ilustrada del comensal moderno (From eating to nutrition: the enlightened ignorance of the modern diner; Madrid, Plaza y Vald\u00e9s, 2010), she has published several articles and book chapters focusing on the analysis of food behaviour and its transformations from a social perspective, the perceptions of and attitudes towards transgenic foods, and the situation of irrigated agriculture and rural development.<\/p>\n<h3><strong>Publications<\/strong><\/h3>\n<ul>\n<li>Herrera Racionero, P. y Lizcano, E. (2021). \u201cRevoluci\u00f3n azul y gobernanza en la pesca\u201d, en\u00a0<em>El malestar con la alimentaci\u00f3n<\/em>, Ed. Trea (ISBN:\u00a0 978-84-18105-33-3), pp. 113-130<\/li>\n<li>Herrera\u2010Racionero, P., Lizcano, E., Miret\u2010Pastor, L. and Mascarell, Y. (2021). \u2018The Sea is Our Life\u2019. Woman in the Fishery Sector of the Valencian Community.\u00a0<em>Sociologia Ruralis<\/em>, 61 (1): 278-300<\/li>\n<li>Herrera-Racionero, P., Mart\u00ednez-Novo, R., Lizcano, E., Miret-Pastor, L. (2020). Sea-based aquafarming and traditional fishery: Oceans apart?\u00a0<em>Journal of Rural Studies<\/em>, 78: 123-130<\/li>\n<li>Miret Pastor, L., Molina-Garc\u00eda, A.; Garc\u00eda-Aranda, C.; Herrera-Racionero, P. (2020). The connection between recreational fishing and the traditional fishing sector in the emerging area of marine tourism: challenges and opportunities for diversification with the European Fisheries Fund (EFF).\u00a0<em>ICES Journal of Marine Science<\/em>, 77 (6): 2369\u20132374<\/li>\n<li>Herrera-Racionero, P.; Lizcano, E.; Miret Pastor, L.; Mascarell-Rocher, Y. (2019). The Spanish Mediterranean Fishing Guilds (Cofrad\u00edas): An Example of Collaborative Management with a Key Role in Sustainable Fisheries.: Fisheries 44 (4): 172-182<\/li>\n<\/ul>\n","protected":false},"excerpt":{"rendered":"<p>Position: RESEARCHER FROM ANOTHER CENTRE R+D. FULL UNIVERSITY PROFESSOR (Universidad Polit\u00e9cnica de Valencia) . Department: Department of Economics and Social Sciences. Field: Sociology. Address: Escola Polit\u00e8cnica Superior de Gandia Universitat Polit\u00e8cnica de Val\u00e8ncia. Calle Paranimf, 1 46730 Gandia. Val\u00e8ncia. Espanya Email: paherra@esp.upv.es Phone: 962849394\u00a0 (Ext.:49394) Researchgate &nbsp; Paloma Herrera-Racionero has a PhD from the Polytechnic [&hellip;]<\/p>\n","protected":false},"author":2,"featured_media":3438,"parent":2939,"menu_order":3,"comment_status":"closed","ping_status":"closed","template":"","meta":{"_genesis_hide_title":false,"_genesis_hide_breadcrumbs":false,"_genesis_hide_singular_image":false,"_genesis_hide_footer_widgets":false,"_genesis_custom_body_class":"","_genesis_custom_post_class":"","_genesis_layout":"","footnotes":""},"class_list":{"0":"post-2930","1":"page","2":"type-page","3":"status-publish","4":"has-post-thumbnail","6":"entry","7":"gs-1","8":"gs-odd","9":"gs-even","10":"gs-featured-content-entry"},"_links":{"self":[{"href":"https:\/\/www.unioviedo.es\/socialimen\/en\/wp-json\/wp\/v2\/pages\/2930","targetHints":{"allow":["GET"]}}],"collection":[{"href":"https:\/\/www.unioviedo.es\/socialimen\/en\/wp-json\/wp\/v2\/pages"}],"about":[{"href":"https:\/\/www.unioviedo.es\/socialimen\/en\/wp-json\/wp\/v2\/types\/page"}],"author":[{"embeddable":true,"href":"https:\/\/www.unioviedo.es\/socialimen\/en\/wp-json\/wp\/v2\/users\/2"}],"replies":[{"embeddable":true,"href":"https:\/\/www.unioviedo.es\/socialimen\/en\/wp-json\/wp\/v2\/comments?post=2930"}],"version-history":[{"count":3,"href":"https:\/\/www.unioviedo.es\/socialimen\/en\/wp-json\/wp\/v2\/pages\/2930\/revisions"}],"predecessor-version":[{"id":3895,"href":"https:\/\/www.unioviedo.es\/socialimen\/en\/wp-json\/wp\/v2\/pages\/2930\/revisions\/3895"}],"up":[{"embeddable":true,"href":"https:\/\/www.unioviedo.es\/socialimen\/en\/wp-json\/wp\/v2\/pages\/2939"}],"wp:featuredmedia":[{"embeddable":true,"href":"https:\/\/www.unioviedo.es\/socialimen\/en\/wp-json\/wp\/v2\/media\/3438"}],"wp:attachment":[{"href":"https:\/\/www.unioviedo.es\/socialimen\/en\/wp-json\/wp\/v2\/media?parent=2930"}],"curies":[{"name":"wp","href":"https:\/\/api.w.org\/{rel}","templated":true}]}}