{"id":2938,"date":"2016-01-26T19:09:58","date_gmt":"2016-01-26T18:09:58","guid":{"rendered":"http:\/\/www.unioviedo.es\/socialimen\/manuel-javier-callejo-gallego\/"},"modified":"2023-09-26T10:59:38","modified_gmt":"2023-09-26T08:59:38","slug":"manuel-javier-callejo-gallego","status":"publish","type":"page","link":"https:\/\/www.unioviedo.es\/socialimen\/en\/team\/investigadores-de-otras-universidades\/manuel-javier-callejo-gallego\/","title":{"rendered":"Manuel Javier Callejo Gallego"},"content":{"rendered":"<p><span class=\"org\"><strong><img loading=\"lazy\" decoding=\"async\" class=\"size-medium wp-image-3430 alignleft\" src=\"https:\/\/www.unioviedo.es\/socialimen\/wp-content\/uploads\/2021\/10\/javier-callejo-223x300.png\" alt=\"\" width=\"223\" height=\"300\" srcset=\"https:\/\/www.unioviedo.es\/socialimen\/wp-content\/uploads\/2021\/10\/javier-callejo-223x300.png 223w, https:\/\/www.unioviedo.es\/socialimen\/wp-content\/uploads\/2021\/10\/javier-callejo.png 336w\" sizes=\"auto, (max-width: 223px) 100vw, 223px\" \/>Position:<\/strong> RESEARCHER FROM ANOTHER CENTRE R+D. (Universidad Nacional de Educaci\u00f3n a Distancia; National University of Distance Learning).<br \/>\n<\/span><strong>Department:<\/strong> SOCIOLOGY<span class=\"org\"><br \/>\n<\/span><strong>Field:<\/strong> Sociology of Food Research Group.<br \/>\n<strong>Address: <\/strong>Universidad de Oviedo.\u00a0Departamento de Sociolog\u00eda.\u00a0Facultad de Econom\u00eda y Empresa.\u00a0Edificio Departamental, 2\u00ba Planta.\u00a0Campus de El Cristo.<br \/>\n33006 Oviedo. Asturias (Espa\u00f1a).<\/p>\n<p>Javier Callejo is University Professor at UNED (the National University of Distance Learning). Department of Sociology I: Theory, Methodology, and Social Change, which he currently heads.<\/p>\n<p>Area of Sociology: teaching in connection with the Sociology of Food: Social Research Techniques I and II (Sociology degree course, UNED) and Lifestyles and Consumption (Master\u2019s degree in Sociocultural Analysis, UCM).<\/p>\n<h3><strong>Publications<\/strong><\/h3>\n<ul>\n<li>Javier Callejo (2021): \u201cEl discurso ausente: el caso del cambio clim\u00e1tico\u201d.\u00a0<em>Papers\u00a0<\/em>(pendiente de asignar n\u00famero).<a href=\"http:\/\/dx.doi.org\/10.5565\/rev\/papers.2802\">\u00a0http:\/\/dx.doi.org\/10.5565\/rev\/papers.2802<\/a><\/li>\n<li>Javier Callejo (2020): \u201cLa sombra de la incertidumbre\u201d, en Ram\u00f3n Ramos Torre y Fernando J. Garc\u00eda Selgas,\u00a0<em>Incertidumbres en las sociedades contempor\u00e1neas<\/em>, Madrid: Centro de Investigaciones Sociol\u00f3gicas, pp.47-68.<\/li>\n<li>\u00c1ngel Alonso-Dom\u00ednguez, Javier Callejo, Cecilia D\u00edaz-M\u00e9ndez (2020): \u201cHow the type of working day affects work\u2013life balance and mealtime balance: A study based on the time use survey\u201d,\u00a0<em>Time &amp; Society<\/em>,\u00a0First Published 13 Aug 2020. Link:\u00a0<a href=\"https:\/\/doi.org\/10.1177%2F0961463X20947531\">https:\/\/doi.org\/10.1177\/0961463X20947531<\/a><\/li>\n<li>Javier Callejo y Yolanda Agudo (2019): \u201cAn\u00e1lisis cuantitativo y cualitativo de las cuentas del Estado espa\u00f1ol en Facebook y Twitter\u201d,\u00a0<em>El profesional de la informaci\u00f3n<\/em>, vol. 28 (5)\u00a0<a href=\"https:\/\/doi.org\/10.3145\/EPI\">https:\/\/doi.org\/10.3145\/EPI<\/a><\/li>\n<li>Javier Callejo (2019): \u201cInvestigaci\u00f3n de audiencias: lost in transition\u201d,\u00a0<em>CIC, Cuadernos de Informaci\u00f3n y Comunicaci\u00f3n,<\/em>\u00a0n\u00ba. 24, 2019, pp. 155-173.\u00a0<a href=\"http:\/\/dx.doi.org\/10.5209\/ciyc.64636\">http:\/\/dx.doi.org\/10.5209\/ciyc.64636<\/a><\/li>\n<li>Javier Callejo (2019): \u201cLo que callar y discurso quieren decir para la sociolog\u00eda emp\u00edrica\u201d,\u00a0<em>Cinta moebio<\/em>\u00a065: 194-208 doi: 10.4067\/S0717-554X2019000200194<\/li>\n<\/ul>\n","protected":false},"excerpt":{"rendered":"<p>Position: RESEARCHER FROM ANOTHER CENTRE R+D. (Universidad Nacional de Educaci\u00f3n a Distancia; National University of Distance Learning). Department: SOCIOLOGY Field: Sociology of Food Research Group. Address: Universidad de Oviedo.\u00a0Departamento de Sociolog\u00eda.\u00a0Facultad de Econom\u00eda y Empresa.\u00a0Edificio Departamental, 2\u00ba Planta.\u00a0Campus de El Cristo. 33006 Oviedo. Asturias (Espa\u00f1a). Javier Callejo is University Professor at UNED (the National University [&hellip;]<\/p>\n","protected":false},"author":2,"featured_media":3430,"parent":2939,"menu_order":0,"comment_status":"closed","ping_status":"closed","template":"","meta":{"_genesis_hide_title":false,"_genesis_hide_breadcrumbs":false,"_genesis_hide_singular_image":false,"_genesis_hide_footer_widgets":false,"_genesis_custom_body_class":"","_genesis_custom_post_class":"","_genesis_layout":"","footnotes":""},"class_list":{"0":"post-2938","1":"page","2":"type-page","3":"status-publish","4":"has-post-thumbnail","6":"entry","7":"gs-1","8":"gs-odd","9":"gs-even","10":"gs-featured-content-entry"},"_links":{"self":[{"href":"https:\/\/www.unioviedo.es\/socialimen\/en\/wp-json\/wp\/v2\/pages\/2938","targetHints":{"allow":["GET"]}}],"collection":[{"href":"https:\/\/www.unioviedo.es\/socialimen\/en\/wp-json\/wp\/v2\/pages"}],"about":[{"href":"https:\/\/www.unioviedo.es\/socialimen\/en\/wp-json\/wp\/v2\/types\/page"}],"author":[{"embeddable":true,"href":"https:\/\/www.unioviedo.es\/socialimen\/en\/wp-json\/wp\/v2\/users\/2"}],"replies":[{"embeddable":true,"href":"https:\/\/www.unioviedo.es\/socialimen\/en\/wp-json\/wp\/v2\/comments?post=2938"}],"version-history":[{"count":4,"href":"https:\/\/www.unioviedo.es\/socialimen\/en\/wp-json\/wp\/v2\/pages\/2938\/revisions"}],"predecessor-version":[{"id":3899,"href":"https:\/\/www.unioviedo.es\/socialimen\/en\/wp-json\/wp\/v2\/pages\/2938\/revisions\/3899"}],"up":[{"embeddable":true,"href":"https:\/\/www.unioviedo.es\/socialimen\/en\/wp-json\/wp\/v2\/pages\/2939"}],"wp:featuredmedia":[{"embeddable":true,"href":"https:\/\/www.unioviedo.es\/socialimen\/en\/wp-json\/wp\/v2\/media\/3430"}],"wp:attachment":[{"href":"https:\/\/www.unioviedo.es\/socialimen\/en\/wp-json\/wp\/v2\/media?parent=2938"}],"curies":[{"name":"wp","href":"https:\/\/api.w.org\/{rel}","templated":true}]}}