{"id":2941,"date":"2016-01-26T16:37:07","date_gmt":"2016-01-26T15:37:07","guid":{"rendered":"http:\/\/www.unioviedo.es\/socialimen\/presentacion\/"},"modified":"2020-12-22T12:21:55","modified_gmt":"2020-12-22T11:21:55","slug":"who-we-are","status":"publish","type":"page","link":"https:\/\/www.unioviedo.es\/socialimen\/en\/team\/who-we-are\/","title":{"rendered":"Who We Are"},"content":{"rendered":"<p><img loading=\"lazy\" decoding=\"async\" class=\"wp-image-2558 size-large aligncenter\" title=\"Grupo de Investigaci\u00f3n en Sociolog\u00eda de la Alimentaci\u00f3n\" src=\"https:\/\/www.unioviedo.es\/socialimen\/wp-content\/uploads\/2016\/01\/grupo-sociologia-de-la-alimentacion-1024x921.jpg\" alt=\"grupo-sociologia-de-la-alimentacion\" width=\"1024\" height=\"921\" srcset=\"https:\/\/www.unioviedo.es\/socialimen\/wp-content\/uploads\/2016\/01\/grupo-sociologia-de-la-alimentacion-1024x921.jpg 1024w, https:\/\/www.unioviedo.es\/socialimen\/wp-content\/uploads\/2016\/01\/grupo-sociologia-de-la-alimentacion-300x270.jpg 300w, https:\/\/www.unioviedo.es\/socialimen\/wp-content\/uploads\/2016\/01\/grupo-sociologia-de-la-alimentacion-768x691.jpg 768w, https:\/\/www.unioviedo.es\/socialimen\/wp-content\/uploads\/2016\/01\/grupo-sociologia-de-la-alimentacion.jpg 1500w\" sizes=\"auto, (max-width: 1024px) 100vw, 1024px\" \/><\/p>\n<p><strong>The accredited Research Group created in 2000 and brought together in 2009 at the Campus of International Excellence, within the Cluster of Biomedicine and Health.<\/strong><\/p>\n<p>Food and eating have become a matter of public debate in developed societies. Despite having almost no problems linked to lack of food, concern about what people eat has grown. For this reason, Social Sciences have approached food and the changes in eating directly in terms of the modernization of societies. The Group for the Sociology of Food emerged in this context, created in 2000 and integrated in 2009 into the Campus of International Excellence (Cluster of Biomedicine and Health). The group is led by Cecilia D\u00edaz-Mendez, Professor of Sociology and is made up of seven members from the University of Oviedo and six researchers from other Spanish universities.<\/p>\n<p>The group\u2019s main research objective is describing and analysing trends in changes in food and nutrition and the social conditioning factors that affect eating habits in modern societies. We aim to increase understanding of what determines these changes and their consequences, and to analyse how the process of modernization of societies affects the population\u2019s eating and health.<\/p>\n<p>The group currently includes a team of researchers from Spanish universities with a strong background in the study of food and nutrition, eating and health, all with a social perspective but different approaches: some are studying the area of production and agri-food systems, others consider the political or economic science involved, others have focused on studying consumption or the dynamics followed by agri-food businesses, and almost all have carried out microsocial studies on social change and inequality.<\/p>\n<p>The gender perspective informs a good part of our work, as does historical research, and both of these approaches act as fundamental pillars for analysis and interpretation to structure our empirical studies. A priority for the group is conducting comparative studies on eating habits in different countries and analysing policy initiatives (political action) within a context of global food governance. These factors have led us to complete the team with researchers from outside Spain in each of the research projects we conduct.<\/p>\n<p>We have a <strong><a href=\"https:\/\/www.unioviedo.es\/socialimen\/en\/investigacion-2\/observatorio-sociologia-la-alimentacion\/\">Sociological Food Observatory as a research tool<\/a><\/strong> at the group\u2019s disposal for our work. This offers us the oppotunity of responding to the requests of businesses and institutions working in areas that affect the agri-food chain. Dr Isabel Garc\u00eda Espejo is the coordinator of this service which uses the department\u2019s CATI (Computer-Assisted Telephone Interviewing) and CAWI (Computer-Aided Web Interviewing) systems.<\/p>\n","protected":false},"excerpt":{"rendered":"<p>The accredited Research Group created in 2000 and brought together in 2009 at the Campus of International Excellence, within the Cluster of Biomedicine and Health. Food and eating have become a matter of public debate in developed societies. Despite having almost no problems linked to lack of food, concern about what people eat has grown. [&hellip;]<\/p>\n","protected":false},"author":2,"featured_media":0,"parent":2952,"menu_order":0,"comment_status":"closed","ping_status":"closed","template":"","meta":{"_genesis_hide_title":false,"_genesis_hide_breadcrumbs":false,"_genesis_hide_singular_image":false,"_genesis_hide_footer_widgets":false,"_genesis_custom_body_class":"","_genesis_custom_post_class":"","_genesis_layout":"","footnotes":""},"class_list":{"0":"post-2941","1":"page","2":"type-page","3":"status-publish","5":"entry","6":"has-post-thumbnail","7":"gs-1","8":"gs-odd","9":"gs-even","10":"gs-featured-content-entry"},"_links":{"self":[{"href":"https:\/\/www.unioviedo.es\/socialimen\/en\/wp-json\/wp\/v2\/pages\/2941","targetHints":{"allow":["GET"]}}],"collection":[{"href":"https:\/\/www.unioviedo.es\/socialimen\/en\/wp-json\/wp\/v2\/pages"}],"about":[{"href":"https:\/\/www.unioviedo.es\/socialimen\/en\/wp-json\/wp\/v2\/types\/page"}],"author":[{"embeddable":true,"href":"https:\/\/www.unioviedo.es\/socialimen\/en\/wp-json\/wp\/v2\/users\/2"}],"replies":[{"embeddable":true,"href":"https:\/\/www.unioviedo.es\/socialimen\/en\/wp-json\/wp\/v2\/comments?post=2941"}],"version-history":[{"count":4,"href":"https:\/\/www.unioviedo.es\/socialimen\/en\/wp-json\/wp\/v2\/pages\/2941\/revisions"}],"predecessor-version":[{"id":3204,"href":"https:\/\/www.unioviedo.es\/socialimen\/en\/wp-json\/wp\/v2\/pages\/2941\/revisions\/3204"}],"up":[{"embeddable":true,"href":"https:\/\/www.unioviedo.es\/socialimen\/en\/wp-json\/wp\/v2\/pages\/2952"}],"wp:attachment":[{"href":"https:\/\/www.unioviedo.es\/socialimen\/en\/wp-json\/wp\/v2\/media?parent=2941"}],"curies":[{"name":"wp","href":"https:\/\/api.w.org\/{rel}","templated":true}]}}