{"id":2942,"date":"2016-01-08T21:23:54","date_gmt":"2016-01-08T20:23:54","guid":{"rendered":"http:\/\/www.unioviedo.es\/socialimen\/mapa-web\/"},"modified":"2020-12-30T14:07:20","modified_gmt":"2020-12-30T13:07:20","slug":"mapa-web","status":"publish","type":"page","link":"https:\/\/www.unioviedo.es\/socialimen\/en\/mapa-web\/","title":{"rendered":"Sitemap"},"content":{"rendered":"<h3><\/h3>\n<h3><strong>Home<\/strong><\/h3>\n<h3><strong>Team<\/strong><\/h3>\n<ul>\n<li>\n<h4>Researchers at UNIOVI<\/h4>\n<ul>\n<li><span class=\"outer\"><span class=\"inner\">Cecilia D\u00edaz M\u00e9ndez (Investigadora responsable)<\/span><\/span><\/li>\n<li><span class=\"outer\"><span class=\"inner\">Hans Peter van den Broek<\/span><\/span><\/li>\n<li><span class=\"outer\"><span class=\"inner\">Jos\u00e9 Manuel Parrilla Fern\u00e1ndez<\/span><\/span><\/li>\n<li><span class=\"outer\"><span class=\"inner\">Laura Cabiedes Miragalla<\/span><\/span><\/li>\n<li><span class=\"outer\"><span class=\"inner\">Mar\u00eda Amparo Novo V\u00e1zquez<\/span><\/span><\/li>\n<li><span class=\"outer\"><span class=\"inner\">Mar\u00eda Isabel Garc\u00eda Espejo<\/span><\/span><\/li>\n<\/ul>\n<\/li>\n<li>\n<h4>\u00a0Researchers at Other Universities<\/h4>\n<ul>\n<li><span class=\"outer\"><span class=\"inner\">Carmen Mar\u00eda Lozano Cabedo<\/span><\/span><\/li>\n<li><span class=\"outer\"><span class=\"inner\">Crist\u00f3bal G\u00f3mez Benito<\/span><\/span><\/li>\n<li><span class=\"outer\"><span class=\"inner\">Guadalupe Ramos Truchero<\/span><\/span><\/li>\n<li><span class=\"outer\"><span class=\"inner\">Manuel Javier Callejo Gallego<\/span><\/span><\/li>\n<li><span class=\"outer\"><span class=\"inner\">Mar\u00eda Isabel Garc\u00eda Arnaiz<\/span><\/span><\/li>\n<li><span class=\"outer\"><span class=\"inner\">Paloma Herrero Racionero<\/span><\/span><\/li>\n<\/ul>\n<\/li>\n<li>\n<h4 style=\"margin-top: 15px;\">Trainee Researchers<\/h4>\n<ul>\n<li><span class=\"outer\"><span class=\"inner\">Mar\u00eda Gonz\u00e1lez \u00c1lvarez<\/span><\/span><\/li>\n<li><span class=\"outer\"><span class=\"inner\">Maycon Noremberg Schubert<\/span><\/span><\/li>\n<li><span class=\"outer\"><span class=\"inner\">Sandra S\u00e1nchez S\u00e1nchez<\/span><\/span><\/li>\n<li><span class=\"outer\"><span class=\"inner\">Sonia Otero Est\u00e9vez<\/span><\/span><\/li>\n<li><span class=\"outer\"><span class=\"inner\">Tania Su\u00e1rez Fern\u00e1ndez<\/span><\/span><\/li>\n<\/ul>\n<\/li>\n<li>\n<h4 style=\"margin-top: 15px;\">Visitors<\/h4>\n<\/li>\n<\/ul>\n<h3><strong>News<\/strong><\/h3>\n<h3><strong>Teaching<\/strong><\/h3>\n<ul>\n<li>\n<h4>Undergraduate Degree Courses<\/h4>\n<\/li>\n<li>\n<h4>Master\u2019s Degree Courses<\/h4>\n<\/li>\n<li>\n<h4>Research Projects<\/h4>\n<\/li>\n<\/ul>\n<h3><strong>Research<\/strong><\/h3>\n<ul>\n<li>\n<h4>Research Areas<\/h4>\n<\/li>\n<li>\n<h4>National and International Projects<\/h4>\n<\/li>\n<li>\n<h4 style=\"margin-top: 15px;\">Contracts with Business and other Institutions<\/h4>\n<\/li>\n<li>\n<h4>Doctoral theses<\/h4>\n<\/li>\n<li>\n<h4>The Sociology of Food Observation Unit<\/h4>\n<\/li>\n<\/ul>\n<h3><strong>Publications<\/strong><\/h3>\n<ul>\n<li>\n<h4>Articles<\/h4>\n<\/li>\n<li>\n<h4>books<\/h4>\n<\/li>\n<\/ul>\n<h3><strong>Contact<\/strong><\/h3>\n<h3><strong>Sitemap<\/strong><\/h3>\n<h3><strong>Accessibility<\/strong><\/h3>\n<h3><strong>Legal<\/strong><\/h3>\n<h3><strong>Credits<\/strong><\/h3>\n","protected":false},"excerpt":{"rendered":"<p>Home Team Researchers at UNIOVI Cecilia D\u00edaz M\u00e9ndez (Investigadora responsable) Hans Peter van den Broek Jos\u00e9 Manuel Parrilla Fern\u00e1ndez Laura Cabiedes Miragalla Mar\u00eda Amparo Novo V\u00e1zquez Mar\u00eda Isabel Garc\u00eda Espejo \u00a0Researchers at Other Universities Carmen Mar\u00eda Lozano Cabedo Crist\u00f3bal G\u00f3mez Benito Guadalupe Ramos Truchero Manuel Javier Callejo Gallego Mar\u00eda Isabel Garc\u00eda Arnaiz Paloma Herrero Racionero [&hellip;]<\/p>\n","protected":false},"author":2,"featured_media":0,"parent":0,"menu_order":0,"comment_status":"closed","ping_status":"closed","template":"","meta":{"_genesis_hide_title":false,"_genesis_hide_breadcrumbs":false,"_genesis_hide_singular_image":false,"_genesis_hide_footer_widgets":false,"_genesis_custom_body_class":"","_genesis_custom_post_class":"","_genesis_layout":"","footnotes":""},"class_list":{"0":"post-2942","1":"page","2":"type-page","3":"status-publish","5":"entry","6":"gs-1","7":"gs-odd","8":"gs-even","9":"gs-featured-content-entry"},"_links":{"self":[{"href":"https:\/\/www.unioviedo.es\/socialimen\/en\/wp-json\/wp\/v2\/pages\/2942","targetHints":{"allow":["GET"]}}],"collection":[{"href":"https:\/\/www.unioviedo.es\/socialimen\/en\/wp-json\/wp\/v2\/pages"}],"about":[{"href":"https:\/\/www.unioviedo.es\/socialimen\/en\/wp-json\/wp\/v2\/types\/page"}],"author":[{"embeddable":true,"href":"https:\/\/www.unioviedo.es\/socialimen\/en\/wp-json\/wp\/v2\/users\/2"}],"replies":[{"embeddable":true,"href":"https:\/\/www.unioviedo.es\/socialimen\/en\/wp-json\/wp\/v2\/comments?post=2942"}],"version-history":[{"count":3,"href":"https:\/\/www.unioviedo.es\/socialimen\/en\/wp-json\/wp\/v2\/pages\/2942\/revisions"}],"predecessor-version":[{"id":3325,"href":"https:\/\/www.unioviedo.es\/socialimen\/en\/wp-json\/wp\/v2\/pages\/2942\/revisions\/3325"}],"wp:attachment":[{"href":"https:\/\/www.unioviedo.es\/socialimen\/en\/wp-json\/wp\/v2\/media?parent=2942"}],"curies":[{"name":"wp","href":"https:\/\/api.w.org\/{rel}","templated":true}]}}