{"id":2947,"date":"2015-12-24T11:40:42","date_gmt":"2015-12-24T10:40:42","guid":{"rendered":"http:\/\/www.unioviedo.es\/socialimen\/visitantes\/"},"modified":"2020-12-28T14:48:48","modified_gmt":"2020-12-28T13:48:48","slug":"visitantes","status":"publish","type":"page","link":"https:\/\/www.unioviedo.es\/socialimen\/en\/team\/visitantes\/","title":{"rendered":"Visiting Fellows"},"content":{"rendered":"\n<!-- Page-list plugin v.5.2 wordpress.org\/plugins\/page-list\/ -->\n<div class=\"page-list page-list-ext \">\n<div class=\"page-list-ext-item\"><div class=\"page-list-ext-image\"><a href=\"https:\/\/www.unioviedo.es\/socialimen\/en\/team\/visitantes\/janaina-balk-brandao\/\" title=\"Jana\u00edna Balk Brand\u00e3o\"><img decoding=\"async\" src=\"https:\/\/www.unioviedo.es\/socialimen\/wp-content\/uploads\/2022\/01\/Jana-100x100.jpg\" width=\"100\" alt=\"Jana\u00edna Balk Brand\u00e3o\" \/><\/a><\/div> <h3 class=\"page-list-ext-title\"><a href=\"https:\/\/www.unioviedo.es\/socialimen\/en\/team\/visitantes\/janaina-balk-brandao\/\" title=\"Jana\u00edna Balk Brand\u00e3o\">Jana\u00edna Balk Brand\u00e3o<\/a><\/h3><div class=\"page-list-ext-item-content\">\r\n\r\nCategory : Teacher-Researcher\r\n\r\nField : Postgraduate Programme in Rural Extension, Interdisciplinary Group for Georeferenced Agri-food Research (GIPAG)\r\n\r\nAdress : University of Santa Maria, Rio Grande do Sul. Brazil\r\n\r\nMail : janaina-balk-brandao@ufsm.br\r\n\r\nPhone...<\/div><\/div>\n<div class=\"page-list-ext-item\"><div class=\"page-list-ext-image\"><a href=\"https:\/\/www.unioviedo.es\/socialimen\/en\/team\/visitantes\/cristiane-cavalcante-lima\/\" title=\"Cristiane Cavalcante Lima\"><img decoding=\"async\" src=\"https:\/\/www.unioviedo.es\/socialimen\/wp-content\/uploads\/2023\/02\/3-Foto-100x100.jpeg\" width=\"100\" alt=\"Cristiane Cavalcante Lima\" \/><\/a><\/div> <h3 class=\"page-list-ext-title\"><a href=\"https:\/\/www.unioviedo.es\/socialimen\/en\/team\/visitantes\/cristiane-cavalcante-lima\/\" title=\"Cristiane Cavalcante Lima\">Cristiane Cavalcante Lima<\/a><\/h3><div class=\"page-list-ext-item-content\">Category:  PhD\u00a0 student \r\nDepartment:  SOCIOLOGY\r\nAcademic link:  Univ ersidad  Federal  del  Rio Grande do Sul \/  Programa de  Posgrado  en  Desarrollo  Rural .  \u00a0 \r\nProfesional link:  Teacher in\u00a0Instituto Federal de  Amazonas (Brasil) \r\nEmail:  cristiane.lima@ifam.edu.br  \r...<\/div><\/div>\n<div class=\"page-list-ext-item\"><div class=\"page-list-ext-image\"><a href=\"https:\/\/www.unioviedo.es\/socialimen\/en\/team\/visitantes\/luana-fernandes-melo\/\" title=\"Luana Fernandes Melo\"><img decoding=\"async\" src=\"https:\/\/www.unioviedo.es\/socialimen\/wp-content\/uploads\/2024\/02\/foto-cortada-100x100.jpg\" width=\"100\" alt=\"Luana Fernandes Melo\" \/><\/a><\/div> <h3 class=\"page-list-ext-title\"><a href=\"https:\/\/www.unioviedo.es\/socialimen\/en\/team\/visitantes\/luana-fernandes-melo\/\" title=\"Luana Fernandes Melo\">Luana Fernandes Melo<\/a><\/h3><div class=\"page-list-ext-item-content\">\r\n\r\nCategory:  Associate Professor - Researcher\r\n\r\nAcademic link:  Faculdade de Ci\u00eancias e Engenharia (FCE) - Universidade Estadual Paulista \"J\u00falio de Mesquita Filho\" (UNESP), Grupo de Estudos em Agricultura Familiar e Sustentabilidade (GEAFS)\r\n\r\nAdress:  ...<\/div><\/div>\n<div class=\"page-list-ext-item\"><div class=\"page-list-ext-image\"><a href=\"https:\/\/www.unioviedo.es\/socialimen\/en\/team\/visitantes\/catia-grisa\/\" title=\"Catia Grisa\"><img decoding=\"async\" src=\"https:\/\/www.unioviedo.es\/socialimen\/wp-content\/uploads\/2023\/04\/catia-1-1-100x100.jpg\" width=\"100\" alt=\"Catia Grisa\" \/><\/a><\/div> <h3 class=\"page-list-ext-title\"><a href=\"https:\/\/www.unioviedo.es\/socialimen\/en\/team\/visitantes\/catia-grisa\/\" title=\"Catia Grisa\">Catia Grisa<\/a><\/h3><div class=\"page-list-ext-item-content\"> \r\n\r\n&nbsp;\r\n\r\nCategory:  Profesora-Investigadora\r\n\r\nUniversity:  Rio Grande do Sul (UFRGS)\r\n\r\nField:  Desarrollo Rural y Din\u00e1mica y Desarrollo Regional\r\nPhD in Social Sciences. Master's Degree in Rural Development. Professor in the Postgraduate Programmes ...<\/div><\/div>\n<div class=\"page-list-ext-item\"><div class=\"page-list-ext-image\"><a href=\"https:\/\/www.unioviedo.es\/socialimen\/en\/team\/visitantes\/jessica-paddock\/\" title=\"Jessica Paddock\"><img decoding=\"async\" src=\"https:\/\/www.unioviedo.es\/socialimen\/wp-content\/uploads\/2016\/05\/Jess20Paddock2-100x100.jpg\" width=\"100\" alt=\"Jessica Paddock\" \/><\/a><\/div> <h3 class=\"page-list-ext-title\"><a href=\"https:\/\/www.unioviedo.es\/socialimen\/en\/team\/visitantes\/jessica-paddock\/\" title=\"Jessica Paddock\">Jessica Paddock<\/a><\/h3><div class=\"page-list-ext-item-content\">\r\n\r\nPosition:  Research Associate\r\n\r\nFaculty:  Sustainable Consumption Institute (SCI)\r\n\r\nField:  Sustainable Consumption Institute (SCI)\r\n\r\nAddress:  SCI, The University of Manchester, 188 Waterloo Place, Oxford Road, Manchester M13 9PL, UK\r\n\r\nEmail:...<\/div><\/div>\n<div class=\"page-list-ext-item\"><div class=\"page-list-ext-image\"><a href=\"https:\/\/www.unioviedo.es\/socialimen\/en\/team\/visitantes\/claudia-m-prado-meza\/\" title=\"Claudia M. Prado-Meza\"><img decoding=\"async\" src=\"https:\/\/www.unioviedo.es\/socialimen\/wp-content\/uploads\/2016\/04\/Prado-Meza-100x100.jpg\" width=\"100\" alt=\"Claudia M. Prado-Meza\" \/><\/a><\/div> <h3 class=\"page-list-ext-title\"><a href=\"https:\/\/www.unioviedo.es\/socialimen\/en\/team\/visitantes\/claudia-m-prado-meza\/\" title=\"Claudia M. Prado-Meza\">Claudia M. Prado-Meza<\/a><\/h3><div class=\"page-list-ext-item-content\">Position:  Full-time Professor-Researcher (Category A).\r\n\r\nFaculty:  Economics.\r\n\r\nField:  Gender, Agribusiness, and Food Systems.\r\n\r\nAddress:  Universidad de Colima, Facultad de Econom\u00eda. Josefa Ortiz de Dom\u00ednguez 64, La Haciendita, 28970 Villa de \u00c1...<\/div><\/div>\n<div class=\"page-list-ext-item\"><div class=\"page-list-ext-image\"><a href=\"https:\/\/www.unioviedo.es\/socialimen\/en\/team\/visitantes\/sergio-schneider\/\" title=\"Sergio Schneider\"><img decoding=\"async\" src=\"https:\/\/www.unioviedo.es\/socialimen\/wp-content\/uploads\/2023\/02\/sergio-web-100x100.png\" width=\"100\" alt=\"Sergio Schneider\" \/><\/a><\/div> <h3 class=\"page-list-ext-title\"><a href=\"https:\/\/www.unioviedo.es\/socialimen\/en\/team\/visitantes\/sergio-schneider\/\" title=\"Sergio Schneider\">Sergio Schneider<\/a><\/h3><div class=\"page-list-ext-item-content\"> \r\n\r\nCategory:  Professor of Sociology\r\n\r\nUniversity:  Universidad Rio Grande Du Brasil\r\n\r\nField: Sociology of Rural Development and Food Studies\r\n\r\nEmail:  schneide@ufrgs.br\r\n\r\nProfessor of Sociology of Rural Development and Food Studies at the Federal...<\/div><\/div>\n\n<\/div>\n","protected":false},"excerpt":{"rendered":"","protected":false},"author":2,"featured_media":0,"parent":2952,"menu_order":0,"comment_status":"closed","ping_status":"closed","template":"","meta":{"_genesis_hide_title":false,"_genesis_hide_breadcrumbs":false,"_genesis_hide_singular_image":false,"_genesis_hide_footer_widgets":false,"_genesis_custom_body_class":"","_genesis_custom_post_class":"","_genesis_layout":"","footnotes":""},"class_list":{"0":"post-2947","1":"page","2":"type-page","3":"status-publish","5":"entry","6":"has-post-thumbnail","7":"gs-1","8":"gs-odd","9":"gs-even","10":"gs-featured-content-entry"},"_links":{"self":[{"href":"https:\/\/www.unioviedo.es\/socialimen\/en\/wp-json\/wp\/v2\/pages\/2947","targetHints":{"allow":["GET"]}}],"collection":[{"href":"https:\/\/www.unioviedo.es\/socialimen\/en\/wp-json\/wp\/v2\/pages"}],"about":[{"href":"https:\/\/www.unioviedo.es\/socialimen\/en\/wp-json\/wp\/v2\/types\/page"}],"author":[{"embeddable":true,"href":"https:\/\/www.unioviedo.es\/socialimen\/en\/wp-json\/wp\/v2\/users\/2"}],"replies":[{"embeddable":true,"href":"https:\/\/www.unioviedo.es\/socialimen\/en\/wp-json\/wp\/v2\/comments?post=2947"}],"version-history":[{"count":1,"href":"https:\/\/www.unioviedo.es\/socialimen\/en\/wp-json\/wp\/v2\/pages\/2947\/revisions"}],"predecessor-version":[{"id":3236,"href":"https:\/\/www.unioviedo.es\/socialimen\/en\/wp-json\/wp\/v2\/pages\/2947\/revisions\/3236"}],"up":[{"embeddable":true,"href":"https:\/\/www.unioviedo.es\/socialimen\/en\/wp-json\/wp\/v2\/pages\/2952"}],"wp:attachment":[{"href":"https:\/\/www.unioviedo.es\/socialimen\/en\/wp-json\/wp\/v2\/media?parent=2947"}],"curies":[{"name":"wp","href":"https:\/\/api.w.org\/{rel}","templated":true}]}}