{"id":3839,"date":"2020-01-20T22:51:38","date_gmt":"2020-01-20T21:51:38","guid":{"rendered":"https:\/\/www.unioviedo.es\/socialimen\/team\/personal-en-formacion\/beatriz-rosete-alvarez\/"},"modified":"2020-01-20T22:51:38","modified_gmt":"2020-01-20T21:51:38","slug":"beatriz-rosete-alvarez","status":"publish","type":"page","link":"https:\/\/www.unioviedo.es\/socialimen\/en\/team\/personal-en-formacion\/beatriz-rosete-alvarez\/","title":{"rendered":"Beatriz Rosete \u00c1lvarez"},"content":{"rendered":"<p><strong><img loading=\"lazy\" decoding=\"async\" class=\"size-medium wp-image-3169 alignleft\" src=\"https:\/\/www.unioviedo.es\/socialimen\/wp-content\/uploads\/2020\/01\/beatriz-becaria-300x225.png\" alt=\"\" width=\"300\" height=\"225\" srcset=\"https:\/\/www.unioviedo.es\/socialimen\/wp-content\/uploads\/2020\/01\/beatriz-becaria-300x225.png 300w, https:\/\/www.unioviedo.es\/socialimen\/wp-content\/uploads\/2020\/01\/beatriz-becaria.png 475w\" sizes=\"auto, (max-width: 300px) 100vw, 300px\" \/>Category:<\/strong> RESEARCHER<\/p>\n<p><strong>Department:<\/strong> SOCIOLOGY<\/p>\n<p>Student of Degree in Tourism at the Faculty of Tourism, Commerce and Social Sciences &#8220;Jovellanos&#8221;. University of Oviedo. Gij\u00f3n. She has obtained the departmental grant for the work &#8220;Ecological production and consumption in Spain&#8221;. Tutors: Cecilia D\u00edaz-M\u00e9ndez and Amparo Novo V\u00e1zquez.<\/p>\n","protected":false},"excerpt":{"rendered":"<p>Category: RESEARCHER Department: SOCIOLOGY Student of Degree in Tourism at the Faculty of Tourism, Commerce and Social Sciences &#8220;Jovellanos&#8221;. University of Oviedo. Gij\u00f3n. She has obtained the departmental grant for the work &#8220;Ecological production and consumption in Spain&#8221;. Tutors: Cecilia D\u00edaz-M\u00e9ndez and Amparo Novo V\u00e1zquez.<\/p>\n","protected":false},"author":3,"featured_media":3169,"parent":2948,"menu_order":4,"comment_status":"closed","ping_status":"closed","template":"","meta":{"_genesis_hide_title":false,"_genesis_hide_breadcrumbs":false,"_genesis_hide_singular_image":false,"_genesis_hide_footer_widgets":false,"_genesis_custom_body_class":"","_genesis_custom_post_class":"","_genesis_layout":"","footnotes":""},"class_list":{"0":"post-3839","1":"page","2":"type-page","3":"status-publish","4":"has-post-thumbnail","6":"entry","7":"gs-1","8":"gs-odd","9":"gs-even","10":"gs-featured-content-entry"},"_links":{"self":[{"href":"https:\/\/www.unioviedo.es\/socialimen\/en\/wp-json\/wp\/v2\/pages\/3839","targetHints":{"allow":["GET"]}}],"collection":[{"href":"https:\/\/www.unioviedo.es\/socialimen\/en\/wp-json\/wp\/v2\/pages"}],"about":[{"href":"https:\/\/www.unioviedo.es\/socialimen\/en\/wp-json\/wp\/v2\/types\/page"}],"author":[{"embeddable":true,"href":"https:\/\/www.unioviedo.es\/socialimen\/en\/wp-json\/wp\/v2\/users\/3"}],"replies":[{"embeddable":true,"href":"https:\/\/www.unioviedo.es\/socialimen\/en\/wp-json\/wp\/v2\/comments?post=3839"}],"version-history":[{"count":0,"href":"https:\/\/www.unioviedo.es\/socialimen\/en\/wp-json\/wp\/v2\/pages\/3839\/revisions"}],"up":[{"embeddable":true,"href":"https:\/\/www.unioviedo.es\/socialimen\/en\/wp-json\/wp\/v2\/pages\/2948"}],"wp:featuredmedia":[{"embeddable":true,"href":"https:\/\/www.unioviedo.es\/socialimen\/en\/wp-json\/wp\/v2\/media\/3169"}],"wp:attachment":[{"href":"https:\/\/www.unioviedo.es\/socialimen\/en\/wp-json\/wp\/v2\/media?parent=3839"}],"curies":[{"name":"wp","href":"https:\/\/api.w.org\/{rel}","templated":true}]}}