{"id":3845,"date":"2022-10-26T14:04:35","date_gmt":"2022-10-26T12:04:35","guid":{"rendered":"https:\/\/www.unioviedo.es\/socialimen\/team\/investigadores-uniovi\/rocio-perez-ganan\/"},"modified":"2022-10-26T14:04:35","modified_gmt":"2022-10-26T12:04:35","slug":"rocio-perez-ganan","status":"publish","type":"page","link":"https:\/\/www.unioviedo.es\/socialimen\/en\/team\/investigadores-uniovi\/rocio-perez-ganan\/","title":{"rendered":"Roc\u00edo P\u00e9rez Ga\u00f1\u00e1n"},"content":{"rendered":"<p><strong><img loading=\"lazy\" decoding=\"async\" class=\"size-medium wp-image-3529 alignleft\" src=\"https:\/\/www.unioviedo.es\/socialimen\/wp-content\/uploads\/2022\/10\/Rofoto_opt-267x300.jpg\" alt=\"\" width=\"267\" height=\"300\" srcset=\"https:\/\/www.unioviedo.es\/socialimen\/wp-content\/uploads\/2022\/10\/Rofoto_opt-267x300.jpg 267w, https:\/\/www.unioviedo.es\/socialimen\/wp-content\/uploads\/2022\/10\/Rofoto_opt.jpg 400w\" sizes=\"auto, (max-width: 267px) 100vw, 267px\" \/>Position:<\/strong>Assistant Professor (PhD in Anthropology)<br \/>\n<strong>Department:<\/strong> SOCIOLOGY<br \/>\n<strong>Field:<\/strong> Sociology<br \/>\n<strong>Adress:<\/strong> Universidad de Oviedo. Departamento de Sociolog\u00eda. Facultad de Comercio, Turismo y Ciencias Sociales &#8220;Jovellanos&#8221;, Gij\u00f3n. Asturias (Espa\u00f1a). Despacho: 313-A.<br \/>\n<strong>Email: <a href=\"mailto:perezganmaria@uniovi.es\">perezganmaria@uniovi.es<br \/>\n<\/a><\/strong><strong>Phone:<\/strong> (+34) 985 18 23 64<\/p>\n<p style=\"text-align: justify;\">Assistant Professor at the University of Oviedo. Postdoctoral Fellow at the National Council for Scientific and Technical Research of Argentina (CONICET) (2017-2020). PhD in Social and Cultural Anthropology with International mention (2015) and BA in Geography (2006) and Social and Cultural Anthropology (2015). Master in International Development Cooperation with Latin America (2011). Master in Gender and Public Policy (2010). Research interests: anthropology of development, rural anthropology, socio-territorial analysis, food systems, gender studies and contemporary mobilities. As a researcher, she has participated in and coordinated several research projects in Argentina and Ecuador linked to territorial analysis and rural development and agrarian systems with a gender focus, which has allowed her to study Latin American rural spaces, agri-food systems, their actors and their problems in depth. As a result of her participation in different research projects, she has 37 publications, of which 23 are articles and 17 are published in high impact journals such as SCOPUS and JCR (Mundo Agrario, 2021; Perfiles Latinoamericanos, 2022; Journal of Disaster Risk Reduction, 2022). He has collaborated in the production of books and book chapters, both academic (with 2 publications in SPI) (University of Valladolid, 2021; TESEO, 2020; CICCUS, 2019; University of Cantabria, 2014), as well as informative (Nowtilus, 2019, 2021, 2022). She has participated in more than thirty international congresses and conferences (LASA, 2020, 2021, 2022; ISA, 2021; FES, 2022). She is currently treasurer of the Asturian Sociological Association (AAS).<\/p>\n<h3><strong>Research Fields<\/strong><\/h3>\n<ul>\n<li><a href=\"https:\/\/www.unioviedo.es\/socialimen\/investigacion-2\/lineas-de-investigacion\/3-poder-politica-movimientos-sociales-alimentarios\/\">Power, politics and food social movements<\/a><\/li>\n<\/ul>\n<h3>Project participation<\/h3>\n<ul>\n<li>Proyecto \u201cLa Argentina desigual. Ambiente, producci\u00f3n y calidad de vida en el \u00e1mbito rural (1960-2019)\u201d. Programa I+D. PUNQ. CEAR\/Universidad de Quilmes, Argentina 2019-2023.<\/li>\n<li>Proyecto \u201cLa Argentina fragmentada: econom\u00edas regionales agrarias. Transformaciones territoriales, impactos socio ambientales y pol\u00edticas p\u00fablicas (siglos XX-XXI)\u201d. Proyecto Plurianual de Investigaci\u00f3n PIP\/CONICET, CEAR\/Universidad de Quilmes, Argentina 2017-2019.<\/li>\n<li>Proyecto: \u201cLa Argentina rural del siglo XX. Espacios regionales, sujetos sociales y pol\u00edticas p\u00fablicas\u201d. Programa Prioritario de Investigaci\u00f3n I+D. CEAR\/Universidad de Quilmes, Argentina. 2016-2019.<\/li>\n<li>Proyecto PEACH (Medici\u00f3n de impacto migratorio en la educaci\u00f3n reglada en el cant\u00f3n Bibli\u00e1n, Azuay, Ecuador). Proyecto VLIR Migraci\u00f3n Internacional y Desarrollo Local\/Universidad de Cuenca, Ecuador. 2015.<\/li>\n<li>Proyecto MIMM (Medici\u00f3n de impacto migratorio en el desarrollo local en el cant\u00f3n Bibli\u00e1n, Azuay, Ecuador. Proyecto VLIR Migraci\u00f3n Internacional y Desarrollo Local\/Universidad de Cuenca, Ecuador. 2015.<\/li>\n<\/ul>\n<h3><strong>Publications<\/strong><\/h3>\n<ul>\n<li>Muzlera, J. y P\u00e9rez Ga\u00f1\u00e1n, R. (2022). \u201cHerencias de los mega pools y chacareras en la Pampa H\u00fameda Argentina (2010-2015). <em>Perfiles Latinoamericanos<\/em>, 30(60) (en prensa).<\/li>\n<li>P\u00e9rez Ga\u00f1\u00e1n, R. y Rodr\u00edguez Fari\u00f1as, J. (2022). \u201cLa experiencia cuencana como \u2018rito de paso\u2019 de la migraci\u00f3n acad\u00e9mica espa\u00f1ola a Ecuador&#8221;. Revista Iberoamericana de Estudios de Desarrollo (en prensa).<\/li>\n<li>Dema Moreno, S., Gonz\u00e1lez Arias, R. y Perez Ga\u00f1\u00e1n, R. (2022). Women and Children First? An Analysis of Gender Roles in the Rescue of People Following the 2011 Lorca Earthquake. <em>International Journal of Disaster Risk Reduction<\/em>, 73: 102902.<\/li>\n<li>P\u00e9rez Ga\u00f1\u00e1n, R. (2021). \u201cLa construcci\u00f3n del sujeto antropol\u00f3gico en Ecuador y Bolivia: de una otredad ind\u00edgena a una otredad plural y descentrada\u201d. <em>Gazeta de Antropolog\u00eda<\/em>, 36(2), en prensa.<\/li>\n<li>Muzlera, J. y P\u00e9rez Ga\u00f1\u00e1n, R. (2021). \u201cTensiones identitarias y l\u00f3gicas adaptativas en la oferta de servicios agr\u00edcolas Pampeanas (2009-2015)\u201d. <em>Mundo Agrario<\/em>, 21(48), 156. https:\/\/dx.doi.org\/https:\/\/doi.org\/10.24215\/15155994e156<\/li>\n<li>P\u00e9rez Ga\u00f1\u00e1n, R. (2020). \u201cMetabolismo agrario: una herramienta de an\u00e1lisis de las transiciones, las transformaciones territoriales y el espacio social argentino\u201d. En J. M. Cerd\u00e1 y G. Mateo (Eds.), La Ruralidad en Tensi\u00f3n (pp.111-146). Editorial Teseo.<\/li>\n<li>De Arce, Alejandra y Roc\u00edo P\u00e9rez Ga\u00f1\u00e1n (2019). \u201cTrabajar con el hogar a cuestas\u201d. Tensiones de g\u00e9nero en el cooperativismo agrario argentino: el caso de CONINAGRO\u201d. Revista Latinoamericana de Antropolog\u00eda del trabajo, 3(5), 1-28.<\/li>\n<li>De Arce, A. y P\u00e9rez Ga\u00f1\u00e1n, R. (2019). \u201cTiempos de producci\u00f3n y tiempos de sostenibilidad de la vida en el norte rural argentino a mediados del siglo XX\u201d. En, A. de Arce y A. Franca (Eds.), G\u00e9nero, ruralidades y asociacionismo en Am\u00e9rica Latina (pp.37-61). Editorial CICCUS.<\/li>\n<li>P\u00e9rez Ga\u00f1\u00e1n, R. (2018). \u201cEntre \u2018C\u00e1ritas\u2019 y \u2018trabajar demasiado\u2019: etnia y religi\u00f3n en la experiencia migratoria del austro ecuatoriano y el centro-levante espa\u00f1ol\u201d. Obets, 13(2), 621-644.<\/li>\n<li>P\u00e9rez Ga\u00f1\u00e1n, R. (2018). \u201c\u201cEl fuego que arde en las calles, tambi\u00e9n arde en la cocina\u201d. Mujeres ind\u00edgenas y otras formas de hacer pol\u00edtica en los espacios rurales del Buen Vivir ecuatoriano y el Vivir Bien boliviano\u201d. Revista Arenal. Revista de historia de las mujeres, 25(1), 95-121.<\/li>\n<li>P\u00e9rez Ga\u00f1\u00e1n, R. y Moreno, G. (2018). \u201cLa emigraci\u00f3n acad\u00e9mica Espa\u00f1a-Ecuador durante el periodo de recesi\u00f3n econ\u00f3mica: \u00bfUna geoestrategia de supervivencia de docentes e investigadores espa\u00f1oles?\u201d Iberoamerican Journal of Development Studies, 7(1): 6-28.<\/li>\n<li>Hayes, M. y P\u00e9rez Ga\u00f1\u00e1n, R. (2017). \u201cNorth-South Migrations and the Asymmetric Expulsions of Late Capitalism: Global Inequality, Arbitrage, and New Dynamics of North-South Transnationalism\u201d. Migration Studies, 5 (1), 116-135.<\/li>\n<li>P\u00e9rez Ga\u00f1\u00e1n, R. y Neira, A. (2017). \u201cLas abuelas de la migraci\u00f3n. Cuidados, reciprocidad y relaciones de poder en la familia transnacional\u201d. Migraciones, 41, 55-77.<\/li>\n<\/ul>\n","protected":false},"excerpt":{"rendered":"<p>Position:Assistant Professor (PhD in Anthropology) Department: SOCIOLOGY Field: Sociology Adress: Universidad de Oviedo. Departamento de Sociolog\u00eda. Facultad de Comercio, Turismo y Ciencias Sociales &#8220;Jovellanos&#8221;, Gij\u00f3n. Asturias (Espa\u00f1a). Despacho: 313-A. Email: perezganmaria@uniovi.es Phone: (+34) 985 18 23 64 Assistant Professor at the University of Oviedo. Postdoctoral Fellow at the National Council for Scientific and Technical Research [&hellip;]<\/p>\n","protected":false},"author":3,"featured_media":3529,"parent":2951,"menu_order":9,"comment_status":"closed","ping_status":"closed","template":"","meta":{"_genesis_hide_title":false,"_genesis_hide_breadcrumbs":false,"_genesis_hide_singular_image":false,"_genesis_hide_footer_widgets":false,"_genesis_custom_body_class":"","_genesis_custom_post_class":"","_genesis_layout":"","footnotes":""},"class_list":{"0":"post-3845","1":"page","2":"type-page","3":"status-publish","4":"has-post-thumbnail","6":"entry","7":"gs-1","8":"gs-odd","9":"gs-even","10":"gs-featured-content-entry"},"_links":{"self":[{"href":"https:\/\/www.unioviedo.es\/socialimen\/en\/wp-json\/wp\/v2\/pages\/3845","targetHints":{"allow":["GET"]}}],"collection":[{"href":"https:\/\/www.unioviedo.es\/socialimen\/en\/wp-json\/wp\/v2\/pages"}],"about":[{"href":"https:\/\/www.unioviedo.es\/socialimen\/en\/wp-json\/wp\/v2\/types\/page"}],"author":[{"embeddable":true,"href":"https:\/\/www.unioviedo.es\/socialimen\/en\/wp-json\/wp\/v2\/users\/3"}],"replies":[{"embeddable":true,"href":"https:\/\/www.unioviedo.es\/socialimen\/en\/wp-json\/wp\/v2\/comments?post=3845"}],"version-history":[{"count":0,"href":"https:\/\/www.unioviedo.es\/socialimen\/en\/wp-json\/wp\/v2\/pages\/3845\/revisions"}],"up":[{"embeddable":true,"href":"https:\/\/www.unioviedo.es\/socialimen\/en\/wp-json\/wp\/v2\/pages\/2951"}],"wp:featuredmedia":[{"embeddable":true,"href":"https:\/\/www.unioviedo.es\/socialimen\/en\/wp-json\/wp\/v2\/media\/3529"}],"wp:attachment":[{"href":"https:\/\/www.unioviedo.es\/socialimen\/en\/wp-json\/wp\/v2\/media?parent=3845"}],"curies":[{"name":"wp","href":"https:\/\/api.w.org\/{rel}","templated":true}]}}