{"id":1397,"date":"2016-01-26T19:07:45","date_gmt":"2016-01-26T18:07:45","guid":{"rendered":"http:\/\/www.unioviedo.es\/socialimen\/?page_id=1397"},"modified":"2016-01-27T11:59:40","modified_gmt":"2016-01-27T10:59:40","slug":"investigadores-de-otras-universidades","status":"publish","type":"page","link":"https:\/\/www.unioviedo.es\/socialimen\/equipo\/investigadores-de-otras-universidades\/","title":{"rendered":"Investigadores de otras Universidades"},"content":{"rendered":"\n<!-- Page-list plugin v.5.2 wordpress.org\/plugins\/page-list\/ -->\n<div class=\"page-list page-list-ext \">\n<div class=\"page-list-ext-item\"><div class=\"page-list-ext-image\"><a href=\"https:\/\/www.unioviedo.es\/socialimen\/equipo\/investigadores-de-otras-universidades\/manuel-javier-callejo-gallego\/\" title=\"Manuel Javier Callejo Gallego\"><img decoding=\"async\" src=\"https:\/\/www.unioviedo.es\/socialimen\/wp-content\/uploads\/2021\/10\/javier-callejo-100x100.png\" width=\"100\" alt=\"Manuel Javier Callejo Gallego\" \/><\/a><\/div> <h3 class=\"page-list-ext-title\"><a href=\"https:\/\/www.unioviedo.es\/socialimen\/equipo\/investigadores-de-otras-universidades\/manuel-javier-callejo-gallego\/\" title=\"Manuel Javier Callejo Gallego\">Manuel Javier Callejo Gallego<\/a><\/h3><div class=\"page-list-ext-item-content\">Categor\u00eda:  CATEDR\u00c1TICO DE SOCIOLOG\u00cdA (Universidad Nacional de Educaci\u00f3n a Distancia) \r\n Departamento: \u00a0SOCIOLOG\u00cdA\r\n \u00c1rea:\u00a0 Grupo de Investigaci\u00f3n en Sociolog\u00eda de la Alimentaci\u00f3n.\r\nDirecci\u00f3n:\u00a0 Universidad de Oviedo.\u00a0Departamento de Sociolog\u00eda.\u00a0Facultad de Econom\u00eda y E...<\/div><\/div>\n<div class=\"page-list-ext-item\"><div class=\"page-list-ext-image\"><a href=\"https:\/\/www.unioviedo.es\/socialimen\/equipo\/investigadores-de-otras-universidades\/cristobal-gomez-benito\/\" title=\"Crist\u00f3bal G\u00f3mez Benito\"><img decoding=\"async\" src=\"https:\/\/www.unioviedo.es\/socialimen\/wp-content\/uploads\/2021\/10\/cristobal-100x100.jpg\" width=\"100\" alt=\"Crist\u00f3bal G\u00f3mez Benito\" \/><\/a><\/div> <h3 class=\"page-list-ext-title\"><a href=\"https:\/\/www.unioviedo.es\/socialimen\/equipo\/investigadores-de-otras-universidades\/cristobal-gomez-benito\/\" title=\"Crist\u00f3bal G\u00f3mez Benito\">Crist\u00f3bal G\u00f3mez Benito<\/a><\/h3><div class=\"page-list-ext-item-content\">Categor\u00eda: \u00a0INVESTIGADOR DE OTRO CENTRO I+D.\u00a0(Universidad Nacional de Educaci\u00f3n a Distancia) \r\n Departamento:  Estructura social\r\n \u00c1rea:  Sociolog\u00eda\r\nDirecci\u00f3n:\u00a0 Universidad Nacional de Educaci\u00f3n a Distancia . Calle del Obispo Trejo, 2, 28040 Madrid\r\n...<\/div><\/div>\n<div class=\"page-list-ext-item\"><div class=\"page-list-ext-image\"><a href=\"https:\/\/www.unioviedo.es\/socialimen\/equipo\/investigadores-de-otras-universidades\/paloma-herrero-racionero\/\" title=\"Paloma Herrera Racionero\"><img decoding=\"async\" src=\"https:\/\/www.unioviedo.es\/socialimen\/wp-content\/uploads\/2021\/10\/paloma-herrera-100x100.jpg\" width=\"100\" alt=\"Paloma Herrera Racionero\" \/><\/a><\/div> <h3 class=\"page-list-ext-title\"><a href=\"https:\/\/www.unioviedo.es\/socialimen\/equipo\/investigadores-de-otras-universidades\/paloma-herrero-racionero\/\" title=\"Paloma Herrera Racionero\">Paloma Herrera Racionero<\/a><\/h3><div class=\"page-list-ext-item-content\">Categor\u00eda:  PROFESORA TITULAR DE UNIVERSIDAD (Universidad Polit\u00e9cnica de Valencia).\r\nDepartamento: \u00a0Departamento de Econom\u00eda y Ciencias Sociales\r\n\u00c1rea:  Sociolog\u00eda\r\nDirecci\u00f3n:  Escola Polit\u00e8cnica Superior de Gandia Universitat Polit\u00e8cnica de Val\u00e8ncia...<\/div><\/div>\n<div class=\"page-list-ext-item\"><div class=\"page-list-ext-image\"><a href=\"https:\/\/www.unioviedo.es\/socialimen\/equipo\/investigadores-de-otras-universidades\/carmen-maria-lozano-cabedo\/\" title=\"Carmen Mar\u00eda Lozano Cabedo\"><img decoding=\"async\" src=\"https:\/\/www.unioviedo.es\/socialimen\/wp-content\/uploads\/2021\/10\/carmen-lozano-100x100.png\" width=\"100\" alt=\"Carmen Mar\u00eda Lozano Cabedo\" \/><\/a><\/div> <h3 class=\"page-list-ext-title\"><a href=\"https:\/\/www.unioviedo.es\/socialimen\/equipo\/investigadores-de-otras-universidades\/carmen-maria-lozano-cabedo\/\" title=\"Carmen Mar\u00eda Lozano Cabedo\">Carmen Mar\u00eda Lozano Cabedo<\/a><\/h3><div class=\"page-list-ext-item-content\"> \r\nCategor\u00eda: \u00a0INVESTIGADOR DE OTRO CENTRO I+D. (Universidad Nacional de Educaci\u00f3n a Distancia)(Doctora en Antropolog\u00eda Social)\r\nDepartamento: \u00a0Departamento de Sociolog\u00eda II (Estructura Social)\r\n\u00c1rea: Sociolog\u00eda \r\nDirecci\u00f3n:  Facultad de Ciencias Pol\u00edtica...<\/div><\/div>\n<div class=\"page-list-ext-item\"><div class=\"page-list-ext-image\"><a href=\"https:\/\/www.unioviedo.es\/socialimen\/equipo\/investigadores-de-otras-universidades\/maycon-noremberg-schubert\/\" title=\"Maycon Noremberg Schubert\"><img decoding=\"async\" src=\"https:\/\/www.unioviedo.es\/socialimen\/wp-content\/uploads\/2021\/10\/Maycon-100x100.png\" width=\"100\" alt=\"Maycon Noremberg Schubert\" \/><\/a><\/div> <h3 class=\"page-list-ext-title\"><a href=\"https:\/\/www.unioviedo.es\/socialimen\/equipo\/investigadores-de-otras-universidades\/maycon-noremberg-schubert\/\" title=\"Maycon Noremberg Schubert\">Maycon Noremberg Schubert<\/a><\/h3><div class=\"page-list-ext-item-content\">Categor\u00eda:  PROFESSOS ADJUNTO CLASSE C, N\u00cdVEL 1 \r\nDepartamento:  SOCIOLOG\u00cdA\r\nDirecci\u00f3n:  Universidade Federal do Rio Grande do Sul. Av. Bento Gon\u00e7alves, 9.500. Departamento de Sociologia. Campus do Vale. Porto Alegre, Rio Grande do Sul, Brasil. CEP: 9150...<\/div><\/div>\n<div class=\"page-list-ext-item\"><div class=\"page-list-ext-image\"><a href=\"https:\/\/www.unioviedo.es\/socialimen\/equipo\/investigadores-de-otras-universidades\/guadalupe-ramos-truchero\/\" title=\"Guadalupe Ramos Truchero\"><img decoding=\"async\" src=\"https:\/\/www.unioviedo.es\/socialimen\/wp-content\/uploads\/2021\/10\/guadalupe-100x100.png\" width=\"100\" alt=\"Guadalupe Ramos Truchero\" \/><\/a><\/div> <h3 class=\"page-list-ext-title\"><a href=\"https:\/\/www.unioviedo.es\/socialimen\/equipo\/investigadores-de-otras-universidades\/guadalupe-ramos-truchero\/\" title=\"Guadalupe Ramos Truchero\">Guadalupe Ramos Truchero<\/a><\/h3><div class=\"page-list-ext-item-content\"> Categor\u00eda:  INVESTIGADOR DE OTRO CENTRO I+D. Profesora Contratada Doctora (Universidad de Valladolid).\r\nFacultad:  Facultad de Educaci\u00f3n y Trabajo Social, Valladolid\r\n\u00c1rea:  Sociolog\u00eda\r\nDirecci\u00f3n:  Campus Miguel Delibes, Paseo de Bel\u00e9n, 1 Valladolid 47011...<\/div><\/div>\n\n<\/div>\n","protected":false},"excerpt":{"rendered":"","protected":false},"author":2,"featured_media":0,"parent":46,"menu_order":0,"comment_status":"closed","ping_status":"closed","template":"","meta":{"_genesis_hide_title":false,"_genesis_hide_breadcrumbs":false,"_genesis_hide_singular_image":false,"_genesis_hide_footer_widgets":false,"_genesis_custom_body_class":"","_genesis_custom_post_class":"","_genesis_layout":"","footnotes":""},"class_list":{"0":"post-1397","1":"page","2":"type-page","3":"status-publish","5":"entry","6":"has-post-thumbnail","7":"gs-1","8":"gs-odd","9":"gs-even","10":"gs-featured-content-entry"},"_links":{"self":[{"href":"https:\/\/www.unioviedo.es\/socialimen\/wp-json\/wp\/v2\/pages\/1397","targetHints":{"allow":["GET"]}}],"collection":[{"href":"https:\/\/www.unioviedo.es\/socialimen\/wp-json\/wp\/v2\/pages"}],"about":[{"href":"https:\/\/www.unioviedo.es\/socialimen\/wp-json\/wp\/v2\/types\/page"}],"author":[{"embeddable":true,"href":"https:\/\/www.unioviedo.es\/socialimen\/wp-json\/wp\/v2\/users\/2"}],"replies":[{"embeddable":true,"href":"https:\/\/www.unioviedo.es\/socialimen\/wp-json\/wp\/v2\/comments?post=1397"}],"version-history":[{"count":3,"href":"https:\/\/www.unioviedo.es\/socialimen\/wp-json\/wp\/v2\/pages\/1397\/revisions"}],"predecessor-version":[{"id":1502,"href":"https:\/\/www.unioviedo.es\/socialimen\/wp-json\/wp\/v2\/pages\/1397\/revisions\/1502"}],"up":[{"embeddable":true,"href":"https:\/\/www.unioviedo.es\/socialimen\/wp-json\/wp\/v2\/pages\/46"}],"wp:attachment":[{"href":"https:\/\/www.unioviedo.es\/socialimen\/wp-json\/wp\/v2\/media?parent=1397"}],"curies":[{"name":"wp","href":"https:\/\/api.w.org\/{rel}","templated":true}]}}