{"id":1442,"date":"2016-01-26T21:53:46","date_gmt":"2016-01-26T20:53:46","guid":{"rendered":"http:\/\/www.unioviedo.es\/socialimen\/?page_id=1442"},"modified":"2021-10-25T16:14:04","modified_gmt":"2021-10-25T14:14:04","slug":"maria-gonzalez-alvarez","status":"publish","type":"page","link":"https:\/\/www.unioviedo.es\/socialimen\/equipo\/personal-en-formacion\/maria-gonzalez-alvarez\/","title":{"rendered":"Mar\u00eda Gonz\u00e1lez \u00c1lvarez"},"content":{"rendered":"<figure id=\"attachment_1470\" aria-describedby=\"caption-attachment-1470\" style=\"width: 346px\" class=\"wp-caption alignleft\"><a href=\"http:\/\/www.unioviedo.es\/socialimen\/wp-content\/uploads\/2016\/01\/Maria-Gonzalez-Alvarez.jpg\" rel=\"attachment wp-att-1470\"><img loading=\"lazy\" decoding=\"async\" class=\"wp-image-1470\" title=\"Mar\u00eda Gonz\u00e1lez \u00c1lvarez\" src=\"http:\/\/www.unioviedo.es\/socialimen\/wp-content\/uploads\/2016\/01\/Maria-Gonzalez-Alvarez.jpg\" alt=\"Mar\u00eda Gonz\u00e1lez \u00c1lvarez (foto: www.dboart.com)\" width=\"346\" height=\"336\" \/><\/a><figcaption id=\"caption-attachment-1470\" class=\"wp-caption-text\">Mar\u00eda Gonz\u00e1lez \u00c1lvarez <em>(foto: <a href=\"http:\/\/www.dboart.com\">www.dboart.com<\/a>)<\/em><\/figcaption><\/figure>\n<p><strong>Categor\u00eda:<\/strong> INVESTIGADORA<\/p>\n<p><strong>Departamento:<\/strong> SOCIOLOG\u00cdA<\/p>\n<p><strong>\u00c1rea: <\/strong>Sociolog\u00eda<\/p>\n<p><strong>Direcci\u00f3n:\u00a0<\/strong>Universidad de Oviedo.\u00a0Departamento de Sociolog\u00eda.\u00a0Facultad de Econom\u00eda y Empresa.\u00a0Edificio Departamental, 2\u00ba Planta.\u00a0Campus de El Cristo.<br \/>\n33006 Oviedo. Asturias (Espa\u00f1a).<\/p>\n<p><strong>Correo<\/strong>: <a href=\"mailto:mgonalvarez@gmail.com\" target=\"_blank\" rel=\"noopener\">mgonalvarez@gmail.com<\/a><\/p>\n<p>&nbsp;<\/p>\n<p>&nbsp;<\/p>\n<p>&nbsp;<\/p>\n<p>&nbsp;<\/p>\n<p style=\"text-align: justify;\">Mar\u00eda Gonz\u00e1lez \u00c1lvarez, titulada en Historia por la universidad de Oviedo. En 2008 obtiene el Diploma de Estudios Avanzados mediante la presentaci\u00f3n del trabajo de Investigaci\u00f3n \u201cLa industria Agroalimentaria en Espa\u00f1a a trav\u00e9s de la publicidad. Transformaciones en los conceptos de salud y alimentaci\u00f3n (1960-2007)\u201d. En 2011, tras haber realizado estudios de postgrado en la UNED para completar su formaci\u00f3n en an\u00e1lisis cualitativo y cuantitativo, comienza los estudios de doctorado en el Departamento de Sociolog\u00eda de la Universidad de Oviedo, donde actualmente redacta la tesis \u201cAgroindustria y desarrollo en el medio rural asturiano\u201d bajo la direcci\u00f3n la Dra. Cecilia D\u00edaz M\u00e9ndez. Su principal tema de investigaci\u00f3n ha sido hasta ahora la publicidad alimentaria, sobre el cual ha participado en dos art\u00edculos. Su nuevo tema de investigaci\u00f3n est\u00e1 centrado en el papel socioecon\u00f3mico de las certificaciones alimentarias, especialmente las Denominaciones de Origen Protegidas de los quesos asturianos.<br \/>\nEvaluadora de la Revista de Ciencias Sociales (RCS) de la Facultad de Ciecias Econ\u00f3micas y Sociales de la Universidad del Zulia (Venezuela)<\/p>\n<h3 style=\"text-align: justify;\"><strong>L\u00edneas de Investigaci\u00f3n<\/strong><\/h3>\n<ul>\n<li><a href=\"http:\/\/www.unioviedo.es\/socialimen\/investigacion-2\/lineas-de-investigacion\/3-poder-politica-movimientos-sociales-alimentarios\/\">Poder, pol\u00edtica y movimientos sociales alimentarios<\/a><\/li>\n<\/ul>\n<h3><strong>Participaci\u00f3n en Proyectos<\/strong><\/h3>\n<ul>\n<li><strong>La producci\u00f3n de calidad: nuevas estrategias rurales para nuevos consumidores<\/strong><\/li>\n<\/ul>\n<p style=\"padding-left: 60px;\">I+D (CSO2010-22074-C03-01)<\/p>\n<p style=\"padding-left: 60px;\">Dirigido por la Doctora Encarnaci\u00f3n Aguilar Criado (Catedr\u00e1tica de Universidad en el Departamento de Antropolog\u00eda de la Universidad de Sevilla).<\/p>\n<h3 style=\"text-align: justify;\"><strong>Publicaciones<\/strong><\/h3>\n<ul>\n<li>Gonz\u00e1lez \u00c1lvarez, Mar\u00eda, D\u00edaz-M\u00e9ndez, Cecilia y Novo V\u00e1zquez, Amparo (2019): De la Agricultura familiar a las Denominaci\u00f3n de Origen Protegida (DOP): Transformaci\u00f3n del sector del queso en Asturias en Agricultura Familiar y Derecho a la Alimentaci\u00f3n Reflexiones desde Espa\u00f1a, Am\u00e9rica Latina y el Caribe, coordinado por Amparo Novo V\u00e1zquez, M\u00aa Celia Fern\u00e1ndez Aller y H\u00e9ctor Silveira. Oviedo: Ediciones Universidad de Oviedo. ISBN: 978-84-17445-55-33<\/li>\n<li>Gonz\u00e1lez \u00c1lvarez, Mar\u00eda (2015).\u00a0<a href=\"http:\/\/www.revistadehumanidades.com\/articulos\/93-denominaciones-de-origen-y-parques-nacionales-actividad-quesera-en-picos-de-europa\">Denominaciones de Origen y Parques Nacionales: actividad quesera en Picos de Europa<\/a>. Revista de Humanidades [en l\u00ednea], n. 25, art\u00edculo 3, ISSN 2340-8995.<\/li>\n<li>Gonz\u00e1lez \u00c1lvarez, Mar\u00eda y D\u00edaz M\u00e9ndez, Cecilia (2013). L\u00edmites y potencialidades de las acreditaciones de calidad: los quesos con Denominaci\u00f3n de Origen del Principado de Asturias (Espa\u00f1a). Revista de Economia Agr\u00edcola (REA):Produtos Locais e Qualidade, 59 (2): 85-97<\/li>\n<\/ul>\n","protected":false},"excerpt":{"rendered":"<p>Categor\u00eda: INVESTIGADORA Departamento: SOCIOLOG\u00cdA \u00c1rea: Sociolog\u00eda Direcci\u00f3n:\u00a0Universidad de Oviedo.\u00a0Departamento de Sociolog\u00eda.\u00a0Facultad de Econom\u00eda y Empresa.\u00a0Edificio Departamental, 2\u00ba Planta.\u00a0Campus de El Cristo. 33006 Oviedo. Asturias (Espa\u00f1a). Correo: mgonalvarez@gmail.com &nbsp; &nbsp; &nbsp; &nbsp; Mar\u00eda Gonz\u00e1lez \u00c1lvarez, titulada en Historia por la universidad de Oviedo. En 2008 obtiene el Diploma de Estudios Avanzados mediante la presentaci\u00f3n del trabajo [&hellip;]<\/p>\n","protected":false},"author":2,"featured_media":1470,"parent":560,"menu_order":2,"comment_status":"closed","ping_status":"closed","template":"","meta":{"_genesis_hide_title":false,"_genesis_hide_breadcrumbs":false,"_genesis_hide_singular_image":false,"_genesis_hide_footer_widgets":false,"_genesis_custom_body_class":"","_genesis_custom_post_class":"","_genesis_layout":"","footnotes":""},"class_list":{"0":"post-1442","1":"page","2":"type-page","3":"status-publish","4":"has-post-thumbnail","6":"entry","7":"gs-1","8":"gs-odd","9":"gs-even","10":"gs-featured-content-entry"},"_links":{"self":[{"href":"https:\/\/www.unioviedo.es\/socialimen\/wp-json\/wp\/v2\/pages\/1442","targetHints":{"allow":["GET"]}}],"collection":[{"href":"https:\/\/www.unioviedo.es\/socialimen\/wp-json\/wp\/v2\/pages"}],"about":[{"href":"https:\/\/www.unioviedo.es\/socialimen\/wp-json\/wp\/v2\/types\/page"}],"author":[{"embeddable":true,"href":"https:\/\/www.unioviedo.es\/socialimen\/wp-json\/wp\/v2\/users\/2"}],"replies":[{"embeddable":true,"href":"https:\/\/www.unioviedo.es\/socialimen\/wp-json\/wp\/v2\/comments?post=1442"}],"version-history":[{"count":19,"href":"https:\/\/www.unioviedo.es\/socialimen\/wp-json\/wp\/v2\/pages\/1442\/revisions"}],"predecessor-version":[{"id":3426,"href":"https:\/\/www.unioviedo.es\/socialimen\/wp-json\/wp\/v2\/pages\/1442\/revisions\/3426"}],"up":[{"embeddable":true,"href":"https:\/\/www.unioviedo.es\/socialimen\/wp-json\/wp\/v2\/pages\/560"}],"wp:featuredmedia":[{"embeddable":true,"href":"https:\/\/www.unioviedo.es\/socialimen\/wp-json\/wp\/v2\/media\/1470"}],"wp:attachment":[{"href":"https:\/\/www.unioviedo.es\/socialimen\/wp-json\/wp\/v2\/media?parent=1442"}],"curies":[{"name":"wp","href":"https:\/\/api.w.org\/{rel}","templated":true}]}}