{"id":1445,"date":"2016-01-26T21:55:38","date_gmt":"2016-01-26T20:55:38","guid":{"rendered":"http:\/\/www.unioviedo.es\/socialimen\/?page_id=1445"},"modified":"2021-10-25T16:23:46","modified_gmt":"2021-10-25T14:23:46","slug":"cristobal-gomez-benito","status":"publish","type":"page","link":"https:\/\/www.unioviedo.es\/socialimen\/equipo\/investigadores-de-otras-universidades\/cristobal-gomez-benito\/","title":{"rendered":"Crist\u00f3bal G\u00f3mez Benito"},"content":{"rendered":"<p><span class=\"org\"><strong><img loading=\"lazy\" decoding=\"async\" class=\"size-full wp-image-3434 alignleft\" src=\"https:\/\/www.unioviedo.es\/socialimen\/wp-content\/uploads\/2021\/10\/cristobal.jpg\" alt=\"\" width=\"185\" height=\"211\" \/>Categor\u00eda:<\/strong>\u00a0<span class=\"org\">INVESTIGADOR DE OTRO CENTRO I+D.\u00a0(Universidad Nacional de Educaci\u00f3n a Distancia)<\/span><br \/>\n<\/span><strong>Departamento:<\/strong> Estructura social<span class=\"org\"><br \/>\n<\/span><strong>\u00c1rea: <\/strong>Sociolog\u00eda<br \/>\n<strong>Direcci\u00f3n:\u00a0<\/strong><span class=\"org\">Universidad Nacional de Educaci\u00f3n a Distancia<\/span>. Calle del Obispo Trejo, 2, 28040 Madrid<\/p>\n<p>&nbsp;<\/p>\n<p>&nbsp;<\/p>\n<p>&nbsp;<\/p>\n<p>&nbsp;<\/p>\n<p style=\"text-align: justify;\">Licenciado en Filosof\u00eda y Letras (1973) y Doctor en Sociolog\u00eda (1990). T\u00e9cnico Facultativo Superior del Ministerio de Agricultura, Pesca y Alimentaci\u00f3n (en excedencia), desde 1978 a 1983 trabaj\u00f3 como Soci\u00f3logo Rural en el Instituto Nacional de Reforma y Desarrollo Agrario, en la Jefatura provincial de Huesca y desde 1983 a 1991 como Jefe del \u00c1rea de Estudios de la Secretar\u00eda General T\u00e9cnica del MAPA. Profesor Titular de Universidad (desde 1992 hasta diciembre de 2014) en el Departamento de Sociolog\u00eda II (Estructura Social) de la Facultad de Ciencias Pol\u00edticas y Sociolog\u00eda de la Universidad Nacional de Educaci\u00f3n a Distancia (UNED). Ha impartido docencia en Sociolog\u00eda General, Ecolog\u00eda Humana, Sociolog\u00eda Rural y Medio Ambiente y Sociedad. Entre 1983-1995 fue Director de la <em>Revista Agricultura y Sociedad<\/em> y de las colecciones de libros \u201cEstudios\u201d y \u201cCl\u00e1sicos Agrarios\u201d del MAPA. Jubilado desde el 30 de diciembre de 2014. Ha sido Member Council de la European Society of Rural Sociology. Miembro del Consejo Asesor y de redacci\u00f3n de varias revistas acad\u00e9micas.Principales campos de investigaci\u00f3n: Sociolog\u00eda Rural, Sociolog\u00eda de la Alimentaci\u00f3n, Sociolog\u00eda Ambiental, Historia de las Pol\u00edticas y del Pensamiento Social Agrario. Principales publicaciones: <u>a) <strong>Estudios de Sociolog\u00eda Rural<\/strong><\/u>: G\u00f3mez Benito, C. (1995): <em>Pol\u00edticos, bur\u00f3cratas y expertos. Un estudio de la pol\u00edtica agraria y de la sociolog\u00eda rural en Espa\u00f1a. 1936-1959; <\/em>G\u00f3mez Benito, C. y Carlos Gimeno, J.C. (2003): <em>La colonizaci\u00f3n agraria en Espa\u00f1a y en Arag\u00f3n: 1939-1975; <\/em>G\u00f3mez Benito, C. y Luque Pulgar, E (2003).: <em>Im\u00e1genes de un mundo rural. 1955-1980; <\/em>G\u00f3mez Benito, C. (2004): <em>Una revisi\u00f3n y una reflexi\u00f3n sobre la pol\u00edtica de colonizaci\u00f3n agraria en la Espa\u00f1a de Franco; <\/em>G\u00f3mez Benito, C. y Luque Pulgar, L (2007): <em>\u201cModernizaci\u00f3n agraria, modernizaci\u00f3n administrativa y franquismo. El modelo educativo y administrativo del Servicio de Extensi\u00f3n Agraria (1955-1986); <\/em>G\u00f3mez Benito, C. (2007); <em>La agricultura y la sociedad rural en la obra de Julio Caro Baroja (1914-1995)<\/em>; G\u00f3mez Benito, C. (2011): \u00ab<em>De los planes de desarrollo a las integraci\u00f3n en la UE: 1964-1985<\/em>); en Robledo, R. (Coord): <em>Historia del Ministerio de Agricultura<\/em>; P\u00e9rez Yruela, M y G\u00f3mez Benito, Crist\u00f3bal (1990): <em>Sociolog\u00eda rural; \u00a0<\/em>L\u00f3pez Calvo, L. y\u00a0 G\u00f3mez Benito, C (1992): <em>Rural Sociology in Spain; \u00a0<\/em>G\u00f3mez Benito, C. y Gonz\u00e1lez, J.J.\u00a0 (eds.) (1997): <em>Agricultura y Sociedad en la Espa\u00f1a contempor\u00e1nea; <\/em>G\u00f3mez Benito, C. y Gonz\u00e1lez, J.J.\u00a0 (1997): <em>Clases agrarias, estrategias familiares y mercado de trabajo; <\/em>G\u00f3mez Benito, C. y Gonz\u00e1lez, J.J.\u00a0 (eds.) (1999): <em>Estrategias familiares y futuro de la agricultura familiar; <\/em>G\u00f3mez Benito, C. Gonz\u00e1lez, J.J. Sancho Hazak, R. (1999): <em>Identidad y profesi\u00f3n en la agricultura familiar; <\/em>G\u00f3mez Benito, C. (2000): <em>La poblaci\u00f3n rural en la Espa\u00f1a actual: movilidad y recomposici\u00f3n social;<\/em> Gonz\u00e1lez, J.J. y G\u00f3mez Benito, C. (2002): <em>Juventud Rural 2000; <\/em>Gonz\u00e1lez, J.J. y G\u00f3mez Benito, C. (2001): <em>Profession and identity. <\/em><em>The case of family farming in Spain;<\/em> G\u00f3mez Benito, C. y Gonz\u00e1lez, J.J.\u00a0 (eds.) (2002) <em>Agricultura y sociedad en el cambio de siglo. <\/em>G\u00f3mez Benito, C. y Gonz\u00e1lez, J.J. (2002):<em>\u201cFamilia y explotaci\u00f3n en la transformaci\u00f3n de la agricultura familiar espa\u00f1ola\u201d; <\/em>G\u00f3mez Benito, C. y Luque, E. (2006):<em> \u00abIm\u00e1genes de un mundo rural<\/em>\u00ab. 1955-1980; G\u00f3mez Benito, C. y Gonz\u00e1lez, J.J. (2008): \u00abInforme sociol\u00f3gico del medio rural\u00bb, en Regidor, J. (coord.): <em>Desarrollo rural sostenible: un nuevo desaf\u00edo; \u00a0<\/em>G\u00f3mez Benito, C<em>. y<\/em> D\u00edaz M\u00e9ndez, C. (2009): \u00ab<em>La juventud rural en el cambio de siglo: tendencias y perspectivas\u00bb; \u00a0<\/em>G\u00f3mez Benito, C. y Gonz\u00e1lez, J.J. (2015): <em>Opini\u00f3n p\u00fablica, agricultura y sociedad rural. <\/em><em>Bar\u00f3metro del medio rural de Castilla y Le\u00f3n<\/em>. <strong><u>b).<\/u><\/strong><em><u> <strong>Estudios de sociolog\u00eda de la alimentaci\u00f3n<\/strong><\/u><strong>: <\/strong><\/em>Cecilia D\u00edaz M\u00e9ndez y Crist\u00f3bal G\u00f3mez Benito (2001) <em>Del consumo alimentario a la sociolog\u00eda de la alimentaci\u00f3n; <\/em>Cecilia D\u00edaz M\u00e9ndez y Crist\u00f3bal G\u00f3mez Benito (2004): <em>El consumo alimentario en Espa\u00f1a; <\/em>Cecilia D\u00edaz M\u00e9ndez y Crist\u00f3bal G\u00f3mez Benito (2005): <em>Una aproximaci\u00f3n a las teor\u00edas y los debates actuales en torno a la alimentaci\u00f3n contempor\u00e1nea, en \u00a0<\/em>Cecilia D\u00edaz M\u00e9ndez y Crist\u00f3bal G\u00f3mez Benito (2005): <em>Sociolog\u00eda y Alimentaci\u00f3n; <\/em>Cecilia D\u00edaz M\u00e9ndez y Crist\u00f3bal G\u00f3mez Benito (Coordinadores) (2008): <em>Alimentaci\u00f3n, consumo y salud; \u00a0<\/em>G\u00f3mez Benito, C. (2008): <em>Aproximaci\u00f3n a la sociolog\u00eda de la alimentaci\u00f3n. Un mapa tem\u00e1tico;<\/em>Cecilia D\u00edaz M\u00e9ndez y Crist\u00f3bal G\u00f3mez Benito (2008): <em>Evoluci\u00f3n de las recomendaciones institucionales sobre salud y alimentaci\u00f3n; <\/em>Cecilia D\u00edaz M\u00e9ndez y Crist\u00f3bal G\u00f3mez Benito (2008): <em>Problem\u00e1ticas actuales en torno a la alimentaci\u00f3n y a la salud; <\/em>Cecilia D\u00edaz M\u00e9ndez y Crist\u00f3bal G\u00f3mez Benito (2010): \u00ab<em>Nutrition and the Mediterranean diet. A historical and sociological analysis of the concept of a \u2018\u2018healthy diet\u201d in Spanish society<\/em>\u00ab; Lozano, C.; G\u00f3mez-Benito, C. Luque, E. y Moreno, M. (2013): \u00ab<em>Las etiquetas alimentarias \u00bfherramientas de (des)conexi\u00f3n entre productores y consumidores?; <\/em>\u00a0G\u00f3mez Benito, C. y Lozano, C. (2014): \u00ab<em>\u00bfConsumidores o ciudadanos?. Reflexiones sobre el concepto de ciudadan\u00eda alimentaria\u00bb; <\/em>G\u00f3mez Benito, C. y Lozano, C. (2014):<em> Constructing Food Citizenship: Theoretical Premises and Social Practices; <\/em><strong><u>c) <\/u><\/strong><strong><u>Estudios de sociolog\u00eda ambiental<\/u><\/strong>: G\u00f3mez Benito, C. (1995): <em>Diversidad biol\u00f3gica, conocimiento local y desarrollo; <\/em>G\u00f3mez Benito, C., Paniagua, A. (1995): \u00ab<em>Caracterizaci\u00f3n sociodemogr\u00e1fica de la sensibilidad ambiental en Espa\u00f1a; <\/em>G\u00f3mez Benito, C., Paniagua, A. (1998). <em>Agricultura y Naturaleza. Una aproximaci\u00f3n a las im\u00e1genes y actitudes de la poblaci\u00f3n respecto a las relaciones entre agricultura, medio rural y naturaleza; \u00a0<\/em>Noya, J. G\u00f3mez Benito, C. Paniagua, A. (1999): <em>La inconsistencia de las actitudes hacia el medio ambiente en Espa\u00f1a; <\/em>G\u00f3mez Benito, C., Noya, J. Paniagua, A. (1999): <em>Actitudes y comportamientos hacia el medio ambiente en Espa\u00f1a.<\/em><\/p>\n<h3><strong>Publicaciones:<\/strong><\/h3>\n<ul>\n<li><strong>G\u00f3mez Benito, C. y D\u00edaz M\u00e9ndez, C<\/strong>. (2021): \u201cEl malestar en la alimentaci\u00f3n\u201d, en D\u00edaz M\u00e9ndez, C. y Espejo, I. (coord.): <em>El malestar en la alimentaci\u00f3n, <\/em>; <a href=\"https:\/\/trea.es\/books\/el-malestar-con-la-alimentacion\">TREA<\/a><\/li>\n<li><strong>Misiani, S. y G\u00f3mez Benito, C. (editores) <\/strong>(2017): Construyendo la naci\u00f3n. Reforma agrarian y modernizaci\u00f3n rural en la Italia del Siglo XX. PUZ, Zaragoza. <a href=\"https:\/\/puz.unizar.es\/1841-construyendo-la-nacion-reforma-agraria-y-modernizacion-rural-en-la-italia-del-siglo-xx.html\">Construyendo la naci\u00f3n: Reforma agraria y modernizaci\u00f3n rural en la Italia del siglo XX (unizar.es)<\/a><\/li>\n<li><strong>G\u00f3mez Benito, C. (coord)<\/strong>, (2017): Estudios de socio-antropolog\u00eda de la alimentaci\u00f3n en Espa\u00f1a, Ministerio de Agricultura y Pesca, Alimnetaci\u00f3n y Medio Ambiente, Madrid. <a href=\"https:\/\/www.unebook.es\/es\/libro\/estudios-de-socio-antropologia-de-la-alimentacion-en-espana_225768\">ESTUDIOS DE SOCIO-ANTROPOLOG\u00cdA DE LA ALIMENTACI\u00d3N EN ESPA\u00d1A. AA.VV.. Libro en papel. 9788449114915 (unebook.es)<\/a><\/li>\n<li><strong>Carmen Lozano-Cabedo &amp; Crist\u00f3bal G\u00f3mez-Benito, <\/strong>(2017): \u201cA Theoretical Model of Food Citizenship, for the Analysis of Social Praxis\u201d, in Journal of Agricultural and Environmental Ethics, 2017, Vol. 30; number 1, pp.<\/li>\n<li><strong>Cecilia D\u00edaz-M\u00e9ndez &amp; Crist\u00f3bal G\u00f3mez-Benito <\/strong>(2010): \u201cNutrition and the Mediterranean diet. A historical and sociological analysis of the concept of a \u2018\u2018healthy diet\u201d in Spanish society\u201d, Food Policy 35 (2010) 437\u2013447<\/li>\n<\/ul>\n","protected":false},"excerpt":{"rendered":"<p>Categor\u00eda:\u00a0INVESTIGADOR DE OTRO CENTRO I+D.\u00a0(Universidad Nacional de Educaci\u00f3n a Distancia) Departamento: Estructura social \u00c1rea: Sociolog\u00eda Direcci\u00f3n:\u00a0Universidad Nacional de Educaci\u00f3n a Distancia. Calle del Obispo Trejo, 2, 28040 Madrid &nbsp; &nbsp; &nbsp; &nbsp; Licenciado en Filosof\u00eda y Letras (1973) y Doctor en Sociolog\u00eda (1990). T\u00e9cnico Facultativo Superior del Ministerio de Agricultura, Pesca y Alimentaci\u00f3n (en excedencia), [&hellip;]<\/p>\n","protected":false},"author":2,"featured_media":3434,"parent":1397,"menu_order":2,"comment_status":"closed","ping_status":"closed","template":"","meta":{"_genesis_hide_title":false,"_genesis_hide_breadcrumbs":false,"_genesis_hide_singular_image":false,"_genesis_hide_footer_widgets":false,"_genesis_custom_body_class":"","_genesis_custom_post_class":"","_genesis_layout":"","footnotes":""},"class_list":{"0":"post-1445","1":"page","2":"type-page","3":"status-publish","4":"has-post-thumbnail","6":"entry","7":"gs-1","8":"gs-odd","9":"gs-even","10":"gs-featured-content-entry"},"_links":{"self":[{"href":"https:\/\/www.unioviedo.es\/socialimen\/wp-json\/wp\/v2\/pages\/1445","targetHints":{"allow":["GET"]}}],"collection":[{"href":"https:\/\/www.unioviedo.es\/socialimen\/wp-json\/wp\/v2\/pages"}],"about":[{"href":"https:\/\/www.unioviedo.es\/socialimen\/wp-json\/wp\/v2\/types\/page"}],"author":[{"embeddable":true,"href":"https:\/\/www.unioviedo.es\/socialimen\/wp-json\/wp\/v2\/users\/2"}],"replies":[{"embeddable":true,"href":"https:\/\/www.unioviedo.es\/socialimen\/wp-json\/wp\/v2\/comments?post=1445"}],"version-history":[{"count":6,"href":"https:\/\/www.unioviedo.es\/socialimen\/wp-json\/wp\/v2\/pages\/1445\/revisions"}],"predecessor-version":[{"id":3436,"href":"https:\/\/www.unioviedo.es\/socialimen\/wp-json\/wp\/v2\/pages\/1445\/revisions\/3436"}],"up":[{"embeddable":true,"href":"https:\/\/www.unioviedo.es\/socialimen\/wp-json\/wp\/v2\/pages\/1397"}],"wp:featuredmedia":[{"embeddable":true,"href":"https:\/\/www.unioviedo.es\/socialimen\/wp-json\/wp\/v2\/media\/3434"}],"wp:attachment":[{"href":"https:\/\/www.unioviedo.es\/socialimen\/wp-json\/wp\/v2\/media?parent=1445"}],"curies":[{"name":"wp","href":"https:\/\/api.w.org\/{rel}","templated":true}]}}