{"id":1452,"date":"2016-01-26T22:06:22","date_gmt":"2016-01-26T21:06:22","guid":{"rendered":"http:\/\/www.unioviedo.es\/socialimen\/?page_id=1452"},"modified":"2021-10-25T16:34:02","modified_gmt":"2021-10-25T14:34:02","slug":"carmen-maria-lozano-cabedo","status":"publish","type":"page","link":"https:\/\/www.unioviedo.es\/socialimen\/equipo\/investigadores-de-otras-universidades\/carmen-maria-lozano-cabedo\/","title":{"rendered":"Carmen Mar\u00eda Lozano Cabedo"},"content":{"rendered":"<p><span class=\"org\"><img loading=\"lazy\" decoding=\"async\" class=\"size-full wp-image-3440 alignleft\" src=\"https:\/\/www.unioviedo.es\/socialimen\/wp-content\/uploads\/2021\/10\/carmen-lozano.png\" alt=\"\" width=\"236\" height=\"277\" \/><\/span><br \/>\n<strong>Categor\u00eda:<\/strong>\u00a0INVESTIGADOR DE OTRO CENTRO I+D. (Universidad Nacional de Educaci\u00f3n a Distancia)(Doctora en Antropolog\u00eda Social)<br \/>\n<strong>Departamento:<\/strong>\u00a0Departamento de Sociolog\u00eda II (Estructura Social)<br \/>\n<strong>\u00c1rea: Sociolog\u00eda<\/strong><br \/>\n<strong>Direcci\u00f3n: <\/strong>Facultad de Ciencias Pol\u00edticas y Sociolog\u00eda.<br \/>\nDepartamento de Sociolog\u00eda II (Estructura Social)<br \/>\nC\/ Obispo Trejo s\/n, 28040 Madrid<br \/>\nDespacho 3.14<br \/>\n<strong>Correo:<\/strong> clozano@poli.uned.es<br \/>\n<strong>Tel\u00e9fono: (<\/strong>+34) 91 398 95 52<\/p>\n<p>&nbsp;<\/p>\n<p>&nbsp;<\/p>\n<p>Doctora en Antropolog\u00eda Social con Menci\u00f3n Europea por la Universidad de Sevilla (2009) y licenciada en Antropolog\u00eda Social (2002) e Historia del Arte (2010) por la Universidad de Sevilla. Desde 2009 es profesora del Departamento Sociolog\u00eda II (Estructura Social) de la Universidad Nacional de Educaci\u00f3n a Distancia, donde imparte diversas asignaturas de M\u00e1ster, Grado y de Licenciatura vinculadas a la Sociolog\u00eda Rural, el Desarrollo Territorial y los Sistemas Agroalimentarios.<br \/>\nSus l\u00edneas de investigaci\u00f3n se enmarcan en el \u00e1mbito de la sociolog\u00eda de la alimentaci\u00f3n y la sociolog\u00eda rural. En los \u00faltimos a\u00f1os ha participado en proyectos de investigaci\u00f3n, desarrollados con financiaci\u00f3n p\u00fablica, en el \u00e1mbito de la alimentaci\u00f3n, las ciencias sociales y el desarrollo territorial. \u201cLas marcas de calidad en el mundo rural: nuevos retos para productores y consumidores\u201d (2015-1017); \u201cPatrones de consumo de alimentos tradicionales en M\u00e9xico y sellos de calidad\u201d (2015-1017); \u00abLa comida invisible. Representaciones sociales de los sistemas alimentarios\u00bb (2011-2014); \u201cTerritorio, calidad e innovaci\u00f3n: el dise\u00f1o de una nueva ruralidad europea\u201d (2007-2010). Esto le ha permitido colaborar con investigadores de otras Universidades espa\u00f1olas (Universidad de Sevilla, Universidad de C\u00e1diz, Universidad del Pa\u00eds Vasco) y con centros extranjeros (Universidad Aut\u00f3noma del Estado de M\u00e9xico, Universidade Federal de Santa Mar\u00eda y Universidade Federal de Pelotas en Brasil, CIRAD en Francia).<br \/>\nHa publicado art\u00edculos que abordan el an\u00e1lisis de los movimientos sociales alimentarios a partir del concepto de ciudadan\u00eda alimentaria: Italian Sociological Review (2014). Desatacan sus estudios acerca de la percepci\u00f3n que diferentes actores de la cadena alimentaria poseen del etiquetado de alimentos: Revista Economia Agricola (2012), as\u00ed como los an\u00e1lisis relativos a los sellos de calidad alimentaria: Spanish Journal of Rural Development (2015), Econom\u00eda Agr\u00edcola (2012). Ha desarrollado una l\u00ednea de trabajo espec\u00edfica en torno a la agricultura ecol\u00f3gica que se ha plasmado en diversas publicaciones: Gazeta de Antropolog\u00eda (2013); Revista Iberoamericana de Econom\u00eda Ecol\u00f3gica (2014); Sviluppo locale (2012), entre las que destacan dos libros: El sabor de la naturaleza: agricultura ecol\u00f3gica en Parques Naturales Andaluces (2011) y Agricultura Ecol\u00f3gica y \u201cSegura\u201d. Nuevas estrategias de desarrollo en el medio rural andaluz (2010).<\/p>\n<h3><strong>Publicaciones:<\/strong><\/h3>\n<ul>\n<li>D\u00edaz-M\u00e9ndez, C. &amp; Lozano-Cabedo, C. (2021). Food governance and healthy diet. An analysis of the conflictive relationships among the actors of the agri-food system. <em>Trends in Food Science &amp; Technology. <\/em><a href=\"https:\/\/www.sciencedirect.com\/science\/article\/abs\/pii\/S0924224418301353\">https:\/\/www.sciencedirect.com\/science\/article\/abs\/pii\/S0924224418301353<\/a><\/li>\n<li>Farr\u00e9 Ribes, M.; Lozano-Cabedo, C. y Aguilar Criado, E. (2020). La \u201cnueva cultura del aceite\u201d como eje de transformaci\u00f3n en los territorios olivareros andaluces. AIBR-Revista de Antropolog\u00eda Iberoamericana, 15(1): 79-104. <a href=\"https:\/\/www.aibr.org\/antropologia\/netesp\/numeros\/1501\/150105.pdf\">https:\/\/www.aibr.org\/antropologia\/netesp\/numeros\/1501\/150105.pdf<\/a><\/li>\n<li>Farr\u00e9 Ribes, M.; Lozano-Cabedo, C. y Aguilar Criado, E. (2019) The role of knowledge in constructing the quality of olive oil in Spain. Sustainability, 11(15): 4029. <a href=\"https:\/\/www.mdpi.com\/2071-1050\/11\/15\/4029\">https:\/\/www.mdpi.com\/2071-1050\/11\/15\/4029<\/a><\/li>\n<li>Escobar-L\u00f3pez, F.Y; Espinoza-Ortega, A. Lozano-Cabedo, C.; Aguilar Criado, E.; Amaya-Corchuelo, A.; (2019). Motivations to consume ecological foods in Alternative Food Networks (AFNs) in southern Spain. British Food Journal, 121(11): 2565-2577. <a href=\"https:\/\/www.emerald.com\/insight\/content\/doi\/10.1108\/BFJ-01-2019-0051\/full\/html\">https:\/\/www.emerald.com\/insight\/content\/doi\/10.1108\/BFJ-01-2019-0051\/full\/html<\/a><\/li>\n<li>Lozano-Cabedo, C. &amp; G\u00f3mez-Benito, C. (2017). A Theoretical Model of Food Citizenship for the Analysis of Social Praxis. Journal of Agricultural and Environmental Ethics 30(1), 1-22. <a href=\"https:\/\/link.springer.com\/article\/10.1007\/s10806-016-9649-0\">https:\/\/link.springer.com\/article\/10.1007\/s10806-016-9649-0<\/a><\/li>\n<\/ul>\n","protected":false},"excerpt":{"rendered":"<p>Categor\u00eda:\u00a0INVESTIGADOR DE OTRO CENTRO I+D. (Universidad Nacional de Educaci\u00f3n a Distancia)(Doctora en Antropolog\u00eda Social) Departamento:\u00a0Departamento de Sociolog\u00eda II (Estructura Social) \u00c1rea: Sociolog\u00eda Direcci\u00f3n: Facultad de Ciencias Pol\u00edticas y Sociolog\u00eda. Departamento de Sociolog\u00eda II (Estructura Social) C\/ Obispo Trejo s\/n, 28040 Madrid Despacho 3.14 Correo: clozano@poli.uned.es Tel\u00e9fono: (+34) 91 398 95 52 &nbsp; &nbsp; Doctora en [&hellip;]<\/p>\n","protected":false},"author":2,"featured_media":3440,"parent":1397,"menu_order":4,"comment_status":"closed","ping_status":"closed","template":"","meta":{"_genesis_hide_title":false,"_genesis_hide_breadcrumbs":false,"_genesis_hide_singular_image":false,"_genesis_hide_footer_widgets":false,"_genesis_custom_body_class":"","_genesis_custom_post_class":"","_genesis_layout":"","footnotes":""},"class_list":{"0":"post-1452","1":"page","2":"type-page","3":"status-publish","4":"has-post-thumbnail","6":"entry","7":"gs-1","8":"gs-odd","9":"gs-even","10":"gs-featured-content-entry"},"_links":{"self":[{"href":"https:\/\/www.unioviedo.es\/socialimen\/wp-json\/wp\/v2\/pages\/1452","targetHints":{"allow":["GET"]}}],"collection":[{"href":"https:\/\/www.unioviedo.es\/socialimen\/wp-json\/wp\/v2\/pages"}],"about":[{"href":"https:\/\/www.unioviedo.es\/socialimen\/wp-json\/wp\/v2\/types\/page"}],"author":[{"embeddable":true,"href":"https:\/\/www.unioviedo.es\/socialimen\/wp-json\/wp\/v2\/users\/2"}],"replies":[{"embeddable":true,"href":"https:\/\/www.unioviedo.es\/socialimen\/wp-json\/wp\/v2\/comments?post=1452"}],"version-history":[{"count":12,"href":"https:\/\/www.unioviedo.es\/socialimen\/wp-json\/wp\/v2\/pages\/1452\/revisions"}],"predecessor-version":[{"id":3442,"href":"https:\/\/www.unioviedo.es\/socialimen\/wp-json\/wp\/v2\/pages\/1452\/revisions\/3442"}],"up":[{"embeddable":true,"href":"https:\/\/www.unioviedo.es\/socialimen\/wp-json\/wp\/v2\/pages\/1397"}],"wp:featuredmedia":[{"embeddable":true,"href":"https:\/\/www.unioviedo.es\/socialimen\/wp-json\/wp\/v2\/media\/3440"}],"wp:attachment":[{"href":"https:\/\/www.unioviedo.es\/socialimen\/wp-json\/wp\/v2\/media?parent=1452"}],"curies":[{"name":"wp","href":"https:\/\/api.w.org\/{rel}","templated":true}]}}