{"id":1454,"date":"2016-01-26T22:07:45","date_gmt":"2016-01-26T21:07:45","guid":{"rendered":"http:\/\/www.unioviedo.es\/socialimen\/?page_id=1454"},"modified":"2021-10-26T13:20:53","modified_gmt":"2021-10-26T11:20:53","slug":"paloma-herrero-racionero","status":"publish","type":"page","link":"https:\/\/www.unioviedo.es\/socialimen\/equipo\/investigadores-de-otras-universidades\/paloma-herrero-racionero\/","title":{"rendered":"Paloma Herrera Racionero"},"content":{"rendered":"<p style=\"margin: 0cm; margin-bottom: .0001pt;\"><strong><img loading=\"lazy\" decoding=\"async\" class=\"size-medium wp-image-3437 alignleft\" src=\"https:\/\/www.unioviedo.es\/socialimen\/wp-content\/uploads\/2021\/10\/paloma-herrera-271x300.jpg\" alt=\"\" width=\"271\" height=\"300\" srcset=\"https:\/\/www.unioviedo.es\/socialimen\/wp-content\/uploads\/2021\/10\/paloma-herrera-271x300.jpg 271w, https:\/\/www.unioviedo.es\/socialimen\/wp-content\/uploads\/2021\/10\/paloma-herrera.jpg 334w\" sizes=\"auto, (max-width: 271px) 100vw, 271px\" \/>Categor\u00eda:<\/strong> PROFESORA TITULAR DE UNIVERSIDAD (Universidad Polit\u00e9cnica de Valencia).<br \/>\n<strong>Departamento:<\/strong>\u00a0Departamento de Econom\u00eda y Ciencias Sociales<br \/>\n<strong>\u00c1rea: <\/strong>Sociolog\u00eda<br \/>\n<strong>Direcci\u00f3n: <\/strong>Escola Polit\u00e8cnica Superior de Gandia Universitat Polit\u00e8cnica de Val\u00e8ncia. Calle Paranimf, 1 46730 Gandia. Val\u00e8ncia. Espanya<\/p>\n<p style=\"margin: 0cm; margin-bottom: .0001pt;\"><strong>Correo: <\/strong>paherra@esp.upv.es<\/p>\n<p style=\"margin: 0cm; margin-bottom: .0001pt;\"><strong>Tel\u00e9fono: <\/strong>962849394\u00a0 (Ext.:49394)<\/p>\n<p style=\"margin: 0cm; margin-bottom: .0001pt;\"><a href=\"https:\/\/www.researchgate.net\/profile\/Paloma_Herrera-Racionero\">Researchgate<\/a><\/p>\n<p>&nbsp;<\/p>\n<p style=\"text-align: justify;\"><b><span lang=\"ES-TRAD\">Paloma Herrera-Racionero<\/span><\/b><span lang=\"ES-TRAD\"> es doctora por la Universidad Polit\u00e9cnica de Valencia y profesora de\u00a0 Sociolog\u00eda y Medio Ambiente y Sociedad en esa misma universidad. En la actualidad, forma parte del <\/span>Grupo de Investigaci\u00f3n en Sociolog\u00eda de Alimentaci\u00f3n de Espa\u00f1a y del Instituto de Investigaci\u00f3n para la Gesti\u00f3n Integrada de Zonas Costeras (IGIC), <span lang=\"ES-TRAD\">equipos de investigaci\u00f3n en los \u00e1mbitos de Sociolog\u00eda de la Alimentaci\u00f3n, Sociolog\u00eda Rural y Sociolog\u00eda del Medio Ambiente. Autora del libro <i>Del comer al nutrir. La ignorancia ilustrada del comensal moderno<\/i>, Madrid, Plaza y Vald\u00e9s, 2010, ha publicado diversos art\u00edculos y cap\u00edtulos de libros centrados en el an\u00e1lisis del comportamiento alimentario y sus transformaciones desde una perspectiva social, las percepciones y actitudes de los alimentos transg\u00e9nicos o la situaci\u00f3n de la agricultura de regad\u00edo y del desarrollo rural.\u00a0<\/span><\/p>\n<h3><strong>Publicaciones:<\/strong><\/h3>\n<ul>\n<li>Herrera Racionero, P. y Lizcano, E. (2021). \u201cRevoluci\u00f3n azul y gobernanza en la pesca\u201d, en <em>El malestar con la alimentaci\u00f3n<\/em>, Ed. Trea (ISBN:\u00a0 978-84-18105-33-3), pp. 113-130<\/li>\n<li>Herrera\u2010Racionero, P., Lizcano, E., Miret\u2010Pastor, L. and Mascarell, Y. (2021). \u2018The Sea is Our Life\u2019. Woman in the Fishery Sector of the Valencian Community. <em>Sociologia Ruralis<\/em>, 61 (1): 278-300<\/li>\n<li>Herrera-Racionero, P., Mart\u00ednez-Novo, R., Lizcano, E., Miret-Pastor, L. (2020). Sea-based aquafarming and traditional fishery: Oceans apart? <em>Journal of Rural Studies<\/em>, 78: 123-130<\/li>\n<li>Miret Pastor, L., Molina-Garc\u00eda, A.; Garc\u00eda-Aranda, C.; Herrera-Racionero, P. (2020). The connection between recreational fishing and the traditional fishing sector in the emerging area of marine tourism: challenges and opportunities for diversification with the European Fisheries Fund (EFF). <em>ICES Journal of Marine Science<\/em>, 77 (6): 2369\u20132374<\/li>\n<li>Herrera-Racionero, P.; Lizcano, E.; Miret Pastor, L.; Mascarell-Rocher, Y. (2019). The Spanish Mediterranean Fishing Guilds (Cofrad\u00edas): An Example of Collaborative Management with a Key Role in Sustainable Fisheries.: Fisheries 44 (4): 172-182<\/li>\n<\/ul>\n","protected":false},"excerpt":{"rendered":"<p>Categor\u00eda: PROFESORA TITULAR DE UNIVERSIDAD (Universidad Polit\u00e9cnica de Valencia). Departamento:\u00a0Departamento de Econom\u00eda y Ciencias Sociales \u00c1rea: Sociolog\u00eda Direcci\u00f3n: Escola Polit\u00e8cnica Superior de Gandia Universitat Polit\u00e8cnica de Val\u00e8ncia. Calle Paranimf, 1 46730 Gandia. Val\u00e8ncia. Espanya Correo: paherra@esp.upv.es Tel\u00e9fono: 962849394\u00a0 (Ext.:49394) Researchgate &nbsp; Paloma Herrera-Racionero es doctora por la Universidad Polit\u00e9cnica de Valencia y profesora de\u00a0 Sociolog\u00eda [&hellip;]<\/p>\n","protected":false},"author":2,"featured_media":3437,"parent":1397,"menu_order":3,"comment_status":"closed","ping_status":"closed","template":"","meta":{"_genesis_hide_title":false,"_genesis_hide_breadcrumbs":false,"_genesis_hide_singular_image":false,"_genesis_hide_footer_widgets":false,"_genesis_custom_body_class":"","_genesis_custom_post_class":"","_genesis_layout":"","footnotes":""},"class_list":{"0":"post-1454","1":"page","2":"type-page","3":"status-publish","4":"has-post-thumbnail","6":"entry","7":"gs-1","8":"gs-odd","9":"gs-even","10":"gs-featured-content-entry"},"_links":{"self":[{"href":"https:\/\/www.unioviedo.es\/socialimen\/wp-json\/wp\/v2\/pages\/1454","targetHints":{"allow":["GET"]}}],"collection":[{"href":"https:\/\/www.unioviedo.es\/socialimen\/wp-json\/wp\/v2\/pages"}],"about":[{"href":"https:\/\/www.unioviedo.es\/socialimen\/wp-json\/wp\/v2\/types\/page"}],"author":[{"embeddable":true,"href":"https:\/\/www.unioviedo.es\/socialimen\/wp-json\/wp\/v2\/users\/2"}],"replies":[{"embeddable":true,"href":"https:\/\/www.unioviedo.es\/socialimen\/wp-json\/wp\/v2\/comments?post=1454"}],"version-history":[{"count":14,"href":"https:\/\/www.unioviedo.es\/socialimen\/wp-json\/wp\/v2\/pages\/1454\/revisions"}],"predecessor-version":[{"id":3451,"href":"https:\/\/www.unioviedo.es\/socialimen\/wp-json\/wp\/v2\/pages\/1454\/revisions\/3451"}],"up":[{"embeddable":true,"href":"https:\/\/www.unioviedo.es\/socialimen\/wp-json\/wp\/v2\/pages\/1397"}],"wp:featuredmedia":[{"embeddable":true,"href":"https:\/\/www.unioviedo.es\/socialimen\/wp-json\/wp\/v2\/media\/3437"}],"wp:attachment":[{"href":"https:\/\/www.unioviedo.es\/socialimen\/wp-json\/wp\/v2\/media?parent=1454"}],"curies":[{"name":"wp","href":"https:\/\/api.w.org\/{rel}","templated":true}]}}