{"id":1456,"date":"2016-01-26T22:08:13","date_gmt":"2016-01-26T21:08:13","guid":{"rendered":"http:\/\/www.unioviedo.es\/socialimen\/?page_id=1456"},"modified":"2021-10-26T13:53:31","modified_gmt":"2021-10-26T11:53:31","slug":"guadalupe-ramos-truchero","status":"publish","type":"page","link":"https:\/\/www.unioviedo.es\/socialimen\/equipo\/investigadores-de-otras-universidades\/guadalupe-ramos-truchero\/","title":{"rendered":"Guadalupe Ramos Truchero"},"content":{"rendered":"<p><strong> <img loading=\"lazy\" decoding=\"async\" class=\"size-medium wp-image-3446 alignleft\" src=\"https:\/\/www.unioviedo.es\/socialimen\/wp-content\/uploads\/2021\/10\/guadalupe-188x300.png\" alt=\"\" width=\"188\" height=\"300\" srcset=\"https:\/\/www.unioviedo.es\/socialimen\/wp-content\/uploads\/2021\/10\/guadalupe-188x300.png 188w, https:\/\/www.unioviedo.es\/socialimen\/wp-content\/uploads\/2021\/10\/guadalupe.png 279w\" sizes=\"auto, (max-width: 188px) 100vw, 188px\" \/>Categor\u00eda:<\/strong> INVESTIGADOR DE OTRO CENTRO I+D. Profesora Contratada Doctora (Universidad de Valladolid).<br \/>\n<strong>Facultad:<\/strong> Facultad de Educaci\u00f3n y Trabajo Social, Valladolid<br \/>\n<strong>\u00c1rea:<\/strong> Sociolog\u00eda<br \/>\n<strong>Direcci\u00f3n:<\/strong> Campus Miguel Delibes, Paseo de Bel\u00e9n, 1 Valladolid 47011<br \/>\n<strong>Correo:<\/strong> <a href=\"mailto:guadalupe.ramos@uva.es\">guadalupe.ramos@uva.es<\/a><br \/>\n<strong>Tel\u00e9fono:<\/strong> (+34) 975 129 247<br \/>\n<a href=\"https:\/\/www.researchgate.net\/profile\/Guadalupe_Ramos_Truchero\">ResearchGate<\/a><br \/>\n<a href=\"https:\/\/scholar.google.es\/citations?user=IXgggsMAAAAJ&amp;hl=es\">Google Scholar<\/a><\/p>\n<p>&nbsp;<\/p>\n<p style=\"text-align: justify;\"><strong>Guadalupe Ramos Truchero<\/strong> es Doctora en Sociolog\u00eda por la Universidad del Pa\u00eds Vasco\/Euskal Herriko Unibertsitatea, con la tesis doctoral titulada \u201cLa sucesi\u00f3n de la ganader\u00eda familiar: el ovino de leche en el Pa\u00eds Vasco\u201d. Licenciada en Sociolog\u00eda por la Universidad de Salamanca, en 2006 se incorpora como profesora de la Universidad de Valladolid en el Departamento de Sociolog\u00eda y Trabajo Social. Desde septiembre de 2016 es profesora Contratado Doctor.<\/p>\n<p style=\"text-align: justify;\">Su trayectoria investigadora comienza dentro de la Sociolog\u00eda Rural y de la Agricultura como becaria del proyecto europeo dedicado al estudio del impacto de las pol\u00edticas de desarrollo rural en la Uni\u00f3n Europea (FAIR PL 98-4288) y con la posterior obtenci\u00f3n de una beca <em>pre<\/em>doctoral FPI del Gobierno vasco para investigar el relevo generacional de las explotaciones ganaderas vascas. M\u00e1s adelante, sus investigaciones se dirigieron hacia otras l\u00edneas de trabajo dentro de la Sociolog\u00eda como la calidad del empleo y la satisfacci\u00f3n laboral, la igualdad de oportunidades, la evaluaci\u00f3n de los programas de desarrollo rural en la Comunidad Aut\u00f3noma Vasca o la actividad laboral resinera en Castilla y Le\u00f3n. Durante la \u00faltima d\u00e9cada se ha centrado en el estudio de temas sociales relacionados con la alimentaci\u00f3n.<\/p>\n<p style=\"text-align: justify;\">Ha trabajado en grupos de investigaci\u00f3n interdisciplinares de distintas Universidades espa\u00f1olas. Actualmente, pertenece al Grupo de Investigaci\u00f3n Reconocido (GIR) de Ciencias Sociales Aplicadas de la Universidad de Valladolid, al Grupo de investigaci\u00f3n en Sociolog\u00eda de la Alimentaci\u00f3n de la Universidad de Oviedo, a la Red tem\u00e1tica de investigaci\u00f3n \u201cNiveles de vida, salud alimentaria y desigualdad. Siglos XVIII-XXI\u201d (RED2018-102413-T) y a la Red CITIES- \u201cCiudades inteligentes totalmente integrales, eficientes y sostenibles\u201d (Red Tem\u00e1tica 518RT0558).<\/p>\n<p style=\"text-align: justify;\">Junto a ellos, ha colaborado en proyectos europeos, nacionales y regionales, investigando temas como el compromiso agroambiental de los agricultores contra el cambio clim\u00e1tico (proyectos <em>LIFE +<\/em>: \u201cO<em>peration CO2. Integrated agroforestry practices and nature conservation against climate change\u201d y \u201cGreen Deserts: mew planting techniques for tree cultivation in desertified environments to face climate change\u201d<\/em> (Premio <em>Best Life<\/em> <em>Award<\/em> 2016-2017 de la Comisi\u00f3n Europea)), la contra-urbanizaci\u00f3n y los nuevos residentes rurales en Espa\u00f1a (CS02011-27981), las pr\u00e1cticas sociales vinculadas a la alimentaci\u00f3n fuera del hogar (CSO2012-31904), la presencia de alimentos de producci\u00f3n familiar en la compra p\u00fablica alimentaria o la influencia de la estructura social en las desigualdades alimentarias en Espa\u00f1a<em> (<\/em>CSO2015-68434-R), donde ha investigado sobre el acceso alimentario en \u00e1reas rurales. Entre sus actuales proyectos se encuentran el estudio de los aspectos sociales y pol\u00edticos vinculados a la educaci\u00f3n alimentaria a trav\u00e9s del uso de huertos Eco-Educativos y el proyecto nacional \u201cAlimentaci\u00f3n y desigualdades en los adolescentes: un estudio cualitativo en centros educativos en Madrid y Bilbao\u201d (PID2020-113537RB-I00).<\/p>\n<p style=\"text-align: justify;\">Con los resultados de estas investigaciones ha participado en m\u00e1s de una veintena de congresos internacionales y nacionales dentro de los grupos de trabajo dedicados a temas rurales, agrarios o de la alimentaci\u00f3n.<\/p>\n<p style=\"text-align: justify;\">Ha realizado estancias como investigadora <em>pre<\/em>doctoral en la <em>University of Helsinki<\/em> (2001) y en <em>Rural Economy Research Centre<\/em> TEAGASC (Agricultural and Food Development Authority) en Dubl\u00edn (2002); como profesora visitante en la <em>University of Manchester<\/em> (2010) o Universidade Federal Santa Maria (Brasil, 2019) y, como investigadora postdoctoral, en la <em>Kansas State University<\/em> (2014) (Estados Unidos) y en <em>Wageningen University and Research<\/em> (Pa\u00edses Bajos, 2020). Esta \u00faltima fue financiada por una beca del Programa<em> Jos\u00e9 Castillejo <\/em>del Ministerio de Educaci\u00f3n con el objetivo de investigar los problemas de abastecimiento comercial alimentario en las zonas despobladas europeas.<\/p>\n<p style=\"text-align: justify;\">Entre 2016 y 2020 presidi\u00f3 el Comit\u00e9 de investigaci\u00f3n de Sociolog\u00eda de la Alimentaci\u00f3n de la Federaci\u00f3n Espa\u00f1ola de Sociolog\u00eda (FES) y, en la actualidad, ocupa varios cargos en comit\u00e9s cient\u00edficos, t\u00e9cnicos y\/o asesores: es representante regional de los pa\u00edses del sur de Europa en el RC 40 <em>Agriculture and Food<\/em> de la Asociaci\u00f3n Internacional de Sociolog\u00eda (ISA) (<a href=\"https:\/\/www.isa-agrifood.com\/\">https:\/\/www.isa-agrifood.com\/<\/a>), \u00a0forma parte de equipo de coordinaci\u00f3n del Observatorio de Derecho a la Alimentaci\u00f3n en Espa\u00f1a (ODA-E) (<a href=\"https:\/\/www.derechoalimentacion.org\/\">https:\/\/www.derechoalimentacion.org\/<\/a>) y, es miembro del comit\u00e9 cient\u00edfico del Instituto Danone Espa\u00f1a (<a href=\"https:\/\/institutodanone.es\/\">https:\/\/institutodanone.es\/<\/a>)<\/p>\n<ul>\n<li>Orcid ID: 0000-0003-1292-6524<\/li>\n<li>Researcher ID: G-8057-2017<\/li>\n<li>Scopus Author ID: 55966105500<\/li>\n<\/ul>\n<h3 style=\"text-align: justify;\"><strong>Publicaciones:<\/strong><\/h3>\n<ul>\n<li>Rafael Su\u00e1rez L\u00f3pez; <strong>Guadalupe Ramos Truchero<\/strong>; David Tutor; Claudia Guti\u00e9rrez. (2\/4) (2021).\u00a0 Percepciones y aprendizajes en un huerto educativo en Educaci\u00f3n Primaria. <em>Investigaci\u00f3n en la escuela<\/em>, n\u00ba 103, pp.64-74. ISSN 2443-9991.<strong>\u00a0<\/strong><a href=\"https:\/\/doi.org\/10.12795\/IE.2021.i103.05\">https:\/\/doi.org\/10.12795\/IE.2021.i103.05<\/a><\/li>\n<li>Marcia Eugenio-Gozalbo; <strong>Guadalupe Ramos-Truchero<\/strong>; Rafael Su\u00e1rez (3\/2) (2021). University gardens for sustainable citizenship: assessing the impacts of garden-based learning on environmental and food education at Spanish in Higher Education. <em>International Journal of Sustainability in Higher Education<\/em>, Vol. 22 (3), pp. 516-534. \u00a0<a href=\"https:\/\/doi.org\/10.1108\/IJSHE-06-2020-0208\">https:\/\/doi.org\/10.1108\/IJSHE-06-2020-0208<\/a><\/li>\n<li><strong>Guadalupe Ramos Truchero. <\/strong>(1\/1). 2020<strong>. <\/strong>Din\u00e1micas de abastecimiento alimentario en las zonas rurales espa\u00f1olas. Resolviendo la comida diaria cuando faltas las tiendas. <em>Panorama Social<\/em>. Funcas. 31, pp. 87-100. Disponible en: <a href=\"https:\/\/www.funcas.es\/articulos\/dinamicas-de-abastecimiento-alimentario-en-las-zonas-rurales-espanolas-resolviendo-la-comida-diaria-cuando-faltan-las-tiendas\/\">https:\/\/www.funcas.es\/articulos\/dinamicas-de-abastecimiento-alimentario-en-las-zonas-rurales-espanolas-resolviendo-la-comida-diaria-cuando-faltan-las-tiendas\/<\/a><\/li>\n<li>Marcia Eugenio Gozalbo; <strong>Guadalupe Ramos Truchero<\/strong>; Cristina Vall\u00e9s Rapp. (3\/2). 2019. Aprendizaje de las ciencias naturales basado en el uso de huertos ecol\u00f3gicos: identificaci\u00f3n de las dimensiones percibidas por futuros maestros. <em>Ense\u00f1anza de las Ciencias. Revista de Investigaci\u00f3n y Experiencias did\u00e1cticas<\/em>. 37-3, pp.111-127. ISSN 2174-6486. <a href=\"https:\/\/doi.org\/10.5565\/rev\/ensciencias.2657\">https:\/\/doi.org\/10.5565\/rev\/ensciencias.2657<\/a><\/li>\n<li><strong>Guadalupe Ramos Truchero<\/strong>; Elio Casta\u00f1o Su\u00e1rez. (2\/1). 2018. Comer fuera de casa en tiempos de crisis: austeridad y formas de resistencia. <em>Revista Espa\u00f1ola de Sociolog\u00eda<\/em> (RES). 27-2, pp.219-236. ISSN 1578-2824. <a href=\"https:\/\/doi.org\/10.22325\/fes\/res.2018.39\">https:\/\/doi.org\/10.22325\/fes\/res.2018.39<\/a><\/li>\n<li><strong>Guadalupe Ramos Truchero<\/strong>. (1\/1). 2017. El reto de comer en las \u00e1reas rurales <em>Documentaci\u00f3n Social. Estudios sociales y Sociolog\u00eda Aplicada<\/em>. 185, pp.121-135. ISSN 0417-8106. Disponible en: <a href=\"https:\/\/www.researchgate.net\/publication\/323628384_El_reto_de_comer_en_las_areas_rurales\">https:\/\/www.researchgate.net\/publication\/323628384_El_reto_de_comer_en_las_areas_rurales<\/a><\/li>\n<li><strong>Guadalupe Ramos Truchero<\/strong>. (1\/1) 2015. Revisi\u00f3n te\u00f3rica y limitaciones al concepto de desiertos alimentarios. <em>Revista de Humanidades<\/em>. 23, pp.1-21. Disponible en: <a href=\"http:\/\/revistas.uned.es\/index.php\/rdh\/article\/view\/14211\">http:\/\/revistas.uned.es\/index.php\/rdh\/article\/view\/14211<\/a><\/li>\n<li><strong>Guadalupe Ramos Truchero<\/strong>. (1\/1). 2013. Alimentaci\u00f3n e identidad territorial en la producci\u00f3n de queso Idiazabal. <em>Lurralde: Investigaci\u00f3n y Espacio.<\/em> 36, pp.15-30. ISSN 0211-5891. Disponible en:\u00a0 <a href=\"http:\/\/www.ingeba.org\/lurralde\/index.htm\">http:\/\/www.ingeba.org\/lurralde\/index.htm<\/a><\/li>\n<li><strong>Guadalupe Ramos Truchero<\/strong>. (1\/1). 2010. En el \u00e1ngulo muerto de la ganader\u00eda familiar vasca: las mujeres ante el relevo generacional del ovino de leche vasco. <em>Lurralde: Investigaci\u00f3n y Espacio<\/em>. 33, pp.97-117. ISSN 0211-5891. Disponible en: <a href=\"http:\/\/www.ingeba.org\/lurralde\/index.htm\">http:\/\/www.ingeba.org\/lurralde\/index.htm<\/a><\/li>\n<li><strong>Guadalupe Ramos Truchero<\/strong>. (1\/1). 2005. The continuity of family agriculture and the succession system: The Basque Case. <em>The Journal of Comparative <\/em><em>Family Studies<\/em>. 36-3, pp.367-375. ISSN 0047-2328. Disponible: <a href=\"https:\/\/www.jstor.org\/stable\/41604020?seq=1\">https:\/\/www.jstor.org\/stable\/41604020?seq=1<\/a><\/li>\n<\/ul>\n<p>&nbsp;<\/p>\n","protected":false},"excerpt":{"rendered":"<p>Categor\u00eda: INVESTIGADOR DE OTRO CENTRO I+D. Profesora Contratada Doctora (Universidad de Valladolid). Facultad: Facultad de Educaci\u00f3n y Trabajo Social, Valladolid \u00c1rea: Sociolog\u00eda Direcci\u00f3n: Campus Miguel Delibes, Paseo de Bel\u00e9n, 1 Valladolid 47011 Correo: guadalupe.ramos@uva.es Tel\u00e9fono: (+34) 975 129 247 ResearchGate Google Scholar &nbsp; Guadalupe Ramos Truchero es Doctora en Sociolog\u00eda por la Universidad del Pa\u00eds [&hellip;]<\/p>\n","protected":false},"author":2,"featured_media":3446,"parent":1397,"menu_order":6,"comment_status":"closed","ping_status":"closed","template":"","meta":{"_genesis_hide_title":false,"_genesis_hide_breadcrumbs":false,"_genesis_hide_singular_image":false,"_genesis_hide_footer_widgets":false,"_genesis_custom_body_class":"","_genesis_custom_post_class":"","_genesis_layout":"","footnotes":""},"class_list":{"0":"post-1456","1":"page","2":"type-page","3":"status-publish","4":"has-post-thumbnail","6":"entry","7":"gs-1","8":"gs-odd","9":"gs-even","10":"gs-featured-content-entry"},"_links":{"self":[{"href":"https:\/\/www.unioviedo.es\/socialimen\/wp-json\/wp\/v2\/pages\/1456","targetHints":{"allow":["GET"]}}],"collection":[{"href":"https:\/\/www.unioviedo.es\/socialimen\/wp-json\/wp\/v2\/pages"}],"about":[{"href":"https:\/\/www.unioviedo.es\/socialimen\/wp-json\/wp\/v2\/types\/page"}],"author":[{"embeddable":true,"href":"https:\/\/www.unioviedo.es\/socialimen\/wp-json\/wp\/v2\/users\/2"}],"replies":[{"embeddable":true,"href":"https:\/\/www.unioviedo.es\/socialimen\/wp-json\/wp\/v2\/comments?post=1456"}],"version-history":[{"count":11,"href":"https:\/\/www.unioviedo.es\/socialimen\/wp-json\/wp\/v2\/pages\/1456\/revisions"}],"predecessor-version":[{"id":3454,"href":"https:\/\/www.unioviedo.es\/socialimen\/wp-json\/wp\/v2\/pages\/1456\/revisions\/3454"}],"up":[{"embeddable":true,"href":"https:\/\/www.unioviedo.es\/socialimen\/wp-json\/wp\/v2\/pages\/1397"}],"wp:featuredmedia":[{"embeddable":true,"href":"https:\/\/www.unioviedo.es\/socialimen\/wp-json\/wp\/v2\/media\/3446"}],"wp:attachment":[{"href":"https:\/\/www.unioviedo.es\/socialimen\/wp-json\/wp\/v2\/media?parent=1456"}],"curies":[{"name":"wp","href":"https:\/\/api.w.org\/{rel}","templated":true}]}}