{"id":2040,"date":"2016-10-27T12:42:11","date_gmt":"2016-10-27T10:42:11","guid":{"rendered":"http:\/\/www.unioviedo.es\/socialimen\/?page_id=2040"},"modified":"2021-01-05T12:25:57","modified_gmt":"2021-01-05T11:25:57","slug":"investigacion-2","status":"publish","type":"page","link":"https:\/\/www.unioviedo.es\/socialimen\/investigacion-2\/","title":{"rendered":"Investigaci\u00f3n"},"content":{"rendered":"<div>\n<ul>\n<li>\n<h4><a href=\"http:\/\/www.unioviedo.es\/socialimen\/investigacion-2\/lineas-de-investigacion\/\">L\u00edneas de investigaci\u00f3n<\/a><\/h4>\n<\/li>\n<li>\n<h4><a href=\"http:\/\/www.unioviedo.es\/socialimen\/category\/investigacion\/proyectos\/\">Proyectos<\/a><\/h4>\n<\/li>\n<li>\n<h4><a href=\"http:\/\/www.unioviedo.es\/socialimen\/investigacion-2\/congresos-y-conferencias\/\">Congresos y conferencias<\/a><\/h4>\n<\/li>\n<li>\n<h4><a href=\"http:\/\/www.unioviedo.es\/socialimen\/category\/investigacion\/tesis-doctorales\/\">Tesis doctorales<\/a><\/h4>\n<\/li>\n<li>\n<h4><a href=\"http:\/\/www.unioviedo.es\/socialimen\/investigacion-2\/observatorio-sociologia-la-alimentacion\/\">Observatorio de Sociolog\u00eda de la Alimentaci\u00f3n<\/a><\/h4>\n<\/li>\n<\/ul>\n<\/div>\n","protected":false},"excerpt":{"rendered":"<p>L\u00edneas de investigaci\u00f3n Proyectos Congresos y conferencias Tesis doctorales Observatorio de Sociolog\u00eda de la Alimentaci\u00f3n<\/p>\n","protected":false},"author":3,"featured_media":0,"parent":0,"menu_order":0,"comment_status":"closed","ping_status":"closed","template":"","meta":{"_genesis_hide_title":false,"_genesis_hide_breadcrumbs":false,"_genesis_hide_singular_image":false,"_genesis_hide_footer_widgets":false,"_genesis_custom_body_class":"","_genesis_custom_post_class":"","_genesis_layout":"","footnotes":""},"class_list":{"0":"post-2040","1":"page","2":"type-page","3":"status-publish","5":"entry","6":"gs-1","7":"gs-odd","8":"gs-even","9":"gs-featured-content-entry"},"_links":{"self":[{"href":"https:\/\/www.unioviedo.es\/socialimen\/wp-json\/wp\/v2\/pages\/2040","targetHints":{"allow":["GET"]}}],"collection":[{"href":"https:\/\/www.unioviedo.es\/socialimen\/wp-json\/wp\/v2\/pages"}],"about":[{"href":"https:\/\/www.unioviedo.es\/socialimen\/wp-json\/wp\/v2\/types\/page"}],"author":[{"embeddable":true,"href":"https:\/\/www.unioviedo.es\/socialimen\/wp-json\/wp\/v2\/users\/3"}],"replies":[{"embeddable":true,"href":"https:\/\/www.unioviedo.es\/socialimen\/wp-json\/wp\/v2\/comments?post=2040"}],"version-history":[{"count":5,"href":"https:\/\/www.unioviedo.es\/socialimen\/wp-json\/wp\/v2\/pages\/2040\/revisions"}],"predecessor-version":[{"id":3335,"href":"https:\/\/www.unioviedo.es\/socialimen\/wp-json\/wp\/v2\/pages\/2040\/revisions\/3335"}],"wp:attachment":[{"href":"https:\/\/www.unioviedo.es\/socialimen\/wp-json\/wp\/v2\/media?parent=2040"}],"curies":[{"name":"wp","href":"https:\/\/api.w.org\/{rel}","templated":true}]}}