{"id":2042,"date":"2016-10-27T12:42:34","date_gmt":"2016-10-27T10:42:34","guid":{"rendered":"http:\/\/www.unioviedo.es\/socialimen\/?page_id=2042"},"modified":"2016-10-27T13:05:56","modified_gmt":"2016-10-27T11:05:56","slug":"lineas-de-investigacion","status":"publish","type":"page","link":"https:\/\/www.unioviedo.es\/socialimen\/investigacion-2\/lineas-de-investigacion\/","title":{"rendered":"L\u00edneas de Investigaci\u00f3n"},"content":{"rendered":"<h3><a href=\"http:\/\/www.unioviedo.es\/socialimen\/investigacion-2\/lineas-de-investigacion\/1-la-alimentacion-las-sociedades-modernas\/\"><strong>1.- La alimentaci\u00f3n en las sociedades modernas<\/strong><\/a><\/h3>\n<h3><a href=\"http:\/\/www.unioviedo.es\/socialimen\/investigacion-2\/lineas-de-investigacion\/2-alimentacion-estructura-social\/\"><strong>2.- Alimentaci\u00f3n y estructura social<\/strong><\/a><\/h3>\n<h3><a href=\"http:\/\/www.unioviedo.es\/socialimen\/investigacion-2\/lineas-de-investigacion\/3-poder-politica-movimientos-sociales-alimentarios\/\"><strong>3.- Poder, pol\u00edtica y movimientos sociales alimentarios<\/strong><\/a><\/h3>\n<p><img loading=\"lazy\" decoding=\"async\" class=\"alignnone wp-image-1059 size-full\" src=\"http:\/\/www.unioviedo.es\/socialimen\/wp-content\/uploads\/2016\/01\/POSTER-SOCIALIMEN.jpg\" alt=\"POSTER SOCIALIMEN\" width=\"800\" height=\"434\" srcset=\"https:\/\/www.unioviedo.es\/socialimen\/wp-content\/uploads\/2016\/01\/POSTER-SOCIALIMEN.jpg 800w, https:\/\/www.unioviedo.es\/socialimen\/wp-content\/uploads\/2016\/01\/POSTER-SOCIALIMEN-300x163.jpg 300w, https:\/\/www.unioviedo.es\/socialimen\/wp-content\/uploads\/2016\/01\/POSTER-SOCIALIMEN-768x417.jpg 768w\" sizes=\"auto, (max-width: 800px) 100vw, 800px\" \/><\/p>\n","protected":false},"excerpt":{"rendered":"<p>1.- La alimentaci\u00f3n en las sociedades modernas 2.- Alimentaci\u00f3n y estructura social 3.- Poder, pol\u00edtica y movimientos sociales alimentarios<\/p>\n","protected":false},"author":3,"featured_media":0,"parent":2040,"menu_order":0,"comment_status":"closed","ping_status":"closed","template":"","meta":{"_genesis_hide_title":false,"_genesis_hide_breadcrumbs":false,"_genesis_hide_singular_image":false,"_genesis_hide_footer_widgets":false,"_genesis_custom_body_class":"","_genesis_custom_post_class":"","_genesis_layout":"","footnotes":""},"class_list":{"0":"post-2042","1":"page","2":"type-page","3":"status-publish","5":"entry","6":"has-post-thumbnail","7":"gs-1","8":"gs-odd","9":"gs-even","10":"gs-featured-content-entry"},"_links":{"self":[{"href":"https:\/\/www.unioviedo.es\/socialimen\/wp-json\/wp\/v2\/pages\/2042","targetHints":{"allow":["GET"]}}],"collection":[{"href":"https:\/\/www.unioviedo.es\/socialimen\/wp-json\/wp\/v2\/pages"}],"about":[{"href":"https:\/\/www.unioviedo.es\/socialimen\/wp-json\/wp\/v2\/types\/page"}],"author":[{"embeddable":true,"href":"https:\/\/www.unioviedo.es\/socialimen\/wp-json\/wp\/v2\/users\/3"}],"replies":[{"embeddable":true,"href":"https:\/\/www.unioviedo.es\/socialimen\/wp-json\/wp\/v2\/comments?post=2042"}],"version-history":[{"count":4,"href":"https:\/\/www.unioviedo.es\/socialimen\/wp-json\/wp\/v2\/pages\/2042\/revisions"}],"predecessor-version":[{"id":2070,"href":"https:\/\/www.unioviedo.es\/socialimen\/wp-json\/wp\/v2\/pages\/2042\/revisions\/2070"}],"up":[{"embeddable":true,"href":"https:\/\/www.unioviedo.es\/socialimen\/wp-json\/wp\/v2\/pages\/2040"}],"wp:attachment":[{"href":"https:\/\/www.unioviedo.es\/socialimen\/wp-json\/wp\/v2\/media?parent=2042"}],"curies":[{"name":"wp","href":"https:\/\/api.w.org\/{rel}","templated":true}]}}