{"id":2050,"date":"2016-10-27T12:45:39","date_gmt":"2016-10-27T10:45:39","guid":{"rendered":"http:\/\/www.unioviedo.es\/socialimen\/?page_id=2050"},"modified":"2016-10-27T12:45:53","modified_gmt":"2016-10-27T10:45:53","slug":"3-poder-politica-movimientos-sociales-alimentarios","status":"publish","type":"page","link":"https:\/\/www.unioviedo.es\/socialimen\/investigacion-2\/lineas-de-investigacion\/3-poder-politica-movimientos-sociales-alimentarios\/","title":{"rendered":"3.- Poder, pol\u00edtica y movimientos sociales alimentarios"},"content":{"rendered":"<p style=\"text-align: justify;\"><strong>3.1.- Consumerismo y participaci\u00f3n pol\u00edtica<\/strong><\/p>\n<p style=\"text-align: justify;\">El \u201cconsumerismo pol\u00edtico\u201d es una forma de participaci\u00f3n pol\u00edtica cada vez m\u00e1s extendida por toda Europa. Los efectos del capitalismo y de la globalizaci\u00f3n han incidido en el aumento significativo de grupos de representaci\u00f3n de intereses, de movimientos sociales y redes sociales transnacionales que sirven de cauce para comprender y actuar sobre los problemas pol\u00edticos. De entre las diferentes formas de actuar que tiene la ciudadan\u00eda nos vamos a interesar por aquella que utiliza el mercado para expresar sus preocupaciones pol\u00edticas. La intenci\u00f3n es abrir al menos dos campos de investigaci\u00f3n: un \u00e1rea circunscrita al estudio de la movilizaci\u00f3n pol\u00edtica a trav\u00e9s del mercado, dado que la proliferaci\u00f3n de redes sociales y de movimientos sociales transnacionales nos hace ver que el impacto de las nuevas tecnolog\u00edas y los distintos medios de difusi\u00f3n informativa podr\u00e1n ser valiosos a la hora de determinar el alcance de esta forma de participaci\u00f3n pol\u00edtica; una segunda orientaci\u00f3n de g\u00e9nero, considerando que el consumerismo pol\u00edtico (boicot y buycott) es una forma de participaci\u00f3n en la que existe una brecha de g\u00e9nero invertida en la que interesa profundizar, de modo especial en perspectiva comparada.<\/p>\n<p style=\"text-align: justify;\"><strong>3.2.- Las instituciones alimentarias, los entornos obesog\u00e9nicos y las elecciones alimentarias<\/strong><\/p>\n<p style=\"text-align: justify;\">Se sostiene que una buena parte de los problemas alimentarios actuales tienen que ver con la presi\u00f3n del entorno para comer productos que no son saludables. El papel de los diferentes actores implicados en la alimentaci\u00f3n, desde los productores, hasta las empresas, pasando por las administraciones p\u00fablicas, cobran especial relevancia, m\u00e1s a\u00fan cuando cada uno de ellos lanzan una multitud de discursos y presiones, muchas veces contradictorios, que sumen al comensal en la incertidumbre y la desconfianza. Los componentes del sistema agroalimentario moderno y su papel en el establecimiento de pautas sobre alimentaci\u00f3n y nutrici\u00f3n apropiadas ser\u00e1 objeto principal de an\u00e1lisis, situando esta orientaci\u00f3n en el creciente aumento de la obesidad tanto en los pa\u00edses desarrollados como en los emergentes.<\/p>\n","protected":false},"excerpt":{"rendered":"<p>3.1.- Consumerismo y participaci\u00f3n pol\u00edtica El \u201cconsumerismo pol\u00edtico\u201d es una forma de participaci\u00f3n pol\u00edtica cada vez m\u00e1s extendida por toda Europa. Los efectos del capitalismo y de la globalizaci\u00f3n han incidido en el aumento significativo de grupos de representaci\u00f3n de intereses, de movimientos sociales y redes sociales transnacionales que sirven de cauce para comprender y [&hellip;]<\/p>\n","protected":false},"author":3,"featured_media":0,"parent":2042,"menu_order":0,"comment_status":"closed","ping_status":"closed","template":"","meta":{"_genesis_hide_title":false,"_genesis_hide_breadcrumbs":false,"_genesis_hide_singular_image":false,"_genesis_hide_footer_widgets":false,"_genesis_custom_body_class":"","_genesis_custom_post_class":"","_genesis_layout":"","footnotes":""},"class_list":{"0":"post-2050","1":"page","2":"type-page","3":"status-publish","5":"entry","6":"gs-1","7":"gs-odd","8":"gs-even","9":"gs-featured-content-entry"},"_links":{"self":[{"href":"https:\/\/www.unioviedo.es\/socialimen\/wp-json\/wp\/v2\/pages\/2050","targetHints":{"allow":["GET"]}}],"collection":[{"href":"https:\/\/www.unioviedo.es\/socialimen\/wp-json\/wp\/v2\/pages"}],"about":[{"href":"https:\/\/www.unioviedo.es\/socialimen\/wp-json\/wp\/v2\/types\/page"}],"author":[{"embeddable":true,"href":"https:\/\/www.unioviedo.es\/socialimen\/wp-json\/wp\/v2\/users\/3"}],"replies":[{"embeddable":true,"href":"https:\/\/www.unioviedo.es\/socialimen\/wp-json\/wp\/v2\/comments?post=2050"}],"version-history":[{"count":1,"href":"https:\/\/www.unioviedo.es\/socialimen\/wp-json\/wp\/v2\/pages\/2050\/revisions"}],"predecessor-version":[{"id":2051,"href":"https:\/\/www.unioviedo.es\/socialimen\/wp-json\/wp\/v2\/pages\/2050\/revisions\/2051"}],"up":[{"embeddable":true,"href":"https:\/\/www.unioviedo.es\/socialimen\/wp-json\/wp\/v2\/pages\/2042"}],"wp:attachment":[{"href":"https:\/\/www.unioviedo.es\/socialimen\/wp-json\/wp\/v2\/media?parent=2050"}],"curies":[{"name":"wp","href":"https:\/\/api.w.org\/{rel}","templated":true}]}}