{"id":2225,"date":"2018-03-15T11:25:41","date_gmt":"2018-03-15T10:25:41","guid":{"rendered":"http:\/\/www.unioviedo.es\/socialimen\/?page_id=2225"},"modified":"2018-06-01T19:45:20","modified_gmt":"2018-06-01T17:45:20","slug":"fechas-clave","status":"publish","type":"page","link":"https:\/\/www.unioviedo.es\/socialimen\/iii-congreso-espanol-sociologia-la-alimentacion-retos-cientificos-los-estudios-sociales-la-alimentacion-conflictos-torno-la-dieta-saludable\/fechas-clave\/","title":{"rendered":"Fechas clave"},"content":{"rendered":"<p><img loading=\"lazy\" decoding=\"async\" class=\"alignnone wp-image-2308 size-full\" src=\"http:\/\/www.unioviedo.es\/socialimen\/wp-content\/uploads\/2018\/03\/ampliaci\u00f3n-congreso-sociolog\u00eda-de-la-alimentaci\u00f3n-1.png\" alt=\"ampliaci\u00f3n congreso sociolog\u00eda de la alimentaci\u00f3n\" width=\"1084\" height=\"222\" srcset=\"https:\/\/www.unioviedo.es\/socialimen\/wp-content\/uploads\/2018\/03\/ampliaci\u00f3n-congreso-sociolog\u00eda-de-la-alimentaci\u00f3n-1.png 1084w, https:\/\/www.unioviedo.es\/socialimen\/wp-content\/uploads\/2018\/03\/ampliaci\u00f3n-congreso-sociolog\u00eda-de-la-alimentaci\u00f3n-1-300x61.png 300w, https:\/\/www.unioviedo.es\/socialimen\/wp-content\/uploads\/2018\/03\/ampliaci\u00f3n-congreso-sociolog\u00eda-de-la-alimentaci\u00f3n-1-768x157.png 768w, https:\/\/www.unioviedo.es\/socialimen\/wp-content\/uploads\/2018\/03\/ampliaci\u00f3n-congreso-sociolog\u00eda-de-la-alimentaci\u00f3n-1-1024x210.png 1024w\" sizes=\"auto, (max-width: 1084px) 100vw, 1084px\" \/><\/p>\n","protected":false},"excerpt":{"rendered":"","protected":false},"author":3,"featured_media":2247,"parent":2221,"menu_order":2,"comment_status":"closed","ping_status":"closed","template":"","meta":{"_genesis_hide_title":false,"_genesis_hide_breadcrumbs":false,"_genesis_hide_singular_image":false,"_genesis_hide_footer_widgets":false,"_genesis_custom_body_class":"","_genesis_custom_post_class":"","_genesis_layout":"","footnotes":""},"class_list":{"0":"post-2225","1":"page","2":"type-page","3":"status-publish","4":"has-post-thumbnail","6":"entry","7":"gs-1","8":"gs-odd","9":"gs-even","10":"gs-featured-content-entry"},"_links":{"self":[{"href":"https:\/\/www.unioviedo.es\/socialimen\/wp-json\/wp\/v2\/pages\/2225","targetHints":{"allow":["GET"]}}],"collection":[{"href":"https:\/\/www.unioviedo.es\/socialimen\/wp-json\/wp\/v2\/pages"}],"about":[{"href":"https:\/\/www.unioviedo.es\/socialimen\/wp-json\/wp\/v2\/types\/page"}],"author":[{"embeddable":true,"href":"https:\/\/www.unioviedo.es\/socialimen\/wp-json\/wp\/v2\/users\/3"}],"replies":[{"embeddable":true,"href":"https:\/\/www.unioviedo.es\/socialimen\/wp-json\/wp\/v2\/comments?post=2225"}],"version-history":[{"count":4,"href":"https:\/\/www.unioviedo.es\/socialimen\/wp-json\/wp\/v2\/pages\/2225\/revisions"}],"predecessor-version":[{"id":2309,"href":"https:\/\/www.unioviedo.es\/socialimen\/wp-json\/wp\/v2\/pages\/2225\/revisions\/2309"}],"up":[{"embeddable":true,"href":"https:\/\/www.unioviedo.es\/socialimen\/wp-json\/wp\/v2\/pages\/2221"}],"wp:featuredmedia":[{"embeddable":true,"href":"https:\/\/www.unioviedo.es\/socialimen\/wp-json\/wp\/v2\/media\/2247"}],"wp:attachment":[{"href":"https:\/\/www.unioviedo.es\/socialimen\/wp-json\/wp\/v2\/media?parent=2225"}],"curies":[{"name":"wp","href":"https:\/\/api.w.org\/{rel}","templated":true}]}}