{"id":2239,"date":"2018-03-15T11:47:44","date_gmt":"2018-03-15T10:47:44","guid":{"rendered":"http:\/\/www.unioviedo.es\/socialimen\/?page_id=2239"},"modified":"2018-03-15T13:15:19","modified_gmt":"2018-03-15T12:15:19","slug":"talleres-congresuales","status":"publish","type":"page","link":"https:\/\/www.unioviedo.es\/socialimen\/iii-congreso-espanol-sociologia-la-alimentacion-retos-cientificos-los-estudios-sociales-la-alimentacion-conflictos-torno-la-dieta-saludable\/talleres-congresuales\/","title":{"rendered":"Talleres congresuales"},"content":{"rendered":"<p>En el congreso se podr\u00e1 participar en dos talleres congresuales. Es posible participar s\u00f3lo en los talleres aunque no se participe en el congreso. La inscripci\u00f3n \u00fanicamente a los talleres se puede realizar en el siguiente <a href=\"https:\/\/intranetfuo.uniovi.es\/web\/intranet-fuo\/congresos\/talleres_\"><strong>enlace<\/strong><\/a>.<\/p>\n<ul>\n<li class=\"accordion-heading accordion-opened\">\n<h4><strong><a class=\"accordion-toggle\" href=\"http:\/\/www.congreso-fes-socialimen-2018.com\/es\/talleres-congresuales.php#collapse1\" data-toggle=\"collapse\" data-parent=\"#accordion2\"> <span class=\"titulo tipo-2\">Taller de iniciaci\u00f3n al software de tratamiento de datos cualitativos MAXQDA<\/span> <\/a><\/strong><\/h4>\n<\/li>\n<\/ul>\n<h5 class=\"subtitulo tipo-1\" style=\"text-align: justify;\">OBJETIVO<\/h5>\n<p style=\"text-align: justify;\">El curso de <strong>\u201cAn\u00e1lisis cualitativo de datos mediante el software MAXQDA\u201d<\/strong> presenta el desarrollo de una investigaci\u00f3n social cualitativa a trav\u00e9s del manejo del programa inform\u00e1tico MAXQDA. Se trata de un curso de iniciaci\u00f3n al software en el que se ense\u00f1ar\u00e1n las nociones b\u00e1sicas del programa y, a trav\u00e9s del an\u00e1lisis del discurso producido en entrevistas en profundidad, se ofrecen las claves para generar hip\u00f3tesis y elaborar tipolog\u00edas a partir de la organizaci\u00f3n del material cualitativo.<\/p>\n<ul>\n<li class=\"accordion-heading\" style=\"text-align: left;\">\n<h4><strong><a href=\"http:\/\/www.congreso-fes-socialimen-2018.com\/es\/talleres-congresuales.php#collapse2\"> <span class=\"titulo tipo-2\">Taller de iniciaci\u00f3n al software de tratamiento de datos cuantitativos SPSS<\/span> <\/a><\/strong><\/h4>\n<\/li>\n<\/ul>\n<h5 class=\"subtitulo tipo-2\" style=\"text-align: justify;\">OBJETIVO<\/h5>\n<p style=\"text-align: justify;\">Introducir a los\/as participantes en el manejo y tratamiento de datos con el programa SPSS. Se trata de una aproximaci\u00f3n al manejo de bases de datos y al an\u00e1lisis exploratorio-descriptivo de los datos.<\/p>\n","protected":false},"excerpt":{"rendered":"<p>En el congreso se podr\u00e1 participar en dos talleres congresuales. Es posible participar s\u00f3lo en los talleres aunque no se participe en el congreso. La inscripci\u00f3n \u00fanicamente a los talleres se puede realizar en el siguiente enlace. Taller de iniciaci\u00f3n al software de tratamiento de datos cualitativos MAXQDA OBJETIVO El curso de \u201cAn\u00e1lisis cualitativo de [&hellip;]<\/p>\n","protected":false},"author":3,"featured_media":2247,"parent":2221,"menu_order":5,"comment_status":"closed","ping_status":"closed","template":"","meta":{"_genesis_hide_title":false,"_genesis_hide_breadcrumbs":false,"_genesis_hide_singular_image":false,"_genesis_hide_footer_widgets":false,"_genesis_custom_body_class":"","_genesis_custom_post_class":"","_genesis_layout":"","footnotes":""},"class_list":{"0":"post-2239","1":"page","2":"type-page","3":"status-publish","4":"has-post-thumbnail","6":"entry","7":"gs-1","8":"gs-odd","9":"gs-even","10":"gs-featured-content-entry"},"_links":{"self":[{"href":"https:\/\/www.unioviedo.es\/socialimen\/wp-json\/wp\/v2\/pages\/2239","targetHints":{"allow":["GET"]}}],"collection":[{"href":"https:\/\/www.unioviedo.es\/socialimen\/wp-json\/wp\/v2\/pages"}],"about":[{"href":"https:\/\/www.unioviedo.es\/socialimen\/wp-json\/wp\/v2\/types\/page"}],"author":[{"embeddable":true,"href":"https:\/\/www.unioviedo.es\/socialimen\/wp-json\/wp\/v2\/users\/3"}],"replies":[{"embeddable":true,"href":"https:\/\/www.unioviedo.es\/socialimen\/wp-json\/wp\/v2\/comments?post=2239"}],"version-history":[{"count":8,"href":"https:\/\/www.unioviedo.es\/socialimen\/wp-json\/wp\/v2\/pages\/2239\/revisions"}],"predecessor-version":[{"id":2284,"href":"https:\/\/www.unioviedo.es\/socialimen\/wp-json\/wp\/v2\/pages\/2239\/revisions\/2284"}],"up":[{"embeddable":true,"href":"https:\/\/www.unioviedo.es\/socialimen\/wp-json\/wp\/v2\/pages\/2221"}],"wp:featuredmedia":[{"embeddable":true,"href":"https:\/\/www.unioviedo.es\/socialimen\/wp-json\/wp\/v2\/media\/2247"}],"wp:attachment":[{"href":"https:\/\/www.unioviedo.es\/socialimen\/wp-json\/wp\/v2\/media?parent=2239"}],"curies":[{"name":"wp","href":"https:\/\/api.w.org\/{rel}","templated":true}]}}