{"id":3165,"date":"2020-01-20T22:51:38","date_gmt":"2020-01-20T21:51:38","guid":{"rendered":"http:\/\/www.unioviedo.es\/socialimen\/?page_id=3165"},"modified":"2020-01-20T23:10:05","modified_gmt":"2020-01-20T22:10:05","slug":"beatriz-rosete-alvarez","status":"publish","type":"page","link":"https:\/\/www.unioviedo.es\/socialimen\/equipo\/personal-en-formacion\/beatriz-rosete-alvarez\/","title":{"rendered":"Beatriz Rosete \u00c1lvarez"},"content":{"rendered":"<p><strong><img loading=\"lazy\" decoding=\"async\" class=\"size-medium wp-image-3168 alignleft\" src=\"https:\/\/www.unioviedo.es\/socialimen\/wp-content\/uploads\/2020\/01\/beatriz-becaria-300x225.png\" alt=\"\" width=\"300\" height=\"225\" srcset=\"https:\/\/www.unioviedo.es\/socialimen\/wp-content\/uploads\/2020\/01\/beatriz-becaria-300x225.png 300w, https:\/\/www.unioviedo.es\/socialimen\/wp-content\/uploads\/2020\/01\/beatriz-becaria.png 475w\" sizes=\"auto, (max-width: 300px) 100vw, 300px\" \/>Categor\u00eda:<\/strong> INVESTIGADORA<span class=\"org\">.<\/span><\/p>\n<p><strong>Departamento:<\/strong> SOCIOLOG\u00cdA<\/p>\n<p>Estudiante de Grado en Turismo de la Facultad de Turismo, Comercio y Ciencias Sociales \u201cJovellanos\u201d. Universidad de Oviedo. Gij\u00f3n. Ha obtenido la beca departamental para la realizaci\u00f3n del trabajo \u201cProducci\u00f3n y consumo ecol\u00f3gico en Espa\u00f1a\u201d. Tutoras: Cecilia D\u00edaz-M\u00e9ndez y Amparo Novo V\u00e1zquez.<\/p>\n","protected":false},"excerpt":{"rendered":"<p>Categor\u00eda: INVESTIGADORA. Departamento: SOCIOLOG\u00cdA Estudiante de Grado en Turismo de la Facultad de Turismo, Comercio y Ciencias Sociales \u201cJovellanos\u201d. Universidad de Oviedo. Gij\u00f3n. Ha obtenido la beca departamental para la realizaci\u00f3n del trabajo \u201cProducci\u00f3n y consumo ecol\u00f3gico en Espa\u00f1a\u201d. Tutoras: Cecilia D\u00edaz-M\u00e9ndez y Amparo Novo V\u00e1zquez.<\/p>\n","protected":false},"author":3,"featured_media":3168,"parent":560,"menu_order":4,"comment_status":"closed","ping_status":"closed","template":"","meta":{"_genesis_hide_title":false,"_genesis_hide_breadcrumbs":false,"_genesis_hide_singular_image":false,"_genesis_hide_footer_widgets":false,"_genesis_custom_body_class":"","_genesis_custom_post_class":"","_genesis_layout":"","footnotes":""},"class_list":{"0":"post-3165","1":"page","2":"type-page","3":"status-publish","4":"has-post-thumbnail","6":"entry","7":"gs-1","8":"gs-odd","9":"gs-even","10":"gs-featured-content-entry"},"_links":{"self":[{"href":"https:\/\/www.unioviedo.es\/socialimen\/wp-json\/wp\/v2\/pages\/3165","targetHints":{"allow":["GET"]}}],"collection":[{"href":"https:\/\/www.unioviedo.es\/socialimen\/wp-json\/wp\/v2\/pages"}],"about":[{"href":"https:\/\/www.unioviedo.es\/socialimen\/wp-json\/wp\/v2\/types\/page"}],"author":[{"embeddable":true,"href":"https:\/\/www.unioviedo.es\/socialimen\/wp-json\/wp\/v2\/users\/3"}],"replies":[{"embeddable":true,"href":"https:\/\/www.unioviedo.es\/socialimen\/wp-json\/wp\/v2\/comments?post=3165"}],"version-history":[{"count":3,"href":"https:\/\/www.unioviedo.es\/socialimen\/wp-json\/wp\/v2\/pages\/3165\/revisions"}],"predecessor-version":[{"id":3180,"href":"https:\/\/www.unioviedo.es\/socialimen\/wp-json\/wp\/v2\/pages\/3165\/revisions\/3180"}],"up":[{"embeddable":true,"href":"https:\/\/www.unioviedo.es\/socialimen\/wp-json\/wp\/v2\/pages\/560"}],"wp:featuredmedia":[{"embeddable":true,"href":"https:\/\/www.unioviedo.es\/socialimen\/wp-json\/wp\/v2\/media\/3168"}],"wp:attachment":[{"href":"https:\/\/www.unioviedo.es\/socialimen\/wp-json\/wp\/v2\/media?parent=3165"}],"curies":[{"name":"wp","href":"https:\/\/api.w.org\/{rel}","templated":true}]}}