{"id":3484,"date":"2022-01-28T17:31:24","date_gmt":"2022-01-28T16:31:24","guid":{"rendered":"https:\/\/www.unioviedo.es\/socialimen\/?page_id=3484"},"modified":"2022-01-28T17:31:24","modified_gmt":"2022-01-28T16:31:24","slug":"janaina-balk-brandao","status":"publish","type":"page","link":"https:\/\/www.unioviedo.es\/socialimen\/equipo\/visitantes\/janaina-balk-brandao\/","title":{"rendered":"Jana\u00edna Balk Brand\u00e3o"},"content":{"rendered":"<p><img loading=\"lazy\" decoding=\"async\" class=\"size-medium wp-image-3485 alignleft\" src=\"https:\/\/www.unioviedo.es\/socialimen\/wp-content\/uploads\/2022\/01\/Jana-300x256.jpg\" alt=\"\" width=\"300\" height=\"256\" srcset=\"https:\/\/www.unioviedo.es\/socialimen\/wp-content\/uploads\/2022\/01\/Jana-300x256.jpg 300w, https:\/\/www.unioviedo.es\/socialimen\/wp-content\/uploads\/2022\/01\/Jana.jpg 763w\" sizes=\"auto, (max-width: 300px) 100vw, 300px\" \/><\/p>\n<p><strong>Categor\u00eda:<\/strong> Profesora-<wbr \/>Investigadora<\/p>\n<p><strong>Facultad: <\/strong>P\u00f3s Gradua\u00e7\u00e3o em Extens\u00e3o Rural, Grupo Interdisciplinar de Pesquisas Agroalimentares Georreferenciadas (GIPAG)<\/p>\n<p><strong>Direcci\u00f3n: <\/strong>Universidad de Santa Maria, Rio Grande do Sul. Brasil<strong><br \/>\n<\/strong><\/p>\n<p><strong>Correo: <\/strong><a href=\"mailto:janaina-balk-brandao@ufsm.br\" target=\"_blank\" rel=\"noopener\">janaina-balk-brandao@<wbr \/>ufsm.br<\/a><strong><br \/>\n<\/strong><\/p>\n<p><strong>Tel\u00e9fono: <\/strong>+55 55 996177851<strong><br \/>\n<\/strong><\/p>\n","protected":false},"excerpt":{"rendered":"<p>Categor\u00eda: Profesora-Investigadora Facultad: P\u00f3s Gradua\u00e7\u00e3o em Extens\u00e3o Rural, Grupo Interdisciplinar de Pesquisas Agroalimentares Georreferenciadas (GIPAG) Direcci\u00f3n: Universidad de Santa Maria, Rio Grande do Sul. Brasil Correo: janaina-balk-brandao@ufsm.br Tel\u00e9fono: +55 55 996177851<\/p>\n","protected":false},"author":3,"featured_media":3485,"parent":562,"menu_order":0,"comment_status":"closed","ping_status":"closed","template":"","meta":{"_genesis_hide_title":false,"_genesis_hide_breadcrumbs":false,"_genesis_hide_singular_image":false,"_genesis_hide_footer_widgets":false,"_genesis_custom_body_class":"","_genesis_custom_post_class":"","_genesis_layout":"","footnotes":""},"class_list":{"0":"post-3484","1":"page","2":"type-page","3":"status-publish","4":"has-post-thumbnail","6":"entry","7":"gs-1","8":"gs-odd","9":"gs-even","10":"gs-featured-content-entry"},"_links":{"self":[{"href":"https:\/\/www.unioviedo.es\/socialimen\/wp-json\/wp\/v2\/pages\/3484","targetHints":{"allow":["GET"]}}],"collection":[{"href":"https:\/\/www.unioviedo.es\/socialimen\/wp-json\/wp\/v2\/pages"}],"about":[{"href":"https:\/\/www.unioviedo.es\/socialimen\/wp-json\/wp\/v2\/types\/page"}],"author":[{"embeddable":true,"href":"https:\/\/www.unioviedo.es\/socialimen\/wp-json\/wp\/v2\/users\/3"}],"replies":[{"embeddable":true,"href":"https:\/\/www.unioviedo.es\/socialimen\/wp-json\/wp\/v2\/comments?post=3484"}],"version-history":[{"count":1,"href":"https:\/\/www.unioviedo.es\/socialimen\/wp-json\/wp\/v2\/pages\/3484\/revisions"}],"predecessor-version":[{"id":3487,"href":"https:\/\/www.unioviedo.es\/socialimen\/wp-json\/wp\/v2\/pages\/3484\/revisions\/3487"}],"up":[{"embeddable":true,"href":"https:\/\/www.unioviedo.es\/socialimen\/wp-json\/wp\/v2\/pages\/562"}],"wp:featuredmedia":[{"embeddable":true,"href":"https:\/\/www.unioviedo.es\/socialimen\/wp-json\/wp\/v2\/media\/3485"}],"wp:attachment":[{"href":"https:\/\/www.unioviedo.es\/socialimen\/wp-json\/wp\/v2\/media?parent=3484"}],"curies":[{"name":"wp","href":"https:\/\/api.w.org\/{rel}","templated":true}]}}