{"id":3552,"date":"2023-02-08T12:33:46","date_gmt":"2023-02-08T11:33:46","guid":{"rendered":"https:\/\/www.unioviedo.es\/socialimen\/?page_id=3552"},"modified":"2023-04-21T11:13:50","modified_gmt":"2023-04-21T09:13:50","slug":"cristiane-cavalcante-lima","status":"publish","type":"page","link":"https:\/\/www.unioviedo.es\/socialimen\/equipo\/visitantes\/cristiane-cavalcante-lima\/","title":{"rendered":"Cristiane Cavalcante Lima"},"content":{"rendered":"<p><strong><img loading=\"lazy\" decoding=\"async\" class=\"alignleft wp-image-3553\" src=\"https:\/\/www.unioviedo.es\/socialimen\/wp-content\/uploads\/2023\/02\/3-Foto-300x300.jpeg\" alt=\"\" width=\"193\" height=\"193\" srcset=\"https:\/\/www.unioviedo.es\/socialimen\/wp-content\/uploads\/2023\/02\/3-Foto-300x300.jpeg 300w, https:\/\/www.unioviedo.es\/socialimen\/wp-content\/uploads\/2023\/02\/3-Foto-150x150.jpeg 150w, https:\/\/www.unioviedo.es\/socialimen\/wp-content\/uploads\/2023\/02\/3-Foto-100x100.jpeg 100w, https:\/\/www.unioviedo.es\/socialimen\/wp-content\/uploads\/2023\/02\/3-Foto.jpeg 716w\" sizes=\"auto, (max-width: 193px) 100vw, 193px\" \/>Categor\u00eda:<\/strong> <span class=\"NormalTextRun SpellingErrorV2Themed SCXW52982306 BCX0\">Estudiante<\/span><span class=\"NormalTextRun SCXW52982306 BCX0\"> de <\/span><span class=\"NormalTextRun SpellingErrorV2Themed SCXW52982306 BCX0\">doctorado<\/span><br \/>\n<strong>Departamento:<\/strong> SOCIOLOG\u00cdA<br \/>\n<strong>V\u00ednculo acad\u00e9mico:<\/strong> <span class=\"TextRun SCXW167113884 BCX0\" lang=\"PT-BR\" xml:lang=\"PT-BR\" data-contrast=\"auto\"><span class=\"NormalTextRun SpellingErrorV2Themed SCXW167113884 BCX0\">Univ<\/span><span class=\"NormalTextRun SpellingErrorV2Themed SCXW167113884 BCX0\">ersidad<\/span><span class=\"NormalTextRun SCXW167113884 BCX0\"> Federal <\/span><span class=\"NormalTextRun SpellingErrorV2Themed SCXW167113884 BCX0\">del<\/span><span class=\"NormalTextRun SCXW167113884 BCX0\"> Rio Grande do Sul \/<\/span> <span class=\"NormalTextRun SCXW167113884 BCX0\">Programa de <\/span><span class=\"NormalTextRun SpellingErrorV2Themed SCXW167113884 BCX0\">Posgrado<\/span> <span class=\"NormalTextRun SpellingErrorV2Themed SCXW167113884 BCX0\">en<\/span> <span class=\"NormalTextRun SpellingErrorV2Themed SCXW167113884 BCX0\">Desarrollo<\/span><span class=\"NormalTextRun SCXW167113884 BCX0\"> Rural<\/span><span class=\"NormalTextRun SCXW167113884 BCX0\">.<\/span><\/span><span class=\"EOP SCXW167113884 BCX0\" data-ccp-props=\"{&quot;201341983&quot;:0,&quot;335559739&quot;:160,&quot;335559740&quot;:259}\">\u00a0<\/span><br \/>\n<strong>V\u00ednculo profesional:<\/strong> <span class=\"NormalTextRun SpellingErrorV2Themed SCXW106094901 BCX0\">Profesora<\/span> <span class=\"NormalTextRun SpellingErrorV2Themed SCXW106094901 BCX0\">en<\/span> <span class=\"NormalTextRun SpellingErrorV2Themed SCXW106094901 BCX0\">el<\/span> <span class=\"NormalTextRun SCXW106094901 BCX0\">Instituto Federal de<\/span><span class=\"NormalTextRun SCXW106094901 BCX0\"> Amazonas (Brasil)<\/span><br \/>\n<strong>Correo:<\/strong> <span class=\"TextRun SCXW133832881 BCX0\" lang=\"PT-BR\" xml:lang=\"PT-BR\" data-contrast=\"auto\"><span class=\"NormalTextRun SCXW133832881 BCX0\">cristiane.lima@ifam.edu.br<\/span><\/span><br \/>\n<strong>Tel\u00e9fono:<\/strong> <span class=\"NormalTextRun SCXW64987446 BCX0\">+55 <\/span><span class=\"NormalTextRun SCXW64987446 BCX0\">(92)<\/span><span class=\"NormalTextRun SCXW64987446 BCX0\"> 99<\/span><span class=\"NormalTextRun SCXW64987446 BCX0\">287-2234\u00a0<\/span><\/p>\n<p>&nbsp;<\/p>\n<h3 style=\"text-align: justify;\"><strong>L\u00edneas de Investigaci\u00f3n<\/strong><\/h3>\n<ul>\n<li>Desarrollo rural<\/li>\n<li>Activismo alimentario<\/li>\n<li>Pol\u00edticas p\u00fablicas alimentarias<\/li>\n<\/ul>\n<h3 style=\"text-align: justify;\"><strong>Grupo de Investigaci\u00f3n<\/strong><\/h3>\n<ul>\n<li>Grupo de Estudos em Agricultura, Alimenta\u00e7\u00e3o e Desenvolvimento. Coordinador: Sergio Schneider<\/li>\n<\/ul>\n<h3 style=\"text-align: justify;\"><strong>Proyectos de investigaci\u00f3n en marcha<\/strong><\/h3>\n<ul>\n<li>Construcci\u00f3n de capacidades estatales para transformar los sistemas agroalimentarios: un an\u00e1lisis de las pol\u00edticas alimentarias en las capitales brasile\u00f1as. Coordinadora: C\u00e1tia Grisa<\/li>\n<li>Activismo alimentario y politizaci\u00f3n alimentaria: un an\u00e1lisis comparativo de las interacciones entre movimientos sociales, mercados y pol\u00edticas p\u00fablicas en las regiones metropolitanas brasile\u00f1as. Coordinador: Paulo Andr\u00e9 Niederle<\/li>\n<\/ul>\n","protected":false},"excerpt":{"rendered":"<p>Categor\u00eda: Estudiante de doctorado Departamento: SOCIOLOG\u00cdA V\u00ednculo acad\u00e9mico: Universidad Federal del Rio Grande do Sul \/ Programa de Posgrado en Desarrollo Rural.\u00a0 V\u00ednculo profesional: Profesora en el Instituto Federal de Amazonas (Brasil) Correo: cristiane.lima@ifam.edu.br Tel\u00e9fono: +55 (92) 99287-2234\u00a0 &nbsp; L\u00edneas de Investigaci\u00f3n Desarrollo rural Activismo alimentario Pol\u00edticas p\u00fablicas alimentarias Grupo de Investigaci\u00f3n Grupo de Estudos [&hellip;]<\/p>\n","protected":false},"author":5,"featured_media":3553,"parent":562,"menu_order":1,"comment_status":"closed","ping_status":"closed","template":"","meta":{"_genesis_hide_title":false,"_genesis_hide_breadcrumbs":false,"_genesis_hide_singular_image":false,"_genesis_hide_footer_widgets":false,"_genesis_custom_body_class":"","_genesis_custom_post_class":"","_genesis_layout":"","footnotes":""},"class_list":{"0":"post-3552","1":"page","2":"type-page","3":"status-publish","4":"has-post-thumbnail","6":"entry","7":"gs-1","8":"gs-odd","9":"gs-even","10":"gs-featured-content-entry"},"_links":{"self":[{"href":"https:\/\/www.unioviedo.es\/socialimen\/wp-json\/wp\/v2\/pages\/3552","targetHints":{"allow":["GET"]}}],"collection":[{"href":"https:\/\/www.unioviedo.es\/socialimen\/wp-json\/wp\/v2\/pages"}],"about":[{"href":"https:\/\/www.unioviedo.es\/socialimen\/wp-json\/wp\/v2\/types\/page"}],"author":[{"embeddable":true,"href":"https:\/\/www.unioviedo.es\/socialimen\/wp-json\/wp\/v2\/users\/5"}],"replies":[{"embeddable":true,"href":"https:\/\/www.unioviedo.es\/socialimen\/wp-json\/wp\/v2\/comments?post=3552"}],"version-history":[{"count":1,"href":"https:\/\/www.unioviedo.es\/socialimen\/wp-json\/wp\/v2\/pages\/3552\/revisions"}],"predecessor-version":[{"id":3555,"href":"https:\/\/www.unioviedo.es\/socialimen\/wp-json\/wp\/v2\/pages\/3552\/revisions\/3555"}],"up":[{"embeddable":true,"href":"https:\/\/www.unioviedo.es\/socialimen\/wp-json\/wp\/v2\/pages\/562"}],"wp:featuredmedia":[{"embeddable":true,"href":"https:\/\/www.unioviedo.es\/socialimen\/wp-json\/wp\/v2\/media\/3553"}],"wp:attachment":[{"href":"https:\/\/www.unioviedo.es\/socialimen\/wp-json\/wp\/v2\/media?parent=3552"}],"curies":[{"name":"wp","href":"https:\/\/api.w.org\/{rel}","templated":true}]}}