{"id":3562,"date":"2023-02-27T12:53:11","date_gmt":"2023-02-27T11:53:11","guid":{"rendered":"https:\/\/www.unioviedo.es\/socialimen\/?page_id=3562"},"modified":"2023-02-27T12:58:34","modified_gmt":"2023-02-27T11:58:34","slug":"sergio-schneider","status":"publish","type":"page","link":"https:\/\/www.unioviedo.es\/socialimen\/equipo\/visitantes\/sergio-schneider\/","title":{"rendered":"Sergio Schneider"},"content":{"rendered":"<p><strong><img loading=\"lazy\" decoding=\"async\" class=\"size-medium wp-image-3565 alignleft\" src=\"https:\/\/www.unioviedo.es\/socialimen\/wp-content\/uploads\/2023\/02\/sergio-web-300x226.png\" alt=\"\" width=\"300\" height=\"226\" srcset=\"https:\/\/www.unioviedo.es\/socialimen\/wp-content\/uploads\/2023\/02\/sergio-web-300x226.png 300w, https:\/\/www.unioviedo.es\/socialimen\/wp-content\/uploads\/2023\/02\/sergio-web-768x578.png 768w, https:\/\/www.unioviedo.es\/socialimen\/wp-content\/uploads\/2023\/02\/sergio-web.png 774w\" sizes=\"auto, (max-width: 300px) 100vw, 300px\" \/><\/strong><\/p>\n<p><strong>Categor\u00eda: <\/strong>Catedr\u00e1tico de Sociolog\u00eda<\/p>\n<p><strong>Facultad:<\/strong> Universidad Rio Grande Du Brasil<\/p>\n<p><strong>\u00c1rea: <\/strong>Sociolog\u00eda del Desarrollo Rural y Estudios de Alimentaci\u00f3n<\/p>\n<p><strong>Correo: <\/strong>schneide@ufrgs.br<\/p>\n<p>&nbsp;<\/p>\n<p style=\"text-align: justify;\">Profesor Titular de Sociolog\u00eda del Desarrollo Rural y Estudios de Alimentaci\u00f3n en la Universidad Federal de Rio Grande do Sul, Porto Alegre, Rio Grande do Sul, Brasil.<\/p>\n<p>Actualmente, Investigador Invitado del Programa COHORT-2023 en el Instituto Avanzado de Conocimiento sobre Transiciones de Montpellier (MAK&#8217;IT\/MUSE), Universidad de Montpellier. <a href=\"https:\/\/muse.edu.umontpellier.fr\/sergio-schneider\/\" target=\"_new\" rel=\"noopener\">https:\/\/muse.edu.umontpellier.fr\/sergio-schneider\/<\/a><\/p>\n<p>Coordinador GEPAD: <a href=\"http:\/\/www.ufrgs.br\/agrifood\" target=\"_new\" rel=\"noopener\">www.ufrgs.br\/agrifood<\/a>.<\/p>\n<p>Becario de Productividad en Investigaci\u00f3n del CNPq, PQ1B.<\/p>\n<p>E-mail: <a href=\"mailto:schneide@ufrgs.br\" target=\"_new\" rel=\"noopener\">schneide@ufrgs.br<\/a> &#8211; ORCID: <a href=\"https:\/\/orcid.org\/0000-0002-4353-6732\" target=\"_new\" rel=\"noopener\">https:\/\/orcid.org\/0000-0002-4353-6732<\/a><\/p>\n<p>Bio\/CV: <a href=\"http:\/\/lattes.cnpq.br\/9374550818298328\" target=\"_new\" rel=\"noopener\">http:\/\/lattes.cnpq.br\/9374550818298328<\/a><\/p>\n","protected":false},"excerpt":{"rendered":"<p>Categor\u00eda: Catedr\u00e1tico de Sociolog\u00eda Facultad: Universidad Rio Grande Du Brasil \u00c1rea: Sociolog\u00eda del Desarrollo Rural y Estudios de Alimentaci\u00f3n Correo: schneide@ufrgs.br &nbsp; Profesor Titular de Sociolog\u00eda del Desarrollo Rural y Estudios de Alimentaci\u00f3n en la Universidad Federal de Rio Grande do Sul, Porto Alegre, Rio Grande do Sul, Brasil. Actualmente, Investigador Invitado del Programa COHORT-2023 [&hellip;]<\/p>\n","protected":false},"author":5,"featured_media":3565,"parent":562,"menu_order":5,"comment_status":"closed","ping_status":"closed","template":"","meta":{"_genesis_hide_title":false,"_genesis_hide_breadcrumbs":false,"_genesis_hide_singular_image":false,"_genesis_hide_footer_widgets":false,"_genesis_custom_body_class":"","_genesis_custom_post_class":"","_genesis_layout":"","footnotes":""},"class_list":{"0":"post-3562","1":"page","2":"type-page","3":"status-publish","4":"has-post-thumbnail","6":"entry","7":"gs-1","8":"gs-odd","9":"gs-even","10":"gs-featured-content-entry"},"_links":{"self":[{"href":"https:\/\/www.unioviedo.es\/socialimen\/wp-json\/wp\/v2\/pages\/3562","targetHints":{"allow":["GET"]}}],"collection":[{"href":"https:\/\/www.unioviedo.es\/socialimen\/wp-json\/wp\/v2\/pages"}],"about":[{"href":"https:\/\/www.unioviedo.es\/socialimen\/wp-json\/wp\/v2\/types\/page"}],"author":[{"embeddable":true,"href":"https:\/\/www.unioviedo.es\/socialimen\/wp-json\/wp\/v2\/users\/5"}],"replies":[{"embeddable":true,"href":"https:\/\/www.unioviedo.es\/socialimen\/wp-json\/wp\/v2\/comments?post=3562"}],"version-history":[{"count":9,"href":"https:\/\/www.unioviedo.es\/socialimen\/wp-json\/wp\/v2\/pages\/3562\/revisions"}],"predecessor-version":[{"id":3574,"href":"https:\/\/www.unioviedo.es\/socialimen\/wp-json\/wp\/v2\/pages\/3562\/revisions\/3574"}],"up":[{"embeddable":true,"href":"https:\/\/www.unioviedo.es\/socialimen\/wp-json\/wp\/v2\/pages\/562"}],"wp:featuredmedia":[{"embeddable":true,"href":"https:\/\/www.unioviedo.es\/socialimen\/wp-json\/wp\/v2\/media\/3565"}],"wp:attachment":[{"href":"https:\/\/www.unioviedo.es\/socialimen\/wp-json\/wp\/v2\/media?parent=3562"}],"curies":[{"name":"wp","href":"https:\/\/api.w.org\/{rel}","templated":true}]}}