{"id":3922,"date":"2023-10-11T10:58:07","date_gmt":"2023-10-11T08:58:07","guid":{"rendered":"https:\/\/www.unioviedo.es\/socialimen\/?page_id=3922"},"modified":"2023-10-11T10:59:04","modified_gmt":"2023-10-11T08:59:04","slug":"sergio-sanchez-jimenez","status":"publish","type":"page","link":"https:\/\/www.unioviedo.es\/socialimen\/equipo\/personal-en-formacion\/sergio-sanchez-jimenez\/","title":{"rendered":"Sergio S\u00e1nchez Jim\u00e9nez"},"content":{"rendered":"<p><img loading=\"lazy\" decoding=\"async\" class=\"size-medium wp-image-3923 alignleft\" src=\"https:\/\/www.unioviedo.es\/socialimen\/wp-content\/uploads\/2023\/10\/Sergio-web-225x300.jpg\" alt=\"\" width=\"225\" height=\"300\" srcset=\"https:\/\/www.unioviedo.es\/socialimen\/wp-content\/uploads\/2023\/10\/Sergio-web-225x300.jpg 225w, https:\/\/www.unioviedo.es\/socialimen\/wp-content\/uploads\/2023\/10\/Sergio-web.jpg 768w\" sizes=\"auto, (max-width: 225px) 100vw, 225px\" \/><\/p>\n<p><strong>Categor\u00eda:<\/strong> BECARIO PREDOCTORAL<\/p>\n<p><strong>Departamento:<\/strong> SOCIOLOG\u00cdA<\/p>\n<p style=\"text-align: justify;\">Graduado en Sociolog\u00eda (2020) y M\u00e1ster en Servicios P\u00fablicos y Pol\u00edticas Sociales (2021), ambos por la Universidad de Salamanca. Ha trabajado en el medio rural salmantino evaluando el programa LEADER. Actualmente se encuentra como personal investigador predoctoral en el departamento de Sociolog\u00eda de la Universidad de Oviedo, gracias a las ayudas para la formaci\u00f3n de doctores\/as (FPI) de la Agencia Estatal de Investigaci\u00f3n.<\/p>\n<p>&nbsp;<\/p>\n","protected":false},"excerpt":{"rendered":"<p>Categor\u00eda: BECARIO PREDOCTORAL Departamento: SOCIOLOG\u00cdA Graduado en Sociolog\u00eda (2020) y M\u00e1ster en Servicios P\u00fablicos y Pol\u00edticas Sociales (2021), ambos por la Universidad de Salamanca. Ha trabajado en el medio rural salmantino evaluando el programa LEADER. Actualmente se encuentra como personal investigador predoctoral en el departamento de Sociolog\u00eda de la Universidad de Oviedo, gracias a las [&hellip;]<\/p>\n","protected":false},"author":5,"featured_media":3923,"parent":560,"menu_order":4,"comment_status":"closed","ping_status":"closed","template":"","meta":{"_genesis_hide_title":false,"_genesis_hide_breadcrumbs":false,"_genesis_hide_singular_image":false,"_genesis_hide_footer_widgets":false,"_genesis_custom_body_class":"","_genesis_custom_post_class":"","_genesis_layout":"","footnotes":""},"class_list":{"0":"post-3922","1":"page","2":"type-page","3":"status-publish","4":"has-post-thumbnail","6":"entry","7":"gs-1","8":"gs-odd","9":"gs-even","10":"gs-featured-content-entry"},"_links":{"self":[{"href":"https:\/\/www.unioviedo.es\/socialimen\/wp-json\/wp\/v2\/pages\/3922","targetHints":{"allow":["GET"]}}],"collection":[{"href":"https:\/\/www.unioviedo.es\/socialimen\/wp-json\/wp\/v2\/pages"}],"about":[{"href":"https:\/\/www.unioviedo.es\/socialimen\/wp-json\/wp\/v2\/types\/page"}],"author":[{"embeddable":true,"href":"https:\/\/www.unioviedo.es\/socialimen\/wp-json\/wp\/v2\/users\/5"}],"replies":[{"embeddable":true,"href":"https:\/\/www.unioviedo.es\/socialimen\/wp-json\/wp\/v2\/comments?post=3922"}],"version-history":[{"count":7,"href":"https:\/\/www.unioviedo.es\/socialimen\/wp-json\/wp\/v2\/pages\/3922\/revisions"}],"predecessor-version":[{"id":3932,"href":"https:\/\/www.unioviedo.es\/socialimen\/wp-json\/wp\/v2\/pages\/3922\/revisions\/3932"}],"up":[{"embeddable":true,"href":"https:\/\/www.unioviedo.es\/socialimen\/wp-json\/wp\/v2\/pages\/560"}],"wp:featuredmedia":[{"embeddable":true,"href":"https:\/\/www.unioviedo.es\/socialimen\/wp-json\/wp\/v2\/media\/3923"}],"wp:attachment":[{"href":"https:\/\/www.unioviedo.es\/socialimen\/wp-json\/wp\/v2\/media?parent=3922"}],"curies":[{"name":"wp","href":"https:\/\/api.w.org\/{rel}","templated":true}]}}