{"id":3934,"date":"2023-10-11T11:09:16","date_gmt":"2023-10-11T09:09:16","guid":{"rendered":"https:\/\/www.unioviedo.es\/socialimen\/?page_id=3934"},"modified":"2023-10-11T11:19:41","modified_gmt":"2023-10-11T09:19:41","slug":"lydia-castellanos-hevia","status":"publish","type":"page","link":"https:\/\/www.unioviedo.es\/socialimen\/equipo\/personal-en-formacion\/lydia-castellanos-hevia\/","title":{"rendered":"Lydia Castellanos Hevia"},"content":{"rendered":"<p><img loading=\"lazy\" decoding=\"async\" class=\"size-medium wp-image-3935 alignleft\" src=\"https:\/\/www.unioviedo.es\/socialimen\/wp-content\/uploads\/2023\/10\/foto-CV-300x300.jpg\" alt=\"\" width=\"300\" height=\"300\" srcset=\"https:\/\/www.unioviedo.es\/socialimen\/wp-content\/uploads\/2023\/10\/foto-CV-300x300.jpg 300w, https:\/\/www.unioviedo.es\/socialimen\/wp-content\/uploads\/2023\/10\/foto-CV-1024x1024.jpg 1024w, https:\/\/www.unioviedo.es\/socialimen\/wp-content\/uploads\/2023\/10\/foto-CV-150x150.jpg 150w, https:\/\/www.unioviedo.es\/socialimen\/wp-content\/uploads\/2023\/10\/foto-CV-768x768.jpg 768w, https:\/\/www.unioviedo.es\/socialimen\/wp-content\/uploads\/2023\/10\/foto-CV-1536x1536.jpg 1536w, https:\/\/www.unioviedo.es\/socialimen\/wp-content\/uploads\/2023\/10\/foto-CV-2048x2048.jpg 2048w, https:\/\/www.unioviedo.es\/socialimen\/wp-content\/uploads\/2023\/10\/foto-CV-100x100.jpg 100w\" sizes=\"auto, (max-width: 300px) 100vw, 300px\" \/><\/p>\n<p><strong>Categor\u00eda:<\/strong> BECARIA PREDOCTORAL<\/p>\n<p><strong>Departamento:<\/strong> SOCIOLOG\u00cdA<\/p>\n<p><strong>Correo: <\/strong>castellanoslydia@uniovi.es || UO251223@uniovi.es<\/p>\n<p style=\"text-align: justify;\">Lydia Castellanos Hevia es graduada en Trabajo Social por la Universidad de Oviedo (2021) y M\u00e1ster en Prevenci\u00f3n de Riesgos Laborales por la Universidad Camilo Jos\u00e9 Cela (2022). Durante 2023, particip\u00f3 como personal contratado en el Consorcio COMENSAL \u201cSostenibilidad Alimentaria\u201d de las Misiones Cient\u00edficas del Principado de Asturias. Actualmente es estudiante predoctoral en el Departamento de Sociolog\u00eda de la Universidad de Oviedo, contando con financiaci\u00f3n regional gracias Programa \u00abSevero Ochoa\u00bb para la formaci\u00f3n en investigaci\u00f3n y docencia del Principado de Asturias (2022). El proyecto de tesis, que lleva por t\u00edtulo \u00abPol\u00edticas contra la inseguridad alimentaria: el desaf\u00edo de comer saludablemente siendo pobre\u00bb, est\u00e1 dirigido por Cecilia D\u00edaz M\u00e9ndez y Sandra S\u00e1nchez S\u00e1nchez.<\/p>\n<h3><strong>L\u00edneas de Investigaci\u00f3n<\/strong><\/h3>\n<p>Inseguridad alimentaria, pol\u00edticas sociales, alimentaci\u00f3n y estructura social<\/p>\n<h3><strong>Participaci\u00f3n en proyectos<\/strong><\/h3>\n<ul>\n<li><strong>MISIONES CIENTIFICAS (2022). COMENSAL<\/strong><\/li>\n<\/ul>\n<p>COnsorcio Misiones Cient\u00edficas Sostenibilidad AliMENtaria: por un entorno alimentario SALudable, sostenible y justo para Asturias (2022-2023). Referencia SV-PA-22-AYUD-2022(2430<br \/>\nEquipo de investigaci\u00f3n: MYOMICS, ASINCAR, COGERSA; SERIDA y UNIOVI<\/p>\n","protected":false},"excerpt":{"rendered":"<p>Categor\u00eda: BECARIA PREDOCTORAL Departamento: SOCIOLOG\u00cdA Correo: castellanoslydia@uniovi.es || UO251223@uniovi.es Lydia Castellanos Hevia es graduada en Trabajo Social por la Universidad de Oviedo (2021) y M\u00e1ster en Prevenci\u00f3n de Riesgos Laborales por la Universidad Camilo Jos\u00e9 Cela (2022). Durante 2023, particip\u00f3 como personal contratado en el Consorcio COMENSAL \u201cSostenibilidad Alimentaria\u201d de las Misiones Cient\u00edficas del Principado [&hellip;]<\/p>\n","protected":false},"author":5,"featured_media":3935,"parent":560,"menu_order":0,"comment_status":"closed","ping_status":"closed","template":"","meta":{"_genesis_hide_title":false,"_genesis_hide_breadcrumbs":false,"_genesis_hide_singular_image":false,"_genesis_hide_footer_widgets":false,"_genesis_custom_body_class":"","_genesis_custom_post_class":"","_genesis_layout":"","footnotes":""},"class_list":{"0":"post-3934","1":"page","2":"type-page","3":"status-publish","4":"has-post-thumbnail","6":"entry","7":"gs-1","8":"gs-odd","9":"gs-even","10":"gs-featured-content-entry"},"_links":{"self":[{"href":"https:\/\/www.unioviedo.es\/socialimen\/wp-json\/wp\/v2\/pages\/3934","targetHints":{"allow":["GET"]}}],"collection":[{"href":"https:\/\/www.unioviedo.es\/socialimen\/wp-json\/wp\/v2\/pages"}],"about":[{"href":"https:\/\/www.unioviedo.es\/socialimen\/wp-json\/wp\/v2\/types\/page"}],"author":[{"embeddable":true,"href":"https:\/\/www.unioviedo.es\/socialimen\/wp-json\/wp\/v2\/users\/5"}],"replies":[{"embeddable":true,"href":"https:\/\/www.unioviedo.es\/socialimen\/wp-json\/wp\/v2\/comments?post=3934"}],"version-history":[{"count":2,"href":"https:\/\/www.unioviedo.es\/socialimen\/wp-json\/wp\/v2\/pages\/3934\/revisions"}],"predecessor-version":[{"id":3943,"href":"https:\/\/www.unioviedo.es\/socialimen\/wp-json\/wp\/v2\/pages\/3934\/revisions\/3943"}],"up":[{"embeddable":true,"href":"https:\/\/www.unioviedo.es\/socialimen\/wp-json\/wp\/v2\/pages\/560"}],"wp:featuredmedia":[{"embeddable":true,"href":"https:\/\/www.unioviedo.es\/socialimen\/wp-json\/wp\/v2\/media\/3935"}],"wp:attachment":[{"href":"https:\/\/www.unioviedo.es\/socialimen\/wp-json\/wp\/v2\/media?parent=3934"}],"curies":[{"name":"wp","href":"https:\/\/api.w.org\/{rel}","templated":true}]}}