{"id":753,"date":"2016-01-04T20:03:26","date_gmt":"2016-01-04T19:03:26","guid":{"rendered":"http:\/\/www.unioviedo.es\/socialimen\/?page_id=753"},"modified":"2016-01-26T18:15:49","modified_gmt":"2016-01-26T17:15:49","slug":"contactar","status":"publish","type":"page","link":"https:\/\/www.unioviedo.es\/socialimen\/contactar\/","title":{"rendered":"Contactar"},"content":{"rendered":"<p><strong class=\"fn\"><span class=\"webkit-html-attribute-name\">G<\/span><span class=\"webkit-html-attribute-value\">rupo de Investigaci\u00f3n acreditado SOCIALIMEN<\/span><\/strong><\/p>\n<p><strong>Departamento:<\/strong> Sociolog\u00eda<br \/>\n<strong>Lugar:<\/strong> Facultad de Econom\u00eda y Empresa. Edificio Departamental, 2\u00aa planta. Campus de El Cristo.<br \/>\n<strong>Direcci\u00f3n postal:<\/strong> Avda. del Cristo, s\/n<br \/>\n<strong>C\u00f3digo postal:<\/strong> 33006<br \/>\n<strong>Ciudad:<\/strong> Oviedo<br \/>\nPa\u00eds: Espa\u00f1a<\/p>\n<p><strong>Tel\u00e9fonos:<\/strong><br \/>\n(34) 985 10 50 42 \/ (34) 985 10 49 98<br \/>\n<a href=\"mailto:gsociologiaali@uniovi.es\">gsociologiaali@uniovi.es<\/a><\/p>\n<p><iframe loading=\"lazy\" style=\"border: 0;\" src=\"https:\/\/www.google.com\/maps\/embed?pb=!1m0!3m2!1ses!2sus!4v1453828409394!6m8!1m7!1soRVoOX6n9pYkzEAQcNlJ4w!2m2!1d43.3527163987412!2d-5.870960079359025!3f291.31!4f16.700000000000003!5f1.1406066092590712\" width=\"600\" height=\"450\" frameborder=\"0\" allowfullscreen=\"allowfullscreen\"><\/iframe><\/p>\n<p><iframe loading=\"lazy\" style=\"border: 0;\" src=\"https:\/\/www.google.com\/maps\/embed?pb=!1m14!1m8!1m3!1d2901.1248493553394!2d-5.872137!3d43.353499!3m2!1i1024!2i768!4f13.1!3m3!1m2!1s0x0%3A0xadedb4ea839bae1f!2sUniversidad+de+Oviedo%3A+Facultad+de+Econom%C3%ADa+y+Empresa!5e0!3m2!1ses!2ses!4v1453828377671\" width=\"600\" height=\"450\" frameborder=\"0\" allowfullscreen=\"allowfullscreen\"><\/iframe><\/p>\n<p>Puede comunicar con el Grupo de Investigaci\u00f3n de Sociolog\u00eda de la Alimentaci\u00f3n SOCIALIMEN a trav\u00e9s del formulario de contacto.<\/p>\n\n                <div class='gf_browser_gecko gform_wrapper gravityforms_wrapper' id='gform_wrapper_1' ><form method='post' enctype='multipart\/form-data'  id='gform_1' class='gravityforms' action='\/socialimen\/wp-json\/wp\/v2\/pages\/753'>\n                        <div class='gform_heading'>\n                            <h3 class='gform_title'>Contactar<\/h3>\n                            <span class='gform_description'><\/span>\n                        <\/div>\n                        <div class='gform_body'><ul id='gform_fields_1' class='gform_fields top_label form_sublabel_below description_below'><li id='field_1_1'  class='gfield gfield_contains_required field_sublabel_below field_description_below gfield_visibility_visible' ><label class='gfield_label' for='input_1_1' >Nombre y apellidos<span class='gfield_required'>*<\/span><\/label><div class='ginput_container ginput_container_text'><input name='input_1' id='input_1_1' type='text' value='' class='large'    aria-required=\"true\" aria-invalid=\"false\" \/><\/div><\/li><li id='field_1_2'  class='gfield gfield_contains_required field_sublabel_below field_description_below gfield_visibility_visible' ><label class='gfield_label' for='input_1_2' >Email<span class='gfield_required'>*<\/span><\/label><div class='ginput_container ginput_container_email'>\n                            <input name='input_2' id='input_1_2' type='text' value='' class='large'    aria-required=\"true\" aria-invalid=\"false\"\/>\n                        <\/div><\/li><li id='field_1_3'  class='gfield gfield_contains_required field_sublabel_below field_description_below gfield_visibility_visible' ><label class='gfield_label' for='input_1_3' >Mensaje<span class='gfield_required'>*<\/span><\/label><div class='ginput_container ginput_container_textarea'><textarea name='input_3' id='input_1_3' class='textarea medium'   aria-required=\"true\" aria-invalid=\"false\"   rows='10' cols='50'><\/textarea><\/div><\/li>\n                            <\/ul><\/div>\n        <div class='gform_footer top_label'> <input type='submit' id='gform_submit_button_1' class='gform_button button' value='Enviar'  onclick='if(window[\"gf_submitting_1\"]){return false;}  window[\"gf_submitting_1\"]=true;  ' onkeypress='if( event.keyCode == 13 ){ if(window[\"gf_submitting_1\"]){return false;} window[\"gf_submitting_1\"]=true;  jQuery(\"#gform_1\").trigger(\"submit\",[true]); }' \/> \n            <input type='hidden' class='gform_hidden' name='is_submit_1' value='1' \/>\n            <input type='hidden' class='gform_hidden' name='gform_submit' value='1' \/>\n            \n            <input type='hidden' class='gform_hidden' name='gform_unique_id' value='' \/>\n            <input type='hidden' class='gform_hidden' name='state_1' value='WyJbXSIsIjU5YmQxZmM1MzRiMDViY2YzNTNjZjZkNGNlYTQ4ZmMyIl0=' \/>\n            <input type='hidden' class='gform_hidden' name='gform_target_page_number_1' id='gform_target_page_number_1' value='0' \/>\n            <input type='hidden' class='gform_hidden' name='gform_source_page_number_1' id='gform_source_page_number_1' value='1' \/>\n            <input type='hidden' name='gform_field_values' value='' \/>\n            \n        <\/div>\n                        <\/form>\n                        <\/div><script type='text\/javascript'> jQuery(document).bind('gform_post_render', function(event, formId, currentPage){if(formId == 1) {} } );jQuery(document).bind('gform_post_conditional_logic', function(event, formId, fields, isInit){} );<\/script><script type='text\/javascript'> jQuery(document).ready(function(){jQuery(document).trigger('gform_post_render', [1, 1]) } ); <\/script>\n","protected":false},"excerpt":{"rendered":"<p>Grupo de Investigaci\u00f3n acreditado SOCIALIMEN Departamento: Sociolog\u00eda Lugar: Facultad de Econom\u00eda y Empresa. Edificio Departamental, 2\u00aa planta. Campus de El Cristo. Direcci\u00f3n postal: Avda. del Cristo, s\/n C\u00f3digo postal: 33006 Ciudad: Oviedo Pa\u00eds: Espa\u00f1a Tel\u00e9fonos: (34) 985 10 50 42 \/ (34) 985 10 49 98 gsociologiaali@uniovi.es Puede comunicar con el Grupo de Investigaci\u00f3n de [&hellip;]<\/p>\n","protected":false},"author":2,"featured_media":0,"parent":0,"menu_order":0,"comment_status":"closed","ping_status":"closed","template":"","meta":{"_genesis_hide_title":false,"_genesis_hide_breadcrumbs":false,"_genesis_hide_singular_image":false,"_genesis_hide_footer_widgets":false,"_genesis_custom_body_class":"","_genesis_custom_post_class":"","_genesis_layout":"","footnotes":""},"class_list":{"0":"post-753","1":"page","2":"type-page","3":"status-publish","5":"entry","6":"gs-1","7":"gs-odd","8":"gs-even","9":"gs-featured-content-entry"},"_links":{"self":[{"href":"https:\/\/www.unioviedo.es\/socialimen\/wp-json\/wp\/v2\/pages\/753","targetHints":{"allow":["GET"]}}],"collection":[{"href":"https:\/\/www.unioviedo.es\/socialimen\/wp-json\/wp\/v2\/pages"}],"about":[{"href":"https:\/\/www.unioviedo.es\/socialimen\/wp-json\/wp\/v2\/types\/page"}],"author":[{"embeddable":true,"href":"https:\/\/www.unioviedo.es\/socialimen\/wp-json\/wp\/v2\/users\/2"}],"replies":[{"embeddable":true,"href":"https:\/\/www.unioviedo.es\/socialimen\/wp-json\/wp\/v2\/comments?post=753"}],"version-history":[{"count":5,"href":"https:\/\/www.unioviedo.es\/socialimen\/wp-json\/wp\/v2\/pages\/753\/revisions"}],"predecessor-version":[{"id":1359,"href":"https:\/\/www.unioviedo.es\/socialimen\/wp-json\/wp\/v2\/pages\/753\/revisions\/1359"}],"wp:attachment":[{"href":"https:\/\/www.unioviedo.es\/socialimen\/wp-json\/wp\/v2\/media?parent=753"}],"curies":[{"name":"wp","href":"https:\/\/api.w.org\/{rel}","templated":true}]}}