{"id":3216,"date":"2021-12-15T10:54:38","date_gmt":"2021-12-15T09:54:38","guid":{"rendered":"https:\/\/www.unioviedo.es\/talentuo\/mapaemprendimiento\/?page_id=3216"},"modified":"2023-06-04T12:38:21","modified_gmt":"2023-06-04T10:38:21","slug":"escuela-politecnica-ingenieria-gijon","status":"publish","type":"page","link":"https:\/\/www.unioviedo.es\/talentuo\/mapaemprendimiento\/talentuolabs\/escuela-politecnica-ingenieria-gijon\/","title":{"rendered":"Escuela Polit\u00e9cnica de Ingenier\u00eda de Gij\u00f3n"},"content":{"rendered":"<p><div class=\"fusion-fullwidth fullwidth-box fusion-builder-row-1 fusion-flex-container nonhundred-percent-fullwidth non-hundred-percent-height-scrolling\" style=\"background-color: rgba(255,255,255,0);background-position: center center;background-repeat: no-repeat;border-width: 0px 0px 0px 0px;border-color:#e2e2e2;border-style:solid;\" ><div class=\"fusion-builder-row fusion-row fusion-flex-align-items-flex-start\" style=\"max-width:1248px;margin-left: calc(-4% \/ 2 );margin-right: calc(-4% \/ 2 );\"><div class=\"fusion-layout-column fusion_builder_column fusion-builder-column-0 fusion_builder_column_1_2 1_2 fusion-flex-column\"><div class=\"fusion-column-wrapper fusion-flex-justify-content-flex-start fusion-content-layout-column\" style=\"background-position:left top;background-repeat:no-repeat;-webkit-background-size:cover;-moz-background-size:cover;-o-background-size:cover;background-size:cover;padding: 0px 0px 0px 0px;\"><div ><span class=\" fusion-imageframe imageframe-dropshadow imageframe-1 hover-type-zoomin\" style=\"-webkit-box-shadow: 3px 3px 7px rgba(0,0,0,0.3);box-shadow: 3px 3px 7px rgba(0,0,0,0.3);\"><img decoding=\"async\" width=\"721\" height=\"454\" alt=\"Facultad de econom\u00eda y empresa\" title=\"escuela_politecnica_ingeniaeria_gijon\" src=\"https:\/\/www.unioviedo.es\/talentuo\/mapaemprendimiento\/wp-content\/uploads\/2021\/12\/escuela_politecnica_ingeniaeria_gijon.jpg\" class=\"img-responsive wp-image-3218\" srcset=\"https:\/\/www.unioviedo.es\/talentuo\/mapaemprendimiento\/wp-content\/uploads\/2021\/12\/escuela_politecnica_ingeniaeria_gijon-200x126.jpg 200w, https:\/\/www.unioviedo.es\/talentuo\/mapaemprendimiento\/wp-content\/uploads\/2021\/12\/escuela_politecnica_ingeniaeria_gijon-400x252.jpg 400w, https:\/\/www.unioviedo.es\/talentuo\/mapaemprendimiento\/wp-content\/uploads\/2021\/12\/escuela_politecnica_ingeniaeria_gijon-600x378.jpg 600w, https:\/\/www.unioviedo.es\/talentuo\/mapaemprendimiento\/wp-content\/uploads\/2021\/12\/escuela_politecnica_ingeniaeria_gijon.jpg 721w\" sizes=\"(max-width: 640px) 100vw, 600px\" \/><\/span><\/div><style type=\"text\/css\">@media only screen and (max-width:1024px) {.fusion-title.fusion-title-1{margin-top:10px!important; margin-right:0px!important;margin-bottom:15px!important;margin-left:0px!important;}}@media only screen and (max-width:640px) {.fusion-title.fusion-title-1{margin-top:10px!important; margin-right:0px!important;margin-bottom:10px!important; margin-left:0px!important;}}<\/style><div class=\"fusion-title title fusion-title-1 fusion-title-text fusion-title-size-one\" style=\"margin-top:10px;margin-right:0px;margin-bottom:15px;margin-left:0px;\"><div class=\"title-sep-container title-sep-container-left fusion-no-large-visibility fusion-no-medium-visibility fusion-no-small-visibility\"><div class=\"title-sep sep-double sep-solid\" style=\"border-color:#e2e2e2;\"><\/div><\/div><span class=\"awb-title-spacer fusion-no-large-visibility fusion-no-medium-visibility fusion-no-small-visibility\"><\/span><h1 class=\"title-heading-left\" style=\"margin:0;\"><\/h1><span class=\"awb-title-spacer\"><\/span><div class=\"title-sep-container title-sep-container-right\"><div class=\"title-sep sep-double sep-solid\" style=\"border-color:#e2e2e2;\"><\/div><\/div><\/div><div class=\"fusion-text fusion-text-1\"><p><span style=\"color: #008870;\">Director<\/span><br \/>\n<strong>JUAN CARLOS CAMPO RODR\u00cdGUEZ<\/strong><\/p>\n<\/div>\n<div class=\"table-1\">\n<table width=\"100%\">\n<thead><\/thead>\n<tbody>\n<tr>\n<td align=\"left\" width=\"5%\"><a class=\"fb-icon-element-1 fb-icon-element fontawesome-icon fa-desktop fas circle-yes fusion-text-flow fusion-link\" style=\"font-size:17.6px;line-height:33.2px;height:35.2px;width:35.2px;border-width:1px;margin-right:5px;\" href=\"https:\/\/econo.uniovi.es\" aria-label=\"Link to https:\/\/econo.uniovi.es\" target=\"_blank\" rel=\"noopener noreferrer\"><\/a><style>a.fb-icon-element.fontawesome-icon.fb-icon-element-1{ color: #ffffff; background-color: #008870; border-color: #ffffff;}a.fb-icon-element.fontawesome-icon.fb-icon-element-1:hover { color: #ffffff; background-color: #008870; border-color: #65bc7b;}<\/style><\/td>\n<td align=\"left\" width=\"95%\"><a href=\"https:\/\/www.google.com\/maps\/place\/Escuela+Polit%C3%A9cnica+de+Ingenier%C3%ADa+de+Gij%C3%B3n\/@43.523829,-5.6256008,18.75z\/data=!4m9!1m2!2m1!1zw4FyZWEgTWFrZXIgVGFsZW50VU8gTGFiLCBDYW1wdXMgZGUgR2lqw7NuLCBzL24g4oCTIDMzMjAz!3m5!1s0xd367b6b44aee247:0x6a4209b2b9c2d12d!8m2!3d43.524364!4d-5.6253487!15sCjnDgXJlYSBNYWtlciBUYWxlbnRVTyBMYWIsIENhbXB1cyBkZSBHaWrDs24sIHMvbiDigJMgMzMyMDNaNSIzw6FyZWEgbWFrZXIgdGFsZW50dW8gbGFiIGNhbXB1cyBkZSBnaWrDs24gcyBuIDMzMjAzkgEHY29sbGVnZQ\" target=\"_blank\" rel=\"noopener\">\u00c1rea Maker TalentUO Lab (Edificio Polivalente- M\u00f3dulo 4- Planta baja), Campus de Gij\u00f3n, s\/n &#8211; 33203<\/a><\/td>\n<\/tr>\n<tr>\n<td align=\"left\"><i class=\"fb-icon-element-2 fb-icon-element fontawesome-icon fa-phone fas circle-yes fusion-text-flow\" style=\"font-size:17.6px;line-height:33.2px;height:35.2px;width:35.2px;border-width:1px;margin-right:5px;\"><\/i><style>i.fb-icon-element.fontawesome-icon.fb-icon-element-2{ color: #ffffff; background-color: #008780; border-color: #ffffff;}i.fb-icon-element.fontawesome-icon.fb-icon-element-2:hover { color: #ffffff; background-color: #008780; border-color: #65bc7b;}<\/style><\/td>\n<td align=\"left\"><a href=\"tel:\/\/+34 985 18 22 30\">+34 985 18 22 30<\/a><\/td>\n<\/tr>\n<tr>\n<td align=\"left\"><i class=\"fb-icon-element-3 fb-icon-element fontawesome-icon fa-envelope fas circle-yes fusion-text-flow\" style=\"font-size:17.6px;line-height:33.2px;height:35.2px;width:35.2px;border-width:1px;margin-right:5px;\"><\/i><style>i.fb-icon-element.fontawesome-icon.fb-icon-element-3{ color: #ffffff; background-color: #008780; border-color: #ffffff;}i.fb-icon-element.fontawesome-icon.fb-icon-element-3:hover { color: #ffffff; background-color: #008780; border-color: #65bc7b;}<\/style><\/td>\n<td align=\"left\"><a href=\"mailto:director.epigijon@uniovi.es\">director.epigijon@uniovi.es<\/a><\/td>\n<\/tr>\n<tr>\n<td align=\"left\"><i class=\"fb-icon-element-4 fb-icon-element fontawesome-icon fa-link fas circle-yes fusion-text-flow\" style=\"font-size:17.6px;line-height:33.2px;height:35.2px;width:35.2px;border-width:1px;margin-right:5px;\"><\/i><style>i.fb-icon-element.fontawesome-icon.fb-icon-element-4{ color: #ffffff; background-color: #008780; border-color: #ffffff;}i.fb-icon-element.fontawesome-icon.fb-icon-element-4:hover { color: #ffffff; background-color: #008780; border-color: #65bc7b;}<\/style><\/td>\n<td align=\"left\"><a href=\"https:\/\/epigijon.uniovi.es\/\" target=\"_blank\" rel=\"noopener\">https:\/\/epigijon.uniovi.es\/<\/a><\/td>\n<\/tr>\n<\/tbody>\n<\/table>\n<\/div>\n<\/div><style type=\"text\/css\">.fusion-body .fusion-builder-column-0{width:50% !important;margin-top : 0px;margin-bottom : 20px;}.fusion-builder-column-0 > .fusion-column-wrapper {padding-top : 0px !important;padding-right : 0px !important;margin-right : 3.84%;padding-bottom : 0px !important;padding-left : 0px !important;margin-left : 3.84%;}@media only screen and (max-width:1024px) {.fusion-body .fusion-builder-column-0{width:50% !important;order : 0;}.fusion-builder-column-0 > .fusion-column-wrapper {margin-right : 3.84%;margin-left : 3.84%;}}@media only screen and (max-width:640px) {.fusion-body .fusion-builder-column-0{width:100% !important;order : 0;}.fusion-builder-column-0 > .fusion-column-wrapper {margin-right : 1.92%;margin-left : 1.92%;}}<\/style><\/div><div class=\"fusion-layout-column fusion_builder_column fusion-builder-column-1 fusion_builder_column_1_2 1_2 fusion-flex-column\"><div class=\"fusion-column-wrapper fusion-flex-justify-content-flex-start fusion-content-layout-column\" style=\"background-position:left top;background-repeat:no-repeat;-webkit-background-size:cover;-moz-background-size:cover;-o-background-size:cover;background-size:cover;padding: 0px 0px 0px 0px;\"><style type=\"text\/css\">@media only screen and (max-width:1024px) {.fusion-title.fusion-title-2{margin-top:10px!important; margin-right:0px!important;margin-bottom:15px!important;margin-left:0px!important;}}@media only screen and (max-width:640px) {.fusion-title.fusion-title-2{margin-top:10px!important; margin-right:0px!important;margin-bottom:10px!important; margin-left:0px!important;}}<\/style><div class=\"fusion-title title fusion-title-2 fusion-title-text fusion-title-size-one\" style=\"margin-top:10px;margin-right:0px;margin-bottom:15px;margin-left:0px;\"><div class=\"title-sep-container title-sep-container-left fusion-no-large-visibility fusion-no-medium-visibility fusion-no-small-visibility\"><div class=\"title-sep sep-double sep-solid\" style=\"border-color:#e2e2e2;\"><\/div><\/div><span class=\"awb-title-spacer fusion-no-large-visibility fusion-no-medium-visibility fusion-no-small-visibility\"><\/span><h1 class=\"title-heading-left\" style=\"margin:0;\"><h5>C\u00d3MO LLEGAR<\/h5><\/h1><span class=\"awb-title-spacer\"><\/span><div class=\"title-sep-container title-sep-container-right\"><div class=\"title-sep sep-double sep-solid\" style=\"border-color:#e2e2e2;\"><\/div><\/div><\/div><div style=\"text-align:center;\"><span class=\" fusion-imageframe imageframe-none imageframe-2 hover-type-none\"><img decoding=\"async\" width=\"800\" height=\"800\" title=\"Plano TalentUO Lab EPI v2\" src=\"https:\/\/www.unioviedo.es\/talentuo\/mapaemprendimiento\/wp-content\/uploads\/2022\/04\/Plano-TalentUO-Lab-EPI-v2-800x800.png\" class=\"img-responsive wp-image-3378\" srcset=\"https:\/\/www.unioviedo.es\/talentuo\/mapaemprendimiento\/wp-content\/uploads\/2022\/04\/Plano-TalentUO-Lab-EPI-v2-200x200.png 200w, https:\/\/www.unioviedo.es\/talentuo\/mapaemprendimiento\/wp-content\/uploads\/2022\/04\/Plano-TalentUO-Lab-EPI-v2-400x400.png 400w, https:\/\/www.unioviedo.es\/talentuo\/mapaemprendimiento\/wp-content\/uploads\/2022\/04\/Plano-TalentUO-Lab-EPI-v2-600x600.png 600w, https:\/\/www.unioviedo.es\/talentuo\/mapaemprendimiento\/wp-content\/uploads\/2022\/04\/Plano-TalentUO-Lab-EPI-v2-800x800.png 800w, https:\/\/www.unioviedo.es\/talentuo\/mapaemprendimiento\/wp-content\/uploads\/2022\/04\/Plano-TalentUO-Lab-EPI-v2.png 1000w\" sizes=\"(max-width: 640px) 100vw, 600px\" \/><\/span><\/div><\/div><style type=\"text\/css\">.fusion-body .fusion-builder-column-1{width:50% !important;margin-top : 0px;margin-bottom : 20px;}.fusion-builder-column-1 > .fusion-column-wrapper {padding-top : 0px !important;padding-right : 0px !important;margin-right : 3.84%;padding-bottom : 0px !important;padding-left : 0px !important;margin-left : 3.84%;}@media only screen and (max-width:1024px) {.fusion-body .fusion-builder-column-1{width:50% !important;order : 0;}.fusion-builder-column-1 > .fusion-column-wrapper {margin-right : 3.84%;margin-left : 3.84%;}}@media only screen and (max-width:640px) {.fusion-body .fusion-builder-column-1{width:100% !important;order : 0;}.fusion-builder-column-1 > .fusion-column-wrapper {margin-right : 1.92%;margin-left : 1.92%;}}<\/style><\/div><\/div><style type=\"text\/css\">.fusion-body .fusion-flex-container.fusion-builder-row-1{ padding-top : 0px;margin-top : 0px;padding-right : 0px;padding-bottom : 0px;margin-bottom : 0px;padding-left : 0px;}<\/style><\/div><div class=\"fusion-fullwidth fullwidth-box fusion-builder-row-2 fusion-flex-container nonhundred-percent-fullwidth non-hundred-percent-height-scrolling\" style=\"background-color: rgba(255,255,255,0);background-position: center center;background-repeat: no-repeat;border-width: 0px 0px 0px 0px;border-color:#e2e2e2;border-style:solid;\" ><div class=\"fusion-builder-row fusion-row fusion-flex-align-items-center\" style=\"max-width:1248px;margin-left: calc(-4% \/ 2 );margin-right: calc(-4% \/ 2 );\"><div class=\"fusion-layout-column fusion_builder_column fusion-builder-column-2 fusion_builder_column_1_1 1_1 fusion-flex-column\"><div class=\"fusion-column-wrapper fusion-flex-justify-content-flex-start fusion-content-layout-column\" style=\"background-position:left top;background-repeat:no-repeat;-webkit-background-size:cover;-moz-background-size:cover;-o-background-size:cover;background-size:cover;padding: 0px 0px 0px 0px;\"><style type=\"text\/css\">@media only screen and (max-width:1024px) {.fusion-title.fusion-title-3{margin-top:10px!important; margin-right:0px!important;margin-bottom:15px!important;margin-left:0px!important;}}@media only screen and (max-width:640px) {.fusion-title.fusion-title-3{margin-top:10px!important; margin-right:0px!important;margin-bottom:10px!important; margin-left:0px!important;}}<\/style><div class=\"fusion-title title fusion-title-3 fusion-title-text fusion-title-size-one\" style=\"margin-top:10px;margin-right:0px;margin-bottom:15px;margin-left:0px;\"><div class=\"title-sep-container title-sep-container-left fusion-no-large-visibility fusion-no-medium-visibility fusion-no-small-visibility\"><div class=\"title-sep sep-double sep-solid\" style=\"border-color:#e2e2e2;\"><\/div><\/div><span class=\"awb-title-spacer fusion-no-large-visibility fusion-no-medium-visibility fusion-no-small-visibility\"><\/span><h1 class=\"title-heading-left\" style=\"margin:0;\"><h5>ACTIVIDADES<\/h5><\/h1><span class=\"awb-title-spacer\"><\/span><div class=\"title-sep-container title-sep-container-right\"><div class=\"title-sep sep-double sep-solid\" style=\"border-color:#e2e2e2;\"><\/div><\/div><\/div><div class=\"fusion-blog-shortcode fusion-blog-shortcode-1 fusion-blog-archive fusion-blog-layout-grid-wrapper fusion-blog-pagination\"><style type=\"text\/css\">.fusion-blog-shortcode-1 .fusion-blog-layout-grid .fusion-post-grid{padding:20px;}.fusion-blog-shortcode-1 .fusion-posts-container{margin-left: -20px !important; margin-right:-20px !important;}<\/style><div class=\"fusion-posts-container fusion-posts-container-pagination fusion-blog-rollover fusion-blog-layout-grid fusion-blog-layout-grid-3 isotope fusion-blog-equal-heights\" data-pages=\"1\" data-grid-col-space=\"40\" style=\"margin: -20px -20px 0;min-height:500px;\"><article id=\"blog-1-post-4000\" class=\"fusion-post-grid post-4000 post type-post status-publish format-standard has-post-thumbnail hentry category-actividades-escuela-politecnica-de-gijon\">\n<div class=\"fusion-post-wrapper\" style=\"background-color:rgba(255,255,255,0);border:1px solid #f2f3f5;border-bottom-width:3px;\">\n\n\t\t\t<div class=\"fusion-flexslider flexslider fusion-flexslider-loading fusion-post-slideshow\" style=\"border-color:#f2f3f5;\">\n\t\t<ul class=\"slides\">\n\t\t\t\n\t\t\t\t\t\t\t\t\t\t\t\t\t\t<li><div  class=\"fusion-image-wrapper\" aria-haspopup=\"true\">\n\t\t\t\t  <img decoding=\"async\" width=\"1920\" height=\"1080\" src=\"https:\/\/www.unioviedo.es\/talentuo\/mapaemprendimiento\/wp-content\/uploads\/2023\/06\/20230706_Jornada-Empleo-EPI-2023-FHD.jpg\" class=\"attachment-full size-full wp-post-image\" alt=\"\" srcset=\"https:\/\/www.unioviedo.es\/talentuo\/mapaemprendimiento\/wp-content\/uploads\/2023\/06\/20230706_Jornada-Empleo-EPI-2023-FHD-200x113.jpg 200w, https:\/\/www.unioviedo.es\/talentuo\/mapaemprendimiento\/wp-content\/uploads\/2023\/06\/20230706_Jornada-Empleo-EPI-2023-FHD-400x225.jpg 400w, https:\/\/www.unioviedo.es\/talentuo\/mapaemprendimiento\/wp-content\/uploads\/2023\/06\/20230706_Jornada-Empleo-EPI-2023-FHD-600x338.jpg 600w, https:\/\/www.unioviedo.es\/talentuo\/mapaemprendimiento\/wp-content\/uploads\/2023\/06\/20230706_Jornada-Empleo-EPI-2023-FHD-800x450.jpg 800w, https:\/\/www.unioviedo.es\/talentuo\/mapaemprendimiento\/wp-content\/uploads\/2023\/06\/20230706_Jornada-Empleo-EPI-2023-FHD-1200x675.jpg 1200w, https:\/\/www.unioviedo.es\/talentuo\/mapaemprendimiento\/wp-content\/uploads\/2023\/06\/20230706_Jornada-Empleo-EPI-2023-FHD.jpg 1920w\" sizes=\"(min-width: 2200px) 100vw, (min-width: 784px) 373px, (min-width: 712px) 560px, (min-width: 640px) 712px, \" \/><div class=\"fusion-rollover\">\n\t<div class=\"fusion-rollover-content\">\n\n\t\t\t\t\t\t\t\t\t\t\t\t\t\t<a class=\"fusion-rollover-link\" href=\"https:\/\/www.unioviedo.es\/talentuo\/mapaemprendimiento\/jornada-empleo-2023\/\">Jornada Empleo 2023<\/a>\n\t\t\t\n\t\t\t\t\t\t\t\t\t\t\t\t\t\t\n\t\t\t\t\t\t\t\t\n\t\t\t\t\t\t\t\t\t\t\t\t\t<div class=\"fusion-rollover-sep\"><\/div>\n\t\t\t\t\n\t\t\t\t\t\t\t\t\t\t\t\t\t\t\t\t\t\t<a class=\"fusion-rollover-gallery\" href=\"https:\/\/www.unioviedo.es\/talentuo\/mapaemprendimiento\/wp-content\/uploads\/2023\/06\/20230706_Jornada-Empleo-EPI-2023-FHD.jpg\" data-id=\"4000\" data-rel=\"iLightbox[gallery]\" data-title=\"20230706_Jornada Empleo EPI 2023 FHD\" data-caption=\"\">\n\t\t\t\t\t\tGallery\t\t\t\t\t<\/a>\n\t\t\t\t\t\t\t\t\t\t\t\t\t\t\n\t\t\n\t\t\t\t\t\t\t\t\t\t\t\t<h4 class=\"fusion-rollover-title\">\n\t\t\t\t\t<a class=\"fusion-rollover-title-link\" href=\"https:\/\/www.unioviedo.es\/talentuo\/mapaemprendimiento\/jornada-empleo-2023\/\">\n\t\t\t\t\t\tJornada Empleo 2023\t\t\t\t\t<\/a>\n\t\t\t\t<\/h4>\n\t\t\t\n\t\t\t\t\t\t\t\t\t\t<div class=\"fusion-rollover-categories\"><a href=\"https:\/\/www.unioviedo.es\/talentuo\/mapaemprendimiento\/category\/actividades\/actividades-escuela-politecnica-de-gijon\/\" rel=\"tag\">Actividades Escuela Polit\u00e9cnica de Ingenier\u00eda de Gij\u00f3n<\/a><\/div>\t\t\t\t\t\n\t\t\n\t\t\t\t\t\t<a class=\"fusion-link-wrapper\" href=\"https:\/\/www.unioviedo.es\/talentuo\/mapaemprendimiento\/jornada-empleo-2023\/\" aria-label=\"Jornada Empleo 2023\"><\/a>\n\t<\/div>\n<\/div>\n<\/div>\n<\/li>\n\t\t\t\n\t\t\t\n\t\t\t\t\t\t\t\t\t\t\t\t\t\t\t\t\t\t\t\t\t\t\t\t\t\t\t\t\t\t\t\t\t\t\t\t\t\t\t\t\t\t\t\t\t\t\t\t\t\t\t\t\t\t\t\t\t\t\t\t\t\t\t\t\t\t\t\t<\/ul>\n\t<\/div>\n\t<div class=\"fusion-post-content-wrapper\" style=\"padding:30px 25px 25px 25px;\"><div class=\"fusion-post-content post-content\"><h2 class=\"blog-shortcode-post-title entry-title\"><a href=\"https:\/\/www.unioviedo.es\/talentuo\/mapaemprendimiento\/jornada-empleo-2023\/\">Jornada Empleo 2023<\/a><\/h2><p class=\"fusion-single-line-meta\"><span class=\"vcard\" style=\"display: none;\"><span class=\"fn\"><a href=\"https:\/\/www.unioviedo.es\/talentuo\/mapaemprendimiento\/author\/admin\/\" title=\"Entradas de admin\" rel=\"author\">admin<\/a><\/span><\/span><span class=\"updated\" style=\"display:none;\">2023-06-04T12:44:17+02:00<\/span><span>4 de junio de 2023<\/span><span class=\"fusion-inline-sep\">|<\/span>Categories: <a href=\"https:\/\/www.unioviedo.es\/talentuo\/mapaemprendimiento\/category\/actividades\/actividades-escuela-politecnica-de-gijon\/\" rel=\"category tag\">Actividades Escuela Polit\u00e9cnica de Ingenier\u00eda de Gij\u00f3n<\/a><span class=\"fusion-inline-sep\">|<\/span><\/p><div class=\"fusion-content-sep sep-double sep-solid\" style=\"border-color:#e2e2e2;\"><\/div><div class=\"fusion-post-content-container\"><p><\/p><\/div><\/div><div class=\"fusion-meta-info\"><div class=\"fusion-alignleft\"><a class=\"fusion-read-more\" href=\"https:\/\/www.unioviedo.es\/talentuo\/mapaemprendimiento\/jornada-empleo-2023\/\" aria-label=\"More on Jornada Empleo 2023\">Read More<\/a><\/div><div class=\"fusion-alignright\"><span>Comentarios desactivados<span class=\"screen-reader-text\"> en Jornada Empleo 2023<\/span><\/span><\/div><\/div><\/div><div class=\"fusion-clearfix\"><\/div><\/div>\n<\/article>\n<div class=\"fusion-clearfix\"><\/div><\/div><\/div><\/div><style type=\"text\/css\">.fusion-body .fusion-builder-column-2{width:100% !important;margin-top : 0px;margin-bottom : 20px;}.fusion-builder-column-2 > .fusion-column-wrapper {padding-top : 0px !important;padding-right : 0px !important;margin-right : 1.92%;padding-bottom : 0px !important;padding-left : 0px !important;margin-left : 1.92%;}@media only screen and (max-width:1024px) {.fusion-body .fusion-builder-column-2{width:100% !important;order : 0;}.fusion-builder-column-2 > .fusion-column-wrapper {margin-right : 1.92%;margin-left : 1.92%;}}@media only screen and (max-width:640px) {.fusion-body .fusion-builder-column-2{width:100% !important;order : 0;}.fusion-builder-column-2 > .fusion-column-wrapper {margin-right : 1.92%;margin-left : 1.92%;}}<\/style><\/div><\/div><style type=\"text\/css\">.fusion-body .fusion-flex-container.fusion-builder-row-2{ padding-top : 0px;margin-top : 0px;padding-right : 0px;padding-bottom : 0px;margin-bottom : 0px;padding-left : 0px;}<\/style><\/div><\/p>\n","protected":false},"excerpt":{"rendered":"","protected":false},"author":1,"featured_media":0,"parent":12,"menu_order":0,"comment_status":"closed","ping_status":"closed","template":"","meta":{"footnotes":""},"class_list":["post-3216","page","type-page","status-publish","hentry"],"jetpack_sharing_enabled":true,"_links":{"self":[{"href":"https:\/\/www.unioviedo.es\/talentuo\/mapaemprendimiento\/wp-json\/wp\/v2\/pages\/3216","targetHints":{"allow":["GET"]}}],"collection":[{"href":"https:\/\/www.unioviedo.es\/talentuo\/mapaemprendimiento\/wp-json\/wp\/v2\/pages"}],"about":[{"href":"https:\/\/www.unioviedo.es\/talentuo\/mapaemprendimiento\/wp-json\/wp\/v2\/types\/page"}],"author":[{"embeddable":true,"href":"https:\/\/www.unioviedo.es\/talentuo\/mapaemprendimiento\/wp-json\/wp\/v2\/users\/1"}],"replies":[{"embeddable":true,"href":"https:\/\/www.unioviedo.es\/talentuo\/mapaemprendimiento\/wp-json\/wp\/v2\/comments?post=3216"}],"version-history":[{"count":9,"href":"https:\/\/www.unioviedo.es\/talentuo\/mapaemprendimiento\/wp-json\/wp\/v2\/pages\/3216\/revisions"}],"predecessor-version":[{"id":4002,"href":"https:\/\/www.unioviedo.es\/talentuo\/mapaemprendimiento\/wp-json\/wp\/v2\/pages\/3216\/revisions\/4002"}],"up":[{"embeddable":true,"href":"https:\/\/www.unioviedo.es\/talentuo\/mapaemprendimiento\/wp-json\/wp\/v2\/pages\/12"}],"wp:attachment":[{"href":"https:\/\/www.unioviedo.es\/talentuo\/mapaemprendimiento\/wp-json\/wp\/v2\/media?parent=3216"}],"curies":[{"name":"wp","href":"https:\/\/api.w.org\/{rel}","templated":true}]}}